{"id":7384,"date":"2023-02-23T16:10:43","date_gmt":"2023-02-23T22:10:43","guid":{"rendered":"https:\/\/tecsecmty.com\/index.php\/producto\/zkteco-bl852q38alp-camara-ip-bullet-para-reconocimiento-de-placas-software-lpr-integrado-lente-motorizado-resolucion-2mp-poe-ip67-audio-alarma-rs485-ranura-para-tarjeta-sd\/"},"modified":"2023-03-22T23:25:14","modified_gmt":"2023-03-23T05:25:14","slug":"zkteco-bl852q38alp-camara-ip-bullet-para-reconocimiento-de-placas-software-lpr-integrado-lente-motorizado-resolucion-2mp-poe-ip67-audio-alarma-rs485-ranura-para-tarjeta-sd","status":"publish","type":"product","link":"https:\/\/tecsecmty.com\/index.php\/producto\/zkteco-bl852q38alp-camara-ip-bullet-para-reconocimiento-de-placas-software-lpr-integrado-lente-motorizado-resolucion-2mp-poe-ip67-audio-alarma-rs485-ranura-para-tarjeta-sd\/","title":{"rendered":"ZKTECO BL852Q38ALP &#8211; C\u00e1mara IP Bullet para reconocimiento de placas \/ Software LPR integrado \/ Lente Motorizado \/ Resoluci\u00f3n 2MP \/ POE \/ IP67 \/ Audio \/ Alarma \/ RS485 \/ Ranura para tarjeta SD"},"content":{"rendered":"<div class=\"row aling-items-center padding-bottom-2x\">\n<div class=\"col-lg-12\">\n<h5 class=\"card-title text-center\">Informaci\u00f3n General<\/h5>\n<p class=\"ql-align-justify\">La c\u00e1mara ZKTeco modelo\u00a0<strong>BL852Q38ALP\u00a0<\/strong>cuenta con un software de reconocimiento de placas integrado de alto rendimiento, este permite identificar placas de m\u00e1s de 80 pa\u00edses de todo el mundo, es la soluci\u00f3n perfecta para un sistema LPR simple. El algoritmo de reconocimiento de placas se ejecuta dentro de la c\u00e1mara evitando el uso de software o de computadoras adicionales. Ofrece una configuraci\u00f3n m\u00e1s r\u00e1pida y f\u00e1cil que permite a los clientes lograr un alto rendimiento con menores costos de instalaci\u00f3n, de mantenimiento y programaci\u00f3n fuera del sitio<\/p>\n<p><img decoding=\"async\" class=\"overview-center-img-web\" src=\"https:\/\/tvc.mx\/media\/460266\/LPRIDBL852Q38ALP-C%C3%A1mara-LPR-Software-Integrado-Ranura-Tarjeta-SD-POE-ZKTeco-Banner.png\" alt=\"\" \/><\/div>\n<\/div>\n<div class=\"row align-items-center padding-bottom-2x\">\n<div class=\"col-md-5\"><img decoding=\"async\" class=\"d-block m-auto img-thumbnail\" src=\"https:\/\/tvc.mx\/media\/460602\/LPRIDBL852Q38ALP-C%C3%A1mara-LPR-Software-Integrado-Ranura-Tarjeta-SD-POE-ZKTeco-Complemento2.png\" alt=\" \" \/><\/div>\n<div class=\"col-md-7 text-md-left text-center\">\n<h2>Principales Caracter\u00edsticas<\/h2>\n<p class=\"text-muted\">\n<ul>\n<li>Identifica placas de m\u00e1s de 80 pa\u00edses.<\/li>\n<li>Software LPR integrado en la c\u00e1mara.<\/li>\n<li>Reconocimiento de placas de veh\u00edculos de 2 l\u00edneas.<\/li>\n<li>3 Modos de detecci\u00f3n: Detecci\u00f3n de disparo, Detecci\u00f3n de movimiento y Flujo Libre.<\/li>\n<li>Permite la integraci\u00f3n con el servidor ZK \/ soluciones basadas en la nube.<\/li>\n<li>Listas de acceso para la configuraci\u00f3n de m\u00faltiples eventos.<\/li>\n<li>Filtrado de matr\u00edculas duplicadas.<\/li>\n<li>LPR de veh\u00edculos en movimiento (hasta 20 km\/h) o detenido (Stop &amp; Go).<\/li>\n<li>Conversi\u00f3n OCR directamente en la c\u00e1mara.<\/li>\n<li>Admite integraci\u00f3n de terceros como Milestone y\/o Lenel.<\/li>\n<li>F\u00e1cil de instalar y de configurar.<\/li>\n<li>Administraci\u00f3n v\u00eda web.<\/li>\n<li>No requiere servidor o software para funcionamiento.<\/li>\n<\/ul>\n<p>&nbsp;<\/p>\n<\/div>\n<\/div>\n<hr class=\"padding-bottom-2x\" \/>\n<div class=\"row align-items-center padding-bottom-2x\">\n<div class=\"col-md-5 order-md-2\"><img decoding=\"async\" class=\"d-block m-auto img-thumbnail\" src=\"https:\/\/tvc.mx\/media\/460608\/LPRIDBL852Q38ALP-C%C3%A1mara-LPR-Software-Integrado-Ranura-Tarjeta-SD-POE-ZKTeco-Complemento3.png\" alt=\" \" \/><\/div>\n<div class=\"col-md-7 order-md-1 text-md-left text-center\">\n<h2>Especificaciones T\u00e9cnicas<\/h2>\n<p class=\"text-muted\">\n<ul>\n<li>C\u00e1mara IP Reconocimiento de placas.<\/li>\n<li>Sensor 1\/2.8&#8243; Sony STAVIS CMOS.<\/li>\n<li>Resoluci\u00f3n 2Mp.<\/li>\n<li>Iluminaci\u00f3n m\u00ednima 0.001Lux@F1.7.<\/li>\n<li>2 Led IR Inteligentes.<\/li>\n<li>Led IR 50 metros.<\/li>\n<li>Lente Motorizado de 3.35 ~ 10.05mm.<\/li>\n<li>Apertura F1.7 ~ F3.0.<\/li>\n<li>FOV 38\u00b0 ~ 107\u00b0.<\/li>\n<li>Zoom \u00d3ptico 3X.<\/li>\n<\/ul>\n<p>&nbsp;<\/p>\n<\/div>\n<\/div>\n<hr class=\"padding-bottom-2x\" \/>\n<div class=\"row align-items-center padding-bottom-2x\">\n<div class=\"col-md-5\"><img decoding=\"async\" class=\"d-block m-auto img-thumbnail\" src=\"https:\/\/tvc.mx\/media\/460587\/LPRIDBL852Q38ALP-C%C3%A1mara-LPR-Software-Integrado-Ranura-Tarjeta-SD-POE-ZKTeco-Complemento.png\" alt=\" \" \/><\/div>\n<div class=\"col-md-7 text-md-left text-center\">\n<h2>Especificaciones T\u00e9cnicas<\/h2>\n<p class=\"text-muted\">\n<ul>\n<li>Compresi\u00f3n H.264 \/ H.265 \/ H.265+.<\/li>\n<li>Main Stream:1080P@25fps\u00a0; Sub Stream: Q720P@25fps.<\/li>\n<li>Reducci\u00f3n de Ruido 3D DNR.<\/li>\n<li>HLC \/ BLC \/ ROI \/ TWDR \/ Anti-flicker.<\/li>\n<li>Memoria Micro SD de 64Gb incluida.<\/li>\n<li>Soporta almacenamiento ANR.<\/li>\n<li>2 Entradas de Alarma \/ 1 Salida de Alarma.<\/li>\n<li>1 Entrada de Audio \/ 1 Salida de Audio.<\/li>\n<li>1 Puerto RS485 ( 10\/100Mbps ).<\/li>\n<li>Bot\u00f3n de Reset.<\/li>\n<li>Alimentaci\u00f3n PoE (IEEE802.3af ), CD 12V\u00b110%.<\/li>\n<li>Consumo de Energ\u00eda &lt; 3W.<\/li>\n<li>\u00cdndice de Protecci\u00f3n IP67.<\/li>\n<li>247(L)*85(W)*76(H)mm.<\/li>\n<li>Temperatura de Operaci\u00f3n -30\u00b0C ~ +60 \u00b0C.<\/li>\n<li>Peso Neto: 0.50Kg.<\/li>\n<\/ul>\n<\/div>\n<\/div>\n","protected":false},"excerpt":{"rendered":"<p>Informaci\u00f3n General La c\u00e1mara ZKTeco modelo\u00a0BL852Q38ALP\u00a0cuenta con un software de reconocimiento de placas integrado de alto rendimiento, este permite identificar placas de m\u00e1s de 80 pa\u00edses de todo el mundo, es la soluci\u00f3n perfecta para un sistema LPR simple. El algoritmo de reconocimiento de placas&hellip;<\/p>\n","protected":false},"featured_media":7383,"comment_status":"open","ping_status":"closed","template":"","meta":{"om_disable_all_campaigns":false,"_monsterinsights_skip_tracking":false,"_monsterinsights_sitenote_active":false,"_monsterinsights_sitenote_note":"","_monsterinsights_sitenote_category":0},"product_brand":[],"product_cat":[664],"product_tag":[613,611,612,616,615,610,614,617],"class_list":{"0":"post-7384","1":"product","2":"type-product","3":"status-publish","4":"has-post-thumbnail","6":"product_cat-lpr-camaras-ip-zkteco-video-vigilancia","7":"product_tag-bosch","8":"product_tag-manhattan","9":"product_tag-saxxon","10":"product_tag-surveon","11":"product_tag-utepo","12":"product_tag-videovigilancia","13":"product_tag-vivotek","14":"product_tag-zteco","16":"first","17":"instock","18":"sale","19":"taxable","20":"shipping-taxable","21":"purchasable","22":"product-type-simple"},"aioseo_notices":[],"_links":{"self":[{"href":"https:\/\/tecsecmty.com\/index.php\/wp-json\/wp\/v2\/product\/7384","targetHints":{"allow":["GET"]}}],"collection":[{"href":"https:\/\/tecsecmty.com\/index.php\/wp-json\/wp\/v2\/product"}],"about":[{"href":"https:\/\/tecsecmty.com\/index.php\/wp-json\/wp\/v2\/types\/product"}],"replies":[{"embeddable":true,"href":"https:\/\/tecsecmty.com\/index.php\/wp-json\/wp\/v2\/comments?post=7384"}],"version-history":[{"count":0,"href":"https:\/\/tecsecmty.com\/index.php\/wp-json\/wp\/v2\/product\/7384\/revisions"}],"wp:featuredmedia":[{"embeddable":true,"href":"https:\/\/tecsecmty.com\/index.php\/wp-json\/wp\/v2\/media\/7383"}],"wp:attachment":[{"href":"https:\/\/tecsecmty.com\/index.php\/wp-json\/wp\/v2\/media?parent=7384"}],"wp:term":[{"taxonomy":"product_brand","embeddable":true,"href":"https:\/\/tecsecmty.com\/index.php\/wp-json\/wp\/v2\/product_brand?post=7384"},{"taxonomy":"product_cat","embeddable":true,"href":"https:\/\/tecsecmty.com\/index.php\/wp-json\/wp\/v2\/product_cat?post=7384"},{"taxonomy":"product_tag","embeddable":true,"href":"https:\/\/tecsecmty.com\/index.php\/wp-json\/wp\/v2\/product_tag?post=7384"}],"curies":[{"name":"wp","href":"https:\/\/api.w.org\/{rel}","templated":true}]}}