{"id":7386,"date":"2023-02-23T16:10:46","date_gmt":"2023-02-23T22:10:46","guid":{"rendered":"https:\/\/tecsecmty.com\/index.php\/producto\/zkteco-lprs1000-camara-de-reconocimiento-placas-para-control-de-acceso-vehicular-conexion-tcp-ip-pantalla-lcd-luces-led-para-mayor-iluminacion-un-carril-semaforo-e-indicadores-audibles-r\/"},"modified":"2023-03-22T23:25:26","modified_gmt":"2023-03-23T05:25:26","slug":"zkteco-lprs1000-camara-de-reconocimiento-placas-para-control-de-acceso-vehicular-conexion-tcp-ip-pantalla-lcd-luces-led-para-mayor-iluminacion-un-carril-semaforo-e-indicadores-audibles-r","status":"publish","type":"product","link":"https:\/\/tecsecmty.com\/index.php\/producto\/zkteco-lprs1000-camara-de-reconocimiento-placas-para-control-de-acceso-vehicular-conexion-tcp-ip-pantalla-lcd-luces-led-para-mayor-iluminacion-un-carril-semaforo-e-indicadores-audibles-r\/","title":{"rendered":"ZKTECO LPRS1000 &#8211; C\u00e1mara de Reconocimiento Placas Para Control De Acceso Vehicular \/ Conexi\u00f3n TCP\/IP \/ Pantalla LCD \/ Luces LED para mayor Iluminaci\u00f3n \/ Un Carril \/ Sem\u00e1foro e Indicadores Audibles \/ Requiere Licencia de Estacionamiento Biosecurity"},"content":{"rendered":"<div class=\"row aling-items-center padding-bottom-2x\">\n<div class=\"col-lg-12\">\n<h5 class=\"card-title text-center\">Informaci\u00f3n General<\/h5>\n<p>Utilizando la \u00faltima tecnolog\u00eda de reconocimiento de placas (LPR),\u00a0LPRS1000\u00a0es el resultado de un gran trabajo de investigaci\u00f3n y desarrollo que combina un poderoso algoritmo de reconocimiento de placas vehiculares con a\u00f1os de experiencia en aplicaciones industriales.<\/p>\n<p>Los equipos LPR de ZKTeco est\u00e1n equipados con una c\u00e1mara de alto rendimiento tot\u00e1lmente aut\u00f3noma capaz de obtener el n\u00famero de matr\u00edcula de los vehiculos en un tiempo casi imperceptible.<\/p>\n<p>\u00c9sta c\u00e1mara puede conectarse directamente a la barrera de acceso vehicular, al motor del port\u00f3n el\u00e9ctrico o a cualquier dispositivo que pueda ser controlado mediante un bot\u00f3n para automatizar la apertura. Todo, sin la necesidad de agregar dispositivos controladores adicionales.<\/p>\n<h4><\/h4>\n<p><img decoding=\"async\" class=\"overview-center-img-web\" src=\"https:\/\/tvc.mx\/media\/87536\/TVC-LPRS1000-.jpg\" alt=\"\" \/><\/div>\n<\/div>\n<div class=\"row aling-items-center padding-bottom-2x\">\n<div class=\"col-lg-12\">\n<h5 class=\"card-title text-center\">Olvide el uso de tarjetones, engomados o tags para entrar al estacionamiento<\/h5>\n<p>La soluci\u00f3n de LPR de ZKTeco brinda una experiencia de acceso f\u00e1cil y pr\u00e1ctico al estacionamiento sin sacrificar la seguridad del sitio, ofreciendo al conductor la comodidad de olvidarse de tarjetas de acceso que f\u00e1cilmente puede dejar en casa o en otro veh\u00edculo. Adem\u00e1s, elimina al usuario la necesidad de agregar calcoman\u00edas o accesorios adicionales al veh\u00edculo, los cuales en ocasiones opacan la est\u00e9tica de su veh\u00edculo.<\/p>\n<p><img decoding=\"async\" class=\"overview-center-img-web\" src=\"https:\/\/tvc.mx\/media\/87544\/Sin-t%C3%ADtulo-2.jpg\" alt=\"\" \/><\/div>\n<\/div>\n<div class=\"row align-items-center padding-bottom-2x\">\n<div class=\"col-md-5 order-md-2\"><img decoding=\"async\" class=\"d-block m-auto img-thumbnail\" src=\"https:\/\/tvc.mx\/media\/89000\/Zk-TVC-LPRS1000.jpg\" alt=\" \" \/><\/div>\n<div class=\"col-md-7 order-md-1 text-md-left text-center\">\n<h2>Principales Caracter\u00edsticas<\/h2>\n<p class=\"text-muted\">\n<p>\u2022\u00a0Algoritmo LPR l\u00edder en la industria.<\/p>\n<p>\u2022\u00a0Software para gesti\u00f3n de estacionamientos (Modulo de Estacionamiento de Biosecurity no Incluido)<\/p>\n<p>\u2022\u00a0Reconocimiento autom\u00e1tico de placas.<\/p>\n<p>\u2022\u00a0Pantalla y voz.<\/p>\n<p>\u2022\u00a0F\u00e1cil instalaci\u00f3n y conectividad.<\/p>\n<p>\u2022\u00a0Aplicaci\u00f3n para exteriores.<\/p>\n<p>&nbsp;<\/p>\n<\/div>\n<\/div>\n<hr class=\"padding-bottom-2x\" \/>\n<div class=\"row align-items-center padding-bottom-2x\">\n<div class=\"col-md-5 order-md-2\"><img decoding=\"async\" class=\"d-block m-auto img-thumbnail\" src=\"https:\/\/tvc.mx\/media\/87564\/400.jpg\" alt=\" \" \/><\/div>\n<div class=\"col-md-7 order-md-1 text-md-left text-center\">\n<h2>Especificaciones T\u00e9cnicas<\/h2>\n<p class=\"text-muted\">\n<p>Modelo LPRS1000<\/p>\n<p>\u00cdndice de Reconocimiento: D\u00eda \u2265 99.9%; Noche \u2265 99.7%<\/p>\n<p>Distancia de Reconocimiento: 2-10 m (Distancia recomendada 3.5-4 m)<\/p>\n<p>Tiempo de Reconocimiento: \u2265200 ms (En promedio)<\/p>\n<p>Comunicaci\u00f3n: TCP\/IP<\/p>\n<p>Interfaz: 2 Relevadores, 2 Entradas Aux, Entrada y Salida de Audio,<\/p>\n<p>2 Salidas RS485, Reinicio, Salida Wiegand<\/p>\n<p>Lente de la C\u00e1mara: 2MP, Enfoque Autom\u00e1tico, Mejor Distancia de Captura: 3.5-4 m<\/p>\n<p>Iluminaci\u00f3n M\u00ednima: 0.1Lux (Est\u00e1ndar)<\/p>\n<p>Funciones Est\u00e1ndar: Reconocimiento Autom\u00e1tico de Placas, Informaci\u00f3n en Tiempo Real,<\/p>\n<p>Transmisi\u00f3n de Voz, Reglas Personalizables, Exportaci\u00f3n de Estados Financieros,<\/p>\n<p>Funci\u00f3n de Lista Negra y Lista Blanca, Luz de Relleno,<\/p>\n<p>Barrera de Estacionamiento de Control Autom\u00e1tico<\/p>\n<p>Velocidad: 15km\/h<\/p>\n<p>Pa\u00edses con Soportados: Tailandia, Argentina, M\u00e9xico, Indonesia, Colombia, etc.<\/p>\n<p>Software: ZKBioSecurity \u00abNo Inclu\u00eddo\u00bb<\/p>\n<p>Consumo de Energ\u00eda: 80W<\/p>\n<p>Fuente de Alimentaci\u00f3n: 110V \/ 220V<\/p>\n<p>Temperatura de Operaci\u00f3n: -20\u00b0C hasta 55\u00b0C<\/p>\n<p>Humedad de Operaci\u00f3n: 10%-90%<\/p>\n<p>Peso: 30 Kg<\/p>\n<p>Dimensiones del Paquete: 340 x 220 x 1600 mm<\/p>\n<\/div>\n<\/div>\n","protected":false},"excerpt":{"rendered":"<p>Informaci\u00f3n General Utilizando la \u00faltima tecnolog\u00eda de reconocimiento de placas (LPR),\u00a0LPRS1000\u00a0es el resultado de un gran trabajo de investigaci\u00f3n y desarrollo que combina un poderoso algoritmo de reconocimiento de placas vehiculares con a\u00f1os de experiencia en aplicaciones industriales. Los equipos LPR de ZKTeco est\u00e1n equipados&hellip;<\/p>\n","protected":false},"featured_media":7385,"comment_status":"open","ping_status":"closed","template":"","meta":{"om_disable_all_campaigns":false,"_monsterinsights_skip_tracking":false,"_monsterinsights_sitenote_active":false,"_monsterinsights_sitenote_note":"","_monsterinsights_sitenote_category":0},"product_brand":[],"product_cat":[664],"product_tag":[613,611,612,616,615,610,614,617],"class_list":{"0":"post-7386","1":"product","2":"type-product","3":"status-publish","4":"has-post-thumbnail","6":"product_cat-lpr-camaras-ip-zkteco-video-vigilancia","7":"product_tag-bosch","8":"product_tag-manhattan","9":"product_tag-saxxon","10":"product_tag-surveon","11":"product_tag-utepo","12":"product_tag-videovigilancia","13":"product_tag-vivotek","14":"product_tag-zteco","16":"first","17":"instock","18":"sale","19":"taxable","20":"shipping-taxable","21":"purchasable","22":"product-type-simple"},"aioseo_notices":[],"_links":{"self":[{"href":"https:\/\/tecsecmty.com\/index.php\/wp-json\/wp\/v2\/product\/7386","targetHints":{"allow":["GET"]}}],"collection":[{"href":"https:\/\/tecsecmty.com\/index.php\/wp-json\/wp\/v2\/product"}],"about":[{"href":"https:\/\/tecsecmty.com\/index.php\/wp-json\/wp\/v2\/types\/product"}],"replies":[{"embeddable":true,"href":"https:\/\/tecsecmty.com\/index.php\/wp-json\/wp\/v2\/comments?post=7386"}],"version-history":[{"count":0,"href":"https:\/\/tecsecmty.com\/index.php\/wp-json\/wp\/v2\/product\/7386\/revisions"}],"wp:featuredmedia":[{"embeddable":true,"href":"https:\/\/tecsecmty.com\/index.php\/wp-json\/wp\/v2\/media\/7385"}],"wp:attachment":[{"href":"https:\/\/tecsecmty.com\/index.php\/wp-json\/wp\/v2\/media?parent=7386"}],"wp:term":[{"taxonomy":"product_brand","embeddable":true,"href":"https:\/\/tecsecmty.com\/index.php\/wp-json\/wp\/v2\/product_brand?post=7386"},{"taxonomy":"product_cat","embeddable":true,"href":"https:\/\/tecsecmty.com\/index.php\/wp-json\/wp\/v2\/product_cat?post=7386"},{"taxonomy":"product_tag","embeddable":true,"href":"https:\/\/tecsecmty.com\/index.php\/wp-json\/wp\/v2\/product_tag?post=7386"}],"curies":[{"name":"wp","href":"https:\/\/api.w.org\/{rel}","templated":true}]}}