{"id":7390,"date":"2023-02-23T16:10:52","date_gmt":"2023-02-23T22:10:52","guid":{"rendered":"https:\/\/tecsecmty.com\/index.php\/producto\/autodome-ip-starlight-7000i-hd-1080p-zoom-de-30x-ik10-analiticos-h-265\/"},"modified":"2023-03-22T23:20:51","modified_gmt":"2023-03-23T05:20:51","slug":"autodome-ip-starlight-7000i-hd-1080p-zoom-de-30x-ik10-analiticos-h-265","status":"publish","type":"product","link":"https:\/\/tecsecmty.com\/index.php\/producto\/autodome-ip-starlight-7000i-hd-1080p-zoom-de-30x-ik10-analiticos-h-265\/","title":{"rendered":"AUTODOME IP STARLIGHT 7000i HD 1080p \/ Zoom de 30X \/ IK10 \/ Analiticos\/ H.265"},"content":{"rendered":"<div class=\"row aling-items-center padding-bottom-2x\">\n<div class=\"col-lg-12\">\n<h5 class=\"card-title text-center\">AUTODOME IP starlight 7000i<\/h5>\n<p>&nbsp;<\/p>\n<p><img decoding=\"async\" class=\"overview-center-img-web\" src=\"https:\/\/tvc.mx\/media\/79792\/Logoopaginas-oficial-1920x400.png\" alt=\"\" \/><\/div>\n<\/div>\n<div class=\"row align-items-center padding-bottom-2x\">\n<div class=\"col-md-5\"><img decoding=\"async\" class=\"d-block m-auto img-thumbnail\" src=\"https:\/\/tvc.mx\/media\/79796\/NDP-7512-Z30Kconfig5.png\" alt=\" \" \/><\/div>\n<div class=\"col-md-7 text-md-left text-center\">\n<h2>Resumen del sistema<\/h2>\n<p class=\"text-muted\">\n<p>La c\u00e1mara AUTODOME IP starlight 7000i incorpora la \u00faltima generaci\u00f3n en Video Analytics, tecnolog\u00eda starlight y transmisi\u00f3n de v\u00eddeo. Gracias a la tecnolog\u00eda de captura de imagen starlight, que ofrece una excelente sensibilidad con poca luz y el Intelligent Video Analytics m\u00e1s completo del mercado, la c\u00e1mara proporciona una calidad de imagen inigualable. Incluso en las peores condiciones de iluminaci\u00f3n, la c\u00e1mara domo PTZ 30x proporciona v\u00eddeo de alta definici\u00f3n (HD) de 1080p. F\u00e1cil de instalar, la c\u00e1mara est\u00e1 disponible en una carcasa suspendida para exteriores de eficacia probada, o bien en una carcasa de montaje en techo para interiores.<\/p>\n<p>&nbsp;<\/p>\n<\/div>\n<\/div>\n<hr class=\"padding-bottom-2x\" \/>\n<div class=\"row align-items-center padding-bottom-2x\">\n<div class=\"col-md-5 order-md-2\"><img decoding=\"async\" class=\"d-block m-auto img-thumbnail\" src=\"https:\/\/tvc.mx\/media\/79800\/NDP-7512-Z30Kconfig8.png\" alt=\" \" \/><\/div>\n<div class=\"col-md-7 order-md-1 text-md-left text-center\">\n<h2>Funciones b\u00e1sicas<\/h2>\n<p class=\"text-muted\">\n<p><strong>Excepcional rendimiento en condiciones de baja iluminaci\u00f3n<\/strong><\/p>\n<p>Al combinar la tecnolog\u00eda de sensores m\u00e1s reciente con una sofisticada eliminaci\u00f3n de ruido, el resultado es una sensibilidad excepcional en color. El rendimiento en condiciones de baja iluminaci\u00f3n es tan bueno que la c\u00e1mara sigue ofreciendo un rendimiento excelente en color incluso con una cantidad m\u00ednima de luz ambiental.<\/p>\n<p><strong>High dynamic range (Alto rango din\u00e1mico)<\/strong><\/p>\n<p>El rango din\u00e1mico de la c\u00e1mara es excepcional y destaca en las comparaciones de rendimiento en condiciones reales. En el modo de rango din\u00e1mico ampliado, la c\u00e1mara utiliza un obturador electr\u00f3nico para captar cuatro im\u00e1genes con tiempos de exposici\u00f3n distintos y reproducir fotogramas con alto contraste. El resultado es que se pueden ver detalles tanto en las \u00e1reas iluminadas (reflejos) como las zonas oscuras (sombras) de la escena al mismo tiempo. Es posible distinguir f\u00e1cilmente objetos y caracter\u00edsticas (por ejemplo, rostros) en condiciones de contraluz intenso.<\/p>\n<p><strong>Codificaci\u00f3n de v\u00eddeo de alta eficiencia H.265<\/strong><\/p>\n<p>La c\u00e1mara se ha dise\u00f1ado en la plataforma de codificaci\u00f3n m\u00e1s eficaz y potente H.264 y H.265\/HEVC. La c\u00e1mara tiene capacidad para ofrecer v\u00eddeo de alta calidad y alta resoluci\u00f3n con una carga de la red muy baja. Con el doble de eficiencia de codificaci\u00f3n, H.265 es el nuevo est\u00e1ndar de compresi\u00f3n preferido para sistemas de vigilancia con v\u00eddeo IP.<\/p>\n<p><strong>Ajustar al zoom<\/strong><\/p>\n<p>Al dibujar un cuadro en la imagen, se activar\u00e1 que la c\u00e1mara haga zoom a la posici\u00f3n correcta.<\/p>\n<p><strong>Intelligent Video Analytics en origen<\/strong><\/p>\n<p>Con su an\u00e1lisis de contenido de v\u00eddeo (VCA) integrado, la c\u00e1mara refuerza el concepto de \u00abinteligencia en origen\u00bb, gracias al cual los equipos funcionan cada vez de manera m\u00e1s inteligente. La c\u00e1mara se entrega con el innovador m\u00e9todo VCA de Bosch, Intelligent Video Analytics, que detecta los objetos en movimiento de forma fiable y los analiza, al tiempo que anula las falsas alarmas generadas por fuentes enga\u00f1osas en la imagen.<\/p>\n<p>&nbsp;<\/p>\n<\/div>\n<\/div>\n<hr class=\"padding-bottom-2x\" \/>\n<div class=\"row align-items-center padding-bottom-2x\">\n<div class=\"col-md-5\"><img decoding=\"async\" class=\"d-block m-auto img-thumbnail\" src=\"https:\/\/tvc.mx\/media\/79804\/NDP-7512-Z30Kconfig6.png\" alt=\" \" \/><\/div>\n<div class=\"col-md-7 text-md-left text-center\">\n<h2>Certificaciones y aprobaciones<\/h2>\n<p class=\"text-muted\">\n<p class=\"ql-align-justify\">Para obtener una lista completa de todas las certificaciones y los est\u00e1ndares relacionados, consulte el informe de pruebas de productos disponible en el cat\u00e1logo en l\u00ednea, en la pesta\u00f1a Documentos de la p\u00e1gina de producto del dispositivo. Si el documento no est\u00e1 disponible en la p\u00e1gina del producto, p\u00f3ngase en contacto con su representante de ventas.<\/p>\n<p class=\"ql-align-justify\"><strong>Compatibilidad electromagn\u00e9tica (EMC)<\/strong><\/p>\n<ul>\n<li class=\"ql-align-justify\">FCC, parte 15, ICES-003.<\/li>\n<li class=\"ql-align-justify\">EN 55024:2010 + A1:2015.<\/li>\n<li class=\"ql-align-justify\">EN 55032:2015\/AC:2016.<\/li>\n<li class=\"ql-align-justify\">EN 61000-3-2:2014.<\/li>\n<li class=\"ql-align-justify\">EN 61000-3-3:2013.<\/li>\n<\/ul>\n<p class=\"ql-align-justify\"><strong>Seguridad del producto<\/strong><\/p>\n<p class=\"ql-align-justify\">Cumple las normas UL, CE, CSA, EN e IEC, incluyendo:<\/p>\n<ul>\n<li class=\"ql-align-justify\">UL 62368-1.<\/li>\n<li class=\"ql-align-justify\">EN 62368-1.<\/li>\n<li class=\"ql-align-justify\">EN 60950-1.<\/li>\n<li class=\"ql-align-justify\">CAN\/CSA-C22.2 n.\u00ba 62368-1-14.<\/li>\n<li class=\"ql-align-justify\">IEC 62368-1 Ed.2.<\/li>\n<li class=\"ql-align-justify\">IEC 60950-1 Ed.2.<\/li>\n<li class=\"ql-align-justify\">IEC 60950-22 Ed.2<\/li>\n<\/ul>\n<p>&nbsp;<\/p>\n<\/div>\n<\/div>\n<hr class=\"padding-bottom-2x\" \/>\n<div class=\"row align-items-center padding-bottom-2x\">\n<div class=\"col-md-5 order-md-2\"><img decoding=\"async\" class=\"d-block m-auto img-thumbnail\" src=\"https:\/\/tvc.mx\/media\/79808\/NDP-7512-Z30Kconfig7.png\" alt=\" \" \/><\/div>\n<div class=\"col-md-7 order-md-1 text-md-left text-center\">\n<h2>Caracter\u00edsticas y Especificaciones<\/h2>\n<p class=\"text-muted\">\n<p class=\"ql-align-justify\"><strong>Nota: NDP-7512-Z30K PTZ 2MP HDR 30x transp. IK10 colgante<\/strong><\/p>\n<p class=\"ql-align-justify\"><strong>C\u00e1mara domo PTZ; 1080 (2MP) HD, 30x, captaci\u00f3n de im\u00e1genes starlight, H.265, IVA. Montaje colgante para exteriores, IK10.<\/strong><\/p>\n<p class=\"ql-align-justify\"><strong>N\u00famero de pedido: NDP-7512-Z30K<\/strong><\/p>\n<p class=\"ql-align-justify\"><strong>Principales caracter\u00edsticas<\/strong><\/p>\n<ul>\n<li class=\"ql-align-justify\">Tecnolog\u00eda Starlight con excelente rendimiento con baja iluminaci\u00f3n y Alto rango din\u00e1mico de 120 dB para ver detalles en condiciones de iluminaci\u00f3n adversas.<\/li>\n<li class=\"ql-align-justify\">Incorpora la \u00faltima tecnolog\u00eda de compresi\u00f3n de v\u00eddeo H. 265 para reducir los requisitos de almacenamiento y ancho de banda.<\/li>\n<li class=\"ql-align-justify\">Intelligent Video Analytics integrado avisa a los operadores en caso de actividad inusual en la escena.<\/li>\n<li class=\"ql-align-justify\">Tecnolog\u00eda inteligente de vanguardia con Intelligent Tracking y detecci\u00f3n de objetos, incluso con la c\u00e1mara en movimiento.<\/li>\n<li class=\"ql-align-justify\">Fiabilidad excepcional con garant\u00eda de 3 a\u00f1os (incluidas las piezas m\u00f3viles).<\/li>\n<\/ul>\n<p class=\"ql-align-justify\"><strong>Especificaciones<\/strong><\/p>\n<p class=\"ql-align-justify\">AUTODOME IP starlight 7000i<\/p>\n<ul>\n<li class=\"ql-align-justify\">Sensor de im\u00e1genes Sensor CMOS de 1\/2,8 pulg.<\/li>\n<li class=\"ql-align-justify\">Elementos efectivos de la imagen (p\u00edxeles) 1944 x 1212 (2,35 MP).<\/li>\n<li class=\"ql-align-justify\">Lente Zoom motorizado de 30x de 4,3 mm a 129 mm F1.6 a F4.7.<\/li>\n<li class=\"ql-align-justify\">Campo de visi\u00f3n (CdV) De 2,3\u00b0 a 64,7\u00b0.<\/li>\n<li class=\"ql-align-justify\">Enfoque Autom\u00e1tico con anulaci\u00f3n manual.<\/li>\n<li class=\"ql-align-justify\">Iris Autom\u00e1tico con anulaci\u00f3n manual.<\/li>\n<li class=\"ql-align-justify\">Zoom digital 10x.<\/li>\n<li class=\"ql-align-justify\">Conmutador D\u00eda\/ Noche Filtro de corte IR autom\u00e1tico.<\/li>\n<\/ul>\n<p class=\"ql-align-justify\"><strong>Rendimiento de v\u00eddeo<\/strong><\/p>\n<ul>\n<li class=\"ql-align-justify\">Sensibilidad (3100K, reflectividad 89 %, 1\/30, F1.6, 30 IRE).<\/li>\n<li class=\"ql-align-justify\">Color 0,0077 lx.<\/li>\n<li class=\"ql-align-justify\">Monocromo 0,0008 lx.<\/li>\n<\/ul>\n<p class=\"ql-align-justify\"><strong>Red<\/strong><\/p>\n<ul>\n<li class=\"ql-align-justify\">Compresi\u00f3n de v\u00eddeo: H.265, H.264 y M-JPEG.<\/li>\n<li class=\"ql-align-justify\">Cuatro (4) flujos: dos (2) flujos configurables en H.264 o H.265 Un (1) flujo solo de I-frames basado en el primer flujo Uno (1) M-JPEG.<\/li>\n<li class=\"ql-align-justify\">Flujo Velocidad de fotogramas 1080p: 30 ips 720p: 60 ips.<\/li>\n<li class=\"ql-align-justify\">Protocolos: IPv4, IPv6, UDP, TCP, HTTP, HTTPS, RTP\/ RTCP, IGMP V2\/V3, ICMP, ICMPv6, RTSP, FTP, ARP, DHCP, APIPA (Auto-IP, link local address), NTP (SNTP), SNMP (V1, V3, MIB-II), 802.1x, DNS, DNSv6, DDNS (DynDNS.org, selfHOST.de, no-ip.com), SMTP, iSCSI, UPnP (SSDP), DiffServ (QoS), LLDP, SOAP, Dropbox\u2122, CHAP, digest authentication.<\/li>\n<li class=\"ql-align-justify\">Interoperabilidad ONVIF Profile S, ONVIF Profile G, ONVIF Profile T, Auto-MDIX Ethernet 10BASE-T\/100BASE-T, detecci\u00f3n autom\u00e1tica, d\u00faplex completo\/semid\u00faplex Encriptaci\u00f3n TLS 1.2, SSL, DES, 3DES, AES Conector.<\/li>\n<li class=\"ql-align-justify\">Ethernet RJ45 Estructura.<\/li>\n<li class=\"ql-align-justify\">GOP IP, IBP, IBBP.<\/li>\n<li class=\"ql-align-justify\">Velocidad de datos (H.265, 1080P) 61 kbps a 2,8 Mbps (dependiendo de la escena, la velocidad de im\u00e1genes y la configuraci\u00f3n de calidad).<\/li>\n<li class=\"ql-align-justify\">Retardo de IP absoluto 60 ips: 166 ms (t\u00edpico) 30 ips: 233 ms (t\u00edpico).<\/li>\n<\/ul>\n<p class=\"ql-align-justify\"><strong>Resoluciones (H x V)<\/strong><\/p>\n<ul>\n<li class=\"ql-align-justify\">1080p HD 1920 \u00d7 1080.<\/li>\n<li class=\"ql-align-justify\">720p HD 1280 x 720.<\/li>\n<li class=\"ql-align-justify\">1,3 MP 5:4 (recortado) 1280 x 1024.<\/li>\n<li class=\"ql-align-justify\">D1 4:3 (recortado) 704 x 480.<\/li>\n<li class=\"ql-align-justify\">640 \u00d7 480 640 \u00d7 480.<\/li>\n<li class=\"ql-align-justify\">432p SD 768 \u00d7 432.<\/li>\n<li class=\"ql-align-justify\">288p SD 512 \u00d7 288.<\/li>\n<li class=\"ql-align-justify\">144p SD 256 \u00d7 144.<\/li>\n<\/ul>\n<p class=\"ql-align-justify\"><strong>\u00a0El\u00e9ctricas<\/strong><\/p>\n<ul>\n<li class=\"ql-align-justify\">Alimentaci\u00f3n 24 V de CA Alta potencia (utilizando un modelo Bosch de Midspan PoE de alta potencia; necesario para alimentar el calefactor) PoE + (IEEE 802.3at, est\u00e1ndar clase 4)(cuando se utiliza sin encender el calefactor).<\/li>\n<\/ul>\n<p class=\"ql-align-justify\"><strong>Audio<\/strong><\/p>\n<ul>\n<li class=\"ql-align-justify\">Audio &#8211; Est\u00e1ndar G.711, a una frecuencia de muestreo de 8 kHz L16, a una frecuencia de muestreo de 16 kHz AAC, a una frecuencia de muestreo de 16 kHz -.<\/li>\n<li class=\"ql-align-justify\">Relaci\u00f3n se\u00f1al\/ ruido &gt;50 dB.<\/li>\n<li class=\"ql-align-justify\">Flujo de audio Bidireccional (d\u00faplex completo).<\/li>\n<\/ul>\n<p class=\"ql-align-justify\"><strong>Almacenamiento local<\/strong><\/p>\n<ul>\n<li class=\"ql-align-justify\">Ranura para tarjeta de memoria.<\/li>\n<li class=\"ql-align-justify\">Tarjeta de memoria proporcionada por el usuario SD\/SDHC\/SDXC (m\u00e1ximo 2 TB, SDXC).<\/li>\n<li class=\"ql-align-justify\">Grabaci\u00f3n: Grabaci\u00f3n continua de v\u00eddeo y audio, grabaci\u00f3n de alarma, eventos y planificaci\u00f3n.<\/li>\n<\/ul>\n<\/div>\n<\/div>\n","protected":false},"excerpt":{"rendered":"<p>AUTODOME IP starlight 7000i &nbsp; Resumen del sistema La c\u00e1mara AUTODOME IP starlight 7000i incorpora la \u00faltima generaci\u00f3n en Video Analytics, tecnolog\u00eda starlight y transmisi\u00f3n de v\u00eddeo. Gracias a la tecnolog\u00eda de captura de imagen starlight, que ofrece una excelente sensibilidad con poca luz y&hellip;<\/p>\n","protected":false},"featured_media":7389,"comment_status":"open","ping_status":"closed","template":"","meta":{"om_disable_all_campaigns":false,"_monsterinsights_skip_tracking":false,"_monsterinsights_sitenote_active":false,"_monsterinsights_sitenote_note":"","_monsterinsights_sitenote_category":0},"product_brand":[],"product_cat":[665],"product_tag":[613,611,612,616,615,610,614,617],"class_list":{"0":"post-7390","1":"product","2":"type-product","3":"status-publish","4":"has-post-thumbnail","6":"product_cat-ptz-camaras-ip-bosch-video-vigilancia","7":"product_tag-bosch","8":"product_tag-manhattan","9":"product_tag-saxxon","10":"product_tag-surveon","11":"product_tag-utepo","12":"product_tag-videovigilancia","13":"product_tag-vivotek","14":"product_tag-zteco","16":"first","17":"instock","18":"sale","19":"taxable","20":"shipping-taxable","21":"purchasable","22":"product-type-simple"},"aioseo_notices":[],"_links":{"self":[{"href":"https:\/\/tecsecmty.com\/index.php\/wp-json\/wp\/v2\/product\/7390","targetHints":{"allow":["GET"]}}],"collection":[{"href":"https:\/\/tecsecmty.com\/index.php\/wp-json\/wp\/v2\/product"}],"about":[{"href":"https:\/\/tecsecmty.com\/index.php\/wp-json\/wp\/v2\/types\/product"}],"replies":[{"embeddable":true,"href":"https:\/\/tecsecmty.com\/index.php\/wp-json\/wp\/v2\/comments?post=7390"}],"version-history":[{"count":0,"href":"https:\/\/tecsecmty.com\/index.php\/wp-json\/wp\/v2\/product\/7390\/revisions"}],"wp:featuredmedia":[{"embeddable":true,"href":"https:\/\/tecsecmty.com\/index.php\/wp-json\/wp\/v2\/media\/7389"}],"wp:attachment":[{"href":"https:\/\/tecsecmty.com\/index.php\/wp-json\/wp\/v2\/media?parent=7390"}],"wp:term":[{"taxonomy":"product_brand","embeddable":true,"href":"https:\/\/tecsecmty.com\/index.php\/wp-json\/wp\/v2\/product_brand?post=7390"},{"taxonomy":"product_cat","embeddable":true,"href":"https:\/\/tecsecmty.com\/index.php\/wp-json\/wp\/v2\/product_cat?post=7390"},{"taxonomy":"product_tag","embeddable":true,"href":"https:\/\/tecsecmty.com\/index.php\/wp-json\/wp\/v2\/product_tag?post=7390"}],"curies":[{"name":"wp","href":"https:\/\/api.w.org\/{rel}","templated":true}]}}