{"id":7392,"date":"2023-02-23T16:10:54","date_gmt":"2023-02-23T22:10:54","guid":{"rendered":"https:\/\/tecsecmty.com\/index.php\/producto\/bosch-v_mic7522z30b-mic-ip-starlight-7000i-ip68-h-265-analiticos-zoom-30x\/"},"modified":"2023-03-22T23:21:54","modified_gmt":"2023-03-23T05:21:54","slug":"bosch-v_mic7522z30b-mic-ip-starlight-7000i-ip68-h-265-analiticos-zoom-30x","status":"publish","type":"product","link":"https:\/\/tecsecmty.com\/index.php\/producto\/bosch-v_mic7522z30b-mic-ip-starlight-7000i-ip68-h-265-analiticos-zoom-30x\/","title":{"rendered":"BOSCH V_MIC7522Z30B- MIC IP Starlight 7000I\/ IP68\/ H.265\/ Analiticos\/ Zoom 30x"},"content":{"rendered":"<div class=\"row aling-items-center padding-bottom-2x\">\n<div class=\"col-lg-12\">\n<h5 class=\"card-title text-center\">MIC IP starlight 7100i PTZ 2MP HDR 30x IP68 negro y desempa\u00f1ador de lente<\/h5>\n<p>&nbsp;<\/p>\n<p><img decoding=\"async\" class=\"overview-center-img-web\" src=\"https:\/\/tvc.mx\/media\/80184\/Logoopaginas-oficial-1920x400.png\" alt=\"\" \/><\/div>\n<\/div>\n<div class=\"row align-items-center padding-bottom-2x\">\n<div class=\"col-md-5\"><img decoding=\"async\" class=\"d-block m-auto img-thumbnail\" src=\"https:\/\/tvc.mx\/media\/80188\/MIC-7522-Z30Bconfig7.png\" alt=\" \" \/><\/div>\n<div class=\"col-md-7 text-md-left text-center\">\n<h2>Resumen del sistema<\/h2>\n<p class=\"text-muted\">\n<p class=\"ql-align-justify\">La c\u00e1mara MIC IP starlight 7100i es una plataforma de vigilancia PTZ avanzada para las aplicaciones cr\u00edticas. Con tecnolog\u00eda de captaci\u00f3n de im\u00e1genes starlight y excelente sensibilidad con poca luz, esta c\u00e1mara es la soluci\u00f3n perfecta cuando se necesita obtener im\u00e1genes n\u00edtidas y de alta calidad. El dise\u00f1o resistente de la c\u00e1mara cumple las expectativas del cliente en entornos exigentes que superan las capacidades de las c\u00e1maras IP convencionales. Incluso en instalaciones sujetas a condiciones adversas de choques o vibraciones y a circunstancias meteorol\u00f3gicas extremas, la c\u00e1mara proporciona im\u00e1genes de v\u00eddeo de alta calidad.<\/p>\n<p class=\"ql-align-justify\"><strong>La c\u00e1mara es la opci\u00f3n id\u00f3nea para:<\/strong><\/p>\n<ul>\n<li class=\"ql-align-justify\">Transporte: autopistas, puentes\/t\u00faneles y puertos.<\/li>\n<li class=\"ql-align-justify\">Infraestructuras cr\u00edticas: generaci\u00f3n\/transmisi\u00f3n de energ\u00eda, refiner\u00edas\/oleoductos y miner\u00eda.<\/li>\n<li class=\"ql-align-justify\">Alta seguridad: instalaciones gubernamentales y centros de datos.<\/li>\n<li class=\"ql-align-justify\">Aplicaciones cr\u00edticas en entornos exigentes que requieren im\u00e1genes de alta resoluci\u00f3n.<\/li>\n<li class=\"ql-align-justify\">Escenas complejas con muchos detalles en cualquier condici\u00f3n de iluminaci\u00f3n.<\/li>\n<li class=\"ql-align-justify\">Instalaciones en las que se desea evitar los tiempos de inactividad a causa de los altos costes para el servicio.<\/li>\n<\/ul>\n<p>&nbsp;<\/p>\n<\/div>\n<\/div>\n<hr class=\"padding-bottom-2x\" \/>\n<div class=\"row align-items-center padding-bottom-2x\">\n<div class=\"col-md-5 order-md-2\"><img decoding=\"async\" class=\"d-block m-auto img-thumbnail\" src=\"https:\/\/tvc.mx\/media\/80192\/MIC-7522-Z30Bconfig5.png\" alt=\" \" \/><\/div>\n<div class=\"col-md-7 order-md-1 text-md-left text-center\">\n<h2>Funciones b\u00e1sicas<\/h2>\n<p class=\"text-muted\">\n<p class=\"ql-align-justify\"><strong>Excepcional rendimiento en condiciones de baja iluminaci\u00f3n<\/strong><\/p>\n<p class=\"ql-align-justify\">Al combinar la tecnolog\u00eda de sensores m\u00e1s reciente con una sofisticada eliminaci\u00f3n de ruido, el resultado es una sensibilidad excepcional en color. El rendimiento en condiciones de baja iluminaci\u00f3n es tan bueno que la c\u00e1mara sigue ofreciendo un rendimiento excelente en color incluso con una cantidad m\u00ednima de luz ambiental.<\/p>\n<p class=\"ql-align-justify\"><strong>Alto rango din\u00e1mico<\/strong><\/p>\n<p class=\"ql-align-justify\">El rango din\u00e1mico de la c\u00e1mara es excepcional y destaca en las comparaciones de rendimiento en condiciones reales. En el modo de rango din\u00e1mico ampliado, la c\u00e1mara utiliza un obturador electr\u00f3nico para captar cuatro im\u00e1genes con tiempos de exposici\u00f3n distintos y reproducir fotogramas con alto contraste. El resultado es que se pueden ver detalles tanto en las \u00e1reas iluminadas (reflejos) como las zonas oscuras (sombras) de la escena al mismo tiempo. Es posible distinguir f\u00e1cilmente objetos y caracter\u00edsticas (por ejemplo, rostros) en condiciones de contraluz intenso.<\/p>\n<p class=\"ql-align-justify\"><strong>Dise\u00f1o reforzado para aplicaciones extremas<\/strong><\/p>\n<p class=\"ql-align-justify\">La c\u00e1mara est\u00e1 dise\u00f1ada para soportar aplicaciones de vigilancia que van m\u00e1s all\u00e1 de las capacidades mec\u00e1nicas de los sistemas de posicionamiento convencionales. Todo el cuerpo met\u00e1lico est\u00e1 anodizado y se ha dise\u00f1ado para resistir fuertes impactos o vibraciones de baja frecuencia. Los modelos de la c\u00e1mara cumplen con la certificaci\u00f3n IK10 de resistencia a impactos y con las normas IEC 60068 aplicables a vibraciones y choques. La c\u00e1mara dispone de un sistema de posicionamiento de bucle cerrado. El sistema permite que la c\u00e1mara mantenga su posici\u00f3n cuando est\u00e1 sometida a una vibraci\u00f3n continua o despu\u00e9s de un evento de choque extremo, incluso sin guiado o calibraci\u00f3n de posici\u00f3n prefijada. La c\u00e1mara se beneficia de los conocimientos de Bosch en lo referente a ingenier\u00eda de materiales y revestimientos. Como resultado, los componentes met\u00e1licos de alta calidad y el acabado de la c\u00e1mara ofrecen una protecci\u00f3n sin precedentes contra la corrosi\u00f3n. La c\u00e1mara se ha probado durante 2000 horas con un pulverizador de sal, tal y como establece la norma ISO 12944-6: C5-M (alto); componentes de la carcasa en aluminio.\u00a0<strong>Desempa\u00f1ador en la ventana de visualizaci\u00f3n<\/strong><\/p>\n<p class=\"ql-align-justify\">El desempa\u00f1ador de la ventana ayuda a disminuir o impedir la acumulaci\u00f3n de hielo en la ventana de la c\u00e1mara. Incluso en entornos muy fr\u00edos en los que las ventanas de otras c\u00e1maras se congelan, la c\u00e1mara MIC permite ver m\u00e1s y mejor. Nota: esta funci\u00f3n solo est\u00e1 disponible en los modelos mejorados.\u00a0<strong>Dise\u00f1o robusto compatible con la norma l\u00edder del sector IP68, Tipo 6P, IK10<\/strong><\/p>\n<p class=\"ql-align-justify\">Las c\u00e1maras MIC, que se certifican tras someterse a rigurosas pruebas de polvo e inmersi\u00f3n (IP68, Tipo 6P) y de impacto (IK10), se adaptan perfectamente a la instalaci\u00f3n en los entornos m\u00e1s complejos. La carcasa de aluminio anodizado y el revestimiento resistente de pintura pulverizada proporcionan una excepcional protecci\u00f3n contra la corrosi\u00f3n a cada c\u00e1mara MIC. Una junta t\u00f3rica fiable protege completamente los componentes internos del entorno exterior, por lo que no hay necesidad de presurizar la c\u00e1mara. Para garantizar la integridad de la unidad, la f\u00e1brica comprueba que no hay fugas en cada c\u00e1mara MIC antes de enviarla.<\/p>\n<p class=\"ql-align-justify\"><strong>Mecanismo de giro e inclinaci\u00f3n<\/strong><\/p>\n<p class=\"ql-align-justify\">El mecanismo de giro e inclinaci\u00f3n es un sistema reforzado con accionamiento directo. Los motores sin escobillas controlan directamente el movimiento de giro e inclinaci\u00f3n utilizando un tren de engranajes optimizado, dise\u00f1ado para minimizar la holgura y apoyar un funcionamiento continuo sin desgaste significativo por el uso.<\/p>\n<p class=\"ql-align-justify\">Nota: El mecanismo estabilizador solo est\u00e1 disponible en modelos mejorados. Con un giro continuo y completo de 360\u00b0 y control de inclinaci\u00f3n de 290\u00b0 (en modelos verticales con iluminadores) y giro muy r\u00e1pido (120\u00b0\/segundo) e inclinaci\u00f3n (90\u00b0\/segundo) para una capacidad de visi\u00f3n excepcional, la c\u00e1mara supera en rendimiento a otras c\u00e1maras de su clase.<\/p>\n<p class=\"ql-align-justify\"><strong>Ajustar al zoom<\/strong><\/p>\n<p class=\"ql-align-justify\">Al dibujar un cuadro en la imagen, se activar\u00e1 que la c\u00e1mara haga zoom a la posici\u00f3n correcta.<\/p>\n<p class=\"ql-align-justify\"><strong>Iluminaci\u00f3n en modo dual<\/strong><\/p>\n<p class=\"ql-align-justify\">El accesorio iluminador MIC (se vende por separado) cuenta con LEDs IR y de Luz blanca. El iluminador es instalable in situ. Nota: las c\u00e1maras de esta familia de productos son compatibles \u00fanicamente con los modelos MIC-ILx-400. Las distancias y el rendimiento dependen de las condiciones de iluminaci\u00f3n ambiental. En la tabla siguiente se identifica la aplicaci\u00f3n para cada tipo de LED.<\/p>\n<p>&nbsp;<\/p>\n<\/div>\n<\/div>\n<hr class=\"padding-bottom-2x\" \/>\n<div class=\"row align-items-center padding-bottom-2x\">\n<div class=\"col-md-5\"><img decoding=\"async\" class=\"d-block m-auto img-thumbnail\" src=\"https:\/\/tvc.mx\/media\/80232\/MIC-7522-Z30Bconfig8.png\" alt=\" \" \/><\/div>\n<div class=\"col-md-7 text-md-left text-center\">\n<h2>Notas de configuraci\u00f3n\/instalaci\u00f3n<\/h2>\n<p class=\"text-muted\">\n<p><strong>Opciones de soporte de montaje<\/strong><\/p>\n<p>C\u00e1maras MIC IP 7100i dise\u00f1adas por Bosch para su uso en aplicaciones de exterior. En un \u00e1rea de instalaci\u00f3n cerrada (por ejemplo, en una fundici\u00f3n, cerca de un horno, etc.), las temperaturas exteriores a la c\u00e1mara pueden superar los + 65 \u00b0C (+149 \u00b0F). Si instala una c\u00e1mara en un recinto cerrado, aseg\u00farese de que la temperatura de funcionamiento de la c\u00e1mara es como m\u00e1ximo de + 60 \u00b0C (+ 140 \u00b0F). Aseg\u00farese de que el aire circula alrededor de la c\u00e1mara para proporcionar refrigeraci\u00f3n. La figura siguiente identifica los soportes de montaje opcionales para las c\u00e1maras MIC. Consulte las hojas de datos de cada soporte en concreto para obtener m\u00e1s informaci\u00f3n. Algunos soportes pueden no estar disponibles en todas las regiones.<\/p>\n<p>&nbsp;<\/p>\n<\/div>\n<\/div>\n<hr class=\"padding-bottom-2x\" \/>\n<div class=\"row align-items-center padding-bottom-2x\">\n<div class=\"col-md-5 order-md-2\"><img decoding=\"async\" class=\"d-block m-auto img-thumbnail\" src=\"https:\/\/tvc.mx\/media\/80236\/MIC-7522-Z30Bconfig6.png\" alt=\" \" \/><\/div>\n<div class=\"col-md-7 order-md-1 text-md-left text-center\">\n<h2>Caracter\u00edsticas y Especificaciones<\/h2>\n<p class=\"text-muted\">\n<p class=\"ql-align-justify\"><strong>Nota: MIC-7522-Z30BR PTZ 2MP HDR 30x IP68 mejorado, negro y Desempa\u00f1ador de Lente<\/strong><\/p>\n<p class=\"ql-align-justify\"><strong>C\u00e1mara PTZ rugerizada; 1080p, 30x, captura de im\u00e1genes starlight, desempa\u00f1ador, ranura para tarjeta SD. Negro (RAL 9005). Acabado arenoso. N\u00famero de pedido: MIC-7522-Z30BR\u00a0<\/strong><\/p>\n<p class=\"ql-align-justify\"><strong>Principales caracter\u00edsticas<\/strong><\/p>\n<ul>\n<li class=\"ql-align-justify\">Tecnolog\u00eda de c\u00e1mara starlight con excelente sensibilidad con poca luz (color = 0.0047 lx) y Alto rango din\u00e1mico (120 dB) (para ver todos los detalles en \u00e1reas claras y oscuras simult\u00e1neamente).<\/li>\n<li class=\"ql-align-justify\">Resistencia y solidez excepcionales para cualquier aplicaci\u00f3n en el exterior, incluyendo el control del tr\u00e1fico (puentes, t\u00faneles o autopistas), la protecci\u00f3n perimetral, la vigilancia urbana y la miner\u00eda.<\/li>\n<li class=\"ql-align-justify\">Camera Trainer integrado para entrenar la c\u00e1mara con el fin de que reconozca los objetos especificados por el usuario, por ejemplo, objetos en movimiento y parados, para alertar a los operadores de cualquier actividad inusual en la escena.<\/li>\n<li class=\"ql-align-justify\">Tecnolog\u00eda inteligente de vanguardia con Intelligent Tracking y detecci\u00f3n de objetos, incluso con la c\u00e1mara en movimiento.<\/li>\n<li class=\"ql-align-justify\">Iluminador opcional con LEDs multiespectrales que distribuyen la luz IR de manera uniforme en el campo para evitar las zonas oscuras o un exceso de iluminaci\u00f3n en la escena.<\/li>\n<\/ul>\n<p class=\"ql-align-justify\"><strong>Especificaciones<\/strong><\/p>\n<ul>\n<li class=\"ql-align-justify\">Sensor de im\u00e1genes Sensor CMOS de 1\/2 pulg.<\/li>\n<li class=\"ql-align-justify\">Elementos efectivos de la imagen (p\u00edxeles) 1937 x 1097 (2,12 MP).<\/li>\n<li class=\"ql-align-justify\">Lente Zoom motorizado de 30x; de 6,6 mm a 198 mm.<\/li>\n<li class=\"ql-align-justify\">Campo de visi\u00f3n (CdV): De 2,1\u00b0 a 58,3\u00b0<\/li>\n<li class=\"ql-align-justify\">Enfoque Autom\u00e1tico con anulaci\u00f3n manual Iris.<\/li>\n<li class=\"ql-align-justify\">Autom\u00e1tico con anulaci\u00f3n manual.<\/li>\n<li class=\"ql-align-justify\">Zoom digital 12x.<\/li>\n<li class=\"ql-align-justify\">Conmutador D\u00eda\/ Noche.<\/li>\n<li class=\"ql-align-justify\">Filtro de corte IR autom\u00e1tico.<\/li>\n<\/ul>\n<p class=\"ql-align-justify\"><strong>An\u00e1lisis de contenido de v\u00eddeo<\/strong><\/p>\n<ul>\n<li class=\"ql-align-justify\">Tipo de an\u00e1lisis Intelligent Video Analytics.<\/li>\n<li class=\"ql-align-justify\">Configuracion es Desactivado\/VCA global\/perfiles 1-16.<\/li>\n<li class=\"ql-align-justify\">Calibraci\u00f3n Autocalibraci\u00f3n autom\u00e1tica cuando se establece la altura.<\/li>\n<li class=\"ql-align-justify\">Normas de alarma (combinable) Cualquier objeto, Objeto en campo, Cruzar la l\u00ednea, Entrando en campo, Saliendo del campo, Merodeando, Siguiendo ruta, Objeto inactivo, Objeto eliminado, Contador, Occupancy, Detecci\u00f3n de actividad, Cambio de condici\u00f3n, B\u00fasqueda de similitud, Sabotaje.<\/li>\n<li class=\"ql-align-justify\">Filtros de objeto Duraci\u00f3n, tama\u00f1o, Relaci\u00f3n de aspecto v\/h, Velocidad, Direcci\u00f3n, clases de objeto (Personas de pie, Bicicletas, Coches, Camiones), Color.<\/li>\n<\/ul>\n<p class=\"ql-align-justify\"><strong>Mec\u00e1nicas<\/strong><\/p>\n<ul>\n<li class=\"ql-align-justify\">Unidad de accionamiento Accionamiento mediante motor, sin escobillas, de giro\/inclinaci\u00f3n integral.<\/li>\n<li class=\"ql-align-justify\">Orientaci\u00f3n de montaje admitida Vertical, Invertida, Posici\u00f3n inclinada.<\/li>\n<li class=\"ql-align-justify\">Rango de giro Rotaci\u00f3n continua de 360\u00b0<\/li>\n<li class=\"ql-align-justify\">\u00c1ngulo de inclinaci\u00f3n 290\u00b0 (con o sin iluminador).<\/li>\n<li class=\"ql-align-justify\">Rango de inclinaci\u00f3n (Con o sin iluminador) en posici\u00f3n vertical: de -55\u00b0 a +90\u00b0; Invertida: de -95\u00b0 a +55\u00b0; Posici\u00f3n inclinada: de -80\u00b0 a +65\u00b0.<\/li>\n<li class=\"ql-align-justify\">Velocidad de giro variable 0,2\u00b0\/segundo &#8211; 120\u00b0\/segundo.<\/li>\n<li class=\"ql-align-justify\">Velocidad de inclinaci\u00f3n variable 0,2\u00b0\/segundo &#8211; 90\u00b0\/segundo.<\/li>\n<li class=\"ql-align-justify\">Velocidad de Intelligent Tracking &gt;0,2\u00b0\/segundo (m\u00ednimo).<\/li>\n<li class=\"ql-align-justify\">Velocidad de Posiciones prefijadas 120\u00b0\/segundo.<\/li>\n<li class=\"ql-align-justify\">Precisi\u00f3n de preposici\u00f3n +\/-0.05\u00b0.<\/li>\n<li class=\"ql-align-justify\">Giro e inclinaci\u00f3n proporcionales al zoom S\u00ed Ruido audible &lt;65 dB.<\/li>\n<\/ul>\n<p class=\"ql-align-justify\"><strong>El\u00e9ctricas<\/strong><\/p>\n<ul>\n<li class=\"ql-align-justify\">Tensi\u00f3n de entrada 21-30 VCA, 50\/60 Hz; alta potencia a trav\u00e9s de.<\/li>\n<li class=\"ql-align-justify\">Ethernet (56 VCC nominales).<\/li>\n<li class=\"ql-align-justify\">Consumo de energ\u00eda (normal), sin iluminador 40 W.<\/li>\n<li class=\"ql-align-justify\">Consumo de energ\u00eda (normal), con iluminador 70 W.<\/li>\n<li class=\"ql-align-justify\">Consumo de corriente, 24 V de CA ~3,15 A.<\/li>\n<li class=\"ql-align-justify\">Consumo de corriente, Alta potencia ~1,5 A.<\/li>\n<li class=\"ql-align-justify\">Configuraci\u00f3n redundante Conectar tanto un Midspan PoE de alta potencia como una fuente de alimentaci\u00f3n de 24 V de CA independiente.<\/li>\n<\/ul>\n<p class=\"ql-align-justify\"><strong>Almacenamiento local<\/strong><\/p>\n<ul>\n<li class=\"ql-align-justify\">Ranura para tarjeta de memoria Tarjeta SD completa proporcionada por el usuario (m\u00e1ximo 2 TB) solo en modelos mejorados.<\/li>\n<li class=\"ql-align-justify\">Recomendadas: tarjetas SD Sony Industrial.<\/li>\n<\/ul>\n<p class=\"ql-align-justify\"><strong>Audio<\/strong><\/p>\n<ul>\n<li class=\"ql-align-justify\">Compresi\u00f3n G.711, AAC y L16 (en directo y grabaci\u00f3n).<\/li>\n<li class=\"ql-align-justify\">Relaci\u00f3n se\u00f1al\/ruido (S\/R) Entrada de audio: 47 dBA (ponderaci\u00f3n A) Salida de audio: 50 dBA (ponderaci\u00f3n A).<\/li>\n<li class=\"ql-align-justify\">Modo Comunicaci\u00f3n de audio bidireccional, d\u00faplex completo Conexiones de usuario.<\/li>\n<li class=\"ql-align-justify\">Entrada de l\u00ednea: 15 kiloohmios t\u00edpica, 1,0 Vrms, m\u00e1x. Salida de l\u00ednea: 0,8 Vrsm a 12 kiloohmios, t\u00edpica.<\/li>\n<\/ul>\n<p class=\"ql-align-justify\"><strong>Medioambientales<\/strong><\/p>\n<p class=\"ql-align-justify\">El cliente es responsable de asegurarse de que la instalaci\u00f3n cumple con las tensiones que se especifican a continuaci\u00f3n.<\/p>\n<p class=\"ql-align-justify\">Nota: la unidad incluye calefactor interno y ventilador.<\/p>\n<ul>\n<li class=\"ql-align-justify\">\u00cdndice de protecci\u00f3n IP\/ Est\u00e1ndar IEC 60529 IP66\/IP68\/Tipo 6P (polvo e inmersi\u00f3n) cuando est\u00e1 instalado en un MIC-DCA o en un soporte de pared MIC con un MIC-SCA. IP67 (humedad y polvo) con el kit de conectores IP67 (MIC-9K-IP67-5PK) en los conectores de la base de la c\u00e1mara. Este kit tambi\u00e9n es necesario cuando se utilizan montajes que no son de Bosch.<\/li>\n<li class=\"ql-align-justify\">Impacto mec\u00e1nico externo (c\u00f3digo IK\/\u00edndice de impacto) IEC 62262 IK10 (excluida la ventana de cristal).<\/li>\n<li class=\"ql-align-justify\">Temperatura de funcionamiento: De -40 \u00b0C a +65 \u00b0C (de -40 \u00b0F a +149 \u00b0F) NEMA TS 2-2003 (R2008), de -34 \u00b0C a +74 \u00b0C (de -30 \u00b0F a +165 \u00b0F) durante 15 horas.<\/li>\n<li class=\"ql-align-justify\">Temperatura de inicio en fr\u00edo -40 \u00b0C (-40 \u00b0F) (requiere un calentamiento de 60 minutos antes de realizar operaciones PTZ).<\/li>\n<li class=\"ql-align-justify\">Temperatura de almacenamiento: De -45 \u00b0C a +70 \u00b0C (de -49 \u00b0F a +158 \u00b0F).<\/li>\n<li class=\"ql-align-justify\">Humedad 0-100% Carga de viento.<\/li>\n<li class=\"ql-align-justify\">Vientos sostenidos de hasta 161 km\/h (100 mph).<\/li>\n<\/ul>\n<p class=\"ql-align-justify\"><strong>Estructura<\/strong><\/p>\n<ul>\n<li class=\"ql-align-justify\">Dimensiones (An. x Al. x Pr.) 287,93 mm x 400,34 mm x 210,65 mm (11,34 in x 15,76 in x 8,29 in).<\/li>\n<li class=\"ql-align-justify\">Peso 8,7 kg (19,2 lb).<\/li>\n<li class=\"ql-align-justify\">Ventana Cristal plano con desempa\u00f1ador.<\/li>\n<li class=\"ql-align-justify\">Material de fabricaci\u00f3n Aluminio fundido anodizado.<\/li>\n<li class=\"ql-align-justify\">Limpiador de ventana Limpiador de silicona de larga duraci\u00f3n integrado.<\/li>\n<li class=\"ql-align-justify\">Parasol (para evitar la carga del sol en climas c\u00e1lidos) Opcional (se vende por separado).<\/li>\n<li class=\"ql-align-justify\">Inclinaci\u00f3n: Posibilidad de inclinaci\u00f3n in situ.<\/li>\n<li class=\"ql-align-justify\">Color Negro (RAL 9005) Color Blanco (RAL 9010) Color Gris (RAL 7001).<\/li>\n<\/ul>\n<\/div>\n<\/div>\n","protected":false},"excerpt":{"rendered":"<p>MIC IP starlight 7100i PTZ 2MP HDR 30x IP68 negro y desempa\u00f1ador de lente &nbsp; Resumen del sistema La c\u00e1mara MIC IP starlight 7100i es una plataforma de vigilancia PTZ avanzada para las aplicaciones cr\u00edticas. Con tecnolog\u00eda de captaci\u00f3n de im\u00e1genes starlight y excelente sensibilidad&hellip;<\/p>\n","protected":false},"featured_media":7391,"comment_status":"open","ping_status":"closed","template":"","meta":{"om_disable_all_campaigns":false,"_monsterinsights_skip_tracking":false,"_monsterinsights_sitenote_active":false,"_monsterinsights_sitenote_note":"","_monsterinsights_sitenote_category":0},"product_brand":[],"product_cat":[665],"product_tag":[613,611,612,616,615,610,614,617],"class_list":{"0":"post-7392","1":"product","2":"type-product","3":"status-publish","4":"has-post-thumbnail","6":"product_cat-ptz-camaras-ip-bosch-video-vigilancia","7":"product_tag-bosch","8":"product_tag-manhattan","9":"product_tag-saxxon","10":"product_tag-surveon","11":"product_tag-utepo","12":"product_tag-videovigilancia","13":"product_tag-vivotek","14":"product_tag-zteco","16":"first","17":"instock","18":"sale","19":"taxable","20":"shipping-taxable","21":"purchasable","22":"product-type-simple"},"aioseo_notices":[],"_links":{"self":[{"href":"https:\/\/tecsecmty.com\/index.php\/wp-json\/wp\/v2\/product\/7392","targetHints":{"allow":["GET"]}}],"collection":[{"href":"https:\/\/tecsecmty.com\/index.php\/wp-json\/wp\/v2\/product"}],"about":[{"href":"https:\/\/tecsecmty.com\/index.php\/wp-json\/wp\/v2\/types\/product"}],"replies":[{"embeddable":true,"href":"https:\/\/tecsecmty.com\/index.php\/wp-json\/wp\/v2\/comments?post=7392"}],"version-history":[{"count":0,"href":"https:\/\/tecsecmty.com\/index.php\/wp-json\/wp\/v2\/product\/7392\/revisions"}],"wp:featuredmedia":[{"embeddable":true,"href":"https:\/\/tecsecmty.com\/index.php\/wp-json\/wp\/v2\/media\/7391"}],"wp:attachment":[{"href":"https:\/\/tecsecmty.com\/index.php\/wp-json\/wp\/v2\/media?parent=7392"}],"wp:term":[{"taxonomy":"product_brand","embeddable":true,"href":"https:\/\/tecsecmty.com\/index.php\/wp-json\/wp\/v2\/product_brand?post=7392"},{"taxonomy":"product_cat","embeddable":true,"href":"https:\/\/tecsecmty.com\/index.php\/wp-json\/wp\/v2\/product_cat?post=7392"},{"taxonomy":"product_tag","embeddable":true,"href":"https:\/\/tecsecmty.com\/index.php\/wp-json\/wp\/v2\/product_tag?post=7392"}],"curies":[{"name":"wp","href":"https:\/\/api.w.org\/{rel}","templated":true}]}}