{"id":7402,"date":"2023-02-23T16:11:08","date_gmt":"2023-02-23T22:11:08","guid":{"rendered":"https:\/\/tecsecmty.com\/index.php\/producto\/bosch-v_nde8504r-flexidome-ip-8mp-ip66-lente-3-10mm-hdr-ptrz\/"},"modified":"2023-03-22T23:22:00","modified_gmt":"2023-03-23T05:22:00","slug":"bosch-v_nde8504r-flexidome-ip-8mp-ip66-lente-3-10mm-hdr-ptrz","status":"publish","type":"product","link":"https:\/\/tecsecmty.com\/index.php\/producto\/bosch-v_nde8504r-flexidome-ip-8mp-ip66-lente-3-10mm-hdr-ptrz\/","title":{"rendered":"BOSCH V_NDE8504R- FLEXIDOME IP 8MP\/ IP66\/LENTE 3-10MM\/ HDR\/ PTRZ"},"content":{"rendered":"<div class=\"row aling-items-center padding-bottom-2x\">\n<div class=\"col-lg-12\">\n<h5 class=\"card-title text-center\">NDE-8504-R Domo fijo 8MP HDR 3,9-10mm PTRZ IP66<\/h5>\n<p>&nbsp;<\/p>\n<p><img decoding=\"async\" class=\"overview-center-img-web\" src=\"https:\/\/tvc.mx\/media\/86928\/Logoopaginas-oficial-1920x400.png\" alt=\"\" \/><\/div>\n<\/div>\n<div class=\"row align-items-center padding-bottom-2x\">\n<div class=\"col-md-5\"><img decoding=\"async\" class=\"d-block m-auto img-thumbnail\" src=\"https:\/\/tvc.mx\/media\/86932\/NDE-8504-Rconfig7.png\" alt=\" \" \/><\/div>\n<div class=\"col-md-7 text-md-left text-center\">\n<h2>Resumen del sistema<\/h2>\n<p class=\"text-muted\">\n<p>La FLEXIDOME IP starlight 8000i ofrece una calidad de imagen excepcional y alto rango din\u00e1mico con una resoluci\u00f3n 4K ultra HD para obtener im\u00e1genes con mucho detalle incluso en condiciones dif\u00edciles. Ofrece excelencia en seguridad de v\u00eddeo y gesti\u00f3n de datos, y cuenta con Intelligent Video Analytics avanzado integrado de serie. Su dise\u00f1o resistente y est\u00e9tico la hacen adecuada para cualquier instalaci\u00f3n en interior o exterior. La funci\u00f3n de puesta en marcha remota de la c\u00e1mara garantiza poder llevar a cabo la instalaci\u00f3n y la puesta en marcha en muy poco tiempo. Mediante un PC o un dispositivo m\u00f3vil con la aplicaci\u00f3n Project Assistant de Bosch, puede girar, inclinar, inclinaci\u00f3n, cambar el \u00e1ngulo de ca\u00edda, ajustar el zoom (PTRZ) y apuntar la c\u00e1mara hacia el campo de visi\u00f3n necesario con un solo clic, sin tener que tocar nunca la lente o la c\u00e1mara.<\/p>\n<p>&nbsp;<\/p>\n<\/div>\n<\/div>\n<hr class=\"padding-bottom-2x\" \/>\n<div class=\"row align-items-center padding-bottom-2x\">\n<div class=\"col-md-5 order-md-2\"><img decoding=\"async\" class=\"d-block m-auto img-thumbnail\" src=\"https:\/\/tvc.mx\/media\/86936\/NDE-8504-Rconfig8.png\" alt=\" \" \/><\/div>\n<div class=\"col-md-7 order-md-1 text-md-left text-center\">\n<h2>Funciones b\u00e1sicas<\/h2>\n<p class=\"text-muted\">\n<p><strong>Puesta en marcha completa remota<\/strong><\/p>\n<p>Instalar una c\u00e1mara de videovigilancia IP profesional nunca ha sido tan f\u00e1cil. De hecho, como instalador, nunca desear\u00e1 volver a los antiguos m\u00e9todos de instalaci\u00f3n de c\u00e1maras. Hemos simplificado las fases de instalaci\u00f3n y puesta en marcha tal forma que se pueden llevar a cabo en muy poco tiempo. Gracias a la funci\u00f3n de puesta en marcha remota de la c\u00e1mara FLEXIDOME IP starlight 8000i, no es necesario subir y bajar escaleras. Mediante un PC o un dispositivo m\u00f3vil con la aplicaci\u00f3n Project Assistant de Bosch, puede girar, inclinar, inclinaci\u00f3n, cambar el \u00e1ngulo de ca\u00edda, ajustar el zoom (PTRZ) y apuntar la c\u00e1mara hacia el campo de visi\u00f3n necesario con un solo clic, sin tener que tocar nunca la lente o la c\u00e1mara. Tambi\u00e9n es posible realizar la configuraci\u00f3n y la puesta en marcha por v\u00eda inal\u00e1mbrica o remota m\u00e1s tarde, despu\u00e9s de haber instalado todas las c\u00e1maras. Basta con conectar la aplicaci\u00f3n Project Assistant de Bosch, disponible para iOS, Android o Windows por v\u00eda inal\u00e1mbrica a la c\u00e1mara. O bien conectarse a la c\u00e1mara de forma remota a trav\u00e9s de la red mediante la interfaz web de la c\u00e1mara o Bosch Configuration Manager.<\/p>\n<p><strong>R\u00e1pido rendimiento<\/strong><\/p>\n<p>La alta resoluci\u00f3n del sensor junto con una velocidad de im\u00e1genes de 30 im\u00e1genes por segundo convierte a esta c\u00e1mara en una soluci\u00f3n id\u00f3nea para obtener im\u00e1genes de objetos en movimiento r\u00e1pido a altas resoluciones. La alta resoluci\u00f3n proporciona una visi\u00f3n clara e im\u00e1genes detalladas.\u00a0<strong>Rendimiento starlight<\/strong><\/p>\n<p>Al combinar la tecnolog\u00eda de sensores m\u00e1s reciente con capacidades sofisticadas de procesamiento de im\u00e1genes y eliminaci\u00f3n de ruido, el resultado es una sensibilidad excepcional en color. El rendimiento en condiciones de baja iluminaci\u00f3n es tan bueno que la c\u00e1mara sigue ofreciendo un rendimiento excelente en color incluso con una cantidad m\u00ednima de luz ambiental.\u00a0<strong>Alto rango din\u00e1mico<\/strong><\/p>\n<p>El modo de alto rango din\u00e1mico se basa en un proceso de exposici\u00f3n m\u00faltiple que captura m\u00e1s detalles en las zonas iluminadas y en las sombras, incluso en la misma escena. Como resultado, puede distinguir f\u00e1cilmente los objetos y los detalles, por ejemplo, rostros con un contraluz intenso. El rango din\u00e1mico real de la c\u00e1mara se mide mediante el an\u00e1lisis de la funci\u00f3n de conversi\u00f3n optoelectr\u00f3nica (OECF) conforme al apartado 5 de IEC 62676.<\/p>\n<p><strong>Modos de escena<\/strong><\/p>\n<p>Dispone de nueve modos configurables con los mejores ajustes para una gran variedad de aplicaciones. Con un solo clic, es posible seleccionar los ajustes de imagen \u00f3ptimos adecuados para las condiciones de cada caso. Es posible seleccionar modos de escena distintos para situaciones distintas, como entornos de tr\u00e1fico o tiendas.<\/p>\n<p><strong>Codificaci\u00f3n de v\u00eddeo de alta eficiencia H.265<\/strong><\/p>\n<p>La c\u00e1mara se ha dise\u00f1ado en la plataforma de codificaci\u00f3n m\u00e1s eficaz y potente H.264 y H.265\/HEVC. La c\u00e1mara tiene capacidad para ofrecer v\u00eddeo de alta calidad y alta resoluci\u00f3n con una carga de la red muy baja. Con el doble de eficiencia de codificaci\u00f3n, H.265 es el nuevo est\u00e1ndar de compresi\u00f3n preferido para sistemas de vigilancia con v\u00eddeo IP.<\/p>\n<p><strong>Intelligent Video Analytics en origen<\/strong><\/p>\n<p>La c\u00e1mara incluye la \u00faltima versi\u00f3n de la aplicaci\u00f3n Intelligent Video Analytics de Bosch. Dise\u00f1ada especialmente para los entornos m\u00e1s exigentes. Proporciona los m\u00e1ximos niveles de precisi\u00f3n para aplicaciones de naturaleza cr\u00edtica, como la protecci\u00f3n perimetral de aeropuertos, infraestructuras cr\u00edticas y edificios gubernamentales, patrulla de fronteras, seguimiento de embarcaciones y control del tr\u00e1fico (por ejemplo, detecci\u00f3n de circulaci\u00f3n en sentido contrario, recuentos de tr\u00e1fico, control de la presencia de veh\u00edculos estacionados en las cunetas).<\/p>\n<p>&nbsp;<\/p>\n<\/div>\n<\/div>\n<hr class=\"padding-bottom-2x\" \/>\n<div class=\"row align-items-center padding-bottom-2x\">\n<div class=\"col-md-5\"><img decoding=\"async\" class=\"d-block m-auto img-thumbnail\" src=\"https:\/\/tvc.mx\/media\/86940\/NDE-8504-Rconfig9.png\" alt=\" \" \/><\/div>\n<div class=\"col-md-7 text-md-left text-center\">\n<h2>Caracter\u00edsticas y Especificaciones<\/h2>\n<p class=\"text-muted\">\n<p><strong>Principales caracter\u00edsticas<\/strong><\/p>\n<ul>\n<li>Configuraci\u00f3n y puesta en marcha por v\u00eda remota o inal\u00e1mbrica con la aplicaci\u00f3n Project Assistant. Giro, inclinaci\u00f3n, ca\u00edda y zoom (PTRZ) para ajustar la c\u00e1mara en el campo de visi\u00f3n necesario sin tener que tocar la lente o la c\u00e1mara.<\/li>\n<li>Transmisi\u00f3n inteligente, IDNR y H.265 para reducir la tasa de bits hasta en un 80 %.<\/li>\n<li>8MP (4K UHD) para un grado detalle excepcional a velocidad r\u00e1pida.<\/li>\n<li>Intelligent Video Analytics integrado para activar alertas y recuperar r\u00e1pidamente datos con los m\u00e1ximos niveles de precisi\u00f3n.<\/li>\n<li>Amplio rango din\u00e1mico para ver todos los detalles en \u00e1reas claras y oscuras de la escena<\/li>\n<\/ul>\n<p><strong>Especificaciones<\/strong><\/p>\n<p><strong>Alimentaci\u00f3n<\/strong><\/p>\n<ul>\n<li>Tensi\u00f3n de entrada PoE IEEE 802.3af\/802.3at tipo 1, clase 3 24 V CA \u00b110 % 12 &#8211; 26 V CC \u00b110 %. Es posible conectar PoE y alimentaci\u00f3n auxiliar simult\u00e1neamente para disponer de funcionamiento redundante Consumo de energ\u00eda (t\u00edpico\/m\u00e1ximo)<\/li>\n<li>PoE: 7 W\/13 W\u00a0 24 V CA: 7,1 W &#8211; 12 VA\/13 W &#8211; 25 VA 12 &#8211; 26 V CC: 7,5 W\/16 W<\/li>\n<\/ul>\n<p><strong>Sensor<\/strong><\/p>\n<ul>\n<li>Tipo de sensor CMOS de 1\/1,8&#8243;<\/li>\n<li>N\u00famero total de p\u00edxeles del sensor 3840 (H) x 2160 (V), 8 MP (aprox.)<\/li>\n<li>Sensibilidad starlight (lente de 3,9 a 10 mm)<\/li>\n<li>Medido conforme a IEC 62676 Parte 5 (1\/25, F1.5)<\/li>\n<li>Color 0,041 lx<\/li>\n<li>Monocromo 0,0072 lx<\/li>\n<\/ul>\n<p><strong>Rendimiento de v\u00eddeo \u2011 Rango din\u00e1mico<\/strong><\/p>\n<ul>\n<li>Amplio rango din\u00e1mico WDR de 120 dB<\/li>\n<li>Medido conforme a la norma IEC 62676 Parte 5 107 dB WDR (lente de 3,9 a 10 mm)<\/li>\n<li>\u00d3ptico (lente de 3,9 a 10 mm)<\/li>\n<li>Lente Lente con iris P de 3,9 a 10 mm (con<\/li>\n<li>correcci\u00f3n para infrarrojos)<\/li>\n<li>Ajuste de diafragma 1,5 &#8211; 2,7<\/li>\n<li>Ajuste Zoom\/enfoque motorizados<\/li>\n<li>Control del iris Control de iris P<\/li>\n<li>\u00c1ngulo de visi\u00f3n Gran angular: 117\u00ba x 62\u00ba (H x V)<\/li>\n<li>Teleobjetivo: 44\u00ba x 24\u00ba (H x V)<\/li>\n<\/ul>\n<p><strong>Flujo de audio<\/strong><\/p>\n<ul>\n<li>AAC-LC, 80 kbps a una frecuencia de muestreo de 16 kHz<\/li>\n<li>Relaci\u00f3n se\u00f1al\/ruido &gt;50 dB<\/li>\n<li>Flujo de audio D\u00faplex completo\/semid\u00faplex<\/li>\n<\/ul>\n<p><strong>Almacenamiento local<\/strong><\/p>\n<ul>\n<li>RAM interna Grabaci\u00f3n previa a la alarma de 5 s<\/li>\n<li>Ranuras para tarjetas de memoria<\/li>\n<li>Ranuras para tarjetas duales SDXC\/SDHC\/SD.<\/li>\n<\/ul>\n<p><strong>Configuraciones con ranuras para tarjetas SD duales:<\/strong><\/p>\n<ul>\n<li>Espejo (almacenamiento redundante)<\/li>\n<li>Failover (intervalo de servicio ampliado)<\/li>\n<li>Ampliaci\u00f3n (tiempo m\u00e1ximo de retenci\u00f3n)<\/li>\n<li>Automatic Network Replenishment<\/li>\n<\/ul>\n<p><strong>Tarjetas SD de uso industrial<\/strong><\/p>\n<ul>\n<li>Vida \u00fatil extrema y compatibilidad con la monitorizaci\u00f3n del estado que ofrece<\/li>\n<li>indicaciones anticipadas de servicio.<\/li>\n<li>Recomendado: tarjetas SD Sony de uso industrial<\/li>\n<li>Entrada\/salida<\/li>\n<li>Salida de alimentaci\u00f3n: +12 V CC, m\u00e1x. 50 mA<\/li>\n<li>Entrada de l\u00ednea de se\u00f1al de audio: 10 kOhm t\u00edpico, 1 Vrms m\u00e1x.<\/li>\n<li>Salida de l\u00ednea de se\u00f1al de audio: 1 Vrms; 1,5 kOhm (t\u00edpico)<\/li>\n<li>Entrada de alarma 2 entradas, tensi\u00f3n de activaci\u00f3n: de + 3,3 V CC a + 40 V CC<\/li>\n<li>Salida de alarma 1 salida, m\u00e1ximo: 30 V CA o +40 V CC, 0,5 A continuos, 10 VA<\/li>\n<\/ul>\n<p><strong>Especificaciones mec\u00e1nicas<\/strong><\/p>\n<ul>\n<li>Dimensiones (Pr. x Al.) 175 x 145 mm (6,9 x 5,7 pulg.)<\/li>\n<li>Peso 2,3 kg (5,07 libras)<\/li>\n<li>Montaje Montaje en superficie<\/li>\n<li>Color Blanco (RAL 9003)<\/li>\n<\/ul>\n<p><strong>Rango de PTR motorizado<\/strong><\/p>\n<ul>\n<li>Giro: de 0\u00b0 a +361\u00b0<\/li>\n<li>Inclinaci\u00f3n: de -3,5\u00b0 a +89\u00b0<\/li>\n<li>Ca\u00edda: de -95\u00b0 a +95\u00b0<\/li>\n<li>Burbuja Policarbonato transparente, con revestimiento de protecci\u00f3n frente a rayos<\/li>\n<li>ultravioleta y resistente a los ara\u00f1azos.<\/li>\n<li>Carcasa Aluminio con membranas deshumidificador.<\/li>\n<\/ul>\n<p><strong>Ambientales<\/strong><\/p>\n<ul>\n<li>Temperatura de funcionamiento: De -50 \u00baC a +60 \u00baC (-58 \u00baF a +140 \u00baF) para un funcionamiento continuo; De -34 \u00baC a +74 \u00baC (de -30 \u00baF a +165 \u00baF) conforme a NEMA TS 2-2003 (R2008).<\/li>\n<li>Temperatura de almacenamiento: De -30 \u00b0C a +70 \u00b0C (de -22 \u00b0F a +158 \u00b0F).<\/li>\n<li>Humedad en funcionamiento: Del 5 % al 93 % de humedad relativa sin condensaci\u00f3n.<\/li>\n<li>Humedad relativa del 5 % al 100 %, con condensaci\u00f3n.<\/li>\n<li>Humedad en almacenamiento.<\/li>\n<li>Hasta el 98 % de humedad relativa .<\/li>\n<li>Carcasa y domo resistentes a los impactos IK10+ (50 J).<\/li>\n<li>Protecci\u00f3n contra agua y polvo IP66 y NEMA tipo 4X.<\/li>\n<\/ul>\n<\/div>\n<\/div>\n","protected":false},"excerpt":{"rendered":"<p>NDE-8504-R Domo fijo 8MP HDR 3,9-10mm PTRZ IP66 &nbsp; Resumen del sistema La FLEXIDOME IP starlight 8000i ofrece una calidad de imagen excepcional y alto rango din\u00e1mico con una resoluci\u00f3n 4K ultra HD para obtener im\u00e1genes con mucho detalle incluso en condiciones dif\u00edciles. Ofrece excelencia&hellip;<\/p>\n","protected":false},"featured_media":7401,"comment_status":"open","ping_status":"closed","template":"","meta":{"om_disable_all_campaigns":false,"_monsterinsights_skip_tracking":false,"_monsterinsights_sitenote_active":false,"_monsterinsights_sitenote_note":"","_monsterinsights_sitenote_category":0},"product_brand":[],"product_cat":[665],"product_tag":[613,611,612,616,615,610,614,617],"class_list":{"0":"post-7402","1":"product","2":"type-product","3":"status-publish","4":"has-post-thumbnail","6":"product_cat-ptz-camaras-ip-bosch-video-vigilancia","7":"product_tag-bosch","8":"product_tag-manhattan","9":"product_tag-saxxon","10":"product_tag-surveon","11":"product_tag-utepo","12":"product_tag-videovigilancia","13":"product_tag-vivotek","14":"product_tag-zteco","16":"first","17":"instock","18":"sale","19":"taxable","20":"shipping-taxable","21":"purchasable","22":"product-type-simple"},"aioseo_notices":[],"_links":{"self":[{"href":"https:\/\/tecsecmty.com\/index.php\/wp-json\/wp\/v2\/product\/7402","targetHints":{"allow":["GET"]}}],"collection":[{"href":"https:\/\/tecsecmty.com\/index.php\/wp-json\/wp\/v2\/product"}],"about":[{"href":"https:\/\/tecsecmty.com\/index.php\/wp-json\/wp\/v2\/types\/product"}],"replies":[{"embeddable":true,"href":"https:\/\/tecsecmty.com\/index.php\/wp-json\/wp\/v2\/comments?post=7402"}],"version-history":[{"count":0,"href":"https:\/\/tecsecmty.com\/index.php\/wp-json\/wp\/v2\/product\/7402\/revisions"}],"wp:featuredmedia":[{"embeddable":true,"href":"https:\/\/tecsecmty.com\/index.php\/wp-json\/wp\/v2\/media\/7401"}],"wp:attachment":[{"href":"https:\/\/tecsecmty.com\/index.php\/wp-json\/wp\/v2\/media?parent=7402"}],"wp:term":[{"taxonomy":"product_brand","embeddable":true,"href":"https:\/\/tecsecmty.com\/index.php\/wp-json\/wp\/v2\/product_brand?post=7402"},{"taxonomy":"product_cat","embeddable":true,"href":"https:\/\/tecsecmty.com\/index.php\/wp-json\/wp\/v2\/product_cat?post=7402"},{"taxonomy":"product_tag","embeddable":true,"href":"https:\/\/tecsecmty.com\/index.php\/wp-json\/wp\/v2\/product_tag?post=7402"}],"curies":[{"name":"wp","href":"https:\/\/api.w.org\/{rel}","templated":true}]}}