{"id":7404,"date":"2023-02-23T16:11:10","date_gmt":"2023-02-23T22:11:10","guid":{"rendered":"https:\/\/tecsecmty.com\/index.php\/producto\/bosch-v_ndp-5512z30p-ptz-2mp-hdr-30x-transp-ip66-colgante\/"},"modified":"2023-03-22T23:22:01","modified_gmt":"2023-03-23T05:22:01","slug":"bosch-v_ndp-5512z30p-ptz-2mp-hdr-30x-transp-ip66-colgante","status":"publish","type":"product","link":"https:\/\/tecsecmty.com\/index.php\/producto\/bosch-v_ndp-5512z30p-ptz-2mp-hdr-30x-transp-ip66-colgante\/","title":{"rendered":"BOSCH V_NDP-5512Z30P- PTZ 2MP HDR 30x transp. IP66 colgante"},"content":{"rendered":"<div class=\"row aling-items-center padding-bottom-2x\">\n<div class=\"col-lg-12\">\n<h5 class=\"card-title text-center\">NDP-5512Z30P- PTZ 2MP HDR 30x<\/h5>\n<p>a<\/p>\n<p><img decoding=\"async\" class=\"overview-center-img-web\" src=\"https:\/\/tvc.mx\/media\/316787\/BANNER-CCTV.png\" alt=\"\" \/><\/div>\n<\/div>\n<div class=\"row align-items-center padding-bottom-2x\">\n<div class=\"col-md-5 order-md-2\"><img decoding=\"async\" class=\"d-block m-auto img-thumbnail\" src=\"https:\/\/tvc.mx\/media\/316799\/NDP5523Z20-400x300.png\" alt=\" \" \/><\/div>\n<div class=\"col-md-7 order-md-1 text-md-left text-center\">\n<h2>Caracter\u00edsticas y Especificaciones<\/h2>\n<p class=\"text-muted\">\n<p>C\u00e1mara domo IP PTZ; 1080p60; zoom \u00f3ptico de 30x, zoom digital de 4x; 120\u00a0dB HDR; im\u00e1genes starlight; IAE; EVA; PoE; transmisi\u00f3n inteligente; transparente, alta resoluci\u00f3n, burbuja blindada. Opciones de alimentaci\u00f3n dual. N\u00famero de pedido NDP-5512-Z30<\/p>\n<p>Tecnolog\u00eda de c\u00e1mara starlight con excelente rendimiento en condiciones de poca luz<\/p>\n<p>El rango din\u00e1mico de 120\u00a0dB permite capturar con seguridad detalles en situaciones de sobreexposici\u00f3n<\/p>\n<p>Transmisi\u00f3n inteligente, IDNR y H.265 para reducir la tasa de bits hasta en un 80\u00a0%<\/p>\n<p>Essential Video Analytics integrado para activar las alertas relevantes y recuperar los datos de forma r\u00e1pida<\/p>\n<p>Burbuja de alta resoluci\u00f3n para garantizar la m\u00e1xima salida de resoluci\u00f3n efectiva<\/p>\n<p>F\u00e1cil instalaci\u00f3n con opciones de montaje flexibles (montaje en el techo o suspendido)<\/p>\n<p><strong>Certificaciones y aprobaciones<\/strong><\/p>\n<p>Normas de HD \u2022 Cumple con la norma SMPTE 274M-2008 en cuanto a: \u2013 Resoluci\u00f3n: 1920 x 1080 \u2013 Escaneado: progresivo \u2013 Representaci\u00f3n de colores: conforme al est\u00e1ndar ITU-R BT.709 \u2013 Relaci\u00f3n de aspecto: 16:9 \u2013 Velocidad de im\u00e1genes: 25 y 30 fotogramas\/s \u2022 Conforme al est\u00e1ndar 296M-2001 en cuanto a: \u2013 Resoluci\u00f3n: 1280 x 720 \u2013 Escaneado: progresivo \u2013 Representaci\u00f3n de los colores: cumple con la norma ITU-R BT.709 \u2013 Relaci\u00f3n de aspecto: 16:9 \u2013 Velocidad de im\u00e1genes: 25 y 30 fotogramas\/s<\/p>\n<p class=\"ql-align-justify\">Rendimiento de v\u00eddeo: sensibilidad Color 18,6\u00a0mLux Monocromo 4\u00a0mLux Control de ganancia AGC, Fija Correcci\u00f3n de apertura Horizontal y vertical Velocidad del obturador electr\u00f3nico (AES) De 1\/1 a 1\/10000\u00a0s (22\u00a0incrementos) Relaci\u00f3n se\u00f1al\/ruido (S\/R) &gt;55\u00a0dB Conmutador D\u00eda\/Noche Filtro de corte IR autom\u00e1tico Compensaci\u00f3n de retroiluminaci\u00f3n (BLC) Activado\/Desactivado\/Intelligent Auto Exposure (IAE) Equilibrio de blancos De 2.000\u00a0K a 10.000\u00a0K ATW, AWB en espera, ATW ampliado, manual, l\u00e1mpara de sodio autom\u00e1tica, l\u00e1mpara de sodio D\u00eda\/Noche Monocromo, Color, Autom. Funci\u00f3n de modo antiniebla Mejora la visibilidad durante la visualizaci\u00f3n de niebla u otras escenas de bajo contraste.<\/p>\n<\/div>\n<\/div>\n","protected":false},"excerpt":{"rendered":"<p>NDP-5512Z30P- PTZ 2MP HDR 30x a Caracter\u00edsticas y Especificaciones C\u00e1mara domo IP PTZ; 1080p60; zoom \u00f3ptico de 30x, zoom digital de 4x; 120\u00a0dB HDR; im\u00e1genes starlight; IAE; EVA; PoE; transmisi\u00f3n inteligente; transparente, alta resoluci\u00f3n, burbuja blindada. Opciones de alimentaci\u00f3n dual. N\u00famero de pedido NDP-5512-Z30 Tecnolog\u00eda&hellip;<\/p>\n","protected":false},"featured_media":7403,"comment_status":"open","ping_status":"closed","template":"","meta":{"om_disable_all_campaigns":false,"_monsterinsights_skip_tracking":false,"_monsterinsights_sitenote_active":false,"_monsterinsights_sitenote_note":"","_monsterinsights_sitenote_category":0},"product_brand":[],"product_cat":[665],"product_tag":[613,611,612,616,615,610,614,617],"class_list":{"0":"post-7404","1":"product","2":"type-product","3":"status-publish","4":"has-post-thumbnail","6":"product_cat-ptz-camaras-ip-bosch-video-vigilancia","7":"product_tag-bosch","8":"product_tag-manhattan","9":"product_tag-saxxon","10":"product_tag-surveon","11":"product_tag-utepo","12":"product_tag-videovigilancia","13":"product_tag-vivotek","14":"product_tag-zteco","16":"first","17":"instock","18":"sale","19":"taxable","20":"shipping-taxable","21":"purchasable","22":"product-type-simple"},"aioseo_notices":[],"_links":{"self":[{"href":"https:\/\/tecsecmty.com\/index.php\/wp-json\/wp\/v2\/product\/7404","targetHints":{"allow":["GET"]}}],"collection":[{"href":"https:\/\/tecsecmty.com\/index.php\/wp-json\/wp\/v2\/product"}],"about":[{"href":"https:\/\/tecsecmty.com\/index.php\/wp-json\/wp\/v2\/types\/product"}],"replies":[{"embeddable":true,"href":"https:\/\/tecsecmty.com\/index.php\/wp-json\/wp\/v2\/comments?post=7404"}],"version-history":[{"count":0,"href":"https:\/\/tecsecmty.com\/index.php\/wp-json\/wp\/v2\/product\/7404\/revisions"}],"wp:featuredmedia":[{"embeddable":true,"href":"https:\/\/tecsecmty.com\/index.php\/wp-json\/wp\/v2\/media\/7403"}],"wp:attachment":[{"href":"https:\/\/tecsecmty.com\/index.php\/wp-json\/wp\/v2\/media?parent=7404"}],"wp:term":[{"taxonomy":"product_brand","embeddable":true,"href":"https:\/\/tecsecmty.com\/index.php\/wp-json\/wp\/v2\/product_brand?post=7404"},{"taxonomy":"product_cat","embeddable":true,"href":"https:\/\/tecsecmty.com\/index.php\/wp-json\/wp\/v2\/product_cat?post=7404"},{"taxonomy":"product_tag","embeddable":true,"href":"https:\/\/tecsecmty.com\/index.php\/wp-json\/wp\/v2\/product_tag?post=7404"}],"curies":[{"name":"wp","href":"https:\/\/api.w.org\/{rel}","templated":true}]}}