{"id":7412,"date":"2023-02-23T16:11:19","date_gmt":"2023-02-23T22:11:19","guid":{"rendered":"https:\/\/tecsecmty.com\/index.php\/producto\/bosch-v_ndp5512z30c-autodome-starlight-5000i-1080p-30x-eva\/"},"modified":"2023-03-22T23:22:01","modified_gmt":"2023-03-23T05:22:01","slug":"bosch-v_ndp5512z30c-autodome-starlight-5000i-1080p-30x-eva","status":"publish","type":"product","link":"https:\/\/tecsecmty.com\/index.php\/producto\/bosch-v_ndp5512z30c-autodome-starlight-5000i-1080p-30x-eva\/","title":{"rendered":"BOSCH V_NDP5512Z30C- AUTODOME STARLIGHT 5000i\/ 1080P\/ 30X\/ EVA"},"content":{"rendered":"<div class=\"row aling-items-center padding-bottom-2x\">\n<div class=\"col-lg-12\">\n<h5 class=\"card-title text-center\">NDP-5512-Z30C PTZ 2MP HDR 30x C\u00e1mara domo IP PTZ de techo<\/h5>\n<p>&nbsp;<\/p>\n<p><img decoding=\"async\" class=\"overview-center-img-web\" src=\"https:\/\/tvc.mx\/media\/120604\/Logoopaginas-oficial-1920x400.png\" alt=\"\" \/><\/div>\n<\/div>\n<div class=\"row align-items-center padding-bottom-2x\">\n<div class=\"col-md-5\"><img decoding=\"async\" class=\"d-block m-auto img-thumbnail\" src=\"https:\/\/tvc.mx\/media\/120607\/NDP-5512-Z30Config5.png\" alt=\" \" \/><\/div>\n<div class=\"col-md-7 text-md-left text-center\">\n<h2>Resumen del sistema<\/h2>\n<p class=\"text-muted\">\n<p class=\"ql-align-justify\">Dise\u00f1ada y adaptada espec\u00edficamente para aplicaciones que requieren vigilancia en entornos con iluminaci\u00f3n cambiante, la c\u00e1mara AUTODOME IP starlight 5000i cuenta con un zoom \u00f3ptico de 30x integrado para detectar a las personas a una distancia m\u00e1xima de 183 m (600 ft) con la m\u00ednima p\u00e9rdida de detalles.<\/p>\n<p>&nbsp;<\/p>\n<\/div>\n<\/div>\n<hr class=\"padding-bottom-2x\" \/>\n<div class=\"row align-items-center padding-bottom-2x\">\n<div class=\"col-md-5 order-md-2\"><img decoding=\"async\" class=\"d-block m-auto img-thumbnail\" src=\"https:\/\/tvc.mx\/media\/120610\/NDP-5512-Z30Config6.png\" alt=\" \" \/><\/div>\n<div class=\"col-md-7 order-md-1 text-md-left text-center\">\n<h2>Funciones b\u00e1sicas<\/h2>\n<p class=\"text-muted\">\n<p class=\"ql-align-justify\"><strong>Rendimiento con baja iluminaci\u00f3n<\/strong><\/p>\n<p class=\"ql-align-justify\">Al combinar la tecnolog\u00eda de sensores m\u00e1s reciente con una sofisticada eliminaci\u00f3n de ruido y un Alto rango din\u00e1mico de 120 dB, el resultado es una sensibilidad excepcional en color. La c\u00e1mara sigue ofreciendo un rendimiento excelente en color incluso con una cantidad m\u00ednima de luz ambiental.<\/p>\n<p class=\"ql-align-justify\"><strong>Modos de usuario preprogramados<\/strong><\/p>\n<p class=\"ql-align-justify\">La c\u00e1mara dispone de varios modos de escena configurados previamente con los mejores ajustes para distintas aplicaciones. Con un solo clic, los usuarios pueden optimizar los ajustes de imagen para adecuarlos a las condiciones de iluminaci\u00f3n de la c\u00e1mara. Los usuarios tambi\u00e9n pueden configurar ajustes de imagen individuales.<\/p>\n<ul>\n<li class=\"ql-align-justify\">Est\u00e1ndar: para la iluminaci\u00f3n fluorescente de interiores.<\/li>\n<li class=\"ql-align-justify\">Iluminaci\u00f3n de sodio: para escenarios donde se captura el v\u00eddeo bajo la luz solar de d\u00eda o debajo de la l\u00e1mpara de vapor de sodio durante la noche.<\/li>\n<li class=\"ql-align-justify\">Intenso: para mejorar el contraste, la nitidez y la saturaci\u00f3n.<\/li>\n<\/ul>\n<p class=\"ql-align-justify\"><strong>Codificaci\u00f3n de v\u00eddeo de alta eficiencia H.265<\/strong><\/p>\n<p class=\"ql-align-justify\">La c\u00e1mara se ha dise\u00f1ado en la plataforma de codificaci\u00f3n m\u00e1s eficaz y potente H.264 y H.265\/HEVC. La c\u00e1mara tiene capacidad para ofrecer v\u00eddeo de alta calidad y alta resoluci\u00f3n con una carga de la red muy baja. Con el doble de eficiencia de codificaci\u00f3n, H.265 es el nuevo est\u00e1ndar de compresi\u00f3n preferido para sistemas de vigilancia con v\u00eddeo IP.<\/p>\n<p class=\"ql-align-justify\"><strong>Flujo inteligente<\/strong><\/p>\n<p class=\"ql-align-justify\">Las capacidades de codificaci\u00f3n inteligentes, junto con la tecnolog\u00eda Intelligent Dynamic Noise Reduction y el an\u00e1lisis, hacen que el consumo de ancho de banda descienda a niveles extremadamente bajos. Solo se codifica la informaci\u00f3n relevante de la escena, como el movimiento o los objetos localizados con el an\u00e1lisis.<\/p>\n<p class=\"ql-align-justify\"><strong>Compatibilidad con H.264 y H.265 con Regiones de codificador<\/strong><\/p>\n<p class=\"ql-align-justify\">Establecer una regi\u00f3n en el campo de visi\u00f3n y definir un perfil de codificador espec\u00edfico para ella. Este ajuste reduce la tasa de bits del flujo m\u00e1s all\u00e1 de transmisi\u00f3n inteligente por s\u00ed sola.<\/p>\n<p class=\"ql-align-justify\"><strong>Grabaci\u00f3n y gesti\u00f3n de almacenamiento<\/strong><\/p>\n<p class=\"ql-align-justify\">La gesti\u00f3n de grabaciones se puede controlar con la aplicaci\u00f3n Bosch Video Recording Manager, o bien la c\u00e1mara puede utilizar el almacenamiento local y destinos iSCSI directamente, sin software de grabaci\u00f3n. Es posible usar una tarjeta de memoria de 32 GB (microSDHC)\/2 TB (microSDXC) como m\u00e1ximo para grabar en origen o para la tecnolog\u00eda Automatic Network Replenishment (ANR) con el fin de mejorar la fiabilidad de la grabaci\u00f3n en general.<\/p>\n<p class=\"ql-align-justify\"><strong>Essential Video Analytics en origen<\/strong><\/p>\n<p class=\"ql-align-justify\">La c\u00e1mara incluye la \u00faltima versi\u00f3n de la aplicaci\u00f3n Essential Video Analytics de Bosch para el uso en Posiciones prefijadas. La aplicaci\u00f3n Essential Video Analytics proporciona un an\u00e1lisis de v\u00eddeo fiable para peque\u00f1as y medianas empresas, grandes almacenes, edificios comerciales y almacenes.<\/p>\n<p class=\"ql-align-justify\"><strong>Respuestas sofisticadas de alarma<\/strong><\/p>\n<p class=\"ql-align-justify\">La c\u00e1mara admite control avanzado de alarma que utiliza una l\u00f3gica sofisticada basada en normas para determinar c\u00f3mo gestionar las alarmas. En su forma m\u00e1s b\u00e1sica, una \u00abregla\u00bb puede definir qu\u00e9 entradas deben activar qu\u00e9 salidas. En una forma m\u00e1s compleja, las entradas y salidas se pueden combinar con comandos predefinidos o especificados por el usuario para realizar funciones avanzadas de c\u00e1mara.<\/p>\n<p class=\"ql-align-justify\"><strong>M\u00e1scara de privacidad de alta calidad<\/strong><\/p>\n<p class=\"ql-align-justify\">La c\u00e1mara ofrece un total de 32 m\u00e1scaras de privacidad independientes, con hasta ocho de ellas en la misma escena. Cada m\u00e1scara se puede programar con ocho esquinas. Cada m\u00e1scara cambia de tama\u00f1o r\u00e1pida y f\u00e1cilmente para garantizar que el objeto cubierto no quede a la vista. Con la m\u00e1scara de privacidad AUTOM\u00c1TICA, el color de la m\u00e1scara de privacidad se adapta al color del \u00e1rea circundante.<\/p>\n<p class=\"ql-align-justify\"><strong>Sellado por software<\/strong><\/p>\n<p class=\"ql-align-justify\">Una vez establecida la configuraci\u00f3n de la c\u00e1mara, que no se debe cambiar, los administradores del sistema pueden activar la protecci\u00f3n de software que sella la configuraci\u00f3n de la c\u00e1mara. Cualquier cambio del estado de sellado o de la configuraci\u00f3n est\u00e1tica, ya sea accidental o intencionado, romper\u00e1 el sellado. La c\u00e1mara env\u00eda entonces un mensaje de alarma que el sistema de gesti\u00f3n de v\u00eddeo puede utilizar para iniciar una situaci\u00f3n de alarma adecuada. La c\u00e1mara crea un archivo de registro independiente con todos los cambios que afectan al estado de sellado.<\/p>\n<p class=\"ql-align-justify\"><strong>Integraci\u00f3n del sistema y conformidad con ONVIF<\/strong><\/p>\n<p class=\"ql-align-justify\">La c\u00e1mara cumple con las especificaciones de ONVIF Profile S, ONVIF Profile G y ONVIF Profile T. Para la configuraci\u00f3n de H.265, la c\u00e1mara es compatible con Media Service 2, que forma parte de ONVIF Profile T. El cumplimiento de estos est\u00e1ndares garantiza la interoperabilidad entre productos de v\u00eddeo en red con independencia del fabricante.<\/p>\n<p class=\"ql-align-justify\"><strong>Unidad y mecanismo de PTZ<\/strong><\/p>\n<p class=\"ql-align-justify\">La c\u00e1mara admite 256 posiciones prefijadas y dos estilos de ronda de vigilancia: Posici\u00f3n prefijada y Grabaci\u00f3n\/Reproducci\u00f3n. La ronda Posici\u00f3n prefijada tiene capacidad para 256 preposiciones con un tiempo de espera configurable entre ellas. Adem\u00e1s, es posible personalizar el orden y la frecuencia con la que se alcanza cada Posici\u00f3n prefijada.<\/p>\n<p class=\"ql-align-justify\"><strong>Facilidad de instalaci\u00f3n y mantenimiento<\/strong><\/p>\n<p class=\"ql-align-justify\">El dise\u00f1o de la c\u00e1mara cumple con una de las caracter\u00edsticas clave de los productos de v\u00eddeo IP de Bosch: una instalaci\u00f3n r\u00e1pida y sencilla. Todas las carcasas llevan tornillos y cierres empotrados para impedir su manipulaci\u00f3n.<\/p>\n<p>&nbsp;<\/p>\n<\/div>\n<\/div>\n<hr class=\"padding-bottom-2x\" \/>\n<div class=\"row align-items-center padding-bottom-2x\">\n<div class=\"col-md-5\"><img decoding=\"async\" class=\"d-block m-auto img-thumbnail\" src=\"https:\/\/tvc.mx\/media\/120613\/NDP-5512-Z30Config7.png\" alt=\" \" \/><\/div>\n<div class=\"col-md-7 text-md-left text-center\">\n<h2>Caracter\u00edsticas y Especificaciones<\/h2>\n<p class=\"text-muted\">\n<p class=\"ql-align-justify\"><strong>Nota: NDP-5512-Z30C PTZ 2MP HDR 30x transparente para techo C\u00e1mara domo IP PTZ de techo; 1080 p60; zoom \u00f3ptico de 30x, zoom digital de 4x; 120 dB HDR; im\u00e1genes starlight; IAE; EVA; PoE; transmisi\u00f3n inteligente; transparente, alta resoluci\u00f3n, burbuja blindada. Opciones de alimentaci\u00f3n dual.<\/strong><\/p>\n<p class=\"ql-align-justify\"><strong>N\u00famero de pedido NDP-5512-Z30C<\/strong><\/p>\n<p class=\"ql-align-justify\"><strong>Principales caracter\u00edsticas<\/strong><\/p>\n<ul>\n<li class=\"ql-align-justify\">Tecnolog\u00eda de c\u00e1mara starlight con excelente rendimiento en condiciones de poca luz<\/li>\n<li class=\"ql-align-justify\">El rango din\u00e1mico de 120 dB permite capturar con seguridad detalles en situaciones de sobreexposici\u00f3n<\/li>\n<li class=\"ql-align-justify\">Transmisi\u00f3n inteligente, IDNR y H.265 para reducir la tasa de bits hasta en un 80 %<\/li>\n<li class=\"ql-align-justify\">Essential Video Analytics integrado para activar las alertas relevantes y recuperar los datos de forma r\u00e1pida<\/li>\n<li class=\"ql-align-justify\">Burbuja de alta resoluci\u00f3n para garantizar la m\u00e1xima salida de resoluci\u00f3n efectiva<\/li>\n<\/ul>\n<p class=\"ql-align-justify\"><strong>Especificaciones<\/strong><\/p>\n<ul>\n<li class=\"ql-align-justify\">Sensor de im\u00e1genes CMOS de 1\/2,8 pulgadas y escaneado progresivo<\/li>\n<li class=\"ql-align-justify\">Elementos efectivos de la imagen 1945 x 1097 (2,13 MP)<\/li>\n<li class=\"ql-align-justify\">Lente Zoom de 30x 4,5 mm -135 mm (F1.6 &#8211; F4.4)<\/li>\n<li class=\"ql-align-justify\">Campo de visi\u00f3n del zoom \u00f3ptico (CdV) 2.4\u00b0 &#8211; 60.9\u00b0<\/li>\n<li class=\"ql-align-justify\">Enfoque Autom\u00e1tico con anulaci\u00f3n manual<\/li>\n<li class=\"ql-align-justify\">Iris Autom\u00e1tico con anulaci\u00f3n manual<\/li>\n<li class=\"ql-align-justify\">Zoom digital 16x<\/li>\n<\/ul>\n<p class=\"ql-align-justify\"><strong>Rango din\u00e1mico<\/strong><\/p>\n<ul>\n<li class=\"ql-align-justify\">Alto rango din\u00e1mico 120 dB WDR<\/li>\n<li class=\"ql-align-justify\">Medido conforme a la norma IEC 62676 Parte 5 WDR de 107 dB<\/li>\n<\/ul>\n<p class=\"ql-align-justify\"><strong>An\u00e1lisis de contenido v\u00eddeo<\/strong><\/p>\n<ul>\n<li class=\"ql-align-justify\">Tipo de an\u00e1lisis Essential Video Analytics<\/li>\n<li class=\"ql-align-justify\">Configuraciones VCA silencioso\/perfiles 1 &#8211; 16<\/li>\n<\/ul>\n<p class=\"ql-align-justify\">Normas de alarma (combinable)<\/p>\n<ul>\n<li class=\"ql-align-justify\">Cualquier objeto<\/li>\n<li class=\"ql-align-justify\">Objeto en campo<\/li>\n<li class=\"ql-align-justify\">Cruzar la l\u00ednea<\/li>\n<li class=\"ql-align-justify\">Entrando en campo<\/li>\n<li class=\"ql-align-justify\">Saliendo del campo<\/li>\n<li class=\"ql-align-justify\">Merodeando<\/li>\n<li class=\"ql-align-justify\">Siguiendo ruta<\/li>\n<li class=\"ql-align-justify\">Objeto inactivo<\/li>\n<li class=\"ql-align-justify\">Objeto eliminado<\/li>\n<li class=\"ql-align-justify\">Contador Occupancy<\/li>\n<li class=\"ql-align-justify\">Detecci\u00f3n de actividad<\/li>\n<li class=\"ql-align-justify\">Cambio de condici\u00f3n<\/li>\n<li class=\"ql-align-justify\">B\u00fasqueda de similitud<\/li>\n<li class=\"ql-align-justify\">Sabotaje<\/li>\n<\/ul>\n<p class=\"ql-align-justify\"><strong>Mec\u00e1nicas<\/strong><\/p>\n<ul>\n<li class=\"ql-align-justify\">Modos de giro\/ inclinaci\u00f3n Normal: 0.1\u00b0\/s &#8211; 120\u00b0\/s Turbo: Giro: 0.1\u00b0\/s &#8211; 300\u00b0\/s; Inclinaci\u00f3n: 0.1\u00b0\/s &#8211; 200\u00b0\/s<\/li>\n<li class=\"ql-align-justify\">Preposici\u00f3n Velocidad Giro: 300\u00b0\/s<\/li>\n<li class=\"ql-align-justify\">Inclinaci\u00f3n: 200\u00b0\/s<\/li>\n<li class=\"ql-align-justify\">Rango de giro 360\u00b0 continuos<\/li>\n<li class=\"ql-align-justify\">\u00c1ngulo de inclinaci\u00f3n: De -90\u00b0 a 0\u00b0<\/li>\n<li class=\"ql-align-justify\">Precisi\u00f3n de preposici\u00f3n \u00b10,1\u00b0 (normal)<\/li>\n<\/ul>\n<p class=\"ql-align-justify\">Posiciones prefijadas 256 Rondas Dos (2) tipos de rondas:<\/p>\n<ul>\n<li class=\"ql-align-justify\">Secuencias grabadas: dos (2), duraci\u00f3n total m\u00e1x. de 15 minutos (seg\u00fan la cantidad de comandos enviados durante la grabaci\u00f3n)<\/li>\n<li class=\"ql-align-justify\">Ronda Posici\u00f3n prefijada: una (1), que consta de hasta 256 escenas consecutivas y (1) personalizada de hasta 64 escenas<\/li>\n<\/ul>\n<p class=\"ql-align-justify\"><strong>El\u00e9ctricas<\/strong><\/p>\n<ul>\n<li class=\"ql-align-justify\">Tensi\u00f3n de entrada 24 V de CA y PoE+<\/li>\n<li class=\"ql-align-justify\">Consumo de energ\u00eda 14 W (calefactor desactivado) \/ 24 W (calefactor activado)<\/li>\n<\/ul>\n<p class=\"ql-align-justify\"><strong>Red<\/strong><\/p>\n<ul>\n<li class=\"ql-align-justify\">Compresi\u00f3n de v\u00eddeo H.265 H.264 M-JPEG<\/li>\n<li class=\"ql-align-justify\">Flujo de v\u00eddeo Flujos independientes H.264 y H.265 3 instancias de codificador de flujo H.264 o H. 265<\/li>\n<li class=\"ql-align-justify\">Velocidad de fotogramas 60 ips a todas las resoluciones<\/li>\n<li class=\"ql-align-justify\">Retardo de IP (t\u00edpico) 60 ips: 200 ms<\/li>\n<\/ul>\n<p class=\"ql-align-justify\"><strong>Almacenamiento local<\/strong><\/p>\n<ul>\n<li class=\"ql-align-justify\">Ranura para tarjeta de memoria<\/li>\n<li class=\"ql-align-justify\">Admite una tarjeta de memoria con un m\u00e1ximo de 32 GB (microSDHC)\/2 TB (microSDXC) (suministrado por el usuario). (Se recomienda una tarjeta SD de clase 6 o posterior para la grabaci\u00f3n en alta definici\u00f3n).<\/li>\n<\/ul>\n<p class=\"ql-align-justify\"><strong>Audio<\/strong><\/p>\n<ul>\n<li class=\"ql-align-justify\">Compresi\u00f3n G.711, frecuencia de muestreo de 8 kHz L16, frecuencia de muestreo de 16 kHz AAC, frecuencia de muestreo de 16 kHz<\/li>\n<li class=\"ql-align-justify\">Interfaz 1\/1 canal de entrada\/salida<\/li>\n<\/ul>\n<p class=\"ql-align-justify\"><strong>Ambientales (modelo de montaje en el techo)<\/strong><\/p>\n<ul>\n<li class=\"ql-align-justify\">Grado de protecci\u00f3n IP\/Est\u00e1ndar IP51<\/li>\n<li class=\"ql-align-justify\">Temperatura de funcionamiento: De -10 \u00b0C a +60 \u00b0C (de +14 \u00b0F a +140 \u00b0F)<\/li>\n<li class=\"ql-align-justify\">Humedad Hasta 90 % de humedad rel., sin condensaci\u00f3n<\/li>\n<li class=\"ql-align-justify\">Temperatura de almacenamiento: De -40 \u00b0C a +60 \u00b0C (de -40 \u00b0F a +140 \u00b0F)<\/li>\n<\/ul>\n<p class=\"ql-align-justify\"><strong>Construcci\u00f3n (modelo de montaje en el techo)<\/strong><\/p>\n<ul>\n<li class=\"ql-align-justify\">Dimensiones (di\u00e1m. x al) 198 mm x 176,6 mm (7,8 pulg. x 6,95 pulg.)<\/li>\n<li class=\"ql-align-justify\">Peso 2,1 kg (4,63 libras)<\/li>\n<li class=\"ql-align-justify\">Material de fabricaci\u00f3n Carcasa: SPCC Anillo embellecedor:<\/li>\n<li class=\"ql-align-justify\">PC\/ABS Burbuja: policarbonato<\/li>\n<li class=\"ql-align-justify\">Color est\u00e1ndar Blanco (RAL 9003)<\/li>\n<\/ul>\n<\/div>\n<\/div>\n","protected":false},"excerpt":{"rendered":"<p>NDP-5512-Z30C PTZ 2MP HDR 30x C\u00e1mara domo IP PTZ de techo &nbsp; Resumen del sistema Dise\u00f1ada y adaptada espec\u00edficamente para aplicaciones que requieren vigilancia en entornos con iluminaci\u00f3n cambiante, la c\u00e1mara AUTODOME IP starlight 5000i cuenta con un zoom \u00f3ptico de 30x integrado para detectar&hellip;<\/p>\n","protected":false},"featured_media":7411,"comment_status":"open","ping_status":"closed","template":"","meta":{"om_disable_all_campaigns":false,"_monsterinsights_skip_tracking":false,"_monsterinsights_sitenote_active":false,"_monsterinsights_sitenote_note":"","_monsterinsights_sitenote_category":0},"product_brand":[],"product_cat":[665],"product_tag":[613,611,612,616,615,610,614,617],"class_list":{"0":"post-7412","1":"product","2":"type-product","3":"status-publish","4":"has-post-thumbnail","6":"product_cat-ptz-camaras-ip-bosch-video-vigilancia","7":"product_tag-bosch","8":"product_tag-manhattan","9":"product_tag-saxxon","10":"product_tag-surveon","11":"product_tag-utepo","12":"product_tag-videovigilancia","13":"product_tag-vivotek","14":"product_tag-zteco","16":"first","17":"instock","18":"sale","19":"taxable","20":"shipping-taxable","21":"purchasable","22":"product-type-simple"},"aioseo_notices":[],"_links":{"self":[{"href":"https:\/\/tecsecmty.com\/index.php\/wp-json\/wp\/v2\/product\/7412","targetHints":{"allow":["GET"]}}],"collection":[{"href":"https:\/\/tecsecmty.com\/index.php\/wp-json\/wp\/v2\/product"}],"about":[{"href":"https:\/\/tecsecmty.com\/index.php\/wp-json\/wp\/v2\/types\/product"}],"replies":[{"embeddable":true,"href":"https:\/\/tecsecmty.com\/index.php\/wp-json\/wp\/v2\/comments?post=7412"}],"version-history":[{"count":0,"href":"https:\/\/tecsecmty.com\/index.php\/wp-json\/wp\/v2\/product\/7412\/revisions"}],"wp:featuredmedia":[{"embeddable":true,"href":"https:\/\/tecsecmty.com\/index.php\/wp-json\/wp\/v2\/media\/7411"}],"wp:attachment":[{"href":"https:\/\/tecsecmty.com\/index.php\/wp-json\/wp\/v2\/media?parent=7412"}],"wp:term":[{"taxonomy":"product_brand","embeddable":true,"href":"https:\/\/tecsecmty.com\/index.php\/wp-json\/wp\/v2\/product_brand?post=7412"},{"taxonomy":"product_cat","embeddable":true,"href":"https:\/\/tecsecmty.com\/index.php\/wp-json\/wp\/v2\/product_cat?post=7412"},{"taxonomy":"product_tag","embeddable":true,"href":"https:\/\/tecsecmty.com\/index.php\/wp-json\/wp\/v2\/product_tag?post=7412"}],"curies":[{"name":"wp","href":"https:\/\/api.w.org\/{rel}","templated":true}]}}