{"id":7416,"date":"2023-02-23T16:11:24","date_gmt":"2023-02-23T22:11:24","guid":{"rendered":"https:\/\/tecsecmty.com\/index.php\/producto\/bosch-v_ndp5523z30l-autodome-ip-starlight-5100i-ir-ptz-4mp-hdr-30x-ip66-colgante-ir\/"},"modified":"2023-03-22T23:22:02","modified_gmt":"2023-03-23T05:22:02","slug":"bosch-v_ndp5523z30l-autodome-ip-starlight-5100i-ir-ptz-4mp-hdr-30x-ip66-colgante-ir","status":"publish","type":"product","link":"https:\/\/tecsecmty.com\/index.php\/producto\/bosch-v_ndp5523z30l-autodome-ip-starlight-5100i-ir-ptz-4mp-hdr-30x-ip66-colgante-ir\/","title":{"rendered":"BOSCH V_NDP5523Z30L- AUTODOME IP starlight 5100i IR\/ PTZ 4MP HDR 30x IP66 colgante IR"},"content":{"rendered":"<div class=\"row aling-items-center padding-bottom-2x\">\n<div class=\"col-lg-12\">\n<h5 class=\"card-title text-center\">Resumen del Sistema<\/h5>\n<p>Dise\u00f1ada espec\u00edficamente para ocultarse y adaptada para aplicaciones donde se requiere una vigilancia en entornos con niveles de iluminaci\u00f3n cambiante, la c\u00e1mara cuenta con un zoom \u00f3ptico de 30x integrado para identificar a las personas a una distancia de m\u00e1s de 280 m (919 ft). La nueva tecnolog\u00eda HDR (HDR X) es ideal para las c\u00e1maras PTZ. Gracias a la funci\u00f3n de HDR optimizada para movimiento, los operadores pueden utilizar la funci\u00f3n de imagen HDR en escenas con niveles de iluminaci\u00f3n dif\u00edciles sin desenfoque cuando la c\u00e1mara est\u00e1 en movimiento. Gracias a su sensor HD de 1\/1,8 pulgadas y a la iluminaci\u00f3n por infrarrojos y luz blanca integrada, la c\u00e1mara ofrece un rendimiento superior en condiciones de poca iluminaci\u00f3n o sin luz, lo que proporciona una excelente calidad de imagen con detalles de enfoque n\u00edtidos y una reproducci\u00f3n excelente del color, incluso en las condiciones de iluminaci\u00f3n m\u00e1s dif\u00edciles. El limpiador integrado con detecci\u00f3n de lluvia limpia autom\u00e1ticamente el agua de la ventana de la c\u00e1mara para garantizar una calidad de imagen excepcional en condiciones meteorol\u00f3gicas adversas.<\/p>\n<p><strong><u>Funciones<\/u><\/strong><\/p>\n<p><strong>Extraordinaria calidad de imagen<\/strong><\/p>\n<p>El sensor HD CMOS de 1\/1,8 pulgada combina una sensibilidad extraordinaria y una sofisticada eliminaci\u00f3n de ruido con un valor de Alto rango din\u00e1mico de 133\u00a0dB. La c\u00e1mara ofrece un rendimiento superior en condiciones de poca luz y una excelente calidad de imagen, con detalles de enfoque n\u00edtido y una excelente reproducci\u00f3n del color, incluso en las condiciones de iluminaci\u00f3n m\u00e1s dif\u00edciles.<\/p>\n<p><strong>Modos de usuario preprogramados<\/strong><\/p>\n<p>La c\u00e1mara dispone de varios modos de escena configurados previamente con los mejores ajustes para distintas aplicaciones. Con un solo clic, los usuarios pueden optimizar los ajustes de imagen para adecuarlos a las condiciones de iluminaci\u00f3n de la c\u00e1mara. Los usuarios tambi\u00e9n pueden configurar ajustes de imagen individuales.<\/p>\n<p>\u2022 Est\u00e1ndar: para la iluminaci\u00f3n fluorescente de interiores.<\/p>\n<p>\u2022 Iluminaci\u00f3n de sodio: para escenarios donde se captura el v\u00eddeo bajo la luz solar de d\u00eda o debajo de la l\u00e1mpara de vapor de sodio durante la noche.<\/p>\n<p>\u2022 Intenso: para mejorar el contraste, la nitidez y la saturaci\u00f3n.<\/p>\n<p>\u2022 LPR: para aplicaciones para capturar matr\u00edculas con reflejos en combinaci\u00f3n con iluminaci\u00f3n por infrarrojos.<\/p>\n<p><strong>HDR X &#8211; rango din\u00e1mico alto<\/strong><\/p>\n<p>HDR X es una nueva tecnolog\u00eda que combina algoritmos avanzados y una funcionalidad de sensor \u00fanica. Es un enorme avance en la captura de v\u00eddeo de alta calidad de objetos en movimiento en escenas con un amplio rango din\u00e1mico. Tambi\u00e9n permite obtener Video &#8211; NDP-5523-Z30L PTZ 4MP HDR 30x IP66 colgante IR 2 | 9 im\u00e1genes HDR con niveles de iluminaci\u00f3n m\u00e1s bajos en los que las tecnolog\u00edas HDR tradicionales no son funcionales.<\/p>\n<p>Esto es posible porque el modo HDR X &#8211; Optimizado para movimiento toma dos lecturas distintas de una exposici\u00f3n para capturar detalles, tanto de las zonas m\u00e1s brillantes como de las sombras de la escena, en lugar de combinar varias exposiciones como hacen las tecnolog\u00edas HDR est\u00e1ndar. La combinaci\u00f3n de varias exposiciones reduce la nitidez y crea artefactos de imagen no deseados en objetos en movimiento. HDR-X resuelve estos problemas, proporcionando una imagen n\u00edtida con un rango din\u00e1mico mejorado.<\/p>\n<p>En caso de que se requiera un rango din\u00e1mico a\u00fan mayor, HDR X &#8211; DR Optimizado o HDR X &#8211; DR Extremo incrementar\u00e1n a\u00fan m\u00e1s el rendimiento al m\u00e1ximo a\u00f1adiendo otra exposici\u00f3n r\u00e1pida. Esto combina las ventajas del HDR X &#8211; Optimizado para movimiento y el HDR tradicional.<\/p>\n<p><strong>Codificaci\u00f3n de v\u00eddeo de alta eficiencia H.265<\/strong><\/p>\n<p>La c\u00e1mara se ha dise\u00f1ado en la plataforma de codificaci\u00f3n m\u00e1s eficaz y potente H.264 y H.265\/ HEVC. La c\u00e1mara tiene capacidad para ofrecer v\u00eddeo de alta calidad y alta resoluci\u00f3n con una carga de la red muy baja. Con el doble de eficiencia de codificaci\u00f3n, H.265 es el nuevo est\u00e1ndar de compresi\u00f3n preferido para sistemas de vigilancia con v\u00eddeo IP.<\/p>\n<p><strong>Flujo inteligente<\/strong><\/p>\n<p>Las capacidades de codificaci\u00f3n inteligentes, junto con la tecnolog\u00eda Intelligent Dynamic Noise Reduction y el an\u00e1lisis, hacen que el consumo de ancho de banda descienda a niveles extremadamente bajos. Solo se codifica la informaci\u00f3n relevante de la escena, como el movimiento o los objetos localizados con el an\u00e1lisis.<\/p>\n<p><strong>Compatibilidad con H.264 y H.265 con Regiones de codificador<\/strong><\/p>\n<p>Establecer una regi\u00f3n en el campo de visi\u00f3n y definir un perfil de codificador espec\u00edfico para ella. Este ajuste reduce la tasa de bits del flujo m\u00e1s all\u00e1 de transmisi\u00f3n inteligente por s\u00ed sola.<\/p>\n<p><strong>Grabaci\u00f3n y gesti\u00f3n de almacenamiento<\/strong><\/p>\n<p>La gesti\u00f3n de grabaciones se puede controlar con la aplicaci\u00f3n Bosch\u00a0Video\u00a0Recording\u00a0Manager, o bien la c\u00e1mara puede utilizar el almacenamiento local y destinos iSCSI directamente, sin software de grabaci\u00f3n.<\/p>\n<p>Es posible usar una tarjeta de memoria de 32\u00a0GB (microSDHC)\/2\u00a0TB (microSDXC) como m\u00e1ximo para grabar en origen o para la tecnolog\u00eda Automatic Network Replenishment (ANR) con el fin de mejorar la fiabilidad de la grabaci\u00f3n en general.<\/p>\n<p>La grabaci\u00f3n previa a la alarma en la RAM reduce el consumo de ancho de banda en la red y ampl\u00eda la vida \u00fatil de la tarjeta de memoria.<\/p>\n<p><strong>Essential\u00a0Video\u00a0Analytics en origen<\/strong><\/p>\n<p>La c\u00e1mara incluye la \u00faltima versi\u00f3n de la aplicaci\u00f3n Essential\u00a0Video\u00a0Analytics de Bosch para el uso en Posiciones prefijadas.<\/p>\n<p>La aplicaci\u00f3n Essential\u00a0Video\u00a0Analytics proporciona un an\u00e1lisis de v\u00eddeo fiable para peque\u00f1as y medianas empresas, grandes almacenes, edificios comerciales y almacenes.<\/p>\n<p>Hay tareas avanzadas disponibles como cruces de l\u00edneas m\u00faltiples, merodeo, detecci\u00f3n de objetos abandonados\/sustra\u00eddos, estimaci\u00f3n de densidad de multitud, recuento de ocupaci\u00f3n y personas para alarmas en directo y b\u00fasqueda cient\u00edfica. Se pueden definir filtros de objetos basados en tama\u00f1o, velocidad, direcci\u00f3n, relaci\u00f3n de aspecto y color.<\/p>\n<p>Un modo de calibraci\u00f3n simplificada reduce considerablemente el tiempo de instalaci\u00f3n, ya que solo es necesario introducir la altura de instalaci\u00f3n una vez para cada c\u00e1mara, independientemente de las posiciones prefijadas.<\/p>\n<p>Una vez calibrada la c\u00e1mara, el motor de an\u00e1lisis puede clasificar autom\u00e1ticamente los objetos como personas de pie, coches, bicicletas o camiones.<\/p>\n<p><strong>Respuestas sofisticadas de alarma<\/strong><\/p>\n<p>La c\u00e1mara admite control avanzado de alarma que utiliza una l\u00f3gica sofisticada basada en normas para determinar c\u00f3mo gestionar las alarmas. En su forma m\u00e1s b\u00e1sica, una norma puede definir qu\u00e9 entradas deben activar qu\u00e9 salidas. En una forma m\u00e1s compleja, las entradas y salidas se pueden combinar con comandos predefinidos o especificados por el usuario para realizar funciones avanzadas de c\u00e1mara.<\/p>\n<p><strong>M\u00e1scara de privacidad de alta calidad<\/strong><\/p>\n<p>La c\u00e1mara ofrece un total de 32\u00a0m\u00e1scaras de privacidad independientes, con hasta ocho de ellas en la misma escena. Cada m\u00e1scara se puede programar con ocho esquinas. Cada m\u00e1scara cambia de tama\u00f1o r\u00e1pida y f\u00e1cilmente para garantizar que el objeto cubierto no quede a la vista.<\/p>\n<p>Con la m\u00e1scara de privacidad AUTOM\u00c1TICA, el color de la m\u00e1scara de privacidad se adapta al color del \u00e1rea circundante.<\/p>\n<p><strong>Iluminador de IR<\/strong><\/p>\n<p>Cuando la luz ambiental disminuye en un emplazamiento, la c\u00e1mara cambia a modo monocromo y activa de forma autom\u00e1tica los LEDs de IR del iluminador.<\/p>\n<p>El modo de infrarrojos AUTOM\u00c1TICO puede dirigir el haz de infrarrojos de forma din\u00e1mica para que la intensidad y la cobertura de la iluminaci\u00f3n coincidan con el campo de visi\u00f3n de la c\u00e1mara.<\/p>\n<p>La intensidad del haz se controla autom\u00e1tica o manualmente, dependiendo de la preferencia del usuario. La sobreexposici\u00f3n se reduce al disminuir la intensidad.<\/p>\n<p>Para una iluminaci\u00f3n de corto alcance, el LED por infrarrojos de gran angular se reforzar\u00e1 para cubrir toda la escena. Con el aumento de la relaci\u00f3n de zoom de la lente de la c\u00e1mara, aumenta el \u00e1ngulo estrecho de la intensidad de los LED infrarrojos.<\/p>\n<p>Se ofrece un modo de foco para permitir que el iluminador por infrarrojos ilumine el centro del campo de visi\u00f3n de la c\u00e1mara.<\/p>\n<p><strong>Iluminador de luz blanca<\/strong><\/p>\n<p>El modo Luz blanca permite a los operadores captar los detalles de la escena completa en color.<\/p>\n<p>Los operadores pueden encender y apagar los LEDs de Luz blanca seg\u00fan sea necesario, especialmente para usarlos como efecto disuasorio.<\/p>\n<p>Los operadores tienen la opci\u00f3n de establecer el tiempo de espera autom\u00e1tico del modo Luz blanca. Una vez agotado dicho tiempo de espera, el iluminador funcionar\u00e1 en modo IR.<\/p>\n<p>Los operadores pueden desactivar la funcionalidad de Luz blanca de forma permanente o por sector para evitar su activaci\u00f3n en casos en los que la Luz blanca puede crear una situaci\u00f3n de peligro como, por ejemplo, distraer a un conductor en una autopista.<\/p>\n<p><strong>Ajustar al zoom<\/strong><\/p>\n<p>Al dibujar un cuadro en la imagen, se activar\u00e1 que la c\u00e1mara haga zoom a la posici\u00f3n correcta.<\/p>\n<p><strong>Seguridad de los datos<\/strong><\/p>\n<p>Se requieren medidas especiales para garantizar el m\u00e1ximo nivel de seguridad para el acceso a los dispositivos y para el transporte de datos. En la configuraci\u00f3n inicial, solo se puede acceder a la c\u00e1mara a trav\u00e9s de canales seguros. Es necesario configurar una contrase\u00f1a de nivel de servicio para acceder a las funciones de la c\u00e1mara.<\/p>\n<p>El acceso al navegador web y al cliente de visualizaci\u00f3n se puede proteger utilizando HTTPS u otros protocolos seguros compatibles con el protocolo TLS 1.2 de vanguardia con conjuntos de cifrado actualizados que incluyen la codificaci\u00f3n AES con teclas de 256 bits. No se puede instalar ning\u00fan software en la c\u00e1mara y solo se puede cargar firmware autentificado. Una protecci\u00f3n con contrase\u00f1a de tres niveles con las recomendaciones de seguridad permite a los usuarios personalizar el acceso a los dispositivos. El acceso a la red y al dispositivo se puede proteger utilizando la autenticaci\u00f3n de red 802.1x con el protocolo EAP\/TLS. La protecci\u00f3n contra ataques malintencionados queda completamente garantizada por el cortafuegos para inicio de sesi\u00f3n incorporado, el m\u00f3dulo de plataforma segura (TPM) y la compatibilidad con la infraestructura de claves p\u00fablicas (PKI).<\/p>\n<p>La manipulaci\u00f3n avanzada de certificados ofrece lo siguiente:<\/p>\n<p>\u2022 Posibilidad de crear autom\u00e1ticamente certificados exclusivos y autofirmados siempre que sea necesario.<\/p>\n<p>\u2022 Certificados de cliente y de servidor para tareas de autenticaci\u00f3n.<\/p>\n<p>\u2022 Certificados de cliente para comprobar la autenticidad.<\/p>\n<p>\u2022 Certificados con claves privadas codificadas.<\/p>\n<p><strong>Sellado por software<\/strong><\/p>\n<p>Una vez establecida la configuraci\u00f3n de la c\u00e1mara, no se debe cambiar y los administradores del sistema pueden activar la protecci\u00f3n de software que sella la configuraci\u00f3n de la c\u00e1mara. Cualquier cambio del estado de sellado o de la configuraci\u00f3n est\u00e1tica, ya sea accidental o intencionado, romper\u00e1 el sellado. La c\u00e1mara env\u00eda entonces un mensaje de alarma que el sistema de gesti\u00f3n de v\u00eddeo puede utilizar para iniciar una situaci\u00f3n de alarma adecuada. La c\u00e1mara crea un archivo de registro independiente con todos los cambios que afectan al estado de sellado.<\/p>\n<p><strong>Unidad y mecanismo de PTZ<\/strong><\/p>\n<p>La c\u00e1mara admite 256\u00a0posiciones prefijadas y dos estilos de ronda de vigilancia: Posici\u00f3n prefijada y Grabaci\u00f3n\/Reproducci\u00f3n. La ronda Posici\u00f3n prefijada tiene capacidad para 256 preposiciones con un tiempo de espera configurable entre ellas. Adem\u00e1s, es posible personalizar el orden y la frecuencia con la que se alcanza cada Posici\u00f3n prefijada. La c\u00e1mara admite tambi\u00e9n dos (2) rondas grabadas que tienen una duraci\u00f3n total de 15\u00a0minutos de movimiento. Se trata de macros grabadas de los movimientos de un usuario, que incluyen actividades de giro, inclinaci\u00f3n y zoom y pueden reproducirse de manera continua. La repetibilidad de los valores de giro e inclinaci\u00f3n de las posiciones prefijadas tiene una precisi\u00f3n de \u00b10,1\u00a0grados, lo que asegura que siempre se capture la escena correcta. La c\u00e1mara proporciona una velocidad de giro m\u00e1xima de 240\u00a0grados por segundo, as\u00ed como una velocidad de inclinaci\u00f3n m\u00e1xima de 100\u00a0grados por segundo. La c\u00e1mara es capaz de alcanzar velocidades de giro manuales de hasta 0,1 grados por segundo. La c\u00e1mara proporciona un \u00e1ngulo de inclinaci\u00f3n de hasta 360 grados de rotaci\u00f3n continua.<\/p>\n<p><strong>Facilidad de instalaci\u00f3n y mantenimiento<\/strong><\/p>\n<p>El dise\u00f1o de la c\u00e1mara cumple con una de las caracter\u00edsticas clave de los productos de v\u00eddeo IP de Bosch: una instalaci\u00f3n r\u00e1pida y sencilla. Todas las carcasas llevan tornillos y cierres empotrados para impedir su manipulaci\u00f3n. Bosch ha dise\u00f1ado la c\u00e1mara sabiendo que los cables de campo y los soportes se instalan antes montar la c\u00e1mara. El dise\u00f1o de bisagra permite que una persona enganche la c\u00e1mara al soporte. Una persona puede conectar los cables directamente a la c\u00e1mara sin tener que volver a tender los cables.<\/p>\n<p>La carcasa colgante est\u00e1 certificada para proporcionar un grado de protecci\u00f3n IP66 y ofrece un rango de temperatura de funcionamiento inferior a -40\u00a0\u00b0C (-40\u00a0\u00b0F). La c\u00e1mara suspendida se entrega totalmente ensamblada con un parasol y preparada para su montaje en brazo de pared o empotrada en el techo con el hardware de montaje adecuado (se vende por separado).<\/p>\n<p>Bosch ofrece un completo conjunto de hardware y accesorios (se venden por separado) para montaje en pared, en esquina, en m\u00e1stil, en azotea y en techo, tanto en interiores como en exteriores, que permiten adaptar f\u00e1cilmente la c\u00e1mara a los requisitos espec\u00edficos de cualquier ubicaci\u00f3n.<\/p>\n<p><strong>Project Assistant<\/strong><\/p>\n<p>Project Assistant de Bosch es la aplicaci\u00f3n m\u00e1s f\u00e1cil de usar del mercado para la instalaci\u00f3n inicial y la configuraci\u00f3n b\u00e1sica de c\u00e1maras IP. Ya es posible crear las configuraciones b\u00e1sicas desde fuera de las instalaciones y sin conexi\u00f3n a la c\u00e1mara, y compartirlas con otros colegas. Estas configuraciones previas se pueden enviar a la c\u00e1mara in situ, lo cual facilita y ahorra tiempo en el proceso de instalaci\u00f3n. Las c\u00e1maras configuradas previamente tambi\u00e9n se pueden integrar. La aplicaci\u00f3n permite visualizar y ajustar el campo de visi\u00f3n de la c\u00e1mara f\u00e1cilmente. La aplicaci\u00f3n genera autom\u00e1ticamente un informe detallado de las c\u00e1maras puestas en servicio.<\/p>\n<p><img decoding=\"async\" class=\"overview-center-img-web\" src=\"https:\/\/tvc.mx\/media\/521931\/4.png\" alt=\"\" \/><\/div>\n<\/div>\n<div class=\"row align-items-center padding-bottom-2x\">\n<div class=\"col-md-5 order-md-2\"><img decoding=\"async\" class=\"d-block m-auto img-thumbnail\" src=\"https:\/\/tvc.mx\/media\/524175\/001-iluminador.png\" alt=\" \" \/><\/div>\n<div class=\"col-md-7 order-md-1 text-md-left text-center\">\n<h2>Iluminaci\u00f3n modo dual<\/h2>\n<p class=\"text-muted\">\n<p>La c\u00e1mara cuenta con un iluminador de infrarrojo (IR) de larga duraci\u00f3n y ledes de Luz blanca integrados. El iluminador permite la visualizaci\u00f3n de objetos incluso en condiciones de oscuridad total, lo que garantiza im\u00e1genes de alta calidad independientemente de las condiciones de iluminaci\u00f3n.<\/p>\n<p>El iluminador permite la Detecci\u00f3n de objetos a una distancia m\u00e1xima de 320\u00a0m (1049 pies) con infrarrojos (850\u00a0nm) y 60\u00a0m (196 pies) con Luz blanca. En la tabla siguiente se identifica la aplicaci\u00f3n para cada tipo de LED.<\/p>\n<p>&nbsp;<\/p>\n<\/div>\n<\/div>\n<hr class=\"padding-bottom-2x\" \/>\n<div class=\"row align-items-center padding-bottom-2x\">\n<div class=\"col-md-5 order-md-2\"><img decoding=\"async\" class=\"d-block m-auto img-thumbnail\" src=\"https:\/\/tvc.mx\/media\/524219\/002-DORI.png\" alt=\" \" \/><\/div>\n<div class=\"col-md-7 order-md-1 text-md-left text-center\">\n<h2>Cobertura DORI<\/h2>\n<p class=\"text-muted\">\n<p>DORI (Detectar, Observar, Reconocer, Identificar) es un sistema est\u00e1ndar (EN-62676-4) para definir la capacidad que tiene una persona al mirar el v\u00eddeo para distinguir personas u objetos dentro de un \u00e1rea de cobertura. A continuaci\u00f3n se muestra la distancia m\u00e1xima a la que una combinaci\u00f3n de c\u00e1mara\/lente puede cumplir estos criterios:<\/p>\n<p>&nbsp;<\/p>\n<\/div>\n<\/div>\n<hr class=\"padding-bottom-2x\" \/>\n<div class=\"row align-items-center padding-bottom-2x\">\n<div class=\"col-md-5 order-md-2\"><img decoding=\"async\" class=\"d-block m-auto img-thumbnail\" src=\"https:\/\/tvc.mx\/media\/524267\/003-reglamentario-1.png\" alt=\" \" \/><\/div>\n<div class=\"col-md-7 order-md-1 text-md-left text-center\">\n<h2>Informaci\u00f3n reglamentaria<\/h2>\n<p class=\"text-muted\">\n<p>Para obtener una lista completa de todas las certificaciones y los est\u00e1ndares relacionados, consulte el informe de pruebas de productos disponible en el cat\u00e1logo en l\u00ednea, en la pesta\u00f1a Documentos de la p\u00e1gina de producto del dispositivo. Si el documento no est\u00e1 disponible en la p\u00e1gina del producto, p\u00f3ngase en contacto con su representante de ventas.<\/p>\n<p>&nbsp;<\/p>\n<\/div>\n<\/div>\n<hr class=\"padding-bottom-2x\" \/>\n<div class=\"row align-items-center padding-bottom-2x\">\n<div class=\"col-md-5 order-md-2\"><img decoding=\"async\" class=\"d-block m-auto img-thumbnail\" src=\"https:\/\/tvc.mx\/media\/524271\/003-reglamentario-2.png\" alt=\" \" \/><\/div>\n<div class=\"col-md-7 order-md-1 text-md-left text-center\">\n<h2>Seguridad del Producto<\/h2>\n<p class=\"text-muted\">\n<p>Marcas<\/p>\n<p>&nbsp;<\/p>\n<\/div>\n<\/div>\n<hr class=\"padding-bottom-2x\" \/>\n<div class=\"row align-items-center padding-bottom-2x\">\n<div class=\"col-md-5 order-md-2\"><img decoding=\"async\" class=\"d-block m-auto img-thumbnail\" src=\"https:\/\/tvc.mx\/media\/524275\/003-reglamentario-3.png\" alt=\" \" \/><\/div>\n<div class=\"col-md-7 order-md-1 text-md-left text-center\">\n<h2>Regi\u00f3n<\/h2>\n<p class=\"text-muted\">\n<p>Regi\u00f3n<\/p>\n<p>&nbsp;<\/p>\n<\/div>\n<\/div>\n<hr class=\"padding-bottom-2x\" \/>\n<div class=\"row aling-items-center padding-bottom-2x\">\n<div class=\"col-lg-12\">\n<h5 class=\"card-title text-center\">Informaci\u00f3n reglamentaria completa<\/h5>\n<p>Para obtener una lista completa de todas las certificaciones y los est\u00e1ndares relacionados, consulte el informe de pruebas de productos disponible en el cat\u00e1logo en l\u00ednea, en la pesta\u00f1a Documentos de la p\u00e1gina de producto del dispositivo. Si el documento no est\u00e1 disponible en la p\u00e1gina del producto, p\u00f3ngase en contacto con su representante de ventas.<\/p>\n<p><img decoding=\"async\" class=\"overview-center-img-web\" src=\"https:\/\/tvc.mx\/media\/524303\/003-banner-informaci%C3%B3n-reglamentaria.png\" alt=\"\" \/><\/div>\n<\/div>\n","protected":false},"excerpt":{"rendered":"<p>Resumen del Sistema Dise\u00f1ada espec\u00edficamente para ocultarse y adaptada para aplicaciones donde se requiere una vigilancia en entornos con niveles de iluminaci\u00f3n cambiante, la c\u00e1mara cuenta con un zoom \u00f3ptico de 30x integrado para identificar a las personas a una distancia de m\u00e1s de 280&hellip;<\/p>\n","protected":false},"featured_media":7415,"comment_status":"open","ping_status":"closed","template":"","meta":{"om_disable_all_campaigns":false,"_monsterinsights_skip_tracking":false,"_monsterinsights_sitenote_active":false,"_monsterinsights_sitenote_note":"","_monsterinsights_sitenote_category":0},"product_brand":[],"product_cat":[665],"product_tag":[613,611,612,616,615,610,614,617],"class_list":{"0":"post-7416","1":"product","2":"type-product","3":"status-publish","4":"has-post-thumbnail","6":"product_cat-ptz-camaras-ip-bosch-video-vigilancia","7":"product_tag-bosch","8":"product_tag-manhattan","9":"product_tag-saxxon","10":"product_tag-surveon","11":"product_tag-utepo","12":"product_tag-videovigilancia","13":"product_tag-vivotek","14":"product_tag-zteco","16":"first","17":"instock","18":"sale","19":"taxable","20":"shipping-taxable","21":"purchasable","22":"product-type-simple"},"aioseo_notices":[],"_links":{"self":[{"href":"https:\/\/tecsecmty.com\/index.php\/wp-json\/wp\/v2\/product\/7416","targetHints":{"allow":["GET"]}}],"collection":[{"href":"https:\/\/tecsecmty.com\/index.php\/wp-json\/wp\/v2\/product"}],"about":[{"href":"https:\/\/tecsecmty.com\/index.php\/wp-json\/wp\/v2\/types\/product"}],"replies":[{"embeddable":true,"href":"https:\/\/tecsecmty.com\/index.php\/wp-json\/wp\/v2\/comments?post=7416"}],"version-history":[{"count":0,"href":"https:\/\/tecsecmty.com\/index.php\/wp-json\/wp\/v2\/product\/7416\/revisions"}],"wp:featuredmedia":[{"embeddable":true,"href":"https:\/\/tecsecmty.com\/index.php\/wp-json\/wp\/v2\/media\/7415"}],"wp:attachment":[{"href":"https:\/\/tecsecmty.com\/index.php\/wp-json\/wp\/v2\/media?parent=7416"}],"wp:term":[{"taxonomy":"product_brand","embeddable":true,"href":"https:\/\/tecsecmty.com\/index.php\/wp-json\/wp\/v2\/product_brand?post=7416"},{"taxonomy":"product_cat","embeddable":true,"href":"https:\/\/tecsecmty.com\/index.php\/wp-json\/wp\/v2\/product_cat?post=7416"},{"taxonomy":"product_tag","embeddable":true,"href":"https:\/\/tecsecmty.com\/index.php\/wp-json\/wp\/v2\/product_tag?post=7416"}],"curies":[{"name":"wp","href":"https:\/\/api.w.org\/{rel}","templated":true}]}}