{"id":7420,"date":"2023-02-23T16:11:32","date_gmt":"2023-02-23T22:11:32","guid":{"rendered":"https:\/\/tecsecmty.com\/index.php\/producto\/bosch-v_ndp7512z30ct-autodome-ip-7000i-starlight-ptz-2mp-hdr-30x-tintada-ip54-en-techo-interior\/"},"modified":"2023-03-22T23:22:02","modified_gmt":"2023-03-23T05:22:02","slug":"bosch-v_ndp7512z30ct-autodome-ip-7000i-starlight-ptz-2mp-hdr-30x-tintada-ip54-en-techo-interior","status":"publish","type":"product","link":"https:\/\/tecsecmty.com\/index.php\/producto\/bosch-v_ndp7512z30ct-autodome-ip-7000i-starlight-ptz-2mp-hdr-30x-tintada-ip54-en-techo-interior\/","title":{"rendered":"BOSCH V_NDP7512Z30CT-AUTODOME IP 7000i Starlight\/PTZ 2MP\/ HDR\/ 30x\/ Tintada\/ IP54\/ En techo interior"},"content":{"rendered":"<div class=\"row aling-items-center padding-bottom-2x\">\n<div class=\"col-lg-12\">\n<h5 class=\"card-title text-center\">Descripci\u00f3n inicial<\/h5>\n<p><strong>BOSCH V_NDP7512Z30CT-AUTODOME IP 7000i Starlight<\/strong><\/p>\n<p><img decoding=\"async\" class=\"overview-center-img-web\" src=\"https:\/\/tvc.mx\/media\/252779\/BANNER-CCTV.png\" alt=\"\" \/><\/div>\n<\/div>\n<div class=\"row align-items-center padding-bottom-2x\">\n<div class=\"col-md-5 order-md-2\"><img decoding=\"async\" class=\"d-block m-auto img-thumbnail\" src=\"https:\/\/tvc.mx\/media\/252799\/AUTODOME-inteox-7000i_400x300.PNG\" alt=\" \" \/><\/div>\n<div class=\"col-md-7 order-md-1 text-md-left text-center\">\n<h2>Caracter\u00edsticas y Especificaciones<\/h2>\n<p class=\"text-muted\">\n<p class=\"ql-align-justify\">La c\u00e1mara AUTODOME IP starlight 7000i incorpora la \u00faltima generaci\u00f3n en Video Analytics, tecnolog\u00eda starlight y transmisi\u00f3n de v\u00eddeo. Gracias a la tecnolog\u00eda de captura de imagen starlight, que ofrece una excelente sensibilidad con poca luz y el Intelligent Video Analytics m\u00e1s completo del mercado, la c\u00e1mara proporciona una calidad de imagen inigualable. Incluso en las peores condiciones de iluminaci\u00f3n, la c\u00e1mara domo PTZ 30x proporciona v\u00eddeo de alta definici\u00f3n (HD) de 1080p. F\u00e1cil de instalar, la c\u00e1mara est\u00e1 disponible en una carcasa suspendida para exteriores de eficacia probada, o bien en una carcasa de montaje en techo para interiores.<\/p>\n<p class=\"ql-align-justify\"><strong>Excepcional rendimiento en condiciones de baja iluminaci\u00f3n<\/strong><\/p>\n<p class=\"ql-align-justify\">Al combinar la tecnolog\u00eda de sensores m\u00e1s reciente con una sofisticada eliminaci\u00f3n de ruido, el resultado es una sensibilidad excepcional en color. El rendimiento en condiciones de baja iluminaci\u00f3n es tan bueno que la c\u00e1mara sigue ofreciendo un rendimiento excelente en color incluso con una cantidad m\u00ednima de luz ambiental.<\/p>\n<p class=\"ql-align-justify\"><strong>High dynamic range (Alto rango din\u00e1mico)<\/strong><\/p>\n<p class=\"ql-align-justify\">El rango din\u00e1mico de la c\u00e1mara es excepcional y destaca en las comparaciones de rendimiento en condiciones reales. En el modo de rango din\u00e1mico ampliado, la c\u00e1mara utiliza un obturador electr\u00f3nico para captar cuatro im\u00e1genes con tiempos de exposici\u00f3n distintos y reproducir fotogramas con alto contraste. El resultado es que se pueden ver detalles tanto en las \u00e1reas iluminadas (reflejos) como las zonas oscuras (sombras) de la escena al mismo tiempo. Es posible distinguir f\u00e1cilmente objetos y caracter\u00edsticas (por ejemplo, rostros) en condiciones de contraluz intenso.<\/p>\n<p class=\"ql-align-justify\"><strong>Codificaci\u00f3n de v\u00eddeo de alta eficiencia H.265<\/strong><\/p>\n<p class=\"ql-align-justify\">La c\u00e1mara se ha dise\u00f1ado en la plataforma de codificaci\u00f3n m\u00e1s eficaz y potente H.264 y H.265\/ HEVC. La c\u00e1mara tiene capacidad para ofrecer v\u00eddeo de alta calidad y alta resoluci\u00f3n con una carga de la red muy baja. Con el doble de eficiencia de codificaci\u00f3n, H.265 es el nuevo est\u00e1ndar de compresi\u00f3n preferido para sistemas de vigilancia con v\u00eddeo IP.<\/p>\n<p class=\"ql-align-justify\"><strong>Ajustar al zoom<\/strong><\/p>\n<p class=\"ql-align-justify\">Al dibujar un cuadro en la imagen, se activar\u00e1 que la c\u00e1mara haga zoom a la posici\u00f3n correcta.<\/p>\n<p class=\"ql-align-justify\"><strong>Intelligent\u00a0Video\u00a0Analytics en origen<\/strong><\/p>\n<p class=\"ql-align-justify\">Con su an\u00e1lisis de contenido de v\u00eddeo (VCA) integrado, la c\u00e1mara refuerza el concepto de \u00abinteligencia en origen\u00bb, gracias al cual los equipos funcionan cada vez de manera m\u00e1s inteligente. La c\u00e1mara se entrega con el innovador m\u00e9todo VCA de Bosch, Intelligent Video Analytics, que detecta los objetos en movimiento de forma fiable y los analiza, al tiempo que anula las falsas alarmas generadas por fuentes enga\u00f1osas en la imagen. Con este m\u00e9todo, la c\u00e1mara es capaz de detectar objetos inactivos y quitados, as\u00ed como personas merodeando, cruces de l\u00edneas m\u00faltiples y trayectorias. Este m\u00e9todo tambi\u00e9n es compatible con el conteo de personas a vista de p\u00e1jaro (BEV, por sus siglas en ingl\u00e9s).<\/p>\n<\/div>\n<\/div>\n","protected":false},"excerpt":{"rendered":"<p>Descripci\u00f3n inicial BOSCH V_NDP7512Z30CT-AUTODOME IP 7000i Starlight Caracter\u00edsticas y Especificaciones La c\u00e1mara AUTODOME IP starlight 7000i incorpora la \u00faltima generaci\u00f3n en Video Analytics, tecnolog\u00eda starlight y transmisi\u00f3n de v\u00eddeo. Gracias a la tecnolog\u00eda de captura de imagen starlight, que ofrece una excelente sensibilidad con poca&hellip;<\/p>\n","protected":false},"featured_media":7419,"comment_status":"open","ping_status":"closed","template":"","meta":{"om_disable_all_campaigns":false,"_monsterinsights_skip_tracking":false,"_monsterinsights_sitenote_active":false,"_monsterinsights_sitenote_note":"","_monsterinsights_sitenote_category":0},"product_brand":[],"product_cat":[665],"product_tag":[613,611,612,616,615,610,614,617],"class_list":{"0":"post-7420","1":"product","2":"type-product","3":"status-publish","4":"has-post-thumbnail","6":"product_cat-ptz-camaras-ip-bosch-video-vigilancia","7":"product_tag-bosch","8":"product_tag-manhattan","9":"product_tag-saxxon","10":"product_tag-surveon","11":"product_tag-utepo","12":"product_tag-videovigilancia","13":"product_tag-vivotek","14":"product_tag-zteco","16":"first","17":"instock","18":"sale","19":"taxable","20":"shipping-taxable","21":"purchasable","22":"product-type-simple"},"aioseo_notices":[],"_links":{"self":[{"href":"https:\/\/tecsecmty.com\/index.php\/wp-json\/wp\/v2\/product\/7420","targetHints":{"allow":["GET"]}}],"collection":[{"href":"https:\/\/tecsecmty.com\/index.php\/wp-json\/wp\/v2\/product"}],"about":[{"href":"https:\/\/tecsecmty.com\/index.php\/wp-json\/wp\/v2\/types\/product"}],"replies":[{"embeddable":true,"href":"https:\/\/tecsecmty.com\/index.php\/wp-json\/wp\/v2\/comments?post=7420"}],"version-history":[{"count":0,"href":"https:\/\/tecsecmty.com\/index.php\/wp-json\/wp\/v2\/product\/7420\/revisions"}],"wp:featuredmedia":[{"embeddable":true,"href":"https:\/\/tecsecmty.com\/index.php\/wp-json\/wp\/v2\/media\/7419"}],"wp:attachment":[{"href":"https:\/\/tecsecmty.com\/index.php\/wp-json\/wp\/v2\/media?parent=7420"}],"wp:term":[{"taxonomy":"product_brand","embeddable":true,"href":"https:\/\/tecsecmty.com\/index.php\/wp-json\/wp\/v2\/product_brand?post=7420"},{"taxonomy":"product_cat","embeddable":true,"href":"https:\/\/tecsecmty.com\/index.php\/wp-json\/wp\/v2\/product_cat?post=7420"},{"taxonomy":"product_tag","embeddable":true,"href":"https:\/\/tecsecmty.com\/index.php\/wp-json\/wp\/v2\/product_tag?post=7420"}],"curies":[{"name":"wp","href":"https:\/\/api.w.org\/{rel}","templated":true}]}}