{"id":7422,"date":"2023-02-23T16:11:33","date_gmt":"2023-02-23T22:11:33","guid":{"rendered":"https:\/\/tecsecmty.com\/index.php\/producto\/vivotek-sd9368-ehl-camara-ip-ptz-exterior-2-megapixeles-40x-zoom-optico-smart-ir-250mts-proteccion-nema4x-ip66-ik10-eis-wdr-pro-h265-smart-tracking-ciberseguridad-trend-micro-ndaa-onvif\/"},"modified":"2023-03-22T23:24:47","modified_gmt":"2023-03-23T05:24:47","slug":"vivotek-sd9368-ehl-camara-ip-ptz-exterior-2-megapixeles-40x-zoom-optico-smart-ir-250mts-proteccion-nema4x-ip66-ik10-eis-wdr-pro-h265-smart-tracking-ciberseguridad-trend-micro-ndaa-onvif","status":"publish","type":"product","link":"https:\/\/tecsecmty.com\/index.php\/producto\/vivotek-sd9368-ehl-camara-ip-ptz-exterior-2-megapixeles-40x-zoom-optico-smart-ir-250mts-proteccion-nema4x-ip66-ik10-eis-wdr-pro-h265-smart-tracking-ciberseguridad-trend-micro-ndaa-onvif\/","title":{"rendered":"VIVOTEK SD9368-EHL &#8211; C\u00e1mara IP PTZ Exterior 2 Megapixeles\/ 40x Zoom \u00d3ptico\/ Smart IR 250mts\/ Protecci\u00f3n Nema4X, IP66, IK10\/ EIS\/ WDR Pro\/ H265\/ Smart Tracking\/ Ciberseguridad Trend Micro\/ NDAA\/ONVIF"},"content":{"rendered":"<div class=\"row aling-items-center padding-bottom-2x\">\n<div class=\"col-lg-12\">\n<h5 class=\"card-title text-center\">Informaci\u00f3n general<\/h5>\n<p>El nuevo modelo de c\u00e1mara SD9368-EHL de VIVOTEK es una c\u00e1mara profesional de tipo domo con mecanismo (PTZ) cuenta con una resoluci\u00f3n de 2 MP a 60 fps, excelente para videovigilancia en \u00e1reas de amplia cobertura como aeropuertos, vigilancia urbana e instalaciones de fabricaci\u00f3n.\u00a0SD9368-EHL est\u00e1 equipado con iluminadores IR de 250M y un zoom \u00f3ptico de 40x para obtener m\u00e1s detalles en cualquier escena.\u00a0La tecnolog\u00eda IR inteligente permite un FOV de amplia cobertura y una intensidad IR muy uniforme, al tiempo que evita los puntos calientes.<\/p>\n<p>La videovigilancia en \u00e1reas grandes tiene el potencial de muchos incidentes, el Smart Tracking Advanced integrado de SD9368-EHL (nuestra \u00faltima tecnolog\u00eda de inteligencia artificial para Smart VCA) permite al usuario identificar el riesgo y rastrear a la persona sospechosa autom\u00e1ticamente en tiempo real.<\/p>\n<p>El cuerpo de la c\u00e1mara SD9368-EHL est\u00e1 protegido con certificaciones IP66, IK10 y NEMA 4X contra la lluvia, el polvo y la corrosi\u00f3n.\u00a0Tambi\u00e9n admite una amplia temperatura de funcionamiento de -40 \u2103 a 60 \u2103 (-40 \u00b0F a 140 \u00b0F) para operar en condiciones clim\u00e1ticas extremas.<\/p>\n<p>Principales caracter\u00edsticas:<\/p>\n<ul>\n<li>60 fps @ 1920&#215;1080<\/li>\n<li>Zoom \u00f3ptico de 40x, enfoque autom\u00e1tico<\/li>\n<li>Panor\u00e1mica continua de 360\u00b0, inclinaci\u00f3n de -20\u00b0 a 90\u00b0 (giro autom\u00e1tico)<\/li>\n<li>250M IR con IR inteligente<\/li>\n<li>Carcasa resistente a la intemperie con clasificaci\u00f3n IP66, a prueba de vandalismo IK10 y NEMA 4X<\/li>\n<li>-40 \u00b0C ~ 60 \u00b0C Amplio rango de temperatura para condiciones clim\u00e1ticas extremas<\/li>\n<li>EIS (Estabilizaci\u00f3n de imagen electr\u00f3nica) para estabilidad de imagen<\/li>\n<li>Seguridad de IoT de Trend Micro<\/li>\n<li>Seguimiento inteligente avanzado para personas en movimiento con tecnolog\u00eda de aprendizaje profundo basada en personas<\/li>\n<\/ul>\n<p><img decoding=\"async\" class=\"overview-center-img-web\" src=\"https:\/\/tvc.mx\/media\/489278\/vivotek-camara-de-red-ip-ptz-2-megapixeles-40-x-zoom-optico-250-metros-luz-ir-soporta-bajas-temperaturas-soporta-altas-temperaturas-alta-resolucion-inteligencia-artificial-analiticos-sd9368-ehl.png\" alt=\"\" \/><\/div>\n<\/div>\n<div class=\"row align-items-center padding-bottom-2x\">\n<div class=\"col-md-5 order-md-2\"><img decoding=\"async\" class=\"d-block m-auto img-thumbnail\" src=\"https:\/\/tvc.mx\/media\/489924\/vivtote-funci%C3%B3n-inteligente-de-video-smart-traking-seguimiento-automatico-de-personas-basado-en-inteligencia-artificial.png\" alt=\" \" \/><\/div>\n<div class=\"col-md-7 order-md-1 text-md-left text-center\">\n<h2>Seguimiento inteligente avanzado<\/h2>\n<p class=\"text-muted\">\n<p class=\"ql-align-justify\">Smart Tracking Advanced es una tecnolog\u00eda de \u00faltima generaci\u00f3n con seguimiento inteligente de personas y an\u00e1lisis de contenido de video (VCA), dise\u00f1ada para mejorar el rendimiento del seguimiento de objetos a trav\u00e9s de c\u00e1maras IP PTZ.<\/p>\n<p class=\"ql-align-justify\">Optimizado espec\u00edficamente para aplicarse a una amplia gama de escenarios que utilizan vigilancia de domo de velocidad\/PTZ, Smart Tracking Advanced permite a los usuarios inspeccionar de cerca y seguir a personas sospechosas en \u00e1reas como aeropuertos, infraestructura cr\u00edtica, vigilancia de la ciudad, centros comerciales y estacionamientos.<\/p>\n<p class=\"ql-align-justify\">Yendo a\u00fan m\u00e1s lejos, Smart Tracking Advanced cubre cuatro tipos de detectores VCA: detecci\u00f3n de intrusi\u00f3n, detecci\u00f3n de cruce de l\u00ednea, detecci\u00f3n de merodeo y detecci\u00f3n de rostros.\u00a0A trav\u00e9s de reglas definidas por el usuario, una persona que represente un comportamiento peligroso, como la intrusi\u00f3n en un \u00e1rea prohibida o el cruce de una l\u00ednea divisoria, activar\u00eda alarmas preestablecidas.\u00a0El seguimiento autom\u00e1tico de la persona de inter\u00e9s, la optimizaci\u00f3n de la calidad del video de grabaci\u00f3n y la notificaci\u00f3n al personal de seguridad se activan simult\u00e1neamente.\u00a0Con Smart Tracking Advanced, estamos llevando la seguridad sin interrupciones un paso m\u00e1s all\u00e1.<\/p>\n<p>&nbsp;<\/p>\n<\/div>\n<\/div>\n<hr class=\"padding-bottom-2x\" \/>\n<div class=\"row align-items-center padding-bottom-2x\">\n<div class=\"col-md-5\"><img decoding=\"async\" class=\"d-block m-auto img-thumbnail\" src=\"https:\/\/tvc.mx\/media\/489988\/vivotek-camera-link-interxonexi%C3%B3.png\" alt=\" \" \/><\/div>\n<div class=\"col-md-7 text-md-left text-center\">\n<h2>Enlace de c\u00e1maras autom\u00e1ticamente<\/h2>\n<p class=\"text-muted\">\n<p class=\"ql-align-justify\">Camera Link es una funci\u00f3n que permite a las c\u00e1maras PTZ de VIVOTEK hacer zoom autom\u00e1ticamente en ubicaciones preestablecidas y comenzar a rastrear un objeto cuando la c\u00e1mara \u00abobservadora\u00bb activa la alarma dentro del mismo sistema de vigilancia.<\/p>\n<p class=\"ql-align-justify\">La conexi\u00f3n de Camera Link entre c\u00e1maras no requiere un sistema VMS.\u00a0En los puntos de inter\u00e9s, las alarmas y las acciones se pueden configurar en la c\u00e1mara del \u201cobservador\u201d, normalmente una c\u00e1mara IP fija.\u00a0Cuando la c\u00e1mara del observador detecta un evento en el punto de inter\u00e9s, le notificar\u00e1 a la c\u00e1mara PTZ que se acerque a ese evento y capture m\u00e1s detalles.<\/p>\n<p class=\"ql-align-justify\">Tome un sitio de construcci\u00f3n, por ejemplo.\u00a0Teniendo en cuenta el gran espacio de piso de hasta cientos de miles de metros cuadrados, es razonable implementar docenas de c\u00e1maras para vigilancia y seguridad de entrada\/salida.\u00a0Dependiendo del sistema VMS, puede haber cierta latencia porque todas las grabaciones de video y los comandos de acci\u00f3n deben ser procesados \u200b\u200bpor el VMS.\u00a0Por el contrario, con la comunicaci\u00f3n entre c\u00e1maras de Camera Link, una vez que la c\u00e1mara detecta que una persona sospechosa ingresa a las instalaciones, activa directamente una alarma y dirige las c\u00e1maras PTZ cercanas para rastrear y grabar al intruso.\u00a0Los comandos se env\u00edan directamente a las c\u00e1maras PTZ para obtener resultados inmediatos y detallados, por lo que se minimiza el tiempo de retraso entre la c\u00e1mara del observador y las c\u00e1maras PTZ.\u00a0Adem\u00e1s, si no hay VMS, Camera Link puede guardar todas las grabaciones en las tarjetas SD de la c\u00e1mara.<\/p>\n<p class=\"ql-align-justify\">Camera Link tambi\u00e9n es ideal para situaciones en las que las c\u00e1maras se instalan lejos de la estaci\u00f3n de trabajo VMS.\u00a0Esto podr\u00eda ser un edificio port\u00e1til temporal en el campus de una escuela, un parque de la ciudad o un campo deportivo.<\/p>\n<p class=\"ql-align-justify\">En una configuraci\u00f3n t\u00edpica de Camera Link, se utiliza una c\u00e1mara de observaci\u00f3n para una vigilancia de amplia cobertura.\u00a0La c\u00e1mara observadora env\u00eda los comandos de acci\u00f3n asignados a la c\u00e1mara PTZ.\u00a0La c\u00e1mara PTZ recibe los comandos de acci\u00f3n asignados de la c\u00e1mara observadora y va al evento, capturando m\u00e1s detalles de los que la c\u00e1mara observadora puede obtener por s\u00ed sola.<\/p>\n<p class=\"ql-align-justify\">Camera Link permite que una c\u00e1mara de observaci\u00f3n se vincule con hasta 3 c\u00e1maras PTZ.\u00a0Despu\u00e9s de que las c\u00e1maras PTZ vayan a la ubicaci\u00f3n preestablecida asignada, pueden rastrear el objeto con el seguimiento inteligente avanzado.\u00a0Con Camera Link, los sistemas de vigilancia pueden reducir la dependencia de los operadores del sistema para rastrear eventos y maximizar la probabilidad de capturar y grabar un evento cr\u00edtico, mejorando la eficiencia de la operaci\u00f3n.<\/p>\n<h3>Implementaci\u00f3n<\/h3>\n<p class=\"ql-align-justify\">Al configurar Camera Link, primero, los usuarios deben habilitar la funci\u00f3n de enlace de c\u00e1mara en la c\u00e1mara del observador y agregar la informaci\u00f3n de la c\u00e1mara PTZ.\u00a0Luego, configure la ventana de movimiento de la c\u00e1mara del observador con la ubicaci\u00f3n preestablecida de la c\u00e1mara PTZ.\u00a0Por \u00faltimo, habilite Camera Link como activador de eventos de la c\u00e1mara PTZ.\u00a0Ahora disfrute de los beneficios de Camera Link: monitoree una escena general con una c\u00e1mara de observaci\u00f3n y rastree objetos en movimiento con la c\u00e1mara PTZ detallada de alta resoluci\u00f3n al mismo tiempo.<\/p>\n<h3>Escenario de uso<\/h3>\n<p>Camera Link es m\u00e1s adecuado para escenarios con grandes \u00e1reas de vigilancia, m\u00faltiples sitios o donde el VMS local no est\u00e1 disponible.<\/p>\n<p>\u2022 Amplios estacionamientos<\/p>\n<p>\u2022 Centros comerciales<\/p>\n<p>\u2022 Aeropuertos<\/p>\n<p>\u2022 Dep\u00f3sitos<\/p>\n<p>\u2022 Campus universitarios<\/p>\n<p class=\"ql-align-justify\">\u2022 Obras en construcci\u00f3n<\/p>\n<p>&nbsp;<\/p>\n<\/div>\n<\/div>\n<hr class=\"padding-bottom-2x\" \/>\n<div class=\"row aling-items-center padding-bottom-2x\">\n<div class=\"col-lg-12\">\n<h5 class=\"card-title text-center\">La tecnolog\u00eda smart stream le proporciona mejor calidad de video con menor consumo de ancho de banda<\/h5>\n<p class=\"ql-align-justify\">Smart stream de VIVOTEK es una mejora del codificador de video de \u00faltima generaci\u00f3n que es totalmente compatible con los est\u00e1ndares H.264 y H.265.\u00a0A trav\u00e9s de una colecci\u00f3n de algoritmos que analizan la transmisi\u00f3n de video en tiempo real, los detalles de las regiones de inter\u00e9s y los movimientos espec\u00edficos se priorizan y preservan con configuraciones de video ajustadas.\u00a0Smart stream de VIVOTEK permite optimizar la videovigilancia, reduciendo significativamente los requisitos de ancho de banda y almacenamiento sin sacrificar la calidad visual.\u00a0En algunos casos, puede reducir el uso del almacenamiento hasta en un 80 %.\u00a0Como l\u00edder mundial en compresi\u00f3n de video, VIVOTEK constantemente innova nuevas tecnolog\u00edas para hacer que la codificaci\u00f3n sea m\u00e1s eficiente y brindar un smart stream cada vez m\u00e1s inteligente.<\/p>\n<p><img decoding=\"async\" class=\"overview-center-img-web\" src=\"https:\/\/tvc.mx\/media\/490152\/vivotek-tecnolog%C3%ADa-smart-stream-para-ahorro-de-datos-y-ancho-de-banda.png\" alt=\"\" \/><\/div>\n<\/div>\n<div class=\"row aling-items-center padding-bottom-2x\">\n<div class=\"col-lg-12\">\n<h5 class=\"card-title text-center\">Smart Q mantiene la calidad visual y reduce el consumo de datos mediante un an\u00e1lisis y optimizaci\u00f3n de la imagen por bloques<\/h5>\n<p class=\"ql-align-justify\">Smart Q reduce la tasa de bits mediante el uso de informaci\u00f3n de escena en tiempo real.\u00a0La complejidad de la escena se analiza y se puede separar din\u00e1micamente en varios bloques.\u00a0Cada bloque est\u00e1 codificado con un par\u00e1metro de compresi\u00f3n optimizado para mantener la calidad visual y reducir la tasa de bits.<\/p>\n<p><img decoding=\"async\" class=\"overview-center-img-web\" src=\"https:\/\/tvc.mx\/media\/490164\/vivotek-tecnolog%C3%ADa-smart-stream-para-ahorro-de-datos-y-ancho-de-banda-smart-q.png\" alt=\"\" \/><\/div>\n<\/div>\n<div class=\"row aling-items-center padding-bottom-2x\">\n<div class=\"col-lg-12\">\n<h5 class=\"card-title text-center\">Optimice el consumo y ancho de banda con un periodo de cuadros internos para imagen din\u00e1mico de im\u00e1genes<\/h5>\n<p class=\"ql-align-justify\">En el proceso de video los fotogramas I consumen la mayor tasa de bits dentro del flujo de video codificado.\u00a0Por lo tanto, cuanto mayor sea el intervalo de fotogramas I, menor ser\u00e1 el ancho de banda general del video.\u00a0Sin embargo, un intervalo de fotogramas I m\u00e1s largo tambi\u00e9n introducir\u00e1 m\u00e1s errores de propagaci\u00f3n de codificaci\u00f3n y efectos secundarios para la aplicaci\u00f3n de grabaci\u00f3n.\u00a0Al analizar la escena, el periodo din\u00e1mico de intraframe optimiza y reduce la tasa de bits sin comprometer la calidad del video.\u00a0Al hacerlo, Dynamic Intra Frame Period permite una reducci\u00f3n m\u00e1xima del ancho de banda, al tiempo que conserva la m\u00e1s alta calidad de video para los objetos de inter\u00e9s.<\/p>\n<p><img decoding=\"async\" class=\"overview-center-img-web\" src=\"https:\/\/tvc.mx\/media\/490166\/vivotek-periodo-de-intra-cuadro-dinamico-para-el-ahorro-de-ancho-de-banda.png\" alt=\"\" \/><\/div>\n<\/div>\n<div class=\"row aling-items-center padding-bottom-2x\">\n<div class=\"col-lg-12\">\n<h5 class=\"card-title text-center\">La combinaci\u00f3n de la tecnolog\u00eda de compresi\u00f3n H.265 y Smart Stream ofrecen calidad de imagen superior con menos ancho de banda<\/h5>\n<p>La siguiente tabla de comparaci\u00f3n de ancho de banda muestra las reducciones de ancho de banda de la red cuando se aplica la tecnolog\u00eda smart stream en la misma transmisi\u00f3n de video original con el c\u00f3dec de compresi\u00f3n H.265.<\/p>\n<p><img decoding=\"async\" class=\"overview-center-img-web\" src=\"https:\/\/tvc.mx\/media\/490168\/vivotek-comparacion-h265-h264-st.png\" alt=\"\" \/><\/div>\n<\/div>\n<div class=\"row aling-items-center padding-bottom-2x\">\n<div class=\"col-lg-12\">\n<h5 class=\"card-title text-center\">Obtenga im\u00e1genes claras al interior y exterior en cualquier ambiente dificil de luz<\/h5>\n<p class=\"ql-align-justify\">WDR Pro es una tecnolog\u00eda extremadamente valiosa para cualquier entorno de vigilancia, en particular, garantiza que, independientemente de las condiciones de iluminaci\u00f3n presentes en una ubicaci\u00f3n monitoreada, o de c\u00f3mo un objeto o persona de inter\u00e9s est\u00e9 situado en relaci\u00f3n con la c\u00e1mara y las fuentes de luz, se puede capturar y visualizar claramente un alto nivel de detalle para obtener una imagen positiva. Identificaci\u00f3n, seguimiento preciso y otras aplicaciones exigentes.<\/p>\n<p class=\"ql-align-justify\">Cuando una c\u00e1mara se usa donde la iluminaci\u00f3n ambiental es alta y causa un alto contraste de iluminaci\u00f3n, resplandor o reflejos como una entrada del edificio, cajeros autom\u00e1ticos, ventanas, o personas puede aparecer oscuras o irreconocible. La tecnolog\u00eda\u00a0WDR\u00a0(Wide Dynamic Range) compensa el desequilibrio de iluminaci\u00f3n, restaurando los detalles en todo el campo de la visi\u00f3n con el fin de hacer frente a todas las condiciones de luz dif\u00edciles.<\/p>\n<p><img decoding=\"async\" class=\"overview-center-img-web\" src=\"https:\/\/tvc.mx\/media\/490178\/vivotek-funcion-wdr-pro-imagenes-claras-nitidas-a-contra-luz-de-fondo.png\" alt=\"\" \/><\/div>\n<\/div>\n<div class=\"row aling-items-center padding-bottom-2x\">\n<div class=\"col-lg-12\">\n<h5 class=\"card-title text-center\">Obtenga im\u00e1genes a color y de alta calidad en ambientes con poca iluminaci\u00f3n<\/h5>\n<p class=\"ql-align-justify\">La tecnolog\u00eda SNV (Supreme Night Visibility) de VIVOTEK proporciona una soluci\u00f3n innovadora para permitir videos de vigilancia con poca luz y de calidad suficiente para satisfacer los requisitos de aplicaciones exigentes, por ejemplo, vigilancia a nivel de calle por la noche o el monitoreo de espacios interiores con poca iluminaci\u00f3n, como almacenes.\u00a0VIVOTEK ha podido lograr este avance al incorporar tecnolog\u00edas avanzadas de captura de video con poca luz.\u00a0Sus c\u00e1maras equipadas con SNV cuentan con sensores \u00f3pticos ultrasensibles que capturan video en color de alta calidad, incluso en entornos extremadamente oscuros, complementados con un procesamiento de se\u00f1al avanzado que garantiza un contraste suficiente y una reproducci\u00f3n precisa del color, as\u00ed como reducci\u00f3n de ruido 3D para revelar detalles y mejorar en general claridad.<\/p>\n<p><img decoding=\"async\" class=\"overview-center-img-web\" src=\"https:\/\/tvc.mx\/media\/490186\/vivotek-tecnologia-de-imagen-ofrece-imagenes-claras-y-nitidas-en-condiciones-de-baja-iluminaci%C3%B3n.png\" alt=\"\" \/><\/div>\n<\/div>\n<div class=\"row aling-items-center padding-bottom-2x\">\n<div class=\"col-lg-12\">\n<h5 class=\"card-title text-center\">Con smart IR los rostros de las personas los podr\u00e1 apreciar perfectamente en la noche<\/h5>\n<p class=\"ql-align-justify\">VIVOTEK ha trabajado para superar la deficiencia que afecta a las c\u00e1maras con IR convencionales recurriendo a la tecnolog\u00eda Smart IR, esta tecnolog\u00eda elimina los problemas graves de sobreexposici\u00f3n al ajustar din\u00e1micamente la intensidad de la luz infrarroja emitida por la fuente de luz IR por los LED de la c\u00e1mara, a medida que un objeto de inter\u00e9s se acerca o aleja en el campo de visi\u00f3n.\u00a0Esto asegura que el objeto sea capturado por la c\u00e1mara a un nivel de exposici\u00f3n apropiado, preservando los detalles que de otro modo se perder\u00edan con una c\u00e1mara con IRs convencionales cuando el objeto est\u00e9 cerca.\u00a0El resultado es una mayor efectividad para aplicaciones exigentes, como la identificaci\u00f3n de personas o los n\u00fameros de matr\u00edcula de veh\u00edculos en condiciones de poca luz visible.<\/p>\n<p><img decoding=\"async\" class=\"overview-center-img-web\" src=\"https:\/\/tvc.mx\/media\/490192\/vivotek-imagenes-claras-y-nitidas-con.smart-ir.png\" alt=\"\" \/><\/div>\n<\/div>\n<div class=\"row aling-items-center padding-bottom-2x\">\n<div class=\"col-lg-12\">\n<h5 class=\"card-title text-center\">Visualice el video en vivo desde sus dispositivos m\u00f3viles con iViewer gratuitamente<\/h5>\n<p class=\"ql-align-justify\">iViewer est\u00e1 dise\u00f1ado para permitir a los usuarios monitorear el video de c\u00e1maras y servidores como NVR y VMS de forma remota proporcion\u00e1ndoles acceso a videos de las c\u00e1maras de vigilancia directamente desde el dispositivo port\u00e1tiles iOS o Android, la interfaz redise\u00f1ada y f\u00e1cil de usar permite al usuario monitorear video en vivo de cientos de c\u00e1maras desde sus dispositivos port\u00e1tiles. El usuario puede acceder a c\u00e1maras administradas por VAST 1 o VAST 2 (software de administraci\u00f3n de video y central), NVRs de VIVOTEK, o puede hacer conexiones directas a c\u00e1maras individuales en su red LAN o WAN*. iViewer tambi\u00e9n permite el acceso al audio bidireccional para cada c\u00e1mara, control de pantalla PTZ y PiP, correcci\u00f3n de distorsi\u00f3n esf\u00e9rica de lente ojo de pez, fotos instant\u00e1neas y reproducci\u00f3n de video grabado por VAST y NVRs de VIVOTEK.<\/p>\n<p><img decoding=\"async\" class=\"overview-center-img-web\" src=\"https:\/\/tvc.mx\/media\/490194\/vivotek-aplicaci%C3%B3n-movil-iviewer.png\" alt=\"\" \/><\/div>\n<\/div>\n<div class=\"row align-items-center padding-bottom-2x\">\n<div class=\"col-md-5 order-md-2\"><img decoding=\"async\" class=\"d-block m-auto img-thumbnail\" src=\"https:\/\/tvc.mx\/media\/490098\/vivotek-camara-de-red-ip-ptz-2-megapixeles-40-x-zoom-optico-250-metros-luz-ir-soporta-bajas-temperaturas-soporta-altas-temperaturas-alta-resolucion-inteligencia-artificial-analiticos-dimensiones-sd9368-ehl.png\" alt=\" \" \/><\/div>\n<div class=\"col-md-7 order-md-1 text-md-left text-center\">\n<h2>Caracteristicas principales<\/h2>\n<p class=\"text-muted\">\n<ul>\n<li>Sensor CMOS progresivo de 1\/2,8&#8243;<\/li>\n<li>Lente con Zoom \u00f3ptico de 40x, enfoque autom\u00e1tico<\/li>\n<li>campo de vision: 65,70\u00b0 ~ 1,88\u00b0 (Horizontal) 39,39\u00b0 ~ 1,09\u00b0 (Vertical) 73,03\u00b0 ~2,13\u00b0 (Diagonal)<\/li>\n<li>IDC-iris<\/li>\n<li>Tiempo de obturaci\u00f3n 1 segundo.\u00a0a 1\/100.000 seg.<\/li>\n<li>Iluminadores IR integrados de hasta 250 metros con Smart IR, IR LED*8<\/li>\n<li>Rango de inclinaci\u00f3n -20\u00b0 a 90\u00b0 (giro autom\u00e1tico)<\/li>\n<li>Funcionalidades Pan\/Tilt\/Zoom: Zoom digital de 32x (4x en el complemento IE, 8x integrado)<\/li>\n<li>Modo panor\u00e1mico autom\u00e1tico<\/li>\n<li>Modo de patrullaje autom\u00e1tica<\/li>\n<li>Giro mec\u00e1nico autom\u00e1tico<\/li>\n<\/ul>\n<p>&nbsp;<\/p>\n<\/div>\n<\/div>\n<hr class=\"padding-bottom-2x\" \/>\n<div class=\"row align-items-center padding-bottom-2x\">\n<div class=\"col-md-5 order-md-2\"><img decoding=\"async\" class=\"d-block m-auto img-thumbnail\" src=\"https:\/\/tvc.mx\/media\/490140\/vivotek-camara-de-red-ip-ptz-2-megapixeles-40-x-zoom-optico-250-metros-luz-ir-soporta-bajas-temperaturas-soporta-altas-temperaturas-alta-resolucion-inteligencia-artificial-analiticos-incluye-sd9368-ehl.png\" alt=\" \" \/><\/div>\n<div class=\"col-md-7 order-md-1 text-md-left text-center\">\n<h2>Incluye<\/h2>\n<p class=\"text-muted\">\n<p>C\u00e1mara SD9369-EHL<\/p>\n<p>Soporte de montaje<\/p>\n<p>4x taquetes metalicos<\/p>\n<p>2 llaves de instalaci\u00f3n (T10, T25)<\/p>\n<p>Guia plastica para cables<\/p>\n<p>2X terminales de conexion<\/p>\n<p>Etiqueta de instalaci\u00f3n<\/p>\n<p>Guia r\u00e1pida de instalci\u00f3n<\/p>\n<p>Poliza de garant\u00eda<\/p>\n<\/div>\n<\/div>\n","protected":false},"excerpt":{"rendered":"<p>Informaci\u00f3n general El nuevo modelo de c\u00e1mara SD9368-EHL de VIVOTEK es una c\u00e1mara profesional de tipo domo con mecanismo (PTZ) cuenta con una resoluci\u00f3n de 2 MP a 60 fps, excelente para videovigilancia en \u00e1reas de amplia cobertura como aeropuertos, vigilancia urbana e instalaciones de&hellip;<\/p>\n","protected":false},"featured_media":7421,"comment_status":"open","ping_status":"closed","template":"","meta":{"om_disable_all_campaigns":false,"_monsterinsights_skip_tracking":false,"_monsterinsights_sitenote_active":false,"_monsterinsights_sitenote_note":"","_monsterinsights_sitenote_category":0},"product_brand":[],"product_cat":[666],"product_tag":[613,611,612,616,615,610,614,617],"class_list":{"0":"post-7422","1":"product","2":"type-product","3":"status-publish","4":"has-post-thumbnail","6":"product_cat-ptz-camaras-ip-vivotek-video-vigilancia","7":"product_tag-bosch","8":"product_tag-manhattan","9":"product_tag-saxxon","10":"product_tag-surveon","11":"product_tag-utepo","12":"product_tag-videovigilancia","13":"product_tag-vivotek","14":"product_tag-zteco","16":"first","17":"instock","18":"sale","19":"taxable","20":"shipping-taxable","21":"purchasable","22":"product-type-simple"},"aioseo_notices":[],"_links":{"self":[{"href":"https:\/\/tecsecmty.com\/index.php\/wp-json\/wp\/v2\/product\/7422","targetHints":{"allow":["GET"]}}],"collection":[{"href":"https:\/\/tecsecmty.com\/index.php\/wp-json\/wp\/v2\/product"}],"about":[{"href":"https:\/\/tecsecmty.com\/index.php\/wp-json\/wp\/v2\/types\/product"}],"replies":[{"embeddable":true,"href":"https:\/\/tecsecmty.com\/index.php\/wp-json\/wp\/v2\/comments?post=7422"}],"version-history":[{"count":0,"href":"https:\/\/tecsecmty.com\/index.php\/wp-json\/wp\/v2\/product\/7422\/revisions"}],"wp:featuredmedia":[{"embeddable":true,"href":"https:\/\/tecsecmty.com\/index.php\/wp-json\/wp\/v2\/media\/7421"}],"wp:attachment":[{"href":"https:\/\/tecsecmty.com\/index.php\/wp-json\/wp\/v2\/media?parent=7422"}],"wp:term":[{"taxonomy":"product_brand","embeddable":true,"href":"https:\/\/tecsecmty.com\/index.php\/wp-json\/wp\/v2\/product_brand?post=7422"},{"taxonomy":"product_cat","embeddable":true,"href":"https:\/\/tecsecmty.com\/index.php\/wp-json\/wp\/v2\/product_cat?post=7422"},{"taxonomy":"product_tag","embeddable":true,"href":"https:\/\/tecsecmty.com\/index.php\/wp-json\/wp\/v2\/product_tag?post=7422"}],"curies":[{"name":"wp","href":"https:\/\/api.w.org\/{rel}","templated":true}]}}