{"id":7428,"date":"2023-02-23T16:11:40","date_gmt":"2023-02-23T22:11:40","guid":{"rendered":"https:\/\/tecsecmty.com\/index.php\/producto\/bosch-v_nds7004f180e-flexidome-ip-panoramic-7000-resolucion-12mp-angulo-180-grados-iva-ip66\/"},"modified":"2023-03-22T23:22:02","modified_gmt":"2023-03-23T05:22:02","slug":"bosch-v_nds7004f180e-flexidome-ip-panoramic-7000-resolucion-12mp-angulo-180-grados-iva-ip66","status":"publish","type":"product","link":"https:\/\/tecsecmty.com\/index.php\/producto\/bosch-v_nds7004f180e-flexidome-ip-panoramic-7000-resolucion-12mp-angulo-180-grados-iva-ip66\/","title":{"rendered":"BOSCH V_NDS7004F180E- FLEXIDOME IP PANORAMIC 7000\/ RESOLUCION 12MP\/ ANGULO 180 GRADOS\/ IVA\/ IP66"},"content":{"rendered":"<div class=\"row aling-items-center padding-bottom-2x\">\n<div class=\"col-lg-12\">\n<h5 class=\"card-title text-center\">FLEXIDOME IP panoramic 7000 &#8211; EXTERIOR<\/h5>\n<p class=\"ql-align-justify\">Sensor 12 MP\/30 ips para detalles precisos con movimiento fluido<\/p>\n<p class=\"ql-align-justify\">Correcci\u00f3n de deformaci\u00f3n de bordes o en el lado cliente para facilitar la integraci\u00f3n<\/p>\n<p class=\"ql-align-justify\">Intelligent Video Analytics integrado para activar las alertas relevantes y recuperar los datos de forma r\u00e1pida<\/p>\n<p class=\"ql-align-justify\">C\u00e1mara panor\u00e1mica IP para exteriores<\/p>\n<p class=\"ql-align-justify\">Compatible con los accesorios universales de Bosch<\/p>\n<p><img decoding=\"async\" class=\"overview-center-img-web\" src=\"https:\/\/tvc.mx\/media\/191966\/BANNER_CCTV.png\" alt=\"\" \/><\/div>\n<\/div>\n<div class=\"row align-items-center padding-bottom-2x\">\n<div class=\"col-md-5 order-md-2\"><img decoding=\"async\" class=\"d-block m-auto img-thumbnail\" src=\"https:\/\/tvc.mx\/media\/191970\/Sin-t%C3%ADtulo-8SDSDSD.png\" alt=\" \" \/><\/div>\n<div class=\"col-md-7 order-md-1 text-md-left text-center\">\n<h2>Descripci\u00f3n inicial<\/h2>\n<p class=\"text-muted\">\n<p class=\"ql-align-justify\">La FLEXIDOME IP panoramic 7000 es una c\u00e1mara destinada al uso en exteriores. El sensor de 12 MP que funciona a 30 ips proporciona una vigilancia panor\u00e1mica total con un \u00e1rea de cobertura completa, detalles precisos y altas velocidades. La c\u00e1mara permite mantener la atenci\u00f3n sobre la escena y proporciona vistas E-PTZ simult\u00e1neas en alta resoluci\u00f3n. Versiones La versi\u00f3n de 360\u00b0 de la c\u00e1mara, montada en un punto central en un poste o bajo un alero, ofrece una cobertura envolvente completa sin puntos muertos. La versi\u00f3n de 180\u00b0 tiene una resoluci\u00f3n efectiva mayor y es ideal para montarla en una pared para realizar tareas de vigilancia perimetral, donde aporta una cobertura perfecta de 180\u00b0. Correcci\u00f3n de la deformaci\u00f3n (dewarping) La lente captura una imagen circular. Con nuestro software para corregir la deformaci\u00f3n, esta imagen circular se transforma en diversas vistas rectangulares sin distorsi\u00f3n. Para facilitar la integraci\u00f3n del sistema, puede optar por corregir la deformaci\u00f3n de los bordes dentro de la c\u00e1mara o hacerlo en el lado cliente, sobre una plataforma externa. El Video Security Client de Bosch disponible gratuitamente ofrece funciones avanzadas de correcci\u00f3n de la deformaci\u00f3n (dewarping) en el cliente.<\/p>\n<p>&nbsp;<\/p>\n<\/div>\n<\/div>\n<hr class=\"padding-bottom-2x\" \/>\n<div class=\"row align-items-center padding-bottom-2x\">\n<div class=\"col-md-5\"><img decoding=\"async\" class=\"d-block m-auto img-thumbnail\" src=\"https:\/\/tvc.mx\/media\/191974\/Sin-t%C3%ADtulo-10ZZXZ.png\" alt=\" \" \/><\/div>\n<div class=\"col-md-7 text-md-left text-center\">\n<h2>Caracter\u00edsticas y Especificaciones<\/h2>\n<p class=\"text-muted\">\n<p class=\"ql-align-justify\">Ventajas de la vigilancia panor\u00e1mica<\/p>\n<p class=\"ql-align-justify\">La vigilancia panor\u00e1mica ofrece una cobertura completa de 180\u00b0 o 360\u00b0 del \u00e1rea designada. Dado que nuestras c\u00e1maras panor\u00e1micas abarcan toda el \u00e1rea, permiten mantener la atenci\u00f3n sobre la escena y son ideales para seguir el movimiento durante un barrido continuo.<\/p>\n<p class=\"ql-align-justify\">Estas c\u00e1maras panor\u00e1micas aumentan notablemente la funcionalidad de los sistemas de vigilancia de gama alta, sobre todo cuando se asocian a Intelligent Video Analytics, por ejemplo, para el recuento de personas o para la activaci\u00f3n de alarmas basadas en reglas complejas. Intelligent Video Analytics monitoriza continuamente el c\u00edrculo completo de imagen de modo que es posible recibir las alarmas incluso mientras se hace zoom sobre una zona particular.<\/p>\n<p class=\"ql-align-justify\">Sensor 12 MP a 30 ips La resoluci\u00f3n de alt\u00edsima definici\u00f3n del sensor de 12 MP, junto con elevad\u00edsima velocidad de im\u00e1genes de 30 ips, hacen de esta c\u00e1mara un producto \u00fanico en el \u00e1mbito de la captura de im\u00e1genes panor\u00e1micas. El movimiento es m\u00e1s fluido y la funci\u00f3n de E\u2011PTZ permite obtener im\u00e1genes m\u00e1s detalladas. La resoluci\u00f3n efectiva es de 8 MP para la versi\u00f3n de 180\u00b0 y 7 MP para la versi\u00f3n de 360\u00b0. Video Analytics El sistema detecta objetos, realiza su seguimiento y los analiza de forma fiable y, a continuaci\u00f3n, notifica la activaci\u00f3n de las alarmas predefinidas. Mediante un conjunto inteligente de reglas de alarma, facilita las tareas complejas y reduce al m\u00ednimo las falsas alarmas. Video Analytics a\u00f1ade sentido y estructura a su v\u00eddeo al a\u00f1adir metadatos. Los metadatos se generan a partir del c\u00edrculo completo de la imagen y tambi\u00e9n de forma independiente en el canal E-PTZ. Esto permite recuperar r\u00e1pidamente las im\u00e1genes pertinentes de horas de grabaci\u00f3n de v\u00eddeo almacenadas. Los metadatos tambi\u00e9n se pueden usar para proporcionar pruebas periciales irrefutables o para optimizar los procesos empresariales en funci\u00f3n de los datos de recuento de personas o de densidad de multitudes. Visi\u00f3n panor\u00e1mica e Intelligent Video Analytics La c\u00e1mara utiliza la \u00faltima generaci\u00f3n del software Intelligent Video Analytics de Bosch. Este software, junto con la visi\u00f3n panor\u00e1mica completa, proporciona una herramienta de vigilancia muy potente que enriquece la atenci\u00f3n sobre la escena general. Gracias al sistema Intelligent Tracking, es posible seguir el movimiento de forma continua por todo el c\u00edrculo de la imagen.<\/p>\n<p class=\"ql-align-justify\">No es necesario trasladar el sistema de seguimiento de una c\u00e1mara a otra, lo que simplifica notablemente el an\u00e1lisis del movimiento. MOTION+ El sistema de an\u00e1lisis de movimiento por v\u00eddeo MOTION+ integrado en todas las versiones de la c\u00e1mara es la soluci\u00f3n perfecta para aplicaciones en las que se requieren funciones b\u00e1sicas de an\u00e1lisis de contenido de v\u00eddeo. El sistema MOTION+ muestra los metadatos del movimiento en una pantalla superpuesta. Cuando se utilizan los datos de MOTION + como entrada, gracias a los algoritmos m\u00e1s inteligentes de creaci\u00f3n de im\u00e1genes se obtiene una imagen mejorada y tasas de bits m\u00e1s eficaces. Tambi\u00e9n ampl\u00eda las funciones de detecci\u00f3n de sabotajes. Correcci\u00f3n de deformaci\u00f3n en el lado cliente Con el software de correcci\u00f3n de la deformaci\u00f3n en el lado cliente, la c\u00e1mara transmite una \u00fanica imagen circular sin correcci\u00f3n de deformaci\u00f3n a 30 ips. La correcci\u00f3n de la deformaci\u00f3n se lleva a cabo mediante nuestro software de correcci\u00f3n de la deformaci\u00f3n, que est\u00e1 instalado en el PC donde hay disponibles varios modos de vista, o bien puede optar por utilizar una soluci\u00f3n de software de correcci\u00f3n de deformaci\u00f3n en el lado cliente de terceros. Correcci\u00f3n de la deformaci\u00f3n en la c\u00e1mara (edge dewarping) El sistema de correcci\u00f3n de la deformaci\u00f3n de bordes en la c\u00e1mara proporciona tres canales de v\u00eddeo distintos simult\u00e1neamente a 12,5 ips:<\/p>\n<p class=\"ql-align-justify\">\u2022 C\u00edrculo completo de imagen (canal 1 de v\u00eddeo)<\/p>\n<p class=\"ql-align-justify\">\u2022 Modo de visualizaci\u00f3n con correcci\u00f3n de deformaci\u00f3n (canal 2 de v\u00eddeo)<\/p>\n<p class=\"ql-align-justify\">\u2022 E-PTZ (canal 3 de v\u00eddeo) Es posible seleccionar modos de visualizaci\u00f3n diferentes para el canal 2 de v\u00eddeo.<\/p>\n<p class=\"ql-align-justify\">La selecci\u00f3n depender\u00e1 de la resoluci\u00f3n necesaria y de c\u00f3mo se desee ver la imagen con correcci\u00f3n de la deformaci\u00f3n.<\/p>\n<p>&nbsp;<\/p>\n<\/div>\n<\/div>\n<hr class=\"padding-bottom-2x\" \/>\n<div class=\"row align-items-center padding-bottom-2x\">\n<div class=\"col-md-5 order-md-2\"><img decoding=\"async\" class=\"d-block m-auto img-thumbnail\" src=\"https:\/\/tvc.mx\/media\/191978\/Sin-t%C3%ADtulo-110.png\" alt=\" \" \/><\/div>\n<div class=\"col-md-7 order-md-1 text-md-left text-center\">\n<h2>Modos de vista<\/h2>\n<p class=\"text-muted\">\n<p>Los siguientes modos de vista se pueden seleccionar a 12,5 ips con correcci\u00f3n de la deformaci\u00f3n de bordes o a 30 ips con nuestro sistema de correcci\u00f3n de la deformaci\u00f3n en el lado cliente. Con la versi\u00f3n con lente de 180\u00b0, se puede seleccionar uno de los modos de visualizaci\u00f3n siguientes para el segundo canal:<\/p>\n<p>&nbsp;<\/p>\n<\/div>\n<\/div>\n<hr class=\"padding-bottom-2x\" \/>\n<div class=\"row align-items-center padding-bottom-2x\">\n<div class=\"col-md-5\"><img decoding=\"async\" class=\"d-block m-auto img-thumbnail\" src=\"https:\/\/tvc.mx\/media\/191982\/Sin-t%C3%ADtulo-120.png\" alt=\" \" \/><\/div>\n<div class=\"col-md-7 text-md-left text-center\">\n<h2>lente 360\u00b0<\/h2>\n<p class=\"text-muted\">\n<p>Con la versi\u00f3n con lente de 360\u00b0, seleccione uno de los modos de visualizaci\u00f3n siguientes para el segundo canal.<\/p>\n<\/div>\n<\/div>\n","protected":false},"excerpt":{"rendered":"<p>FLEXIDOME IP panoramic 7000 &#8211; EXTERIOR Sensor 12 MP\/30 ips para detalles precisos con movimiento fluido Correcci\u00f3n de deformaci\u00f3n de bordes o en el lado cliente para facilitar la integraci\u00f3n Intelligent Video Analytics integrado para activar las alertas relevantes y recuperar los datos de forma&hellip;<\/p>\n","protected":false},"featured_media":7427,"comment_status":"open","ping_status":"closed","template":"","meta":{"om_disable_all_campaigns":false,"_monsterinsights_skip_tracking":false,"_monsterinsights_sitenote_active":false,"_monsterinsights_sitenote_note":"","_monsterinsights_sitenote_category":0},"product_brand":[],"product_cat":[667],"product_tag":[613,611,612,616,615,610,614,617],"class_list":{"0":"post-7428","1":"product","2":"type-product","3":"status-publish","4":"has-post-thumbnail","6":"product_cat-panoramicas-180","7":"product_tag-bosch","8":"product_tag-manhattan","9":"product_tag-saxxon","10":"product_tag-surveon","11":"product_tag-utepo","12":"product_tag-videovigilancia","13":"product_tag-vivotek","14":"product_tag-zteco","16":"first","17":"instock","18":"sale","19":"taxable","20":"shipping-taxable","21":"purchasable","22":"product-type-simple"},"aioseo_notices":[],"_links":{"self":[{"href":"https:\/\/tecsecmty.com\/index.php\/wp-json\/wp\/v2\/product\/7428","targetHints":{"allow":["GET"]}}],"collection":[{"href":"https:\/\/tecsecmty.com\/index.php\/wp-json\/wp\/v2\/product"}],"about":[{"href":"https:\/\/tecsecmty.com\/index.php\/wp-json\/wp\/v2\/types\/product"}],"replies":[{"embeddable":true,"href":"https:\/\/tecsecmty.com\/index.php\/wp-json\/wp\/v2\/comments?post=7428"}],"version-history":[{"count":0,"href":"https:\/\/tecsecmty.com\/index.php\/wp-json\/wp\/v2\/product\/7428\/revisions"}],"wp:featuredmedia":[{"embeddable":true,"href":"https:\/\/tecsecmty.com\/index.php\/wp-json\/wp\/v2\/media\/7427"}],"wp:attachment":[{"href":"https:\/\/tecsecmty.com\/index.php\/wp-json\/wp\/v2\/media?parent=7428"}],"wp:term":[{"taxonomy":"product_brand","embeddable":true,"href":"https:\/\/tecsecmty.com\/index.php\/wp-json\/wp\/v2\/product_brand?post=7428"},{"taxonomy":"product_cat","embeddable":true,"href":"https:\/\/tecsecmty.com\/index.php\/wp-json\/wp\/v2\/product_cat?post=7428"},{"taxonomy":"product_tag","embeddable":true,"href":"https:\/\/tecsecmty.com\/index.php\/wp-json\/wp\/v2\/product_tag?post=7428"}],"curies":[{"name":"wp","href":"https:\/\/api.w.org\/{rel}","templated":true}]}}