{"id":743,"date":"2023-02-15T21:33:24","date_gmt":"2023-02-15T21:33:24","guid":{"rendered":"https:\/\/tecsecmty.com\/index.php\/producto\/bala-turbohd-5-megapixel-lente-2-8-mm-4-tecnologias-tvi-ahd-cvi-cvbs-40-mts-ir-exir-exterior-ip67-dwdr\/"},"modified":"2023-03-22T23:20:39","modified_gmt":"2023-03-23T05:20:39","slug":"bala-turbohd-5-megapixel-lente-2-8-mm-4-tecnologias-tvi-ahd-cvi-cvbs-40-mts-ir-exir-exterior-ip67-dwdr","status":"publish","type":"product","link":"https:\/\/tecsecmty.com\/index.php\/producto\/bala-turbohd-5-megapixel-lente-2-8-mm-4-tecnologias-tvi-ahd-cvi-cvbs-40-mts-ir-exir-exterior-ip67-dwdr\/","title":{"rendered":"Bala TURBOHD 5 Megapixel \/ Lente 2.8 mm \/ 4 Tecnologias (TVI \/ AHD \/ CVI \/ CVBS) \/ 40 mts IR EXIR \/ Exterior IP67 \/ dWDR"},"content":{"rendered":"<div class=\"container\">\n<div class=\"row\">\n<div class=\"col-md-12\">\n<div class=\"row\">\n<div class=\"row\">\n<div class=\"col-md-12\">\n<h4 class=\"text-primary center info-text\" style=\"text-align: center\">Informaci\u00f3n de Producto<\/h4>\n<\/div>\n<\/div>\n<div class=\"row\" style=\"text-align: center\">\n<div class=\"col-md-12\">\n<h3>Bala TURBOHD 5 Megapixel \/ Lente 2.8 mm \/ 4 Tecnolog\u00edas (TVI \/ AHD \/ CVI \/ CVBS) \/ 40 mts IR EXIR \/ Exterior IP67 \/ dWDR<\/h3>\n<\/div>\n<\/div>\n<div id=\"producto_container\" class=\"row\" style=\"text-align: center\">\n<div class=\"col-md-4\"><img decoding=\"async\" class=\"img-responsive center-block\" src=\"https:\/\/ftp3.syscom.mx\/usuarios\/fotos\/BancoFotografiasSyscom\/HIKVISION\/DS2CE16H0TIT3F(C)\/DS2CE16H0TIT3F(C)-p.PNG\" alt=\"DS-2CE16H0T-IT3F(C)\" \/><\/p>\n<div class=\"row\">\n<div id=\"galerias\" class=\"col-sm-12\"><\/div>\n<\/div>\n<\/div>\n<div class=\"col-md-4\">\n<div><img decoding=\"async\" class=\"img-responsive img-thumbnail\" src=\"https:\/\/ftp3.syscom.mx\/usuarios\/fotos\/logotipos\/hikvision.png\" \/><\/div>\n<div><img decoding=\"async\" class=\"icono_info_product\" src=\"https:\/\/ftp3.syscom.mx\/usuarios\/fotos\/t_4.png?v=1543017237?v=1543542402?v=1.04\" \/><img decoding=\"async\" class=\"icono_info_product\" src=\"https:\/\/ftp3.syscom.mx\/usuarios\/fotos\/5mp\/5mp.png?v=1.04\" \/><img decoding=\"async\" class=\"icono_info_product\" src=\"https:\/\/ftp3.syscom.mx\/usuarios\/fotos\/ultraexir.png?v=1542822132?v=1.04\" \/><\/div>\n<div>\n<p>Modelo:\u00a0<span class=\"modelo-marca\">DS-2CE16H0T-IT3F(C)<\/span><\/p>\n<p>Marca:\u00a0<span class=\"modelo-marca\">HIKVISION<\/span><\/p>\n<\/div>\n<div>\n<h2 class=\"no_margin_top\"><\/h2>\n<\/div>\n<\/div>\n<\/div>\n<\/div>\n<div class=\"row \" style=\"text-align: center\">\n<div class=\"col-md-12\">\n<div class=\"row\">\n<h3 class=\"text-primary\">Especificaciones:<\/h3>\n<\/div>\n<div class=\"row well\">\n<p><img decoding=\"async\" class=\"fr-fic fr-dii\" src=\"https:\/\/ftp3.syscom.mx\/usuarios\/jsosa\/HIKVISION\/imagenes\/logo\/hikvision%20see%20far.png\" \/><\/p>\n<p>&nbsp;<\/p>\n<p><strong><img decoding=\"async\" class=\"fr-fic fr-dii\" src=\"http:\/\/ftp3.syscom.mx\/usuarios\/anavarrete\/Noe\/imagen1.png\" \/><\/strong><\/p>\n<p>&nbsp;<\/p>\n<p>&nbsp;<\/p>\n<div class=\"row\">\n<div class=\"col-sm-6\">\n<div><strong>Caracter\u00edsticas principales:<\/strong><\/p>\n<ul>\n<li>Resoluci\u00f3n m\u00e1xima: 2560 x 1944 (5 Megapixel)<\/li>\n<li>Permite seleccionar la resolucion entre 5 Megapixel \/ 4 Megapixel \/ 2 Megapixel.<\/li>\n<li>Iluminaci\u00f3n m\u00ednima: 0.01\u00a0Lux @ (F1.2, AGC ON, 0 Lux con IR.<\/li>\n<li>Lente fijo: 2.8 mm (angulo de apertura 85\u00ba).<\/li>\n<li>40 mts IR EXIR (visi\u00f3n nocturna).<\/li>\n<li>Soporta 4 tecnolog\u00edas seleccionables (TVI \/ AHD \/ CVI \/ CVBS ).<\/li>\n<li>Funciones: dWDR \/ BLC \/ AGC.<\/li>\n<li><span data-sheets-value=\"{&quot;1&quot;:2,&quot;2&quot;:&quot;El cambio de tecnolog\u00eda (TVI-AHD-CVBS-CVI) se puede realizar \u00fanicamente cuando la c\u00e1mara est\u00e1 en su resoluci\u00f3n m\u00e1xima, no se puede cambiar la tecnolog\u00eda si la c\u00e1mara no esta en su resoluci\u00f3n m\u00e1xima.&quot;}\" data-sheets-userformat=\"{&quot;2&quot;:6659,&quot;3&quot;:{&quot;1&quot;:0},&quot;4&quot;:{&quot;1&quot;:2,&quot;2&quot;:16777215},&quot;12&quot;:0,&quot;14&quot;:{&quot;1&quot;:2,&quot;2&quot;:2236962},&quot;15&quot;:&quot;Arial, Helvetica, sans-serif&quot;}\">El cambio de tecnolog\u00eda (TVI-AHD-CVBS-CVI) se puede realizar \u00fanicamente cuando la c\u00e1mara est\u00e1 en su resoluci\u00f3n m\u00e1xima, no se puede cambiar la tecnolog\u00eda si la c\u00e1mara no esta en su resoluci\u00f3n m\u00e1xima.<\/span><\/li>\n<\/ul>\n<\/div>\n<\/div>\n<div class=\"col-sm-6\">\n<div><strong>Caracter\u00edsticas F\u00edsicas y El\u00e9ctricas:<\/strong><\/p>\n<ul>\n<li>Temperatura de operaci\u00f3n: -40\u00baC a 60\u00baC.<\/li>\n<li>Alimentaci\u00f3n: 12 Vcc \/ 4.3\u00a0Watts.<\/li>\n<li>Protecci\u00f3n: Interior \/ Exterior IP67.<\/li>\n<li>Fabricado en material de metal con policarbonato.<\/li>\n<li>Dimensiones: 78.9 x 75.4 x 184.9 mm.<\/li>\n<li>Peso: 304 grs.<\/li>\n<li>Garant\u00eda: 2 a\u00f1os.<\/li>\n<\/ul>\n<p><strong>Accesorios:<\/strong><\/p>\n<ul>\n<li>Caja de conexiones, modelo:\u00a0<a href=\"https:\/\/www.syscom.mx\/producto\/DS-1280ZJ-XS-HIKVISION-84491.html\" target=\"_blank\" rel=\"noopener\">DS-1280ZJ-XS<\/a><\/li>\n<\/ul>\n<\/div>\n<\/div>\n<\/div>\n<div class=\"row\">\n<div class=\"col-sm-12\"><\/div>\n<\/div>\n<h1><\/h1>\n<h1><strong>Recursos<\/strong><\/h1>\n<p>&nbsp;<\/p>\n<div class=\"row default_margin_bottom\">\n<div class=\"col-sm-4\"><a href=\"https:\/\/www.hikvision.com\/es-la\/support\/download\/software\/ivms4200-series\/?q=serie%20ivms4200&amp;position=1\" target=\"_blank\" rel=\"noopener\"><img decoding=\"async\" class=\"img-responsive\" src=\"https:\/\/ftp3.syscom.mx\/usuarios\/gmagos\/HIK\/IP\/IPC\/Imagenes%20pagina\/Descargas%20IVMS4200.jpg\" \/><\/a><\/div>\n<div class=\"col-sm-4\"><a href=\"https:\/\/appstore.hikvision.com\/\" target=\"_blank\" rel=\"noopener\"><img decoding=\"async\" class=\"img-responsive\" src=\"https:\/\/ftp3.syscom.mx\/usuarios\/gmagos\/HIK\/IP\/IPC\/Imagenes%20pagina\/Descargas%20de%20app.jpg\" \/><\/a><\/div>\n<div class=\"col-sm-4\"><a href=\"https:\/\/ftp3.syscom.mx\/usuarios\/ftp\/2019\/11\/25\/c2c00\/_DS-2CE16H0T-IT3F(C)__1.05_PDF2-TEST_en-US_20190702.PDF\" target=\"_blank\" rel=\"noopener\"><img decoding=\"async\" class=\"img-responsive\" src=\"https:\/\/ftp3.syscom.mx\/usuarios\/gmagos\/HIK\/IP\/IPC\/Imagenes%20pagina\/Descarga%20de%20PDF.jpg\" \/><\/a><\/div>\n<\/div>\n<p>&nbsp;<\/p>\n<\/div>\n<\/div>\n<\/div>\n<\/div>\n<\/div>\n<\/div>\n<p><img decoding=\"async\" class=\"aligncenter\" src=\"https:\/\/tracker.metricool.com\/c3po.jpg?hash=95c94f37730bb8f54dd4308f1f878f9\" \/><\/p>\n","protected":false},"excerpt":{"rendered":"<p>Informaci\u00f3n de Producto Bala TURBOHD 5 Megapixel \/ Lente 2.8 mm \/ 4 Tecnolog\u00edas (TVI \/ AHD \/ CVI \/ CVBS) \/ 40 mts IR EXIR \/ Exterior IP67 \/ dWDR Modelo:\u00a0DS-2CE16H0T-IT3F(C) Marca:\u00a0HIKVISION Especificaciones: &nbsp; &nbsp; &nbsp; Caracter\u00edsticas principales: Resoluci\u00f3n m\u00e1xima: 2560 x 1944 (5&hellip;<\/p>\n","protected":false},"featured_media":1348,"comment_status":"open","ping_status":"closed","template":"","meta":{"om_disable_all_campaigns":false,"_monsterinsights_skip_tracking":false,"_monsterinsights_sitenote_active":false,"_monsterinsights_sitenote_note":"","_monsterinsights_sitenote_category":0},"product_brand":[],"product_cat":[41],"product_tag":[42,43,38,37],"class_list":{"0":"post-743","1":"product","2":"type-product","3":"status-publish","4":"has-post-thumbnail","6":"product_cat-bala","7":"product_tag-camaras","8":"product_tag-camaras-bala","9":"product_tag-camaras-de-seguridad","10":"product_tag-hikvision","12":"first","13":"instock","14":"taxable","15":"shipping-taxable","16":"product-type-simple"},"aioseo_notices":[],"_links":{"self":[{"href":"https:\/\/tecsecmty.com\/index.php\/wp-json\/wp\/v2\/product\/743","targetHints":{"allow":["GET"]}}],"collection":[{"href":"https:\/\/tecsecmty.com\/index.php\/wp-json\/wp\/v2\/product"}],"about":[{"href":"https:\/\/tecsecmty.com\/index.php\/wp-json\/wp\/v2\/types\/product"}],"replies":[{"embeddable":true,"href":"https:\/\/tecsecmty.com\/index.php\/wp-json\/wp\/v2\/comments?post=743"}],"version-history":[{"count":1,"href":"https:\/\/tecsecmty.com\/index.php\/wp-json\/wp\/v2\/product\/743\/revisions"}],"predecessor-version":[{"id":1347,"href":"https:\/\/tecsecmty.com\/index.php\/wp-json\/wp\/v2\/product\/743\/revisions\/1347"}],"wp:featuredmedia":[{"embeddable":true,"href":"https:\/\/tecsecmty.com\/index.php\/wp-json\/wp\/v2\/media\/1348"}],"wp:attachment":[{"href":"https:\/\/tecsecmty.com\/index.php\/wp-json\/wp\/v2\/media?parent=743"}],"wp:term":[{"taxonomy":"product_brand","embeddable":true,"href":"https:\/\/tecsecmty.com\/index.php\/wp-json\/wp\/v2\/product_brand?post=743"},{"taxonomy":"product_cat","embeddable":true,"href":"https:\/\/tecsecmty.com\/index.php\/wp-json\/wp\/v2\/product_cat?post=743"},{"taxonomy":"product_tag","embeddable":true,"href":"https:\/\/tecsecmty.com\/index.php\/wp-json\/wp\/v2\/product_tag?post=743"}],"curies":[{"name":"wp","href":"https:\/\/api.w.org\/{rel}","templated":true}]}}