{"id":7430,"date":"2023-02-23T16:11:42","date_gmt":"2023-02-23T22:11:42","guid":{"rendered":"https:\/\/tecsecmty.com\/index.php\/producto\/bosch-v_nfn70122f1a-camara-domo-panoramica-flexidome-ip-panoramic-7000-ic-12mp-angulo-de-vision-180-grados\/"},"modified":"2023-03-22T23:22:03","modified_gmt":"2023-03-23T05:22:03","slug":"bosch-v_nfn70122f1a-camara-domo-panoramica-flexidome-ip-panoramic-7000-ic-12mp-angulo-de-vision-180-grados","status":"publish","type":"product","link":"https:\/\/tecsecmty.com\/index.php\/producto\/bosch-v_nfn70122f1a-camara-domo-panoramica-flexidome-ip-panoramic-7000-ic-12mp-angulo-de-vision-180-grados\/","title":{"rendered":"BOSCH V_NFN70122F1A- CAMARA DOMO PANORAMICA \/ FLEXIDOME IP PANORAMIC 7000 IC\/ 12MP ANGULO DE VISION 180 GRADOS"},"content":{"rendered":"<h5 class=\"card-title text-center\">FLEXIDOME IP panoramic 7000 IC 180\u00ba<\/h5>\n<p class=\"ql-align-justify\"><strong>Esta c\u00e1mara discreta y con dise\u00f1o elegante se pueden instalar encastrada en la pared o en el techo. La cubierta embellecedora se puede pintar f\u00e1cilmente y se integra a la perfecci\u00f3n en casi cualquier entorno.\u00a0<\/strong>El sensor de 12 MP que funciona a 30 ips proporciona una vigilancia panor\u00e1mica total con un \u00e1rea de cobertura completa, detalles precisos y altas velocidades. La c\u00e1mara permite mantener la atenci\u00f3n sobre la escena y proporciona vistas E-PTZ simult\u00e1neas en alta resoluci\u00f3n.<\/p>\n<p class=\"ql-align-justify\"><strong>Versiones<\/strong><\/p>\n<p class=\"ql-align-justify\">La versi\u00f3n en 360\u00b0 de la c\u00e1mara, cuando se monta de forma central en el techo, permite obtener una cobertura total de pared a pared. La versi\u00f3n en 180\u00b0 tiene una resoluci\u00f3n m\u00e1s efectiva y es ideal para su montaje en pared o en los techos de pasillos.<\/p>\n<p class=\"ql-align-justify\"><strong>Correcci\u00f3n de la deformaci\u00f3n (dewarping)<\/strong><\/p>\n<p class=\"ql-align-justify\">La lente captura una imagen circular. Con nuestro software para corregir la deformaci\u00f3n, esta imagen circular se transforma en diversas vistas rectangulares sin distorsi\u00f3n. Para facilitar la integraci\u00f3n del sistema, puede optar por corregir la deformaci\u00f3n de los bordes dentro de la c\u00e1mara o hacerlo en el lado cliente, sobre una plataforma externa. El Video Security Client de Bosch disponible gratuitamente ofrece funciones avanzadas de correcci\u00f3n de la deformaci\u00f3n (dewarping) en el cliente.<\/p>\n<p class=\"ql-align-justify\"><strong>Resumen del sistema<\/strong><\/p>\n<p class=\"ql-align-justify\"><strong>Ventajas de la vigilancia panor\u00e1mica<\/strong><\/p>\n<p class=\"ql-align-justify\">La vigilancia panor\u00e1mica ofrece una cobertura completa de 180\u00b0 o 360\u00b0 del \u00e1rea designada. Dado que nuestras c\u00e1maras panor\u00e1micas abarcan toda el \u00e1rea, permiten mantener la atenci\u00f3n sobre la escena y son ideales para seguir el movimiento durante un barrido continuo.<\/p>\n<p class=\"ql-align-justify\">Estas c\u00e1maras panor\u00e1micas aumentan notablemente la funcionalidad de los sistemas de vigilancia de gama alta, sobre todo cuando se asocian a Intelligent Video Analytics, por ejemplo, para el recuento de personas o para la activaci\u00f3n de alarmas basadas en reglas complejas. Intelligent Video Analytics monitoriza continuamente el c\u00edrculo completo de imagen de modo que es posible recibir las alarmas incluso mientras se hace zoom sobre una zona particular.<\/p>\n<p class=\"ql-align-justify\"><strong>Funciones b\u00e1sicas<\/strong><\/p>\n<p class=\"ql-align-justify\"><strong>Sensor 12 MP a 30 ips<\/strong><\/p>\n<p class=\"ql-align-justify\">La resoluci\u00f3n de alt\u00edsima definici\u00f3n del sensor de 12 MP, junto con elevad\u00edsima velocidad de im\u00e1genes de 30 ips, hacen de esta c\u00e1mara un producto \u00fanico en el \u00e1mbito de la captura de im\u00e1genes panor\u00e1micas. El movimiento es m\u00e1s fluido y la funci\u00f3n de E\u2011PTZ permite obtener im\u00e1genes m\u00e1s detalladas. La resoluci\u00f3n efectiva es de 8 MP para la versi\u00f3n de 180\u00b0 y 7 MP para la versi\u00f3n de 360\u00b0.<\/p>\n<p class=\"ql-align-justify\"><strong>Visi\u00f3n panor\u00e1mica e Intelligent Video Analytics<\/strong><\/p>\n<p class=\"ql-align-justify\">La c\u00e1mara utiliza la \u00faltima generaci\u00f3n del software de anal\u00edtica inteligente de v\u00eddeo (IVA, Intelligent Video Analytics) de Bosch. El IVA, junto con la visi\u00f3n panor\u00e1mica completa, proporciona una herramienta de vigilancia muy potente que enriquece la atenci\u00f3n sobre la escena general. Gracias al sistema Intelligent Tracking, es posible seguir el movimiento de forma continua por todo el c\u00edrculo de la imagen. No hay necesidad de trasladar el sistema de seguimiento de una c\u00e1mara a otra, lo que simplifica notablemente el an\u00e1lisis del movimiento. El sistema detecta objetos, realiza su seguimiento y los analiza de forma fiable y, a continuaci\u00f3n, notifica la activaci\u00f3n de las alarmas predefinidas. Mediante un conjunto inteligente de reglas de alarma, facilita las tareas complejas y reduce al m\u00ednimo las falsas alarmas. Intelligent Video Analytics tambi\u00e9n a\u00f1ade sentido y estructura al v\u00eddeo utilizando metadatos.<\/p>\n<p class=\"ql-align-justify\">Los metadatos se generan a partir del c\u00edrculo completo de la imagen y tambi\u00e9n de forma independiente en el canal E-PTZ. Esto permite recuperar r\u00e1pidamente las im\u00e1genes pertinentes de horas de grabaci\u00f3n de v\u00eddeo almacenadas. Los metadatos tambi\u00e9n se pueden usar para proporcionar pruebas periciales irrefutables o para optimizar los procesos empresariales en funci\u00f3n de los datos de recuento de personas o de densidad de multitudes.<\/p>\n<p class=\"ql-align-justify\"><strong>Correcci\u00f3n de deformaci\u00f3n en el lado cliente<\/strong><\/p>\n<p class=\"ql-align-justify\">Con el software de correcci\u00f3n de la deformaci\u00f3n en el lado cliente, la c\u00e1mara transmite una \u00fanica imagen circular sin correcci\u00f3n de deformaci\u00f3n a 30 ips. La correcci\u00f3n de la deformaci\u00f3n se lleva a cabo mediante nuestro software de correcci\u00f3n de la deformaci\u00f3n, que est\u00e1 instalado en el PC donde hay disponibles varios modos de vista, o bien puede optar por utilizar una soluci\u00f3n de software de correcci\u00f3n de deformaci\u00f3n en el lado cliente de terceros.<\/p>\n<p class=\"ql-align-justify\"><strong>Correcci\u00f3n de la deformaci\u00f3n en la c\u00e1mara (edge dewarping)<\/strong><\/p>\n<p class=\"ql-align-justify\">El sistema de correcci\u00f3n de la deformaci\u00f3n de bordes en la c\u00e1mara proporciona tres canales de v\u00eddeo distintos simult\u00e1neamente a 12,5 ips:<\/p>\n<ul>\n<li class=\"ql-align-justify\">C\u00edrculo completo de imagen (canal 1 de v\u00eddeo).<\/li>\n<li class=\"ql-align-justify\">Modo de visualizaci\u00f3n con correcci\u00f3n de deformaci\u00f3n (canal 2 de v\u00eddeo).<\/li>\n<li class=\"ql-align-justify\">E-PTZ (canal 3 de v\u00eddeo) Es posible seleccionar modos de visualizaci\u00f3n diferentes para el canal 2 de v\u00eddeo. La selecci\u00f3n depender\u00e1 de la resoluci\u00f3n necesaria y de c\u00f3mo se desee ver la imagen con correcci\u00f3n de la deformaci\u00f3n.<\/li>\n<\/ul>\n<p class=\"ql-align-justify\"><strong>E-PTZ y regiones de inter\u00e9s<\/strong><\/p>\n<p class=\"ql-align-justify\">Los controles remotos de E-PTZ (giro, inclinaci\u00f3n y zoom electr\u00f3nicos) le permiten seleccionar zonas espec\u00edficas del c\u00edrculo completo de la imagen. Estas regiones de inter\u00e9s (ROI) se pueden definir f\u00e1cilmente, lo que permite supervisar por separado la parte m\u00e1s interesante de una escena. Gracias a la alta resoluci\u00f3n se evita la p\u00e9rdida de detalles incluso cuando se utiliza el zoom electr\u00f3nico. La funci\u00f3n E-PTZ de una c\u00e1mara panor\u00e1mica tiene determinadas ventajas respecto a las c\u00e1maras PTZ normales. No existe movimiento de la c\u00e1mara, de modo que no llama la atenci\u00f3n sobre s\u00ed misma ni parece intrusiva. Se mantiene la atenci\u00f3n sobre la escena general incluso cuando se aplica zoom a un determinado objeto de inter\u00e9s. La funci\u00f3n fluida de EPTZ facilita la navegaci\u00f3n y existen los mismos valores prestablecidos que en las c\u00e1maras PTZ normales.<\/p>\n<p class=\"ql-align-justify\"><strong>Grabe exactamente lo que desea<\/strong><\/p>\n<p class=\"ql-align-justify\">La c\u00e1mara proporciona una imagen circular con resoluci\u00f3n total que permite grabar incluso aunque solo est\u00e9 visualizando una parte de la escena. Esto significa que siempre puede llevar a cabo una correcci\u00f3n de la deformaci\u00f3n retrospectiva y un an\u00e1lisis sobre toda el \u00e1rea cubierta y, a continuaci\u00f3n, acercar la imagen de la regi\u00f3n u objeto de inter\u00e9s. Con la correcci\u00f3n de la deformaci\u00f3n de los bordes tambi\u00e9n puede optar por grabar solamente las partes relevantes de una determinada escena, lo que ayuda a reducir notablemente las tasas de bits.<\/p>\n<p class=\"ql-align-justify\"><strong>Intelligent Dynamic Noise Reduction<\/strong><\/p>\n<p class=\"ql-align-justify\">En las escenas tranquilas, en las que hay poco o ning\u00fan movimiento, se requiere una tasa de bits inferior. Al separar de manera inteligente el ruido de la informaci\u00f3n importante, la Intelligent Dynamic Noise Reduction permite reducir la tasa de bits hasta un 50 %. Debido a que el ruido se reduce en el origen durante la captura de una imagen, una tasa de bits inferior no pone en riesgo la calidad del v\u00eddeo. Intelligent Dynamic Noise Reduction ajusta el filtrado espacial y temporal (3DNR) mediante el an\u00e1lisis inteligente del contenido de la escena. El filtrado temporal con compensaci\u00f3n de movimiento (MCTF) permite reducir el desenfoque de objetos en movimiento que se asocia normalmente al filtrado temporal est\u00e1ndar. Esto mantiene la calidad de la imagen de los objetos que se mueven deprisa y, al mismo tiempo, se optimiza la tasa de bits.<\/p>\n<p class=\"ql-align-justify\"><strong>Codificaci\u00f3n basada en zonas<\/strong><\/p>\n<p class=\"ql-align-justify\">La codificaci\u00f3n basada en zonas es otra funci\u00f3n que reduce el ancho de banda. Se pueden ajustar par\u00e1metros de compresi\u00f3n para un m\u00e1ximo de ocho zonas configurables por el usuario. Esto permite realizar una alta compresi\u00f3n de las zonas de poco inter\u00e9s, dejando m\u00e1s ancho de banda para las partes importantes de la escena. La codificaci\u00f3n basada en el \u00e1rea solo est\u00e1 disponible con la correcci\u00f3n de la deformaci\u00f3n en el lado cliente.<\/p>\n<p class=\"ql-align-justify\"><strong>Intelligent Auto Exposure<\/strong><\/p>\n<p class=\"ql-align-justify\">Las fluctuaciones de luz trasera o contraluz y luz delantera pueden arruinar sus im\u00e1genes. Para conseguir una imagen perfecta en cualquier situaci\u00f3n, 4 | FLEXIDOME IP panoramic 7000 IC la Intelligent Auto Exposure permite ajustar autom\u00e1ticamente la exposici\u00f3n de la c\u00e1mara. Ofrece una excelente compensaci\u00f3n de la luz delantera y una incre\u00edble compensaci\u00f3n de contraluz mediante la adaptaci\u00f3n autom\u00e1tica a las condiciones cambiantes de iluminaci\u00f3n.<\/p>\n<p class=\"ql-align-justify\"><strong>Modos de escena<\/strong><\/p>\n<p class=\"ql-align-justify\">La c\u00e1mara tiene una interfaz de usuario muy intuitiva que facilita y agiliza la configuraci\u00f3n. Dispone de nueve modos configurables con los mejores ajustes para una gran variedad de aplicaciones. Se pueden seleccionar modos de escena diferentes para situaciones de noche o de d\u00eda.<\/p>\n<p class=\"ql-align-justify\"><strong>Gesti\u00f3n de almacenamiento<\/strong><\/p>\n<p class=\"ql-align-justify\">La gesti\u00f3n de grabaciones se puede controlar con el Bosch Video Recording Manager (Video Recording Manager) o bien la c\u00e1mara puede utilizar destinos iSCSI directamente, sin software de grabaci\u00f3n.<\/p>\n<p class=\"ql-align-justify\"><strong>Grabaci\u00f3n de forma local<\/strong><\/p>\n<p class=\"ql-align-justify\">Inserte una tarjeta de memoria en la ranura para tarjeta para almacenar una grabaci\u00f3n con alarma local de hasta 2 TB. La grabaci\u00f3n previa a la alarma en la RAM reduce el ancho de banda de grabaci\u00f3n en la red y ampl\u00eda la vida efectiva de la tarjeta de red.<\/p>\n<p class=\"ql-align-justify\"><strong>Software de visualizaci\u00f3n completa<\/strong><\/p>\n<p class=\"ql-align-justify\">Existen muchas maneras de acceder a las funciones de la c\u00e1mara: con un navegador web, con el Bosch Video Management System, con los sistemas Bosch Video Client o Video Security Client gratuitos, con la aplicaci\u00f3n m\u00f3vil de seguridad por v\u00eddeo o a trav\u00e9s de software de otros fabricantes. El Video Security Client dispone de amplias capacidades de dewarping en el cliente, as\u00ed como de modos disponibles para la visualizaci\u00f3n.<\/p>\n<p class=\"ql-align-justify\"><strong>Integraci\u00f3n de sistemas<\/strong><\/p>\n<p class=\"ql-align-justify\">La c\u00e1mara cumple con las especificaciones de ONVIF Profile S. El cumplimiento de estos est\u00e1ndares garantiza la interoperabilidad entre productos de v\u00eddeo en red con independencia del fabricante. Los integradores de otros fabricantes pueden acceder f\u00e1cilmente al conjunto de funciones internas de la c\u00e1mara para su integraci\u00f3n en proyectos de gran envergadura. Visite el sitio web del programa de socios Bosch Integration Partner Program (IPP) (ipp.boschsecurity.com) para obtener m\u00e1s informaci\u00f3n.<\/p>\n<p class=\"ql-align-justify\"><strong>Nota: FLEXIDOME IP panoramic 7000 IC\u00a0<\/strong><\/p>\n<p class=\"ql-align-justify\"><strong>C\u00e1mara con sensor de 12 MP de alto rendimiento para montaje encastrado con una cubierta embellecedora que se puede pintar para conseguir una vigilancia panor\u00e1mica inteligente discreta. Intelligent Video Analytics Lente de 180\u00b0.<\/strong><\/p>\n<p class=\"ql-align-justify\"><strong>N\u00famero de pedido: NFN-70122-F1A<\/strong><\/p>\n<p class=\"ql-align-justify\"><strong>Principales caracter\u00edsticas<\/strong><\/p>\n<ul>\n<li class=\"ql-align-justify\">Sensor 12 MP\/30 ips para detalles precisos con movimiento fluido.<\/li>\n<li class=\"ql-align-justify\">Correcci\u00f3n de deformaci\u00f3n de bordes o en el lado cliente para facilitar la integraci\u00f3n.<\/li>\n<li class=\"ql-align-justify\">Descripci\u00f3n general de Intelligent Video Analytics en panor\u00e1mica completa.<\/li>\n<li class=\"ql-align-justify\">Dise\u00f1o discreto y elegante para montaje encastrado en techo.<\/li>\n<li class=\"ql-align-justify\">Cubierta embellecedora que se puede pintar f\u00e1cilmente para una instalaci\u00f3n discreta.<\/li>\n<\/ul>\n<p class=\"ql-align-justify\"><strong>Especificaciones<\/strong><\/p>\n<p class=\"ql-align-justify\"><strong>Alimentaci\u00f3n<\/strong><\/p>\n<ul>\n<li class=\"ql-align-justify\">Fuente de alimentaci\u00f3n Alimentaci\u00f3n por Ethernet de 48 V CC nominales.<\/li>\n<li class=\"ql-align-justify\">PoE IEEE 802.3af (802.3at tipo 1).<\/li>\n<li class=\"ql-align-justify\">Intensidad de corriente (PoE) 200 mA m\u00e1x.<\/li>\n<\/ul>\n<p class=\"ql-align-justify\"><strong>Sensor<\/strong><\/p>\n<ul>\n<li class=\"ql-align-justify\">Escriba CMOS de 1\/2.3 pulg.<\/li>\n<li class=\"ql-align-justify\">N\u00famero total de p\u00edxeles del sensor 12 MP.<\/li>\n<li class=\"ql-align-justify\">P\u00edxeles utilizados (versi\u00f3n de 180\u00b0) 3648 x 2160 (8 MP).<\/li>\n<li class=\"ql-align-justify\">P\u00edxeles utilizados (versi\u00f3n de 360\u00b0) 2640 x 2640 (7 MP).<\/li>\n<\/ul>\n<p class=\"ql-align-justify\"><strong>Rendimiento de v\u00eddeo \u2013 Sensibilidad \u2013 lente de 360\u00b0<\/strong><\/p>\n<p class=\"ql-align-justify\"><strong>(3100 K, reflectividad 89 %, F2.8, 30IRE<\/strong>)<\/p>\n<ul>\n<li class=\"ql-align-justify\">Color 0.55 lx.<\/li>\n<li class=\"ql-align-justify\">Monocromo 0.18 lx.<\/li>\n<\/ul>\n<p class=\"ql-align-justify\"><strong>Rendimiento de v\u00eddeo \u2013 Sensibilidad \u2013 lente de 180\u00b0<\/strong><\/p>\n<p class=\"ql-align-justify\"><strong>(3100 K, reflectividad 89 %, F2.8, 30IRE)<\/strong><\/p>\n<ul>\n<li class=\"ql-align-justify\">Color 0.46 lx.<\/li>\n<li class=\"ql-align-justify\">Monocromo 0.15 lx.<\/li>\n<\/ul>\n<p class=\"ql-align-justify\"><strong>Flujo de v\u00eddeo<\/strong><\/p>\n<ul>\n<li class=\"ql-align-justify\">Compresi\u00f3n de v\u00eddeo H.264 (MP); M-JPEG.<\/li>\n<li class=\"ql-align-justify\">Flujo de v\u00eddeo M\u00faltiples flujos configurables en H.264 y M- -JPEG con velocidad de im\u00e1genes y ancho de banda personalizables. Varios canales con correcci\u00f3n de la deformaci\u00f3n de los bordes. Regiones de inter\u00e9s (ROI).<\/li>\n<li class=\"ql-align-justify\">Retardo de IP absoluto M\u00edn. 120 ms; m\u00e1x. 340 ms.<\/li>\n<li class=\"ql-align-justify\">Intervalo de codificaci\u00f3n De 1 a 25 [30] ips.<\/li>\n<li class=\"ql-align-justify\">Regiones de codificador Ocho \u00e1reas independientes para definir la calidad del codificador y, de este modo, optimizar la tasa de bits.<\/li>\n<\/ul>\n<p class=\"ql-align-justify\"><strong>Resoluci\u00f3n de v\u00eddeo (H x V) &#8211; Versi\u00f3n de 180\u00b0<\/strong><\/p>\n<ul>\n<li class=\"ql-align-justify\">Canal 1 de v\u00eddeo C\u00edrculo de imagen 3640 x 2160.<\/li>\n<li class=\"ql-align-justify\">Canal 2 de v\u00eddeo Panor\u00e1mica 2688 x 800, E-PTZ 2048 x 1152 y Pasillo 1600 x 1200.<\/li>\n<li class=\"ql-align-justify\">Canal 3 de v\u00eddeo E-PTZ 1.280 x 720.<\/li>\n<\/ul>\n<p class=\"ql-align-justify\"><strong>Funciones de v\u00eddeo &#8211; ALC<\/strong><\/p>\n<ul>\n<li class=\"ql-align-justify\">Obturador Obturador electr\u00f3nico autom\u00e1tico (AES); Obturador fijo (de 1\/25[30] a 1\/15.000) seleccionable; Obturador por defecto.<\/li>\n<li class=\"ql-align-justify\">D\u00eda\/Noche Auto (puntos de conmutaci\u00f3n ajustables), color, monocromo.<\/li>\n<\/ul>\n<p class=\"ql-align-justify\"><strong>An\u00e1lisis de contenido v\u00eddeo<\/strong><\/p>\n<ul>\n<li class=\"ql-align-justify\">Tipo de an\u00e1lisis Intelligent Video Analytics (IVA).<\/li>\n<li class=\"ql-align-justify\">Configuraciones VCA silencioso \/ perfil1\/2 \/ programado \/ activado por evento.<\/li>\n<li class=\"ql-align-justify\">Normas de alarma (combinable) Cualquier objeto Objeto en campo Cruce de l\u00ednea Entrar o salir del campo de visi\u00f3n Merodeando Seguir ruta Objeto inactivo o eliminado Recuento Ocupaci\u00f3n Estimaci\u00f3n de densidad de multitud Cambio de condici\u00f3n B\u00fasqueda de similitud Flujo \/ contraflujo.<\/li>\n<li class=\"ql-align-justify\">Filtros de objeto Duraci\u00f3n Tama\u00f1o Relaci\u00f3n de aspecto Velocidad Direcci\u00f3n Color Clases de objetos (4).<\/li>\n<li class=\"ql-align-justify\">Modos de seguimiento Seguimiento est\u00e1ndar (2D) Seguimiento en 3D Seguimiento de personas en 3D Seguimiento de barcos Museum mode.<\/li>\n<li class=\"ql-align-justify\">Calibraci\u00f3n \/ geolocalizaci\u00f3n Autom\u00e1tico en funci\u00f3n de los datos de giro\/ aceler\u00f3metro y de la altura de la c\u00e1mara.<\/li>\n<li class=\"ql-align-justify\">Detecci\u00f3n de sabotajes Se puede enmascarar.<\/li>\n<\/ul>\n<p class=\"ql-align-justify\"><strong>Funciones adicionales<\/strong><\/p>\n<ul>\n<li class=\"ql-align-justify\">Modos de escena Nueve modos predeterminados, planificador.<\/li>\n<li class=\"ql-align-justify\">M\u00e1scara de privacidad Ocho \u00e1reas independientes y completamente programables.<\/li>\n<li class=\"ql-align-justify\">Autenticaci\u00f3n de v\u00eddeo Desactivado \/ Marca de agua \/ MD5 \/ SHA-1 \/ SHA-256.<\/li>\n<li class=\"ql-align-justify\">Mostrar texto Nombre; logotipo; hora; mensaje de alarma Contador de p\u00edxeles \u00c1rea seleccionable.<\/li>\n<\/ul>\n<p class=\"ql-align-justify\"><strong>Almacenamiento local<\/strong><\/p>\n<ul>\n<li class=\"ql-align-justify\">RAM interna Grabaci\u00f3n previa a la alarma de 10 s.<\/li>\n<li class=\"ql-align-justify\">Ranura para tarjeta de memoria Admite tarjetas microSDHC de hasta 32 GB\/ microSDXC de hasta 2 TB. (Se recomienda una tarjeta SD de clase 6 o posterior para la grabaci\u00f3n HD).<\/li>\n<li class=\"ql-align-justify\">Grabaci\u00f3n continua, grabaci\u00f3n circular. Grabaci\u00f3n de alarma, eventos y planificaci\u00f3n.<\/li>\n<\/ul>\n<p class=\"ql-align-justify\"><strong>Software<\/strong><\/p>\n<ul>\n<li class=\"ql-align-justify\">Detecci\u00f3n de la unidad IP Helper.<\/li>\n<li class=\"ql-align-justify\">Configuraci\u00f3n de la unidad A trav\u00e9s de un navegador web o del Configuration Manager Actualizaci\u00f3n de firmware Programable de forma remota.<\/li>\n<li class=\"ql-align-justify\">Visualizaci\u00f3n de software Navegador web; Video Security Client; Video Security App; Bosch Video Management System; Bosch Video Client; o software de otros fabricantes.<\/li>\n<li class=\"ql-align-justify\">Firmware y software m\u00e1s recientes http:\/\/downloadstore.boschsecurity.com\/<\/li>\n<\/ul>\n<p class=\"ql-align-justify\"><strong>Red<\/strong><\/p>\n<ul>\n<li class=\"ql-align-justify\">Protocolos IPv4, IPv6, UDP, TCP, HTTP, HTTPS, RTP\/ RTCP, IGMP V2\/V3, ICMP, ICMPv6, RTSP, FTP, Telnet, ARP, DHCP, APIPA (Auto-IP, link local address), NTP (SNTP), SNMP (V1, MIB- -II), 802.1x, DNS, DNSv6, DDNS (DynDNS.org, selfHOST.de, no-ip.com), SMTP, iSCSI, UPnP (SSDP), DiffServ (QoS), LLDP, SOAP, Dropbox, CHAP, digest authentication.<\/li>\n<li class=\"ql-align-justify\">Codificaci\u00f3n TLS 1.2, SSL, DES, 3DES Ethernet 10\/100 Base-T, detecci\u00f3n autom\u00e1tica, d\u00faplex completo\/semid\u00faplex.<\/li>\n<li class=\"ql-align-justify\">Conectividad Auto-MDIX.<\/li>\n<li class=\"ql-align-justify\">Interoperabilidad ONVIF Profile S; GB\/T 28181.<\/li>\n<\/ul>\n<p class=\"ql-align-justify\"><strong>Mec\u00e1nicas<\/strong><\/p>\n<ul>\n<li class=\"ql-align-justify\">Dimensiones de la c\u00e1mara \u00d8195 x 68,2 mm (7,68 x 2,68 pulg.)<\/li>\n<li class=\"ql-align-justify\">Dimensiones del perfil empotrado \u00d8195 x 7 mm (7,68 x 0,28 pulg.)<\/li>\n<li class=\"ql-align-justify\">Peso 761 g (1,68 libras).<\/li>\n<\/ul>\n<p class=\"ql-align-justify\"><strong>Ambientales<\/strong><\/p>\n<ul>\n<li class=\"ql-align-justify\">Temperatura de funcionamiento: De -20 \u00b0C a +40 \u00b0C (de -4 \u00b0F a +104 \u00b0F).<\/li>\n<li class=\"ql-align-justify\">Temperatura de almacenamiento: De -20 \u00b0C a +60 \u00b0C (de -4 \u00b0F a +140 \u00b0F).<\/li>\n<li class=\"ql-align-justify\">Humedad en funcionamiento: Del 20% al 93% de humedad relativa.<\/li>\n<li class=\"ql-align-justify\">Humedad en almacenamiento: Hasta el 98% de humedad relativa.<\/li>\n<\/ul>\n<p><img decoding=\"async\" class=\"overview-center-img-web\" src=\"https:\/\/tvc.mx\/media\/32799\/Logoopaginas-oficial-1920x400.png\" alt=\"\" \/><\/p>\n","protected":false},"excerpt":{"rendered":"<p>FLEXIDOME IP panoramic 7000 IC 180\u00ba Esta c\u00e1mara discreta y con dise\u00f1o elegante se pueden instalar encastrada en la pared o en el techo. La cubierta embellecedora se puede pintar f\u00e1cilmente y se integra a la perfecci\u00f3n en casi cualquier entorno.\u00a0El sensor de 12 MP&hellip;<\/p>\n","protected":false},"featured_media":7429,"comment_status":"open","ping_status":"closed","template":"","meta":{"om_disable_all_campaigns":false,"_monsterinsights_skip_tracking":false,"_monsterinsights_sitenote_active":false,"_monsterinsights_sitenote_note":"","_monsterinsights_sitenote_category":0},"product_brand":[],"product_cat":[667],"product_tag":[613,611,612,616,615,610,614,617],"class_list":{"0":"post-7430","1":"product","2":"type-product","3":"status-publish","4":"has-post-thumbnail","6":"product_cat-panoramicas-180","7":"product_tag-bosch","8":"product_tag-manhattan","9":"product_tag-saxxon","10":"product_tag-surveon","11":"product_tag-utepo","12":"product_tag-videovigilancia","13":"product_tag-vivotek","14":"product_tag-zteco","16":"first","17":"instock","18":"sale","19":"taxable","20":"shipping-taxable","21":"purchasable","22":"product-type-simple"},"aioseo_notices":[],"_links":{"self":[{"href":"https:\/\/tecsecmty.com\/index.php\/wp-json\/wp\/v2\/product\/7430","targetHints":{"allow":["GET"]}}],"collection":[{"href":"https:\/\/tecsecmty.com\/index.php\/wp-json\/wp\/v2\/product"}],"about":[{"href":"https:\/\/tecsecmty.com\/index.php\/wp-json\/wp\/v2\/types\/product"}],"replies":[{"embeddable":true,"href":"https:\/\/tecsecmty.com\/index.php\/wp-json\/wp\/v2\/comments?post=7430"}],"version-history":[{"count":0,"href":"https:\/\/tecsecmty.com\/index.php\/wp-json\/wp\/v2\/product\/7430\/revisions"}],"wp:featuredmedia":[{"embeddable":true,"href":"https:\/\/tecsecmty.com\/index.php\/wp-json\/wp\/v2\/media\/7429"}],"wp:attachment":[{"href":"https:\/\/tecsecmty.com\/index.php\/wp-json\/wp\/v2\/media?parent=7430"}],"wp:term":[{"taxonomy":"product_brand","embeddable":true,"href":"https:\/\/tecsecmty.com\/index.php\/wp-json\/wp\/v2\/product_brand?post=7430"},{"taxonomy":"product_cat","embeddable":true,"href":"https:\/\/tecsecmty.com\/index.php\/wp-json\/wp\/v2\/product_cat?post=7430"},{"taxonomy":"product_tag","embeddable":true,"href":"https:\/\/tecsecmty.com\/index.php\/wp-json\/wp\/v2\/product_tag?post=7430"}],"curies":[{"name":"wp","href":"https:\/\/api.w.org\/{rel}","templated":true}]}}