{"id":7432,"date":"2023-02-23T16:11:44","date_gmt":"2023-02-23T22:11:44","guid":{"rendered":"https:\/\/tecsecmty.com\/index.php\/producto\/bosch-v_nin70122f1-camara-ip-domo-fisheye-interior-12-megapixeles-vision-hemisferica-180-poe-idnr\/"},"modified":"2023-03-22T23:22:04","modified_gmt":"2023-03-23T05:22:04","slug":"bosch-v_nin70122f1-camara-ip-domo-fisheye-interior-12-megapixeles-vision-hemisferica-180-poe-idnr","status":"publish","type":"product","link":"https:\/\/tecsecmty.com\/index.php\/producto\/bosch-v_nin70122f1-camara-ip-domo-fisheye-interior-12-megapixeles-vision-hemisferica-180-poe-idnr\/","title":{"rendered":"BOSCH V_NIN70122F1 &#8211; Camara IP domo FISHEYE interior 12 megapixeles \/ Vision hemisferica 180 \/ PoE \/ IDNR"},"content":{"rendered":"<h5 class=\"card-title text-center\">FLEXIDOME IP panoramic 7000 MP<\/h5>\n<p class=\"ql-align-justify\"><strong>La FLEXIDOME IP panoramic 7000 MP es una c\u00e1mara de dise\u00f1o plano discreta y est\u00e9tica para uso en interiores. El sensor de 12 MP que funciona a 30 ips<\/strong>\u00a0proporciona una vigilancia panor\u00e1mica completa con un \u00e1rea de cobertura completa, detalles precisos y altas velocidades. La c\u00e1mara permite mantener la atenci\u00f3n sobre la escena y proporciona vistas<strong>\u00a0E-PTZ\u00a0<\/strong>simult\u00e1neas en alta resoluci\u00f3n.\u00a0<strong>Versiones<\/strong><\/p>\n<p class=\"ql-align-justify\"><strong>La versi\u00f3n en 360\u00b0 de la c\u00e1mara<\/strong>, cuando se monta de forma central en el techo, permite obtener una cobertura total de pared a pared.\u00a0<strong>La versi\u00f3n en 180\u00b0 tiene una resoluci\u00f3n<\/strong>\u00a0m\u00e1s efectiva y es ideal para su montaje en pared o en los techos de pasillos.<\/p>\n<p class=\"ql-align-justify\"><strong>Correcci\u00f3n de la deformaci\u00f3n (dewarping)<\/strong><\/p>\n<p class=\"ql-align-justify\">La lente captura una imagen circular. Con nuestro software para corregir la deformaci\u00f3n, esta imagen circular se transforma en diversas vistas rectangulares sin distorsi\u00f3n. Para facilitar la integraci\u00f3n del sistema, puede optar por corregir la deformaci\u00f3n de los bordes dentro de la c\u00e1mara o hacerlo en el lado cliente, sobre una plataforma externa.\u00a0<strong>El Video Security Client de Bosch<\/strong>\u00a0disponible gratuitamente ofrece funciones avanzadas de correcci\u00f3n de la deformaci\u00f3n (dewarping) en el cliente.<\/p>\n<p class=\"ql-align-justify\"><strong>Resumen del sistema<\/strong><\/p>\n<p class=\"ql-align-justify\"><strong>Ventajas de la vigilancia panor\u00e1mica<\/strong><\/p>\n<p class=\"ql-align-justify\">La vigilancia panor\u00e1mica ofrece una cobertura completa de 180\u00b0 o 360\u00b0 del \u00e1rea designada. Dado que nuestras c\u00e1maras panor\u00e1micas abarcan toda el \u00e1rea, permiten mantener la atenci\u00f3n sobre la escena y son ideales para seguir el movimiento durante un barrido continuo.<\/p>\n<p class=\"ql-align-justify\">Estas c\u00e1maras panor\u00e1micas aumentan notablemente la funcionalidad de los sistemas de vigilancia de gama alta, sobre todo cuando se asocian a\u00a0<strong>Intelligent Video Analytics<\/strong>, por ejemplo, para el recuento de personas o para la activaci\u00f3n de alarmas basadas en reglas complejas.<strong>\u00a0Intelligent Video Analytics<\/strong>\u00a0monitoriza continuamente el c\u00edrculo completo de imagen de modo que es posible recibir las alarmas incluso mientras se hace zoom sobre una zona particular.<\/p>\n<p class=\"ql-align-justify\"><strong>Funciones b\u00e1sicas<\/strong><\/p>\n<p class=\"ql-align-justify\"><strong>Sensor 12 MP a 30 ips<\/strong><\/p>\n<p class=\"ql-align-justify\"><strong>La resoluci\u00f3n de alt\u00edsima definici\u00f3n del sensor de 12 MP<\/strong>, junto con elevad\u00edsima velocidad de im\u00e1genes de<strong>\u00a030 ips<\/strong>, hacen de esta c\u00e1mara un producto \u00fanico en el \u00e1mbito de la captura de im\u00e1genes panor\u00e1micas. El movimiento es m\u00e1s fluido y la funci\u00f3n de E\u2011PTZ permite obtener im\u00e1genes m\u00e1s detalladas.\u00a0<strong>La resoluci\u00f3n efectiva es de 8 MP para la versi\u00f3n de 180\u00b0 y 7 MP para la versi\u00f3n de 360\u00b0.<\/strong><\/p>\n<p class=\"ql-align-justify\"><strong>Essential Video Analytics<\/strong><\/p>\n<p class=\"ql-align-justify\">El an\u00e1lisis de v\u00eddeo integrado refuerza el concepto de \u00abinteligencia en origen\u00bb y proporciona ahora funciones a\u00fan m\u00e1s potentes.\u00a0<strong>Essential Video Analytics<\/strong>\u00a0resulta ideal para su uso en entornos controlados con intervalos de detecci\u00f3n limitada.<\/p>\n<p class=\"ql-align-justify\"><strong>Visi\u00f3n panor\u00e1mica e Intelligent Video Analytics<\/strong><\/p>\n<p class=\"ql-align-justify\"><strong>La c\u00e1mara utiliza la \u00faltima generaci\u00f3n del software de anal\u00edtica inteligente de v\u00eddeo (IVA, Intelligent Video Analytics) de Bosch.<\/strong>\u00a0El IVA, junto con la visi\u00f3n panor\u00e1mica completa, proporciona una herramienta de vigilancia muy potente que enriquece la atenci\u00f3n sobre la escena general. Gracias al sistema\u00a0<strong>Intelligent Tracking<\/strong>, es posible seguir el movimiento de forma continua por todo el c\u00edrculo de la imagen. No hay necesidad de trasladar el sistema de seguimiento de una c\u00e1mara a otra, lo que simplifica notablemente el an\u00e1lisis del movimiento. El sistema detecta objetos, realiza su seguimiento y los analiza de forma fiable y, a continuaci\u00f3n, notifica la activaci\u00f3n de las alarmas predefinidas. Mediante un conjunto inteligente de reglas de alarma, facilita las tareas complejas y reduce al m\u00ednimo las falsas alarmas.<\/p>\n<p class=\"ql-align-justify\"><strong>MOTION+<\/strong><\/p>\n<p class=\"ql-align-justify\">El sistema de an\u00e1lisis de movimiento por v\u00eddeo\u00a0<strong>MOTION+\u00a0<\/strong>integrado en todas las versiones de la c\u00e1mara es la soluci\u00f3n perfecta para aplicaciones en las que se requieren funciones b\u00e1sicas de an\u00e1lisis de contenido de v\u00eddeo. El sistema MOTION+ muestra los metadatos del movimiento en una pantalla superpuesta. Cuando se utilizan los datos de MOTION + como entrada, gracias a los algoritmos m\u00e1s inteligentes de creaci\u00f3n de im\u00e1genes se obtiene una imagen mejorada y tasas de bits m\u00e1s eficaces. Tambi\u00e9n ampl\u00eda las funciones de detecci\u00f3n de sabotajes.<\/p>\n<p class=\"ql-align-justify\"><strong>Correcci\u00f3n de deformaci\u00f3n en el lado cliente<\/strong><\/p>\n<p class=\"ql-align-justify\">Con el software de correcci\u00f3n de la deformaci\u00f3n en el lado cliente, la c\u00e1mara transmite una \u00fanica imagen circular sin correcci\u00f3n de deformaci\u00f3n a\u00a0<strong>30 ips<\/strong>. La correcci\u00f3n de la deformaci\u00f3n se lleva a cabo mediante nuestro software de correcci\u00f3n de la deformaci\u00f3n, que est\u00e1 instalado en el PC donde hay disponibles varios modos de vista, o bien puede optar por utilizar una soluci\u00f3n de software de correcci\u00f3n de deformaci\u00f3n en el lado cliente de terceros.<\/p>\n<p class=\"ql-align-justify\"><strong>Correcci\u00f3n de la deformaci\u00f3n en la c\u00e1mara (edge dewarping)<\/strong><\/p>\n<p class=\"ql-align-justify\">El sistema de correcci\u00f3n de la deformaci\u00f3n de bordes en la c\u00e1mara proporciona tres canales de v\u00eddeo distintos simult\u00e1neamente a 12,5 ips:<\/p>\n<ul>\n<li class=\"ql-align-justify\">C\u00edrculo completo de imagen (canal 1 de v\u00eddeo).<\/li>\n<li class=\"ql-align-justify\">Modo de visualizaci\u00f3n con correcci\u00f3n de deformaci\u00f3n (canal 2 de v\u00eddeo).<\/li>\n<li class=\"ql-align-justify\">E-PTZ (canal 3 de v\u00eddeo).<\/li>\n<\/ul>\n<p class=\"ql-align-justify\">Es posible seleccionar modos de visualizaci\u00f3n diferentes para el canal 2 de v\u00eddeo. La selecci\u00f3n depender\u00e1 de la resoluci\u00f3n necesaria y de c\u00f3mo se desee ver la imagen con correcci\u00f3n de la deformaci\u00f3n.<\/p>\n<p class=\"ql-align-justify\"><strong>E-PTZ y regiones de inter\u00e9s<\/strong><\/p>\n<p class=\"ql-align-justify\">Los controles remotos de<strong>\u00a0E-PTZ (giro, inclinaci\u00f3n y zoom electr\u00f3nicos)<\/strong>\u00a0le permiten seleccionar zonas espec\u00edficas del c\u00edrculo completo de la imagen. Estas regiones de inter\u00e9s\u00a0<strong>(ROI)<\/strong>\u00a0se pueden definir f\u00e1cilmente, lo que permite supervisar por separado la parte m\u00e1s interesante de una escena. Gracias a la alta resoluci\u00f3n se evita la p\u00e9rdida de detalles incluso cuando se utiliza el zoom electr\u00f3nico. La funci\u00f3n E-PTZ de una c\u00e1mara panor\u00e1mica tiene determinadas ventajas respecto a las c\u00e1maras\u00a0<strong>PTZ<\/strong>\u00a0normales. No existe movimiento de la c\u00e1mara, de modo que no llama la atenci\u00f3n sobre s\u00ed misma ni parece intrusiva. Se mantiene la atenci\u00f3n sobre la escena general incluso cuando se aplica zoom a un determinado objeto de inter\u00e9s. La funci\u00f3n fluida de\u00a0<strong>EPTZ<\/strong>\u00a0facilita la navegaci\u00f3n y existen los mismos valores prestablecidos que en las c\u00e1maras PTZ normales.<\/p>\n<p class=\"ql-align-justify\"><strong>Intelligent Auto Exposure<\/strong><\/p>\n<p class=\"ql-align-justify\">Las fluctuaciones de luz trasera o contraluz y luz delantera pueden arruinar sus im\u00e1genes. Para conseguir una imagen perfecta en cualquier situaci\u00f3n, la Intelligent Auto Exposure permite ajustar autom\u00e1ticamente la exposici\u00f3n de la c\u00e1mara. Ofrece una excelente compensaci\u00f3n de la luz delantera y una incre\u00edble compensaci\u00f3n de contraluz mediante la adaptaci\u00f3n autom\u00e1tica a las condiciones cambiantes de iluminaci\u00f3n.<\/p>\n<p class=\"ql-align-justify\"><strong>Micr\u00f3fono incorporado y alarma ac\u00fastica<\/strong><\/p>\n<p class=\"ql-align-justify\">La c\u00e1mara dispone de un micr\u00f3fono integrado para que los operadores puedan escuchar el \u00e1rea supervisada. Se puede utilizar la detecci\u00f3n de audio para generar una alarma, en caso de necesidad. Si as\u00ed lo exige la legislaci\u00f3n local, es posible bloquear permanentemente el micr\u00f3fono mediante una clave de licencia segura.<\/p>\n<p class=\"ql-align-justify\"><strong>Gesti\u00f3n de almacenamiento<\/strong><\/p>\n<p class=\"ql-align-justify\">La gesti\u00f3n de grabaciones se puede controlar con e<strong>l Bosch Video Recording Manager (Video Recording Manager)<\/strong>\u00a0o bien la c\u00e1mara puede utilizar destinos<strong>\u00a0iSCSI<\/strong>\u00a0directamente, sin software de grabaci\u00f3n.<\/p>\n<p class=\"ql-align-justify\"><strong>Grabaci\u00f3n de forma local<\/strong><\/p>\n<p class=\"ql-align-justify\"><strong>Inserte una tarjeta de memoria en la ranura para tarjeta para almacenar una grabaci\u00f3n con alarma local de hasta 2 TB.<\/strong>\u00a0La grabaci\u00f3n previa a la alarma en la\u00a0<strong>RAM<\/strong>\u00a0reduce el ancho de banda de grabaci\u00f3n en la red y ampl\u00eda la vida efectiva de la tarjeta de red.<\/p>\n<p class=\"ql-align-justify\"><strong>Software de visualizaci\u00f3n completa<\/strong><\/p>\n<p class=\"ql-align-justify\">Existen muchas maneras de acceder a las funciones de la c\u00e1mara: con un navegador web, con el\u00a0<strong>Bosch Video Management System, con los sistemas Bosch Video Client o Video Security Client\u00a0<\/strong>gratuitos, con la aplicaci\u00f3n m\u00f3vil de seguridad por v\u00eddeo o a trav\u00e9s de software de otros fabricantes.<strong>\u00a0El Video Security Client<\/strong>\u00a0dispone de amplias capacidades de dewarping en el cliente, as\u00ed como de modos disponibles para la visualizaci\u00f3n.<\/p>\n<p class=\"ql-align-justify\"><strong>Integraci\u00f3n de sistemas<\/strong><\/p>\n<p class=\"ql-align-justify\"><strong>La c\u00e1mara cumple con las especificaciones de ONVIF Profile S.<\/strong>\u00a0El cumplimiento de estos est\u00e1ndares garantiza la interoperabilidad entre productos de v\u00eddeo en red con independencia del fabricante. Los integradores de otros fabricantes pueden acceder f\u00e1cilmente al conjunto de funciones internas de la c\u00e1mara para su integraci\u00f3n en proyectos de gran envergadura.\u00a0<strong>Visite el sitio web del programa de socios Bosch Integration Partner Program (IPP) (ipp.boschsecurity.com) para obtener m\u00e1s informaci\u00f3n.<\/strong><\/p>\n<p class=\"ql-align-justify\"><strong>Nota: FLEXIDOME IP panoramic 7000 MP<\/strong><\/p>\n<p class=\"ql-align-justify\"><strong>C\u00e1mara de dise\u00f1o plano con sensor 12 MP de alto rendimiento para vigilancia panor\u00e1mica inteligente Lente de 180\u00b0 Essential Video Analytics.<\/strong><\/p>\n<p class=\"ql-align-justify\"><strong>N\u00famero de pedido: NIN-70122-F1.<\/strong><\/p>\n<p class=\"ql-align-justify\"><strong>Principales\u00a0<\/strong><strong>caracter\u00edsticas<\/strong><\/p>\n<ul>\n<li class=\"ql-align-justify\">Sensor 12 MP\/30 ips para detalles precisos con movimiento fluido.<\/li>\n<li class=\"ql-align-justify\">Correcci\u00f3n de deformaci\u00f3n de bordes o en el lado cliente para facilitar la integraci\u00f3n.<\/li>\n<li class=\"ql-align-justify\">Descripci\u00f3n general de Intelligent Video Analytics en panor\u00e1mica completa.<\/li>\n<li class=\"ql-align-justify\">Dise\u00f1o plano, discreto y est\u00e9tico.<\/li>\n<li class=\"ql-align-justify\">Instalaci\u00f3n sencilla mediante giro y clic.<\/li>\n<\/ul>\n<p class=\"ql-align-justify\"><strong>Especificaciones<\/strong><\/p>\n<p class=\"ql-align-justify\"><strong>Alimentaci\u00f3n<\/strong><\/p>\n<ul>\n<li class=\"ql-align-justify\">Fuente de alimentaci\u00f3n Alimentaci\u00f3n por Ethernet de 48 V CC nominales.<\/li>\n<li class=\"ql-align-justify\">Consumo de energ\u00eda 140 mA 200 mA (versi\u00f3n de Intelligent Video Analytics).<\/li>\n<li class=\"ql-align-justify\">PoE IEEE 802.3af (802.3at tipo 1).<\/li>\n<\/ul>\n<p class=\"ql-align-justify\"><strong>Sensor<\/strong><\/p>\n<ul>\n<li class=\"ql-align-justify\">Escriba CMOS de 1\/2.3 pulg.<\/li>\n<li class=\"ql-align-justify\">N\u00famero total de p\u00edxeles del sensor 12 MP.<\/li>\n<li class=\"ql-align-justify\">P\u00edxeles utilizados (versi\u00f3n de 180\u00b0) 3648 x 2160 (8 MP).<\/li>\n<li class=\"ql-align-justify\">P\u00edxeles utilizados (versi\u00f3n de 360\u00b0) 2640 x 2640 (7 MP).<\/li>\n<\/ul>\n<p class=\"ql-align-justify\"><strong>Rendimiento de v\u00eddeo \u2013 Sensibilidad \u2013 lente de 360\u00b0<\/strong><\/p>\n<p class=\"ql-align-justify\"><strong>(3100 K, reflectividad 89 %, F2.8, 30IRE)<\/strong><\/p>\n<ul>\n<li class=\"ql-align-justify\">Color 0.55 lx.<\/li>\n<li class=\"ql-align-justify\">Monocromo 0.18 lx.<\/li>\n<\/ul>\n<p class=\"ql-align-justify\"><strong>Rendimiento de v\u00eddeo \u2013 Sensibilidad \u2013 lente de 180\u00b0<\/strong><\/p>\n<p class=\"ql-align-justify\"><strong>(3100 K, reflectividad 89 %, F2.8, 30IRE)<\/strong><\/p>\n<ul>\n<li class=\"ql-align-justify\">Color 0.46 lx.<\/li>\n<li class=\"ql-align-justify\">Monocromo 0.15 lx.<\/li>\n<\/ul>\n<p class=\"ql-align-justify\"><strong>Flujo de v\u00eddeo<\/strong><\/p>\n<ul>\n<li class=\"ql-align-justify\">Compresi\u00f3n de v\u00eddeo H.264 (MP); M-JPEG.<\/li>\n<li class=\"ql-align-justify\">Flujo de v\u00eddeo M\u00faltiples flujos configurables en H.264 y M- -JPEG con velocidad de im\u00e1genes y ancho de banda personalizables.<\/li>\n<li class=\"ql-align-justify\">Varios canales con correcci\u00f3n de la deformaci\u00f3n de los bordes. Regiones de inter\u00e9s (ROI).<\/li>\n<li class=\"ql-align-justify\">Retardo de IP absoluto M\u00edn. 120 ms; m\u00e1x. 340 m.<\/li>\n<li class=\"ql-align-justify\">Intervalo de codificaci\u00f3n De 1 a 25 [30] ips.<\/li>\n<li class=\"ql-align-justify\">Regiones de codificador Ocho \u00e1reas independientes para definir la calidad del codificador y, de este modo, optimizar la tasa de bits.<\/li>\n<\/ul>\n<p class=\"ql-align-justify\"><strong>Resoluci\u00f3n de v\u00eddeo (H x V) &#8211; Versi\u00f3n de 180\u00b0<\/strong><\/p>\n<p class=\"ql-align-justify\"><strong>Canal 1 de v\u00eddeo<\/strong><\/p>\n<ul>\n<li class=\"ql-align-justify\">C\u00edrculo de imagen 3640 x 2160.<\/li>\n<\/ul>\n<p class=\"ql-align-justify\"><strong>Canal 2 de v\u00eddeo<\/strong><\/p>\n<ul>\n<li class=\"ql-align-justify\">Panor\u00e1mica 2688 x 800 E-PTZ 2048 x 1152.<\/li>\n<li class=\"ql-align-justify\">Pasillo 1600 x 1200.<\/li>\n<\/ul>\n<p class=\"ql-align-justify\"><strong>Canal 3 de v\u00eddeo<\/strong><\/p>\n<ul>\n<li class=\"ql-align-justify\">E-PTZ 1.280 x 720.<\/li>\n<\/ul>\n<p class=\"ql-align-justify\"><strong>Resoluci\u00f3n de v\u00eddeo (H x V) &#8211; Versi\u00f3n de 360\u00b0<\/strong><\/p>\n<p class=\"ql-align-justify\"><strong>Canal 1 de v\u00eddeo<\/strong><\/p>\n<ul>\n<li class=\"ql-align-justify\">C\u00edrculo completo de imagen 2640 x 2640.<\/li>\n<\/ul>\n<p class=\"ql-align-justify\"><strong>Canal 2 de v\u00eddeo<\/strong><\/p>\n<ul>\n<li class=\"ql-align-justify\">Panor\u00e1mica completa 3584 x 504.<\/li>\n<li class=\"ql-align-justify\">E-PTZ 1536 x 864.<\/li>\n<li class=\"ql-align-justify\">Cu\u00e1druple 1536 x 864.<\/li>\n<li class=\"ql-align-justify\">Panor\u00e1mica 2688 x 800.<\/li>\n<li class=\"ql-align-justify\">Panor\u00e1mica doble 1920 x 1080.<\/li>\n<li class=\"ql-align-justify\">Pasillo 1600 x 1200.<\/li>\n<\/ul>\n<p class=\"ql-align-justify\"><strong>Canal 3 de v\u00eddeo<\/strong><\/p>\n<ul>\n<li class=\"ql-align-justify\">E-PTZ 1280 x 720.<\/li>\n<\/ul>\n<p class=\"ql-align-justify\"><strong>Funciones de v\u00eddeo<\/strong><\/p>\n<ul>\n<li class=\"ql-align-justify\">D\u00eda\/Noche Color, monocromo, autom\u00e1tico.<\/li>\n<li class=\"ql-align-justify\">Ajustes de imagen configurables: Contraste, saturaci\u00f3n, brillo.<\/li>\n<li class=\"ql-align-justify\">Balance de blancos De 2.500 a 10.000 K, 4 modos autom\u00e1ticos (est\u00e1ndar, SON\/SOX, b\u00e1sico, color dominante), modo manual y modo en espera.<\/li>\n<li class=\"ql-align-justify\">Obturador Obturador electr\u00f3nico autom\u00e1tico (AES) Fijo seleccionable Obturador por defecto.<\/li>\n<li class=\"ql-align-justify\">Nitidez Nivel de mejora de nitidez seleccionable.<\/li>\n<li class=\"ql-align-justify\">Compensaci\u00f3n de contraluz Desactivado\/Activado Intelligent Auto Exposure (BLC).<\/li>\n<li class=\"ql-align-justify\">Mejora de contraste Activada\/desactivada Reducci\u00f3n de ruido Intelligent Dynamic Noise.<\/li>\n<li class=\"ql-align-justify\">Reduction con ajustes temporal y espacial independientes.<\/li>\n<li class=\"ql-align-justify\">Intelligent Defog Intelligent Defog ajusta autom\u00e1tica los par\u00e1metros para obtener la mejor imagen en escenas con niebla o borrosas (conmutable).<\/li>\n<li class=\"ql-align-justify\">Regi\u00f3n de exposici\u00f3n Varias regiones seleccionables.<\/li>\n<li class=\"ql-align-justify\">M\u00e1scara de privacidad Ocho \u00e1reas independientes y completamente programables.<\/li>\n<li class=\"ql-align-justify\">An\u00e1lisis de movimiento por v\u00eddeo MOTION+ o Intelligent Video Analysis.<\/li>\n<li class=\"ql-align-justify\">Otras funciones Contador de p\u00edxeles, Marcas de agua del v\u00eddeo, Informaci\u00f3n en pantalla.<\/li>\n<\/ul>\n<p class=\"ql-align-justify\"><strong>Unidad \u00f3ptica<\/strong><\/p>\n<ul>\n<li class=\"ql-align-justify\">Lente (versi\u00f3n de 180\u00b0): Lente focal fija de 2.1 mm (con correcci\u00f3n por IR), F2.8<\/li>\n<li class=\"ql-align-justify\">Lente (versi\u00f3n de 360\u00b0): Lente focal fija de 1,6 mm (con correcci\u00f3n por IR), F2.8.<\/li>\n<li class=\"ql-align-justify\">Montaje de lente Montaje sobre placa.<\/li>\n<\/ul>\n<p class=\"ql-align-justify\"><strong>Control del iris Iris fijo<\/strong><\/p>\n<ul>\n<li class=\"ql-align-justify\">Campo de visi\u00f3n (versi\u00f3n de 180\u00b0) 180\u00b0 (H) x 93\u00b0 (V).<\/li>\n<li class=\"ql-align-justify\">Campo de visi\u00f3n (versi\u00f3n de 360\u00b0) 180\u00b0 (H) x 180\u00b0 (V).<\/li>\n<li class=\"ql-align-justify\">Distancia m\u00ednima al objeto 0.1 m D\u00eda\/Noche.<\/li>\n<li class=\"ql-align-justify\">Filtro de infrarrojos mec\u00e1nico conmutado.<\/li>\n<\/ul>\n<p class=\"ql-align-justify\"><strong>Flujo de audio<\/strong><\/p>\n<p class=\"ql-align-justify\"><strong>Est\u00e1ndar<\/strong><\/p>\n<ul>\n<li class=\"ql-align-justify\">G.711, a una frecuencia de muestreo de 8 kHz L16, a una frecuencia de muestreo de 16 kHz AAC-LC, 48 kbps a una frecuencia de muestreo de 16 kHz AAC-LC, 80 kbps a una frecuencia de muestreo de 16 kHz.<\/li>\n<li class=\"ql-align-justify\">Relaci\u00f3n se\u00f1al\/ruido &gt;50 dB.<\/li>\n<li class=\"ql-align-justify\">Flujo de audio D\u00faplex completo\/semid\u00faplex.<\/li>\n<\/ul>\n<p class=\"ql-align-justify\"><strong>Almacenamiento local RAM interna<\/strong><\/p>\n<ul>\n<li class=\"ql-align-justify\">Grabaci\u00f3n previa a la alarma de 10 s.<\/li>\n<li class=\"ql-align-justify\">Ranura para tarjeta de memoria.<\/li>\n<li class=\"ql-align-justify\">Admite tarjeta SDHC de hasta 32 GB \/ SDXC de 2 TB. (Se recomienda una tarjeta SD de clase 6 o posterior para la grabaci\u00f3n HD).<\/li>\n<li class=\"ql-align-justify\">Grabaci\u00f3n Grabaci\u00f3n continua, grabaci\u00f3n circular. Grabaci\u00f3n de alarma, eventos y planificaci\u00f3n.<\/li>\n<\/ul>\n<p class=\"ql-align-justify\"><strong>Software<\/strong><\/p>\n<ul>\n<li class=\"ql-align-justify\">Detecci\u00f3n de la unidad IP Helper.<\/li>\n<li class=\"ql-align-justify\">Configuraci\u00f3n de la unidad A trav\u00e9s de un navegador web o del Configuration Manager.<\/li>\n<li class=\"ql-align-justify\">Actualizaci\u00f3n de firmware Programable de forma remota.<\/li>\n<\/ul>\n<p class=\"ql-align-justify\"><strong>Visualizaci\u00f3n de software<\/strong><\/p>\n<p class=\"ql-align-justify\"><strong>Navegador web<\/strong><\/p>\n<ul>\n<li class=\"ql-align-justify\">Video Security Client.<\/li>\n<li class=\"ql-align-justify\">Video Security App.<\/li>\n<li class=\"ql-align-justify\">Bosch Video Management System.<\/li>\n<li class=\"ql-align-justify\">Bosch Video Client.<\/li>\n<li class=\"ql-align-justify\">software de otros fabricantes Firmware y software m\u00e1s recientes http:\/\/downloadstore.boschsecurity.com\/<\/li>\n<\/ul>\n<p class=\"ql-align-justify\"><strong>Mec\u00e1nicas<\/strong><\/p>\n<ul>\n<li class=\"ql-align-justify\">Dimensiones 158 x 33 mm (6,22 x 1,30 pulg.).<\/li>\n<li class=\"ql-align-justify\">Peso 445 g (0,98 libras).<\/li>\n<\/ul>\n<p class=\"ql-align-justify\"><strong>Ambientales<\/strong><\/p>\n<ul>\n<li class=\"ql-align-justify\">Temperatura de funcionamiento: De -20 \u00b0C a +40 \u00b0C (de -4 \u00b0F a +104 \u00b0F).<\/li>\n<li class=\"ql-align-justify\">Temperatura de almacenamiento: De -20 \u00b0C a +60 \u00b0C (de -4 \u00b0F a +140 \u00b0F).<\/li>\n<li class=\"ql-align-justify\">Humedad en funcionamiento: Del 20% al 93% de humedad relativa.<\/li>\n<li class=\"ql-align-justify\">Humedad en almacenamiento: Hasta el 98% de humedad relativa.<\/li>\n<\/ul>\n<p><img decoding=\"async\" class=\"overview-center-img-\" src=\"https:\/\/tvc.mx\/media\/14984\/Logoopaginas-oficial.png\" alt=\"\" \/><\/p>\n","protected":false},"excerpt":{"rendered":"<p>FLEXIDOME IP panoramic 7000 MP La FLEXIDOME IP panoramic 7000 MP es una c\u00e1mara de dise\u00f1o plano discreta y est\u00e9tica para uso en interiores. El sensor de 12 MP que funciona a 30 ips\u00a0proporciona una vigilancia panor\u00e1mica completa con un \u00e1rea de cobertura completa, detalles&hellip;<\/p>\n","protected":false},"featured_media":7431,"comment_status":"open","ping_status":"closed","template":"","meta":{"om_disable_all_campaigns":false,"_monsterinsights_skip_tracking":false,"_monsterinsights_sitenote_active":false,"_monsterinsights_sitenote_note":"","_monsterinsights_sitenote_category":0},"product_brand":[],"product_cat":[667],"product_tag":[613,611,612,616,615,610,614,617],"class_list":{"0":"post-7432","1":"product","2":"type-product","3":"status-publish","4":"has-post-thumbnail","6":"product_cat-panoramicas-180","7":"product_tag-bosch","8":"product_tag-manhattan","9":"product_tag-saxxon","10":"product_tag-surveon","11":"product_tag-utepo","12":"product_tag-videovigilancia","13":"product_tag-vivotek","14":"product_tag-zteco","16":"first","17":"instock","18":"sale","19":"taxable","20":"shipping-taxable","21":"purchasable","22":"product-type-simple"},"aioseo_notices":[],"_links":{"self":[{"href":"https:\/\/tecsecmty.com\/index.php\/wp-json\/wp\/v2\/product\/7432","targetHints":{"allow":["GET"]}}],"collection":[{"href":"https:\/\/tecsecmty.com\/index.php\/wp-json\/wp\/v2\/product"}],"about":[{"href":"https:\/\/tecsecmty.com\/index.php\/wp-json\/wp\/v2\/types\/product"}],"replies":[{"embeddable":true,"href":"https:\/\/tecsecmty.com\/index.php\/wp-json\/wp\/v2\/comments?post=7432"}],"version-history":[{"count":0,"href":"https:\/\/tecsecmty.com\/index.php\/wp-json\/wp\/v2\/product\/7432\/revisions"}],"wp:featuredmedia":[{"embeddable":true,"href":"https:\/\/tecsecmty.com\/index.php\/wp-json\/wp\/v2\/media\/7431"}],"wp:attachment":[{"href":"https:\/\/tecsecmty.com\/index.php\/wp-json\/wp\/v2\/media?parent=7432"}],"wp:term":[{"taxonomy":"product_brand","embeddable":true,"href":"https:\/\/tecsecmty.com\/index.php\/wp-json\/wp\/v2\/product_brand?post=7432"},{"taxonomy":"product_cat","embeddable":true,"href":"https:\/\/tecsecmty.com\/index.php\/wp-json\/wp\/v2\/product_cat?post=7432"},{"taxonomy":"product_tag","embeddable":true,"href":"https:\/\/tecsecmty.com\/index.php\/wp-json\/wp\/v2\/product_tag?post=7432"}],"curies":[{"name":"wp","href":"https:\/\/api.w.org\/{rel}","templated":true}]}}