{"id":7436,"date":"2023-02-23T16:11:51","date_gmt":"2023-02-23T22:11:51","guid":{"rendered":"https:\/\/tecsecmty.com\/index.php\/producto\/bosch-v_nin70122f1as-camara-ip-panoramic-7000-mp-vision-180-grados-resolucion-12mp-iva\/"},"modified":"2023-03-22T23:22:04","modified_gmt":"2023-03-23T05:22:04","slug":"bosch-v_nin70122f1as-camara-ip-panoramic-7000-mp-vision-180-grados-resolucion-12mp-iva","status":"publish","type":"product","link":"https:\/\/tecsecmty.com\/index.php\/producto\/bosch-v_nin70122f1as-camara-ip-panoramic-7000-mp-vision-180-grados-resolucion-12mp-iva\/","title":{"rendered":"BOSCH V_NIN70122F1AS- CAMARA IP PANORAMIC 7000 MP\/ VISION 180 GRADOS\/ RESOLUCION 12MP\/ IVA"},"content":{"rendered":"<div class=\"row aling-items-center padding-bottom-2x\">\n<div class=\"col-lg-12\">\n<h5 class=\"card-title text-center\">FLEXIDOME IP panoramic 7000 MP<\/h5>\n<p>&nbsp;<\/p>\n<p><img decoding=\"async\" class=\"overview-center-img-web\" src=\"https:\/\/tvc.mx\/media\/120350\/Logoopaginas-oficial-1920x400.png\" alt=\"\" \/><\/div>\n<\/div>\n<div class=\"row align-items-center padding-bottom-2x\">\n<div class=\"col-md-5\"><img decoding=\"async\" class=\"d-block m-auto img-thumbnail\" src=\"https:\/\/tvc.mx\/media\/120354\/NIN-70122-F1ASconfig5.png\" alt=\" \" \/><\/div>\n<div class=\"col-md-7 text-md-left text-center\">\n<h2>Resumen del sistema<\/h2>\n<p class=\"text-muted\">\n<p>La FLEXIDOME IP panoramic 7000 MP es una c\u00e1mara de dise\u00f1o plano discreta y est\u00e9tica para uso en interiores. El sensor de 12 MP que funciona a 30 ips proporciona una vigilancia panor\u00e1mica completa con un \u00e1rea de cobertura completa, detalles precisos y altas velocidades. La c\u00e1mara permite mantener la atenci\u00f3n sobre la escena y proporciona vistas E-PTZ simult\u00e1neas en alta resoluci\u00f3n. Versiones La versi\u00f3n en 360\u00b0 de la c\u00e1mara, cuando se monta de forma central en el techo, permite obtener una cobertura total de pared a pared. La versi\u00f3n en 180\u00b0 tiene una resoluci\u00f3n m\u00e1s efectiva y es ideal para su montaje en pared o en los techos de pasillos. Correcci\u00f3n de la deformaci\u00f3n (dewarping) La lente captura una imagen circular. Con nuestro software para corregir la deformaci\u00f3n, esta imagen circular se transforma en diversas vistas rectangulares sin distorsi\u00f3n. Para facilitar la integraci\u00f3n del sistema, puede optar por corregir la deformaci\u00f3n de los bordes dentro de la c\u00e1mara o hacerlo en el lado cliente, sobre una plataforma externa. El Video Security Client de Bosch disponible gratuitamente ofrece funciones avanzadas de correcci\u00f3n de la deformaci\u00f3n (dewarping) en el cliente.<\/p>\n<p>&nbsp;<\/p>\n<\/div>\n<\/div>\n<hr class=\"padding-bottom-2x\" \/>\n<div class=\"row align-items-center padding-bottom-2x\">\n<div class=\"col-md-5 order-md-2\"><img decoding=\"async\" class=\"d-block m-auto img-thumbnail\" src=\"https:\/\/tvc.mx\/media\/120358\/NIN-70122-F1ASconfig6.png\" alt=\" \" \/><\/div>\n<div class=\"col-md-7 order-md-1 text-md-left text-center\">\n<h2>Resumen del sistema<\/h2>\n<p class=\"text-muted\">\n<p class=\"ql-align-justify\"><strong>Ventajas de la vigilancia panor\u00e1mica<\/strong><\/p>\n<p class=\"ql-align-justify\">La vigilancia panor\u00e1mica ofrece una cobertura completa de 180\u00b0 o 360\u00b0 del \u00e1rea designada. Dado que nuestras c\u00e1maras panor\u00e1micas abarcan toda el \u00e1rea, permiten mantener la atenci\u00f3n sobre la escena y son ideales para seguir el movimiento durante un barrido continuo.<\/p>\n<p class=\"ql-align-justify\">Estas c\u00e1maras panor\u00e1micas aumentan notablemente la funcionalidad de los sistemas de vigilancia de gama alta, sobre todo cuando se asocian a Intelligent Video Analytics, por ejemplo, para el recuento de personas o para la activaci\u00f3n de alarmas basadas en reglas complejas. Intelligent Video Analytics monitoriza continuamente el c\u00edrculo completo de imagen de modo que es posible recibir las alarmas incluso mientras se hace zoom sobre una zona particular.<\/p>\n<p>&nbsp;<\/p>\n<\/div>\n<\/div>\n<hr class=\"padding-bottom-2x\" \/>\n<div class=\"row align-items-center padding-bottom-2x\">\n<div class=\"col-md-5 order-md-2\"><img decoding=\"async\" class=\"d-block m-auto img-thumbnail\" src=\"https:\/\/tvc.mx\/media\/120362\/NIN-70122-F1ASconfig6.png\" alt=\" \" \/><\/div>\n<div class=\"col-md-7 order-md-1 text-md-left text-center\">\n<h2>Funciones b\u00e1sicas<\/h2>\n<p class=\"text-muted\">\n<p><strong>Sensor 12 MP a 30 ips<\/strong><\/p>\n<p>La resoluci\u00f3n de alt\u00edsima definici\u00f3n del sensor de 12 MP, junto con elevad\u00edsima velocidad de im\u00e1genes de 30 ips, hacen de esta c\u00e1mara un producto \u00fanico en el \u00e1mbito de la captura de im\u00e1genes panor\u00e1micas. El movimiento es m\u00e1s fluido y la funci\u00f3n de E\u2011PTZ permite obtener im\u00e1genes m\u00e1s detalladas. La resoluci\u00f3n efectiva es de 8 MP para la versi\u00f3n de 180\u00b0 y 7 MP para la versi\u00f3n de 360\u00b0.<\/p>\n<p><strong>Essential Video Analytics<\/strong><\/p>\n<p>El an\u00e1lisis de v\u00eddeo integrado refuerza el concepto de \u00abinteligencia en origen\u00bb y proporciona ahora funciones a\u00fan m\u00e1s potentes. Essential Video Analytics resulta ideal para su uso en entornos controlados con intervalos de detecci\u00f3n limitada.<\/p>\n<p><strong>Visi\u00f3n panor\u00e1mica e Intelligent Video Analytics<\/strong><\/p>\n<p>La c\u00e1mara utiliza la \u00faltima generaci\u00f3n del software de anal\u00edtica inteligente de v\u00eddeo (IVA, Intelligent Video Analytics) de Bosch. El IVA, junto con la visi\u00f3n panor\u00e1mica completa, proporciona una herramienta de vigilancia muy potente que enriquece la atenci\u00f3n sobre la escena general. Gracias al sistema Intelligent Tracking, es posible seguir el movimiento de forma continua por todo el c\u00edrculo de la imagen. No hay necesidad de trasladar el sistema de seguimiento de una c\u00e1mara a otra, lo que simplifica notablemente el an\u00e1lisis del movimiento.<\/p>\n<p><strong>MOTION+<\/strong><\/p>\n<p>El sistema de an\u00e1lisis de movimiento por v\u00eddeo MOTION+ integrado en todas las versiones de la c\u00e1mara es la soluci\u00f3n perfecta para aplicaciones en las que se requieren funciones b\u00e1sicas de an\u00e1lisis de contenido de v\u00eddeo. El sistema MOTION+ muestra los metadatos del movimiento en una pantalla superpuesta. Cuando se utilizan los datos de MOTION + como entrada, gracias a los algoritmos m\u00e1s inteligentes de creaci\u00f3n de im\u00e1genes se obtiene una imagen mejorada y tasas de bits m\u00e1s eficaces.<\/p>\n<p><strong>Correcci\u00f3n de deformaci\u00f3n en el lado cliente<\/strong><\/p>\n<p>Con el software de correcci\u00f3n de la deformaci\u00f3n en el lado cliente, la c\u00e1mara transmite una \u00fanica imagen circular sin correcci\u00f3n de deformaci\u00f3n a 30 ips. La correcci\u00f3n de la deformaci\u00f3n se lleva a cabo mediante nuestro software de correcci\u00f3n de la deformaci\u00f3n, que est\u00e1 instalado en el PC donde hay disponibles varios modos de vista, o bien puede optar por utilizar una soluci\u00f3n de software de correcci\u00f3n de deformaci\u00f3n en el lado cliente de terceros.<\/p>\n<p><strong>E-PTZ y regiones de inter\u00e9s<\/strong><\/p>\n<p>Los controles remotos de E-PTZ (giro, inclinaci\u00f3n y zoom electr\u00f3nicos) le permiten seleccionar zonas espec\u00edficas del c\u00edrculo completo de la imagen. Estas regiones de inter\u00e9s (ROI) se pueden definir f\u00e1cilmente, lo que permite supervisar por separado la parte m\u00e1s interesante de una escena. Gracias a la alta resoluci\u00f3n se evita la p\u00e9rdida de detalles incluso cuando se utiliza el zoom electr\u00f3nico. La funci\u00f3n E-PTZ de una c\u00e1mara panor\u00e1mica tiene determinadas ventajas respecto a las c\u00e1maras PTZ normales.<\/p>\n<p><strong>Grabe exactamente lo que desea<\/strong><\/p>\n<p>La c\u00e1mara proporciona una imagen circular con resoluci\u00f3n total que permite grabar incluso aunque solo est\u00e9 visualizando una parte de la escena. Esto significa que siempre puede llevar a cabo una correcci\u00f3n de la deformaci\u00f3n retrospectiva y un an\u00e1lisis sobre toda el \u00e1rea cubierta y, a continuaci\u00f3n, acercar la imagen de la regi\u00f3n u objeto de inter\u00e9s.<\/p>\n<p><strong>Intelligent Dynamic Noise Reduction<\/strong><\/p>\n<p>En las escenas tranquilas, en las que hay poco o ning\u00fan movimiento, se requiere una tasa de bits inferior. Al separar de manera inteligente el ruido de la informaci\u00f3n importante, la Intelligent Dynamic Noise Reduction permite reducir la tasa de bits hasta un 50 %. Debido a que el ruido se reduce en el origen durante la captura de una imagen, una tasa de bits inferior no pone en riesgo la calidad del v\u00eddeo.<\/p>\n<p><strong>Rango din\u00e1mico medido<\/strong><\/p>\n<p>El rango din\u00e1mico de la c\u00e1mara es excepcional y destaca en las comparaciones de rendimiento reales, pues alcanza un valor de amplio rango din\u00e1mico de 92 dB (con 16 dB adicionales cuando se combina con la exposici\u00f3n autom\u00e1tica inteligente). El rango din\u00e1mico real de la c\u00e1mara se mide mediante el an\u00e1lisis de la funci\u00f3n de conversi\u00f3n optoelectr\u00f3nica (OECF) y un gr\u00e1fico de pruebas est\u00e1ndar que se basa en la norma ISO.<\/p>\n<p><strong>Intelligent Auto Exposure\u00a0<\/strong><\/p>\n<p>Las fluctuaciones de luz trasera o contraluz y luz delantera pueden arruinar sus im\u00e1genes. Para conseguir una imagen perfecta en cualquier situaci\u00f3n, permite ajustar autom\u00e1ticamente la exposici\u00f3n de la c\u00e1mara. Ofrece una excelente compensaci\u00f3n de la luz delantera y una incre\u00edble compensaci\u00f3n de contraluz mediante la adaptaci\u00f3n autom\u00e1tica a las condiciones cambiantes de iluminaci\u00f3n.<\/p>\n<p><strong>Gesti\u00f3n de almacenamiento<\/strong><\/p>\n<p>La gesti\u00f3n de grabaciones se puede controlar con el Bosch Video Recording Manager (Video Recording Manager) o bien la c\u00e1mara puede utilizar destinos iSCSI directamente, sin software de grabaci\u00f3n.<\/p>\n<p><strong>Grabaci\u00f3n de forma local<\/strong><\/p>\n<p>Inserte una tarjeta de memoria en la ranura para tarjeta para almacenar una grabaci\u00f3n con alarma local de hasta 2 TB. La grabaci\u00f3n previa a la alarma en la RAM reduce el ancho de banda de grabaci\u00f3n en la red y ampl\u00eda la vida efectiva de la tarjeta de red.<\/p>\n<p><strong>Seguridad de acceso<\/strong><\/p>\n<p>Es compatible con una protecci\u00f3n mediante contrase\u00f1a con tres niveles y autenticaci\u00f3n 802.1x. Para acceder de forma segura con el explorador web, se emplea HTTPS con un certificado SSL guardado en la c\u00e1mara.<\/p>\n<p>&nbsp;<\/p>\n<\/div>\n<\/div>\n<hr class=\"padding-bottom-2x\" \/>\n<div class=\"row align-items-center padding-bottom-2x\">\n<div class=\"col-md-5\"><img decoding=\"async\" class=\"d-block m-auto img-thumbnail\" src=\"https:\/\/tvc.mx\/media\/120366\/NIN-70122-F1ASconfig8.png\" alt=\" \" \/><\/div>\n<div class=\"col-md-7 text-md-left text-center\">\n<h2>Caracter\u00edsticas y Especificaciones<\/h2>\n<p class=\"text-muted\">\n<p class=\"ql-align-justify\"><strong>Nota: FLEXIDOME IP panoramic 7000 MP<\/strong><\/p>\n<p class=\"ql-align-justify\"><strong>C\u00e1mara de dise\u00f1o plano con sensor 12 MP de alto rendimiento para vigilancia panor\u00e1mica inteligente Intelligent Video Analytics Lente de 180\u00b0 Caja de montaje en superficie.<\/strong><\/p>\n<p class=\"ql-align-justify\"><strong>N\u00famero de pedido: NIN-70122-F1AS\u00a0<\/strong><\/p>\n<p class=\"ql-align-justify\"><strong>Principales caracter\u00edsticas<\/strong><\/p>\n<ul>\n<li class=\"ql-align-justify\">Sensor 12 MP\/30 ips para detalles precisos con movimiento fluido<\/li>\n<li class=\"ql-align-justify\">Correcci\u00f3n de deformaci\u00f3n de bordes o en el lado cliente para facilitar la integraci\u00f3n<\/li>\n<li class=\"ql-align-justify\">Descripci\u00f3n general de Intelligent Video Analytics en panor\u00e1mica completa<\/li>\n<li class=\"ql-align-justify\">Dise\u00f1o plano, discreto y est\u00e9tico<\/li>\n<li class=\"ql-align-justify\">Instalaci\u00f3n sencilla mediante giro y clic<\/li>\n<\/ul>\n<p class=\"ql-align-justify\"><strong>Especificaciones<\/strong><\/p>\n<p class=\"ql-align-justify\"><strong>Alimentaci\u00f3n<\/strong><\/p>\n<ul>\n<li class=\"ql-align-justify\">Fuente de alimentaci\u00f3n Alimentaci\u00f3n por Ethernet de 48 V CC nominales<\/li>\n<li class=\"ql-align-justify\">Consumo de energ\u00eda 140 mA 200 mA (versi\u00f3n de Intelligent Video Analytics)<\/li>\n<li class=\"ql-align-justify\">PoE IEEE 802.3af (802.3at tipo 1)<\/li>\n<\/ul>\n<p class=\"ql-align-justify\"><strong>Sensor<\/strong><\/p>\n<ul>\n<li class=\"ql-align-justify\">Escriba CMOS de 1\/2.3 pulg.<\/li>\n<li class=\"ql-align-justify\">N\u00famero total de p\u00edxeles del sensor 12 MP<\/li>\n<li class=\"ql-align-justify\">P\u00edxeles utilizados (versi\u00f3n de 180\u00b0) 3648 x 2160 (8 MP)<\/li>\n<li class=\"ql-align-justify\">P\u00edxeles utilizados (versi\u00f3n de 360\u00b0) 2640 x 2640 (7 MP)<\/li>\n<\/ul>\n<p class=\"ql-align-justify\"><strong>Flujo de v\u00eddeo<\/strong><\/p>\n<ul>\n<li class=\"ql-align-justify\">Compresi\u00f3n de v\u00eddeo H.264 (MP); M-JPEG<\/li>\n<li class=\"ql-align-justify\">Flujo de v\u00eddeo M\u00faltiples flujos configurables en H.264 y M- -JPEG con velocidad de im\u00e1genes y ancho de banda personalizables.<\/li>\n<li class=\"ql-align-justify\">Varios canales con correcci\u00f3n de la deformaci\u00f3n de los bordes. Regiones de inter\u00e9s (ROI)<\/li>\n<li class=\"ql-align-justify\">Retardo de IP absoluto M\u00edn. 120 ms; m\u00e1x. 340 ms<\/li>\n<li class=\"ql-align-justify\">Intervalo de codificaci\u00f3n De 1 a 25 [30] ips<\/li>\n<li class=\"ql-align-justify\">Regiones de codificador Ocho \u00e1reas independientes para definir la calidad del codificador y, de este modo, optimizar la tasa de bits<\/li>\n<\/ul>\n<p class=\"ql-align-justify\"><strong>Almacenamiento local<\/strong><\/p>\n<ul>\n<li class=\"ql-align-justify\">RAM interna Grabaci\u00f3n previa a la alarma de 10 s<\/li>\n<li class=\"ql-align-justify\">Ranura para tarjeta de memoria Admite tarjeta SDHC de hasta 32 GB \/ SDXC de 2 TB. (Se recomienda una tarjeta SD de clase 6 o posterior para la grabaci\u00f3n HD)<\/li>\n<li class=\"ql-align-justify\">Grabaci\u00f3n Grabaci\u00f3n continua, grabaci\u00f3n circular.<\/li>\n<li class=\"ql-align-justify\">Grabaci\u00f3n de alarma, eventos y planificaci\u00f3n<\/li>\n<\/ul>\n<p class=\"ql-align-justify\"><strong>Software<\/strong><\/p>\n<ul>\n<li class=\"ql-align-justify\">Detecci\u00f3n de la unidad IP Helper<\/li>\n<li class=\"ql-align-justify\">Configuraci\u00f3n de la unidad A trav\u00e9s de un navegador web o del Configuration Manager<\/li>\n<li class=\"ql-align-justify\">Actualizaci\u00f3n de firmware Programable de forma remota<\/li>\n<li class=\"ql-align-justify\">Visualizaci\u00f3n de software Navegador web; Video Security Client; Video Security App; Bosch Video Management System; Bosch Video Client; o software de otros fabricantes<\/li>\n<li class=\"ql-align-justify\">Firmware y software m\u00e1s recientes http:\/\/downloadstore.boschsecurity.com\/<\/li>\n<\/ul>\n<p class=\"ql-align-justify\"><strong>Red<\/strong><\/p>\n<ul>\n<li class=\"ql-align-justify\">Protocolos IPv4, IPv6, UDP, TCP, HTTP, HTTPS, RTP\/ RTCP, IGMP V2\/V3, ICMP, ICMPv6, RTSP, FTP, Telnet, ARP, DHCP, APIPA (Auto-IP, link local address), NTP (SNTP), SNMP (V1, MIB- -II), 802.1x, DNS, DNSv6, DDNS (DynDNS.org, selfHOST.de, no-ip.com), SMTP, iSCSI, UPnP (SSDP), DiffServ (QoS), LLDP, SOAP, Dropbox, CHAP, digest authentication<\/li>\n<li class=\"ql-align-justify\">Codificaci\u00f3n TLS 1.2, SSL, DES, 3DES<\/li>\n<li class=\"ql-align-justify\">Ethernet 10\/100 Base-T, detecci\u00f3n autom\u00e1tica, d\u00faplex completo\/semid\u00faplex<\/li>\n<\/ul>\n<p class=\"ql-align-justify\"><strong>Mec\u00e1nicas<\/strong><\/p>\n<ul>\n<li class=\"ql-align-justify\">Dimensiones 158 x 33 mm (6,22 x 1,30 pulg.)<\/li>\n<li class=\"ql-align-justify\">Peso 445 g (0,98 libras)<\/li>\n<\/ul>\n<p class=\"ql-align-justify\"><strong>Ambientales<\/strong><\/p>\n<ul>\n<li class=\"ql-align-justify\">Temperatura de funcionamiento: De -20 \u00b0C a +40 \u00b0C (de -4 \u00b0F a +104 \u00b0F) Temperatura de almacenamiento: De -20 \u00b0C a +60 \u00b0C (de -4 \u00b0F a +140 \u00b0F)<\/li>\n<li class=\"ql-align-justify\">Humedad en funcionamiento: Del 20% al 93% de humedad relativa<\/li>\n<li class=\"ql-align-justify\">Humedad en almacenamiento: Hasta el 98% de humedad relativa<\/li>\n<\/ul>\n<\/div>\n<\/div>\n","protected":false},"excerpt":{"rendered":"<p>FLEXIDOME IP panoramic 7000 MP &nbsp; Resumen del sistema La FLEXIDOME IP panoramic 7000 MP es una c\u00e1mara de dise\u00f1o plano discreta y est\u00e9tica para uso en interiores. El sensor de 12 MP que funciona a 30 ips proporciona una vigilancia panor\u00e1mica completa con un&hellip;<\/p>\n","protected":false},"featured_media":7435,"comment_status":"open","ping_status":"closed","template":"","meta":{"om_disable_all_campaigns":false,"_monsterinsights_skip_tracking":false,"_monsterinsights_sitenote_active":false,"_monsterinsights_sitenote_note":"","_monsterinsights_sitenote_category":0},"product_brand":[],"product_cat":[667],"product_tag":[613,611,612,616,615,610,614,617],"class_list":{"0":"post-7436","1":"product","2":"type-product","3":"status-publish","4":"has-post-thumbnail","6":"product_cat-panoramicas-180","7":"product_tag-bosch","8":"product_tag-manhattan","9":"product_tag-saxxon","10":"product_tag-surveon","11":"product_tag-utepo","12":"product_tag-videovigilancia","13":"product_tag-vivotek","14":"product_tag-zteco","16":"first","17":"instock","18":"sale","19":"taxable","20":"shipping-taxable","21":"purchasable","22":"product-type-simple"},"aioseo_notices":[],"_links":{"self":[{"href":"https:\/\/tecsecmty.com\/index.php\/wp-json\/wp\/v2\/product\/7436","targetHints":{"allow":["GET"]}}],"collection":[{"href":"https:\/\/tecsecmty.com\/index.php\/wp-json\/wp\/v2\/product"}],"about":[{"href":"https:\/\/tecsecmty.com\/index.php\/wp-json\/wp\/v2\/types\/product"}],"replies":[{"embeddable":true,"href":"https:\/\/tecsecmty.com\/index.php\/wp-json\/wp\/v2\/comments?post=7436"}],"version-history":[{"count":0,"href":"https:\/\/tecsecmty.com\/index.php\/wp-json\/wp\/v2\/product\/7436\/revisions"}],"wp:featuredmedia":[{"embeddable":true,"href":"https:\/\/tecsecmty.com\/index.php\/wp-json\/wp\/v2\/media\/7435"}],"wp:attachment":[{"href":"https:\/\/tecsecmty.com\/index.php\/wp-json\/wp\/v2\/media?parent=7436"}],"wp:term":[{"taxonomy":"product_brand","embeddable":true,"href":"https:\/\/tecsecmty.com\/index.php\/wp-json\/wp\/v2\/product_brand?post=7436"},{"taxonomy":"product_cat","embeddable":true,"href":"https:\/\/tecsecmty.com\/index.php\/wp-json\/wp\/v2\/product_cat?post=7436"},{"taxonomy":"product_tag","embeddable":true,"href":"https:\/\/tecsecmty.com\/index.php\/wp-json\/wp\/v2\/product_tag?post=7436"}],"curies":[{"name":"wp","href":"https:\/\/api.w.org\/{rel}","templated":true}]}}