{"id":7442,"date":"2023-02-23T16:11:56","date_gmt":"2023-02-23T22:11:56","guid":{"rendered":"https:\/\/tecsecmty.com\/index.php\/producto\/bosch-v_fcs8000vfdb-camara-profesional-aviotec-starlight-8000-analiticos-para-deteccion-de-incendio\/"},"modified":"2023-03-22T23:21:47","modified_gmt":"2023-03-23T05:21:47","slug":"bosch-v_fcs8000vfdb-camara-profesional-aviotec-starlight-8000-analiticos-para-deteccion-de-incendio","status":"publish","type":"product","link":"https:\/\/tecsecmty.com\/index.php\/producto\/bosch-v_fcs8000vfdb-camara-profesional-aviotec-starlight-8000-analiticos-para-deteccion-de-incendio\/","title":{"rendered":"BOSCH V_FCS8000VFDB &#8211; Camara profesional AVIOTEC STARLIGHT 8000 \/ Analiticos para deteccion de incendio"},"content":{"rendered":"<div class=\"row aling-items-center padding-bottom-2x\">\n<div class=\"col-lg-12\">\n<h5 class=\"card-title text-center\">FCS-8000-VFD-B Detecci\u00f3n de incendios basada en v\u00eddeo<\/h5>\n<p class=\"ql-align-justify\">\n<p><img decoding=\"async\" class=\"overview-center-img-\" src=\"https:\/\/tvc.mx\/media\/11465\/Logoopaginas-oficial.png\" alt=\"\" \/><\/div>\n<\/div>\n<div class=\"row align-items-center padding-bottom-2x\">\n<div class=\"col-md-5\"><img decoding=\"async\" class=\"d-block m-auto img-thumbnail\" src=\"https:\/\/tvc.mx\/media\/81564\/FCS-8000-VFD-B.confgi5.png\" alt=\" \" \/><\/div>\n<div class=\"col-md-7 text-md-left text-center\">\n<h2>Resumen del sistema<\/h2>\n<p class=\"text-muted\">\n<p class=\"ql-align-justify\"><strong>AVIOTEC IP starlight 8000\u00a0<\/strong>establece nuevos est\u00e1ndares en detecci\u00f3n visual de incendios mediante la combinaci\u00f3n de la detecci\u00f3n fiable de humo y llamas con una velocidad sobresaliente.<\/p>\n<p class=\"ql-align-justify\"><strong>Descripci\u00f3n del sistema<\/strong><\/p>\n<p class=\"ql-align-justify\">La detecci\u00f3n de incendios mediante v\u00eddeo es el sistema m\u00e1s adecuado all\u00ed donde se necesita una detecci\u00f3n fiable de movimiento y fuego, como aplicaciones que no est\u00e1n sujetas a las normativas de productos para la construcci\u00f3n, o como complemento de sistemas existentes de detecci\u00f3n de incendios.<\/p>\n<p class=\"ql-align-justify\"><strong>AVIOTEC IP starlight 8000<\/strong>\u00a0funciona como unidad aut\u00f3noma y no necesita una unidad de evaluaci\u00f3n aparte. Adem\u00e1s, contiene todas las funciones de Intelligent Video Analytics, lo cual permite analizar y evaluar objetos en movimiento en paralelo. La detecci\u00f3n de incendios mediante v\u00eddeo y Intelligent Video Analytics funcionan de forma independiente entre s\u00ed y se pueden ajustar por separado.<\/p>\n<p class=\"ql-align-justify\"><strong>El dispositivo dispone de un puerto 10\/100 Base-T Fast Ethernet en la parte posterior para conectar la c\u00e1mara a Ethernet.<\/strong>\u00a0Esto permite configurar y controlar f\u00e1cilmente dispositivos como PC clientes o dispositivos m\u00f3viles a trav\u00e9s de la red. Opcionalmente, se puede integrar un sistema de gesti\u00f3n de grabaciones de v\u00eddeo. T<strong>ambi\u00e9n dispone de una salida de rel\u00e9 para transmitir se\u00f1ales de alarma, por ejemplo a la central de detecci\u00f3n de incendios FPA-5000.<\/strong>\u00a0En este caso, la c\u00e1mara act\u00faa como dispositivo donde se inicia la se\u00f1al de aviso. Un operador de un centro de control debe verificar la alarma debido a que no existe ning\u00fan est\u00e1ndar. No se proporciona el reenv\u00edo de alarmas a servicios contra incendios.<\/p>\n<p>&nbsp;<\/p>\n<\/div>\n<\/div>\n<hr class=\"padding-bottom-2x\" \/>\n<div class=\"row align-items-center padding-bottom-2x\">\n<div class=\"col-md-5 order-md-2\"><img decoding=\"async\" class=\"d-block m-auto img-thumbnail\" src=\"https:\/\/tvc.mx\/media\/81568\/FCS-8000-VFD-B.confgi6.png\" alt=\" \" \/><\/div>\n<div class=\"col-md-7 order-md-1 text-md-left text-center\">\n<h2>Funciones b\u00e1sicas<\/h2>\n<p class=\"text-muted\">\n<p class=\"ql-align-justify\"><strong>Funciones b\u00e1sicas<\/strong><\/p>\n<p class=\"ql-align-justify\"><strong>Detecci\u00f3n r\u00e1pida de fiable de llamas y humo<\/strong><\/p>\n<p class=\"ql-align-justify\">Un algoritmo exclusivo de Bosch basado en las caracter\u00edsticas f\u00edsicas de los incendios detecta llamas y humo en un periodo de tiempo sumamente corto analizando secuencias de v\u00eddeo.<\/p>\n<p class=\"ql-align-justify\"><strong>La detecci\u00f3n deincendios mediante v\u00eddeo funciona en condiciones conniveles destacables de poca luz (hasta tan solo 7 lx) ydetecta fuegos de prueba TF1 a TF8.\u00a0<\/strong>En el caso de quese detecte llama o humo, la difusi\u00f3n de v\u00eddeo tiene la ventaja de verificar la alarma, acelerar la cadena de rescate y proporcionar informaci\u00f3n a los equipos de escate. Control de zonas grandes Insensible al polvo y la humedad gracias al principio \u00f3ptico. Es posible controlar zonas interiores grandes que llevan a los sistemas convencionales hasta sus l\u00edmites.<\/p>\n<p class=\"ql-align-justify\"><strong>AVIOTEC IP starlight 8000 es la soluci\u00f3n innovadora para:<\/strong><\/p>\n<ul>\n<li class=\"ql-align-justify\"><strong>Industria.<\/strong><\/li>\n<li class=\"ql-align-justify\"><strong>Transporte.<\/strong><\/li>\n<li class=\"ql-align-justify\"><strong>Energ\u00eda y servicios p\u00fablicos.<\/strong><\/li>\n<li class=\"ql-align-justify\"><strong>Almac\u00e9n.<\/strong><\/li>\n<\/ul>\n<p class=\"ql-align-justify\"><strong>Amplia gama de aplicaciones<\/strong><\/p>\n<p class=\"ql-align-justify\">La detecci\u00f3n de incendios mediante v\u00eddeo es adecuada para distintas aplicaciones dif\u00edciles en entornos agresivos, como plataformas petrol\u00edferas o zonas con riesgo de incendio elevado como las f\u00e1bricas de papel. El AVIOTEC IP starlight 8000 es muy<\/p>\n<p class=\"ql-align-justify\">vers\u00e1til a la hora de aplicarlo y ofrece la posibilidad de<\/p>\n<p class=\"ql-align-justify\">complementar sistemas existentes o acceder a nuevos<\/p>\n<p class=\"ql-align-justify\">campos de aplicaci\u00f3n como:<\/p>\n<p class=\"ql-align-justify\"><strong>Ajustable y adaptable individualmente<\/strong><\/p>\n<p class=\"ql-align-justify\">El tiempo de verificaci\u00f3n, la sensibilidad, el tama\u00f1o de detecci\u00f3n y el enmascaramiento selectivo de humo y llamas se pueden configurar por separado conforme a las necesidades del cliente. Las detecciones de llamas y humo se pueden activar o desactivar por separado.<\/p>\n<p class=\"ql-align-justify\"><strong>An\u00e1lisis de causas de ra\u00edz<\/strong><\/p>\n<p class=\"ql-align-justify\">Conectar la c\u00e1mara a un sistema de gesti\u00f3n de v\u00eddeo ofrece la posibilidad de determinar las causas de los incendios. A partir de las grabaciones en v\u00eddeo, se pueden determinar y evaluar los incidentes. Esto ayuda a eliminar y prevenir situaciones peligrosas en el futuro.<\/p>\n<p class=\"ql-align-justify\"><strong>Instalaci\u00f3n sencilla<\/strong><\/p>\n<p class=\"ql-align-justify\">Se puede suministrar alimentaci\u00f3n a la c\u00e1mara mediante una conexi\u00f3n del cable de red compatible con alimentaci\u00f3n por Ethernet (PoE). Con esta configuraci\u00f3n, solo se necesita una \u00fanica conexi\u00f3n del cable para ver, alimentar y controlar la c\u00e1mara. El uso<\/p>\n<p class=\"ql-align-justify\">de alimentaci\u00f3n por Ethernet o PoE facilita la instalaci\u00f3n y la hace m\u00e1s rentable, ya que las c\u00e1maras no necesitan una fuente de alimentaci\u00f3n local.<\/p>\n<p class=\"ql-align-justify\">La alimentaci\u00f3n de la c\u00e1mara se puede suministrar mediante fuentes de alimentaci\u00f3n de +12 VCC. Para incrementar la fiabilidad del sistema, la c\u00e1mara puede conectarse simult\u00e1neamente a ambas fuentes de alimentaci\u00f3n (PoE y +12 VCC). Adem\u00e1s, pueden<\/p>\n<p class=\"ql-align-justify\">utilizarse fuentes de alimentaci\u00f3n ininterrumpida (SAI) para garantizar un funcionamiento continuo, incluso en caso de un corte de alimentaci\u00f3n. Para evitar problemas con el cableado de red, las<\/p>\n<p class=\"ql-align-justify\">c\u00e1maras son compatibles con Auto-MDIX, lo que permite el uso de cables directos o cruzados.<\/p>\n<p class=\"ql-align-justify\"><strong>Certificaciones y aprobaciones<\/strong><\/p>\n<p class=\"ql-align-justify\"><strong>Est\u00e1ndares Tipo:<\/strong><\/p>\n<ul>\n<li class=\"ql-align-justify\">Emisiones EN 55022, clase B (2010), +AC (2011) FCC: 47 CFR 15, clase B (2012-10-1).<\/li>\n<li class=\"ql-align-justify\">Inmunidad EN 50130-4 (PoE, +12 V CC)* (2011) EN 50121-4 (2006), +AC: (2008).<\/li>\n<li class=\"ql-align-justify\">Alarma EN 50130-5, clase II (2011).<\/li>\n<li class=\"ql-align-justify\">Seguridad EN 60950-1 UL 60950-1 (2\u00aa edici\u00f3n) CAN\/CSA-C 22.2, n.\u00ba 60950-1.<\/li>\n<li class=\"ql-align-justify\">Vibraci\u00f3n C\u00e1mera con lente de 500 g (1,1 libras) seg\u00fan IEC 60068-2-6 (5 m\/s2, funcional).<\/li>\n<li class=\"ql-align-justify\">HD SMPTE 296M-2001 (resoluci\u00f3n: 1280&#215;720) SMPTE 274M-2008 (resoluci\u00f3n: 1920&#215;1080)<\/li>\n<li class=\"ql-align-justify\">Representaci\u00f3n en color ITU-R BT.709.<\/li>\n<li class=\"ql-align-justify\">Conforme a ONVIF EN 50132-5-2; IEC 62676-2-3.<\/li>\n<\/ul>\n<p>&nbsp;<\/p>\n<\/div>\n<\/div>\n<hr class=\"padding-bottom-2x\" \/>\n<div class=\"row align-items-center padding-bottom-2x\">\n<div class=\"col-md-5 order-md-2\"><img decoding=\"async\" class=\"d-block m-auto img-thumbnail\" src=\"https:\/\/tvc.mx\/media\/81572\/FCS-8000-VFD-B.confgi8.png\" alt=\" \" \/><\/div>\n<div class=\"col-md-7 order-md-1 text-md-left text-center\">\n<h2>Notas de configuraci\u00f3n\/instalaci\u00f3n<\/h2>\n<p class=\"text-muted\">\n<p class=\"ql-align-justify\"><strong>Notas de configuraci\u00f3n\/instalaci\u00f3n<\/strong><\/p>\n<p class=\"ql-align-justify\"><strong>Descargo de responsabilidades<\/strong><\/p>\n<p class=\"ql-align-justify\">Los sistemas de indicaci\u00f3n de incendios mediante v\u00eddeo son sistemas de an\u00e1lisis de contenido de v\u00eddeo. Proporcionan indicaciones de incendios y est\u00e1n dise\u00f1ados para complementar sistemas de detecci\u00f3n de incendios y vigilantes humanos en<\/p>\n<p class=\"ql-align-justify\">centros de control.<\/p>\n<p class=\"ql-align-justify\">Por el hecho de tener en cuenta el paisaje y el fondo, los sistemas de indicaci\u00f3n de incendios se enfrentan a m\u00e1s desaf\u00edos que los sistemas de detecci\u00f3n de incendios convencionales. No se puede garantizar la detecci\u00f3n de incendios sobre cualquier paisaje. As\u00ed pues, el sistema de detecci\u00f3n de incendios mediante v\u00eddeo se debe considerar como un sistema que aumenta la probabilidad de<\/p>\n<p class=\"ql-align-justify\">detecci\u00f3n temprana de incendios, con la limitaci\u00f3n de que puede detectar falsas alarmas. No se debe considerar como un sistema que garantiza la detecci\u00f3n de incendios en cualquier situaci\u00f3n de<\/p>\n<p class=\"ql-align-justify\">imagen.<\/p>\n<p>&nbsp;<\/p>\n<\/div>\n<\/div>\n<hr class=\"padding-bottom-2x\" \/>\n<div class=\"row align-items-center padding-bottom-2x\">\n<div class=\"col-md-5\"><img decoding=\"async\" class=\"d-block m-auto img-thumbnail\" src=\"https:\/\/tvc.mx\/media\/81576\/FCS-8000-VFD-B.confgi7.png\" alt=\" \" \/><\/div>\n<div class=\"col-md-7 text-md-left text-center\">\n<h2>Caracter\u00edsticas y Especificaciones<\/h2>\n<p class=\"text-muted\">\n<p class=\"ql-align-justify\"><strong>Nota: FCS-8000-VFD-B Detecci\u00f3n de incendios basada en v\u00eddeo<\/strong><\/p>\n<p class=\"ql-align-justify\"><strong>Identificaci\u00f3n r\u00e1pida y segura de humo y llamas por detecci\u00f3n de incendios mediante v\u00eddeo.<\/strong><\/p>\n<p class=\"ql-align-justify\"><strong>N\u00famero de pedido: FCS-8000-VFD-B.<\/strong><\/p>\n<p class=\"ql-align-justify\"><strong>Nota: No Incluye lente, articulo son por\u00a0<\/strong><strong>separado.<\/strong><\/p>\n<p class=\"ql-align-justify\"><strong>Principales Caracter\u00edsticas<\/strong><\/p>\n<ul>\n<li class=\"ql-align-justify\">Detecci\u00f3n muy r\u00e1pida de humo e incendios.<\/li>\n<li class=\"ql-align-justify\">Robusto frente a falsas alarmas.<\/li>\n<li class=\"ql-align-justify\">Gran cobertura.<\/li>\n<li class=\"ql-align-justify\">Rendimiento excelente en condiciones de poca luz.<\/li>\n<li class=\"ql-align-justify\">Resoluci\u00f3n 1080p.<\/li>\n<\/ul>\n<p class=\"ql-align-justify\"><strong>Especificaciones<\/strong><\/p>\n<p class=\"ql-align-justify\"><strong>Descripci\u00f3n del algoritmo<\/strong><\/p>\n<p class=\"ql-align-justify\"><strong>Tama\u00f1o m\u00ednimo dedetecci\u00f3n\u00a0(% del ancho de imagen)<\/strong><\/p>\n<ul>\n<li class=\"ql-align-justify\">Llama: 1.6.<\/li>\n<li class=\"ql-align-justify\">Humo: 2.3.<\/li>\n<\/ul>\n<p class=\"ql-align-justify\"><strong>Velocidad de ascenso (% de la altura de la imagen\/s)<\/strong><\/p>\n<ul>\n<li class=\"ql-align-justify\">Humo: 0.7 \u2013 4.2.<\/li>\n<\/ul>\n<p class=\"ql-align-justify\"><strong>Flujo de audio<\/strong><\/p>\n<ul>\n<li class=\"ql-align-justify\"><strong>Est\u00e1ndar:\u00a0<\/strong>G.711, a una frecuencia de muestreo de 8 kHzL16, a una frecuencia de muestreo de 16 kHzAAC-LC, 48 kbps a una frecuencia demuestreo de 16 kHzAAC-LC, 80 kbps a una frecuencia demuestreo de 16 kHz.<\/li>\n<li class=\"ql-align-justify\">Relaci\u00f3n se\u00f1al\/ruido: &gt;50 dB.<\/li>\n<li class=\"ql-align-justify\">Flujo de audio D\u00faplex completo\/semid\u00faplex.<\/li>\n<\/ul>\n<p class=\"ql-align-justify\"><strong>Ambientales<\/strong><\/p>\n<ul>\n<li class=\"ql-align-justify\">Temperatura de funcionamiento: De -20 \u00b0C a +50 \u00b0C (de -4 \u00b0F a +122 \u00b0F).<\/li>\n<li class=\"ql-align-justify\">Temperatura de almacenamiento: De -30 \u00b0C a +70 \u00b0C (de -22 \u00b0F a +158 \u00b0F).<\/li>\n<li class=\"ql-align-justify\">Humedad en funcionamiento: Del 20 % al 93 % de humedad relativa.<\/li>\n<li class=\"ql-align-justify\">Humedad de almacenamiento: Hasta el 98 % de humedad relativa.<\/li>\n<\/ul>\n<p class=\"ql-align-justify\"><strong>Entrada\/salida<\/strong><\/p>\n<ul>\n<li class=\"ql-align-justify\">Salida de v\u00eddeo anal\u00f3gica: Conector SMB, CVBS (PAL\/NTSC), 1 Vpp, 75 ohmios.<\/li>\n<li class=\"ql-align-justify\">Entrada de l\u00ednea de audio 1 Vrms (m\u00e1x.), 18 kilo ohmios (normal).<\/li>\n<li class=\"ql-align-justify\">Salida de l\u00ednea de audio 0,85 Vrms a 1,5 kilo ohmios (normal).<\/li>\n<li class=\"ql-align-justify\">Conectores de audio: Conector mono de 3,5 mm.<\/li>\n<li class=\"ql-align-justify\">Entrada de alarma 2 entradas.<\/li>\n<li class=\"ql-align-justify\">Activaci\u00f3n de alarma de entrada +5 VCC nominales; +40 VCC como m\u00e1ximo (CC acoplada con resistencia de polarizaci\u00f3n de 50 kilo ohmios a +3,3 VCC) (&lt; 0,5 V es bajo; &gt; 1,4 V es alto).<\/li>\n<li class=\"ql-align-justify\">Salida de alarma 1 salida<\/li>\n<li class=\"ql-align-justify\">Tensi\u00f3n de salida de alarma: 30 VCA o +40 VCC (m\u00e1x.) 0,5 A continuos como m\u00e1ximo, 10 VA (solo cargas resistivas)<\/li>\n<li class=\"ql-align-justify\">Ethernet RJ45: Puerto de datos RS-232\/422\/485.<\/li>\n<\/ul>\n<p class=\"ql-align-justify\"><strong>Almacenamiento local<\/strong><\/p>\n<ul>\n<li class=\"ql-align-justify\">RAM interna: Grabaci\u00f3n previa a la alarma de 10 s.<\/li>\n<li class=\"ql-align-justify\">Ranura para tarjetade memoria: Admite tarjetas microSDHC de hasta 32 GB\/microSDXC de hasta 2 TB. (Se recomiendauna tarjeta SD de clase 6 o posterior para la grabaci\u00f3n HD).<\/li>\n<li class=\"ql-align-justify\">Grabaci\u00f3n: Grabaci\u00f3n continua, grabaci\u00f3n circular.Grabaci\u00f3n de alarma, eventos y planificaci\u00f3n.<\/li>\n<\/ul>\n<p class=\"ql-align-justify\"><strong>Mec\u00e1nicas<\/strong><\/p>\n<ul>\n<li class=\"ql-align-justify\">Dimensiones (An. x Al. x L.): 78 x 66 x 140 mm (3,07 x 2,6 x 5,52 pulg.) sin lente.<\/li>\n<li class=\"ql-align-justify\">Peso: 855 g (1,88 libras) sin lente..<\/li>\n<li class=\"ql-align-justify\">Color: Titanio met\u00e1lico RAL 9006<\/li>\n<li class=\"ql-align-justify\">Montaje de tr\u00edpode: Parte inferior y superior 20 UNC, 1\/4 pulg<\/li>\n<\/ul>\n<p class=\"ql-align-justify\"><strong>Red<\/strong><\/p>\n<ul>\n<li class=\"ql-align-justify\">Protocolos: IPv4, IPv6, UDP, TCP, HTTP, HTTPS, RTP\/ RTCP, IGMP V2\/V3, ICMP, ICMPv6, RTSP, FTP, Telnet, ARP, DHCP, APIPA (Auto-IP, link local address), NTP (SNTP), SNMP (V1, MIB- -II), 802.1x, DNS, DNSv6, DDNS (DynDNS.org, selfHOST.de, no-ip.com), SMTP, iSCSI, UPnP (SSDP), DiffServ (QoS), LLDP, SOAP, Dropbox, CHAP, digest authentication.<\/li>\n<li class=\"ql-align-justify\">Cifrado TLS 1.0, SSL, DES, 3DES.<\/li>\n<li class=\"ql-align-justify\">Ethernet 10\/100 Base-T, autodetecci\u00f3n, medio d\u00faplex\/full d\u00faplex.<\/li>\n<li class=\"ql-align-justify\">Conectividad ONVIF Profile S , Auto-MDIX.<\/li>\n<\/ul>\n<p class=\"ql-align-justify\"><strong>\u00d3ptica<\/strong><\/p>\n<ul>\n<li class=\"ql-align-justify\">Montaje de lente: Montaje CS (montaje C con anillo del adaptador).<\/li>\n<li class=\"ql-align-justify\">Conector de la lente: Conector de DC-iris de 4 patillas est\u00e1ndar.<\/li>\n<li class=\"ql-align-justify\">Control del enfoque: Ajuste del foco mec\u00e1nico motorizado.<\/li>\n<li class=\"ql-align-justify\">Control del iris: Control autom\u00e1tico del iris.<\/li>\n<\/ul>\n<p class=\"ql-align-justify\"><strong>Alimentaci\u00f3n<\/strong><\/p>\n<ul>\n<li class=\"ql-align-justify\">Fuente de alimentaci\u00f3n: 12 V CC.<\/li>\n<li class=\"ql-align-justify\">Alimentaci\u00f3n por Ethernet nominal de 48 V CC.<\/li>\n<li class=\"ql-align-justify\">Consumo de corriente: 750 mA (12 V CC) y 200 mA (PoE 48 V CC).<\/li>\n<li class=\"ql-align-justify\">Consumo de energ\u00eda: 9 W.<\/li>\n<li class=\"ql-align-justify\">PoE IEEE 802.3af (802.3at tipo 1) clase 3.<\/li>\n<\/ul>\n<p class=\"ql-align-justify\"><strong>Sensor<\/strong><\/p>\n<ul>\n<li class=\"ql-align-justify\">Tipo CMOS de 1\/1,8 pulg.<\/li>\n<li class=\"ql-align-justify\">N\u00famero total de p\u00edxeles del sensor: 6,1 MP.<\/li>\n<\/ul>\n<p class=\"ql-align-justify\"><strong>Resoluci\u00f3n de v\u00eddeo<\/strong><\/p>\n<ul>\n<li class=\"ql-align-justify\">1080p HD 1920 X 1080.<\/li>\n<li class=\"ql-align-justify\">720p HD 1280 x 720.<\/li>\n<li class=\"ql-align-justify\">Vertical 9:16 (recortada) 400 x 720.<\/li>\n<\/ul>\n<p class=\"ql-align-justify\"><strong>Resoluci\u00f3n de v\u00eddeo<\/strong><\/p>\n<ul>\n<li class=\"ql-align-justify\">D1 4:3 (recortada) 704 x 480<\/li>\n<li class=\"ql-align-justify\">480p SD Codificaci\u00f3n: 704 x 480.<\/li>\n<li class=\"ql-align-justify\">Mostrada: 854 x 480<\/li>\n<li class=\"ql-align-justify\">432p SD 768 x 432<\/li>\n<li class=\"ql-align-justify\">288p SD 512 x 288<\/li>\n<li class=\"ql-align-justify\">240p SD Codificaci\u00f3n: 352 x 240 yMostrada: 432 x 240.<\/li>\n<li class=\"ql-align-justify\">144p SD 256 x 1.<\/li>\n<\/ul>\n<p class=\"ql-align-justify\"><strong>Flujo de v\u00eddeo<\/strong><\/p>\n<ul>\n<li class=\"ql-align-justify\">Compresi\u00f3n de v\u00eddeo H.264 (MP); M-JPEG<\/li>\n<li class=\"ql-align-justify\">Transmisi\u00f3n M\u00faltiples flujos configurables en H.264 y M- -JPEG con velocidad de im\u00e1genes y ancho de banda personalizables. Zonas de inter\u00e9s (ROI).<\/li>\n<li class=\"ql-align-justify\">Retardo de IP absoluto M\u00edn. 120 ms; m\u00e1x. 340 ms.<\/li>\n<li class=\"ql-align-justify\">Estructura GOP IP, IBP, IBBP.<\/li>\n<li class=\"ql-align-justify\">Intervalo de codificaci\u00f3n 1 a 30 [25] ips.<\/li>\n<li class=\"ql-align-justify\">Regiones de codificador: Hasta 8 \u00e1reas con ajustes de calidad de codificador por \u00e1rea.<\/li>\n<\/ul>\n<\/div>\n<\/div>\n","protected":false},"excerpt":{"rendered":"<p>FCS-8000-VFD-B Detecci\u00f3n de incendios basada en v\u00eddeo Resumen del sistema AVIOTEC IP starlight 8000\u00a0establece nuevos est\u00e1ndares en detecci\u00f3n visual de incendios mediante la combinaci\u00f3n de la detecci\u00f3n fiable de humo y llamas con una velocidad sobresaliente. Descripci\u00f3n del sistema La detecci\u00f3n de incendios mediante v\u00eddeo&hellip;<\/p>\n","protected":false},"featured_media":7441,"comment_status":"open","ping_status":"closed","template":"","meta":{"om_disable_all_campaigns":false,"_monsterinsights_skip_tracking":false,"_monsterinsights_sitenote_active":false,"_monsterinsights_sitenote_note":"","_monsterinsights_sitenote_category":0},"product_brand":[],"product_cat":[669],"product_tag":[613,611,612,616,615,610,614,617],"class_list":{"0":"post-7442","1":"product","2":"type-product","3":"status-publish","4":"has-post-thumbnail","6":"product_cat-profesionales-camaras-ip-bosch-video-vigilancia","7":"product_tag-bosch","8":"product_tag-manhattan","9":"product_tag-saxxon","10":"product_tag-surveon","11":"product_tag-utepo","12":"product_tag-videovigilancia","13":"product_tag-vivotek","14":"product_tag-zteco","16":"first","17":"instock","18":"sale","19":"taxable","20":"shipping-taxable","21":"purchasable","22":"product-type-simple"},"aioseo_notices":[],"_links":{"self":[{"href":"https:\/\/tecsecmty.com\/index.php\/wp-json\/wp\/v2\/product\/7442","targetHints":{"allow":["GET"]}}],"collection":[{"href":"https:\/\/tecsecmty.com\/index.php\/wp-json\/wp\/v2\/product"}],"about":[{"href":"https:\/\/tecsecmty.com\/index.php\/wp-json\/wp\/v2\/types\/product"}],"replies":[{"embeddable":true,"href":"https:\/\/tecsecmty.com\/index.php\/wp-json\/wp\/v2\/comments?post=7442"}],"version-history":[{"count":0,"href":"https:\/\/tecsecmty.com\/index.php\/wp-json\/wp\/v2\/product\/7442\/revisions"}],"wp:featuredmedia":[{"embeddable":true,"href":"https:\/\/tecsecmty.com\/index.php\/wp-json\/wp\/v2\/media\/7441"}],"wp:attachment":[{"href":"https:\/\/tecsecmty.com\/index.php\/wp-json\/wp\/v2\/media?parent=7442"}],"wp:term":[{"taxonomy":"product_brand","embeddable":true,"href":"https:\/\/tecsecmty.com\/index.php\/wp-json\/wp\/v2\/product_brand?post=7442"},{"taxonomy":"product_cat","embeddable":true,"href":"https:\/\/tecsecmty.com\/index.php\/wp-json\/wp\/v2\/product_cat?post=7442"},{"taxonomy":"product_tag","embeddable":true,"href":"https:\/\/tecsecmty.com\/index.php\/wp-json\/wp\/v2\/product_tag?post=7442"}],"curies":[{"name":"wp","href":"https:\/\/api.w.org\/{rel}","templated":true}]}}