{"id":7446,"date":"2023-02-23T16:12:02","date_gmt":"2023-02-23T22:12:02","guid":{"rendered":"https:\/\/tecsecmty.com\/index.php\/producto\/bosch-v_nbn50022c-camara-profesional-1080p-wdr-poe-ranura-microsd-no-incluye-lente\/"},"modified":"2023-03-22T23:21:56","modified_gmt":"2023-03-23T05:21:56","slug":"bosch-v_nbn50022c-camara-profesional-1080p-wdr-poe-ranura-microsd-no-incluye-lente","status":"publish","type":"product","link":"https:\/\/tecsecmty.com\/index.php\/producto\/bosch-v_nbn50022c-camara-profesional-1080p-wdr-poe-ranura-microsd-no-incluye-lente\/","title":{"rendered":"BOSCH V_NBN50022C &#8211; Camara profesional 1080p \/ WDR \/ PoE \/ Ranura MICROSD \/ No incluye lente"},"content":{"rendered":"<p class=\"ql-align-justify\"><strong>Las c\u00e1maras para interiores HD de 1080p<\/strong>\u00a0son un completo sistema de vigilancia de v\u00eddeo en red listo para usar, de dise\u00f1o compacto y elegante. Esta c\u00e1mara lleva la tecnolog\u00eda de alto rendimiento de Bosch a los hogares, las oficinas y los peque\u00f1os comercios, ya que se trata de una soluci\u00f3n asequible para un gran n\u00famero de aplicaciones.<\/p>\n<p class=\"ql-align-justify\"><strong>Resumen del sistema<\/strong><\/p>\n<p class=\"ql-align-justify\">Su elegante y compacto dise\u00f1o es ideal para hogares, oficinas, negocios o tiendas donde el tama\u00f1o y el aspecto de la c\u00e1mara s\u00ed que son importantes.\u00a0<strong>La c\u00e1mara cuenta con un sensor CMOS HD de 1\/2,7 pulg. y es una c\u00e1mara d\u00eda\/noche aut\u00e9ntica que ofrece un rendimiento excelente 24 horas.<\/strong><\/p>\n<p class=\"ql-align-justify\"><strong>Funciones b\u00e1sicas<\/strong><\/p>\n<p class=\"ql-align-justify\"><strong>Tecnolog\u00eda de imagen basada en el contenido<\/strong><\/p>\n<p class=\"ql-align-justify\"><strong>La tecnolog\u00eda de imagen basada en el contenido (C- -BIT)\u00a0<\/strong>se utiliza para mejorar radicalmente la calidad en todas las condiciones de iluminaci\u00f3n y con el fin de identificar zonas para un mejor procesamiento.\u00a0<strong>La c\u00e1mara examina la escena utilizando el an\u00e1lisis inteligente de v\u00eddeo y aporta la informaci\u00f3n necesaria para ajustar el procesamiento de la imagen.<\/strong>\u00a0Gracias a este sistema se obtiene una visi\u00f3n m\u00e1s detallada de las zonas de importancia y un mejor rendimiento en todos los sentidos.<\/p>\n<p class=\"ql-align-justify\"><strong>La iDNR reduce los requisitos de ancho de banda y de almacenamiento<\/strong><\/p>\n<p class=\"ql-align-justify\"><strong>La c\u00e1mara utiliza la reducci\u00f3n de ruido din\u00e1mico inteligente (iDNR), que analiza activamente el contenido de una escena y reduce el ruido en consecuencia.<\/strong>\u00a0El bajo nivel de ruido de la imagen y la eficaz tecnolog\u00eda de compresi\u00f3n\u00a0<strong>H.264<\/strong>\u00a0ofrecen im\u00e1genes n\u00edtidas, al mismo tiempo que reducen el ancho de banda y el almacenamiento hasta en un\u00a0<strong>50%<\/strong>\u00a0en comparaci\u00f3n con otras c\u00e1maras\u00a0<strong>H.264<\/strong>. Esto da como resultado flujos con ancho de banda reducido que mantienen una alta calidad de imagen y un movimiento suave. La c\u00e1mara ofrece la imagen m\u00e1s \u00fatil posible optimizando de forma inteligente la relaci\u00f3n detalle\/ ancho de banda.<\/p>\n<p class=\"ql-align-justify\"><strong>Varios flujos<\/strong><\/p>\n<p class=\"ql-align-justify\"><strong>Esta innovadora funci\u00f3n ofrece varios flujos H.264 junto con un flujo M-JPEG.\u00a0<\/strong>Estos flujos facilitan una visualizaci\u00f3n y grabaci\u00f3n eficientes con poco uso del ancho de banda, as\u00ed como la integraci\u00f3n con sistemas de gesti\u00f3n de v\u00eddeo de otros fabricantes. Se puede seleccionar un modo vertical para el segundo flujo. En este modo, se recorta una i<strong>magen de 400 x 720 (relaci\u00f3n de aspecto 9:16)<\/strong>\u00a0a partir de la imagen completa del sensor. Cuando la escena que se va a controlar es adecuada para este modo, se reducen los requisitos de ancho de banda y almacenamiento.<\/p>\n<p class=\"ql-align-justify\"><strong>Salidas de v\u00eddeo IP y anal\u00f3gicas de manera simult\u00e1nea<\/strong><\/p>\n<p class=\"ql-align-justify\">Una salida de v\u00eddeo anal\u00f3gica protegida contra subidas de tensi\u00f3n garantiza la obtenci\u00f3n simult\u00e1nea de transmisiones de v\u00eddeo IP de alta resoluci\u00f3n y salidas de v\u00eddeo anal\u00f3gicas. Esto significa, por ejemplo, que es posible conectar f\u00e1cilmente un monitor de confrontamiento directamente a la c\u00e1mara sin perder ninguna de las funciones IP.<\/p>\n<p class=\"ql-align-justify\"><strong>Micr\u00f3fono incorporado, audio bidireccional y alarma ac\u00fastica<\/strong><\/p>\n<p class=\"ql-align-justify\">La c\u00e1mara dispone de un micr\u00f3fono integrado para que los operadores puedan escuchar el \u00e1rea supervisada. El audio bidireccional permite al operador comunicarse con los visitantes o intrusos a trav\u00e9s de una entrada y salida de l\u00ednea de audio externo. Se puede utilizar la detecci\u00f3n de audio para generar una alarma, en caso de necesidad.<\/p>\n<p class=\"ql-align-justify\"><strong>Detecci\u00f3n de movimiento y sabotaje<\/strong><\/p>\n<p class=\"ql-align-justify\">La c\u00e1mara dispone de una amplia gama de opciones de configuraci\u00f3n de alarmas para alertar de los intentos de sabotaje. Tambi\u00e9n se puede utilizar un algoritmo integrado para detectar cualquier movimiento en el v\u00eddeo y emitir una se\u00f1al de alarma.<\/p>\n<p class=\"ql-align-justify\"><strong>Grabaci\u00f3n de forma local<\/strong><\/p>\n<p class=\"ql-align-justify\"><strong>La ranura admite tarjetas SD con capacidad de almacenamiento de hasta 2 TB.<\/strong>\u00a0Se puede utilizar una tarjeta\u00a0<strong>SD\u00a0<\/strong>para realizar grabaciones con alarmas locales. La grabaci\u00f3n previa a la alarma en la RAM reduce el ancho de banda de grabaci\u00f3n en la red o, si se utiliza la grabaci\u00f3n en tarjeta\u00a0<strong>SD<\/strong>, ampl\u00eda la vida efectiva del medio de almacenamiento.<\/p>\n<p class=\"ql-align-justify\"><strong>Gesti\u00f3n de almacenamiento<\/strong><\/p>\n<p class=\"ql-align-justify\">La gesti\u00f3n de grabaciones se puede controlar con el<strong>\u00a0Video Recording Manager (VRM) de Bosch\u00a0<\/strong>o bien la c\u00e1mara puede utilizar destinos\u00a0<strong>iSCSI\u00a0<\/strong>directamente, sin software de grabaci\u00f3n.<\/p>\n<p class=\"ql-align-justify\"><strong>Instalaci\u00f3n sencilla<\/strong><\/p>\n<p class=\"ql-align-justify\">Se puede suministrar alimentaci\u00f3n a la c\u00e1mara mediante una conexi\u00f3n del cable de red compatible con alimentaci\u00f3n por<strong>\u00a0Ethernet (PoE).<\/strong>\u00a0Con esta configuraci\u00f3n, solo se necesita una \u00fanica conexi\u00f3n del cable para ver, alimentar y controlar la c\u00e1mara. El uso de alimentaci\u00f3n por<strong>\u00a0Ethernet o PoE<\/strong>\u00a0facilita la instalaci\u00f3n y la hace m\u00e1s rentable, ya que las c\u00e1maras no necesitan una fuente de alimentaci\u00f3n local. La alimentaci\u00f3n de la c\u00e1mara se puede suministrar mediante fuentes de alimentaci\u00f3n de\u00a0<strong>+12 VCC.<\/strong><\/p>\n<p class=\"ql-align-justify\"><strong>F\u00e1cil configuraci\u00f3n<\/strong><\/p>\n<p class=\"ql-align-justify\"><strong>La c\u00e1mara tiene una interfaz de usuario muy intuitiva que facilita y agiliza la configuraci\u00f3n.<\/strong><\/p>\n<p class=\"ql-align-justify\">Dispone de seis modos de usuario configurables con los mejores ajustes para una gran variedad de aplicaciones:<\/p>\n<ul>\n<li class=\"ql-align-justify\">Interior: cambios generales entre d\u00eda y noche sin reflejos solares ni iluminaci\u00f3n nocturna.<\/li>\n<li class=\"ql-align-justify\">Exterior: cambios generales entre d\u00eda y noche con reflejos solares e iluminaci\u00f3n nocturna.<\/li>\n<li class=\"ql-align-justify\">Movimiento: control del tr\u00e1fico u objetos que se mueven r\u00e1pido. El ruido por artefactos en movimiento se minimiza.<\/li>\n<li class=\"ql-align-justify\">Iluminaci\u00f3n reducida: optimizado para ofrecer un nivel suficiente de detalles en casos de poca iluminaci\u00f3n.<\/li>\n<li class=\"ql-align-justify\">BLC: para utilizarse cuando hay personas movi\u00e9ndose delante de un fondo brillante.<\/li>\n<\/ul>\n<p class=\"ql-align-justify\"><strong>Conmutaci\u00f3n d\u00eda\/noche aut\u00e9ntica<\/strong><\/p>\n<p class=\"ql-align-justify\">La c\u00e1mara incorpora la tecnolog\u00eda de filtro mec\u00e1nico para obtener un color intenso durante el d\u00eda y una imagen excepcional durante la noche, al mismo tiempo que se mantiene un enfoque n\u00edtido con cualquier tipo de iluminaci\u00f3n.<\/p>\n<p class=\"ql-align-justify\"><strong>Integraci\u00f3n en el sistema<\/strong><\/p>\n<p class=\"ql-align-justify\"><strong>La c\u00e1mara cumple con la especificaci\u00f3n de perfil S de ONVIF (el foro abierto de interfaces de v\u00eddeo en red).<\/strong>\u00a0Esto garantiza la interoperabilidad entre productos de v\u00eddeo en red de cualquier fabricante. Los integradores de otros fabricantes pueden acceder f\u00e1cilmente al conjunto de funciones internas de la c\u00e1mara para su integraci\u00f3n en proyectos de gran envergadura. Visite el sitio web del programa de socios Bosch Integration Partner Program (ipp.boschsecurity.com) para obtener m\u00e1s informaci\u00f3n.<\/p>\n<p class=\"ql-align-justify\"><strong>Principales Caracter\u00edsticas<\/strong><\/p>\n<ul>\n<li class=\"ql-align-justify\">C\u00e1mara de red elegante para interiores.<\/li>\n<li class=\"ql-align-justify\">Resoluci\u00f3n de 1080p para la obtenci\u00f3n de im\u00e1genes n\u00edtidas.<\/li>\n<li class=\"ql-align-justify\">La reducci\u00f3n inteligente de ruido disminuye los requisitos de ancho de banda y almacenamiento hasta en un 50% .<\/li>\n<li class=\"ql-align-justify\">Ranura para tarjeta SD que permite realizar grabaciones locales u Alarmas por correo electr\u00f3nico, FTP y Dropbox.<\/li>\n<\/ul>\n<p class=\"ql-align-justify\"><strong>Especificaciones<\/strong><\/p>\n<p class=\"ql-align-justify\">Alimentaci\u00f3n<\/p>\n<ul>\n<li class=\"ql-align-justify\">Fuente de alimentaci\u00f3n: 12 VCC.<\/li>\n<li class=\"ql-align-justify\">Alimentaci\u00f3n por Ethernet nominal: de 48 VCC.<\/li>\n<li class=\"ql-align-justify\">Consumo de corriente: 300 mA (12 VCC) 75 mA (PoE 48 VCC).<\/li>\n<li class=\"ql-align-justify\">Consumo de energ\u00eda: 3,6 W.<\/li>\n<li class=\"ql-align-justify\">PoE IEEE 802.3af (802.3at tipo 1): Nivel de potencia: clase 1.<\/li>\n<\/ul>\n<p class=\"ql-align-justify\"><strong>Sensor<\/strong><\/p>\n<ul>\n<li class=\"ql-align-justify\">Tipo CMOS de 1\/2,7 pulg.<\/li>\n<li class=\"ql-align-justify\">N\u00famero total de p\u00edxeles del sensor: 1920 x 1080.<\/li>\n<\/ul>\n<p class=\"ql-align-justify\"><strong>Flujo de v\u00eddeo<\/strong><\/p>\n<ul>\n<li class=\"ql-align-justify\">Compresi\u00f3n de v\u00eddeo: H.264 (MP); M-JPEG.<\/li>\n<li class=\"ql-align-justify\">Transmisi\u00f3n M\u00faltiples flujos configurables: en H.264 y M- -JPEG con velocidad de im\u00e1genes y ancho de banda personalizables. Zonas de inter\u00e9s.<\/li>\n<li class=\"ql-align-justify\">Retardo de IP absoluto M\u00edn. 120 ms; m\u00e1x. 340 ms.<\/li>\n<li class=\"ql-align-justify\">Estructura GOP IP, IBP, IBBP.<\/li>\n<li class=\"ql-align-justify\">Intervalo de codificaci\u00f3n: De 1 a 30 (25) ips.<\/li>\n<\/ul>\n<p class=\"ql-align-justify\"><strong>Funciones de v\u00eddeo<\/strong><\/p>\n<ul>\n<li class=\"ql-align-justify\">D\u00eda\/noche: Color, monocromo, autom\u00e1tico.<\/li>\n<li class=\"ql-align-justify\">Configuraci\u00f3n de imagen ajustable: Contraste, saturaci\u00f3n, brillo.<\/li>\n<li class=\"ql-align-justify\">Equilibrio de blancos 3 modos autom\u00e1ticos, modo manual y medici\u00f3n.<\/li>\n<li class=\"ql-align-justify\">Obturador: Obturador electr\u00f3nico autom\u00e1tico (de 1\/25[30] a 1\/15.000) Obturador fijo (de 1\/25[30] a 1\/15.000) seleccionable Obturador predeterminado.<\/li>\n<\/ul>\n<p class=\"ql-align-justify\"><strong>Red<\/strong><\/p>\n<ul>\n<li class=\"ql-align-justify\">Ethernet 10\/100 Base-T, detecci\u00f3n autom\u00e1tica, d\u00faplex completo\/semid\u00faplex.<\/li>\n<li class=\"ql-align-justify\">Conectividad Perfil S de ONVIF, Auto-MDIX.<\/li>\n<\/ul>\n<p class=\"ql-align-justify\"><strong>Software<\/strong><\/p>\n<ul>\n<li class=\"ql-align-justify\">Configuraci\u00f3n de la unidad Mediante explorador web o Configuration Manager Actualizaci\u00f3n de firmware.<\/li>\n<li class=\"ql-align-justify\">Programable de forma remota Visor de software.<\/li>\n<li class=\"ql-align-justify\">Explorador web, Bosch Video Client o software de terceros.<\/li>\n<\/ul>\n<p class=\"ql-align-justify\"><strong>Mec\u00e1nicas<\/strong><\/p>\n<ul>\n<li class=\"ql-align-justify\">Dimensiones (Al. x An. x Pr.): 55 x 64 x 111 mm (2,17 x 2,52 x 4,37 pulg.) sin lente.<\/li>\n<li class=\"ql-align-justify\">Dimensiones (Al. x An. x Pr.): 55 x 64 x 146 mm (3,07 x 2,6 x 5,75 pulg.) con lente.<\/li>\n<li class=\"ql-align-justify\">Peso 550 g (1,21 pulg.) sin lente 590 g (1,30 pulg.) con lente Color RAL 9017 (negro tr\u00e1fico).<\/li>\n<li class=\"ql-align-justify\">Montaje de tr\u00edpode: Parte inferior y superior 20 UNC, 1\/4 pulg.<\/li>\n<\/ul>\n<p class=\"ql-align-justify\"><strong>Medioambientales<\/strong><\/p>\n<ul>\n<li class=\"ql-align-justify\">Temperatura de funcionamiento: De -30 \u00b0C a +50 \u00b0C (de -22 \u00b0F a +122 \u00b0F).<\/li>\n<li class=\"ql-align-justify\">Temperatura de almacenamiento: De -40 \u00b0C a +70 \u00b0C (de -40 \u00b0F a +158 \u00b0F).<\/li>\n<li class=\"ql-align-justify\">Humedad: Humedad relativa del 0 al 90% (sin condensaci\u00f3n).<\/li>\n<\/ul>\n<p><img decoding=\"async\" class=\"overview-center-img-\" src=\"https:\/\/tvc.mx\/media\/7348\/Logoopaginas-oficial.png\" alt=\"\" \/><\/p>\n","protected":false},"excerpt":{"rendered":"<p>Las c\u00e1maras para interiores HD de 1080p\u00a0son un completo sistema de vigilancia de v\u00eddeo en red listo para usar, de dise\u00f1o compacto y elegante. Esta c\u00e1mara lleva la tecnolog\u00eda de alto rendimiento de Bosch a los hogares, las oficinas y los peque\u00f1os comercios, ya que&hellip;<\/p>\n","protected":false},"featured_media":7445,"comment_status":"open","ping_status":"closed","template":"","meta":{"om_disable_all_campaigns":false,"_monsterinsights_skip_tracking":false,"_monsterinsights_sitenote_active":false,"_monsterinsights_sitenote_note":"","_monsterinsights_sitenote_category":0},"product_brand":[],"product_cat":[669],"product_tag":[613,611,612,616,615,610,614,617],"class_list":{"0":"post-7446","1":"product","2":"type-product","3":"status-publish","4":"has-post-thumbnail","6":"product_cat-profesionales-camaras-ip-bosch-video-vigilancia","7":"product_tag-bosch","8":"product_tag-manhattan","9":"product_tag-saxxon","10":"product_tag-surveon","11":"product_tag-utepo","12":"product_tag-videovigilancia","13":"product_tag-vivotek","14":"product_tag-zteco","16":"first","17":"instock","18":"sale","19":"taxable","20":"shipping-taxable","21":"purchasable","22":"product-type-simple"},"aioseo_notices":[],"_links":{"self":[{"href":"https:\/\/tecsecmty.com\/index.php\/wp-json\/wp\/v2\/product\/7446","targetHints":{"allow":["GET"]}}],"collection":[{"href":"https:\/\/tecsecmty.com\/index.php\/wp-json\/wp\/v2\/product"}],"about":[{"href":"https:\/\/tecsecmty.com\/index.php\/wp-json\/wp\/v2\/types\/product"}],"replies":[{"embeddable":true,"href":"https:\/\/tecsecmty.com\/index.php\/wp-json\/wp\/v2\/comments?post=7446"}],"version-history":[{"count":0,"href":"https:\/\/tecsecmty.com\/index.php\/wp-json\/wp\/v2\/product\/7446\/revisions"}],"wp:featuredmedia":[{"embeddable":true,"href":"https:\/\/tecsecmty.com\/index.php\/wp-json\/wp\/v2\/media\/7445"}],"wp:attachment":[{"href":"https:\/\/tecsecmty.com\/index.php\/wp-json\/wp\/v2\/media?parent=7446"}],"wp:term":[{"taxonomy":"product_brand","embeddable":true,"href":"https:\/\/tecsecmty.com\/index.php\/wp-json\/wp\/v2\/product_brand?post=7446"},{"taxonomy":"product_cat","embeddable":true,"href":"https:\/\/tecsecmty.com\/index.php\/wp-json\/wp\/v2\/product_cat?post=7446"},{"taxonomy":"product_tag","embeddable":true,"href":"https:\/\/tecsecmty.com\/index.php\/wp-json\/wp\/v2\/product_tag?post=7446"}],"curies":[{"name":"wp","href":"https:\/\/api.w.org\/{rel}","templated":true}]}}