{"id":7452,"date":"2023-02-23T16:12:11","date_gmt":"2023-02-23T22:12:11","guid":{"rendered":"https:\/\/tecsecmty.com\/index.php\/producto\/bosch-v_nbn50051v3-camara-profesional-5-mp-dia-y-noche-lente-varifocal-3-3-a-12-mm\/"},"modified":"2023-03-22T23:21:56","modified_gmt":"2023-03-23T05:21:56","slug":"bosch-v_nbn50051v3-camara-profesional-5-mp-dia-y-noche-lente-varifocal-3-3-a-12-mm","status":"publish","type":"product","link":"https:\/\/tecsecmty.com\/index.php\/producto\/bosch-v_nbn50051v3-camara-profesional-5-mp-dia-y-noche-lente-varifocal-3-3-a-12-mm\/","title":{"rendered":"BOSCH V_NBN50051V3 &#8211; Camara profesional 5 MP \/ Dia y noche \/ Lente varifocal 3.3 a 12 mm"},"content":{"rendered":"<h5 class=\"card-title text-center\">DINION IP 5000 MP<\/h5>\n<p class=\"ql-align-justify\"><strong>La c\u00e1mara para interiores de 5 MP<\/strong>\u00a0es un completo sistema de vigilancia de v\u00eddeo en red listo para usar, de dise\u00f1o compacto y elegante. Esta c\u00e1mara lleva la tecnolog\u00eda de alto rendimiento de Bosch a los hogares, las oficinas y los peque\u00f1os comercios, ya que se trata de una soluci\u00f3n asequible para un gran n\u00famero de aplicaciones.<\/p>\n<p class=\"ql-align-justify\"><strong>Resumen del sistema<\/strong><\/p>\n<p class=\"ql-align-justify\">Su elegante y compacto dise\u00f1o es ideal para hogares, oficinas, negocios o tiendas donde el tama\u00f1o y el aspecto de la c\u00e1mara s\u00ed son importantes.\u00a0<strong>La c\u00e1mara cuenta con un sensor CMOS de 1\/3 pulgadas y es una c\u00e1mara d\u00eda\/noche real que ofrece un rendimiento excelente a cualquier hora.<\/strong><\/p>\n<p class=\"ql-align-justify\"><strong>Funciones\u00a0<\/strong>b\u00e1sicas<\/p>\n<p class=\"ql-align-justify\"><strong>Tecnolog\u00eda de imagen basada en el contenido<\/strong><\/p>\n<p class=\"ql-align-justify\">La tecnolog\u00eda de imagen basada en el contenido<strong>\u00a0(C- -BIT)<\/strong>\u00a0se utiliza para mejorar radicalmente la calidad en todas las condiciones de iluminaci\u00f3n y con el fin de identificar zonas para un mejor procesamiento. La c\u00e1mara examina la escena utilizando el an\u00e1lisis inteligente de v\u00eddeo y aporta la informaci\u00f3n necesaria para ajustar el procesamiento de la imagen. Gracias a este sistema se obtiene una visi\u00f3n m\u00e1s detallada de las zonas de importancia y un mejor rendimiento en todos los sentidos.<\/p>\n<p class=\"ql-align-justify\"><strong>La iDNR reduce los requisitos de ancho de banda y de almacenamiento<\/strong><\/p>\n<p class=\"ql-align-justify\">La c\u00e1mara utiliza la reducci\u00f3n de ruido din\u00e1mico inteligente\u00a0<strong>(iDNR)<\/strong>, que analiza activamente el contenido de una escena y reduce el ruido en consecuencia. El bajo nivel de ruido de la imagen y la eficaz tecnolog\u00eda de compresi\u00f3n\u00a0<strong>H.264<\/strong>\u00a0ofrecen im\u00e1genes n\u00edtidas, al mismo tiempo que reducen el ancho de banda y el almacenamiento hasta en un<strong>\u00a050%<\/strong>\u00a0en comparaci\u00f3n con otras c\u00e1maras H.264. Esto da como resultado flujos con ancho de banda reducido que mantienen una alta calidad de imagen y un movimiento suave. La c\u00e1mara ofrece la imagen m\u00e1s \u00fatil posible optimizando de forma inteligente la relaci\u00f3n detalle\/ ancho de banda.<\/p>\n<p class=\"ql-align-justify\"><strong>Varios flujos<\/strong><\/p>\n<p class=\"ql-align-justify\">Esta innovadora funci\u00f3n ofrece varios flujos\u00a0<strong>H.264<\/strong>\u00a0junto con un flujo\u00a0<strong>M-JPEG.<\/strong>\u00a0Estos flujos facilitan una visualizaci\u00f3n y grabaci\u00f3n eficientes con poco uso del ancho de banda, as\u00ed como la integraci\u00f3n con sistemas de gesti\u00f3n de v\u00eddeo de otros fabricantes. En funci\u00f3n de la resoluci\u00f3n y de la velocidad de im\u00e1genes seleccionadas para el primer flujo, el segundo flujo ofrece una copia del primero o un flujo a una resoluci\u00f3n m\u00e1s baja. El tercer flujo usa los fotogramas I del primer flujo para la grabaci\u00f3n.<strong>\u00a0El cuarto flujo muestra una imagen JPEG a un m\u00e1ximo de 10 MB\/s.<\/strong><\/p>\n<p class=\"ql-align-justify\"><strong>Salidas de v\u00eddeo IP y anal\u00f3gicas de manera simult\u00e1nea<\/strong><\/p>\n<p class=\"ql-align-justify\">Una salida de v\u00eddeo anal\u00f3gica protegida contra subidas de tensi\u00f3n garantiza la obtenci\u00f3n simult\u00e1nea de transmisiones de v\u00eddeo IP de alta resoluci\u00f3n y salidas de v\u00eddeo anal\u00f3gicas. Esto significa, por ejemplo, que es posible conectar f\u00e1cilmente un monitor de confrontamiento directamente a la c\u00e1mara sin perder ninguna de las funciones IP.<\/p>\n<p class=\"ql-align-justify\"><strong>Zonas de inter\u00e9s y E-PTZ<\/strong><\/p>\n<p class=\"ql-align-justify\">El usuario puede definir las zonas de inter\u00e9s.\u00a0<strong>Los controles remotos E-PTZ de giro, inclinaci\u00f3n y zoom electr\u00f3nicos permiten seleccionar zonas espec\u00edficas de la imagen principal.<\/strong>\u00a0Estas zonas producen flujos diferentes para una visualizaci\u00f3n y grabaci\u00f3n remotas. Estos flujos, junto con el flujo principal, permiten al operario controlar individualmente la parte m\u00e1s importante de una escena manteniendo la atenci\u00f3n sobre la escena general.<\/p>\n<p class=\"ql-align-justify\"><strong>Micr\u00f3fono incorporado, audio bidireccional y alarma ac\u00fastica<\/strong><\/p>\n<p class=\"ql-align-justify\">La c\u00e1mara dispone de un micr\u00f3fono integrado para que los operadores puedan escuchar el \u00e1rea supervisada. El audio bidireccional permite al operador comunicarse con los visitantes o intrusos a trav\u00e9s de una entrada y salida de l\u00ednea de audio externo. Se puede utilizar la detecci\u00f3n de audio para generar una alarma, en caso de necesidad.<\/p>\n<p class=\"ql-align-justify\"><strong>Detecci\u00f3n de movimiento y sabotaje<\/strong><\/p>\n<p class=\"ql-align-justify\">La c\u00e1mara dispone de una amplia gama de opciones de configuraci\u00f3n de alarmas para alertar de los intentos de sabotaje. Tambi\u00e9n se puede utilizar un algoritmo integrado para detectar cualquier movimiento en el v\u00eddeo y emitir una se\u00f1al de alarma.<\/p>\n<p class=\"ql-align-justify\"><strong>Grabaci\u00f3n de forma local<\/strong><\/p>\n<p class=\"ql-align-justify\"><strong>La ranura admite tarjetas SD<\/strong>\u00a0con capacidad de almacenamiento de hasta<strong>\u00a02 TB<\/strong>. Se puede utilizar una tarjeta\u00a0<strong>SD\u00a0<\/strong>para realizar grabaciones con alarmas locales. La grabaci\u00f3n previa a la alarma en la\u00a0<strong>RAM\u00a0<\/strong>reduce el ancho de banda de grabaci\u00f3n en la red o, si se utiliza la grabaci\u00f3n en tarjeta SD, ampl\u00eda la vida efectiva del medio de almacenamiento.<\/p>\n<p class=\"ql-align-justify\"><strong>Gesti\u00f3n de almacenamiento<\/strong><\/p>\n<p class=\"ql-align-justify\">La gesti\u00f3n de grabaciones se puede controlar con el\u00a0<strong>Video Recording Manager\u00a0<\/strong>(<strong>VRM<\/strong>) de Bosch o bien la c\u00e1mara puede utilizar destinos iSCSI directamente, sin software de grabaci\u00f3n.<\/p>\n<p class=\"ql-align-justify\"><strong>Nota: DINION IP 5000 MP<\/strong><\/p>\n<p class=\"ql-align-justify\"><strong>C\u00e1mara IP de 5 MP para interiores con dise\u00f1o tipo caja, iDNR; d\u00eda\/noche; transmisi\u00f3n de cu\u00e1druple flujo H.264; servicios basados en la nube; zonas de inter\u00e9s; detecci\u00f3n de sabotaje, movimiento y sonido; 5 MP; varifocal de 3,3 a 12 mm; DC-iris; lente F1.4; correcci\u00f3n por IR.<\/strong><\/p>\n<p class=\"ql-align-justify\"><strong>N\u00famero de pedido: NBN-50051-V3.<\/strong><\/p>\n<p class=\"ql-align-justify\"><strong>Principales Caracter\u00edstica<\/strong><\/p>\n<ul>\n<li class=\"ql-align-justify\">C\u00e1mara de red elegante para interiores.<\/li>\n<li class=\"ql-align-justify\">Con 5 MP para obtener im\u00e1genes muy detalladas.<\/li>\n<li class=\"ql-align-justify\">La reducci\u00f3n inteligente de ruido disminuye los requisitos de ancho de banda y almacenamiento hasta en un 50%.<\/li>\n<li class=\"ql-align-justify\">Ranura para tarjeta SD que permite realizar grabaciones locales.<\/li>\n<li class=\"ql-align-justify\">Alarmas por correo electr\u00f3nico, FTP y Dropbox.<\/li>\n<\/ul>\n<p class=\"ql-align-justify\"><strong>Especificaciones<\/strong><\/p>\n<p class=\"ql-align-justify\"><strong>Alimentaci\u00f3n<\/strong><\/p>\n<ul>\n<li class=\"ql-align-justify\">Fuente de alimentaci\u00f3n: 12 VCC.<\/li>\n<li class=\"ql-align-justify\">Alimentaci\u00f3n por Ethernet nominal: de 48 VCC.<\/li>\n<li class=\"ql-align-justify\">Consumo de corriente: 300 mA (12 VCC) 75 mA (PoE 48 VCC).<\/li>\n<li class=\"ql-align-justify\">Consumo de energ\u00eda: 3,6 W PoE.<\/li>\n<li class=\"ql-align-justify\">IEEE 802.3af (802.3at tipo 1) Nivel de potencia: clase 1.<\/li>\n<\/ul>\n<p class=\"ql-align-justify\"><strong>Sensor<\/strong><\/p>\n<ul>\n<li class=\"ql-align-justify\">Tipo CMOS de 1\/3 pulg.<\/li>\n<li class=\"ql-align-justify\">N\u00famero total de p\u00edxeles del sensor: 2592 x 1944.<\/li>\n<\/ul>\n<p class=\"ql-align-justify\"><strong>Rendimiento de v\u00eddeo<\/strong><\/p>\n<p class=\"ql-align-justify\">Sensibilidad (3200 K, 89% de reflectividad, F1.4, 30 IRE)<\/p>\n<ul>\n<li class=\"ql-align-justify\">Color 0,35 lx.<\/li>\n<li class=\"ql-align-justify\">Monocromo 0,05 lx.<\/li>\n<li class=\"ql-align-justify\">Rango din\u00e1mico: Amplio rango din\u00e1mico (WDR) de 81 dB.<\/li>\n<\/ul>\n<p class=\"ql-align-justify\"><strong>Flujo de v\u00eddeo<\/strong><\/p>\n<ul>\n<li class=\"ql-align-justify\">Compresi\u00f3n de v\u00eddeo H.264 (MP); M-JPEG.<\/li>\n<li class=\"ql-align-justify\">Flujo de v\u00eddeo M\u00faltiples flujos configurables en H.264 y M- -JPEG con velocidad de im\u00e1genes y ancho de banda personalizables.<\/li>\n<li class=\"ql-align-justify\">Retardo de IP absoluto M\u00edn. 300 ms; m\u00e1x. 850 ms.<\/li>\n<li class=\"ql-align-justify\">Estructura GOP IP Intervalo de codificaci\u00f3n 1 a 12 ips.<\/li>\n<\/ul>\n<p class=\"ql-align-justify\"><strong>Resoluci\u00f3n de v\u00eddeo<\/strong><\/p>\n<ul>\n<li class=\"ql-align-justify\">5 MP (4:3) 2592 x 1944.<\/li>\n<li class=\"ql-align-justify\">1,5 MP (4:3) 1440 x 1080.<\/li>\n<li class=\"ql-align-justify\">0,8 MP (4:3) 1024 x 768.<\/li>\n<li class=\"ql-align-justify\">VGA 640 x 480.<\/li>\n<li class=\"ql-align-justify\">QVGA 320 x 240.<\/li>\n<\/ul>\n<p class=\"ql-align-justify\"><strong>Funciones de v\u00eddeo<\/strong><\/p>\n<ul>\n<li class=\"ql-align-justify\">D\u00eda\/Noche Color, monocromo, autom\u00e1tico.<\/li>\n<li class=\"ql-align-justify\">Ajustes de imagen configurables.<\/li>\n<li class=\"ql-align-justify\">Contraste, saturaci\u00f3n, brillo Balance de blancos Tres modos autom\u00e1ticos, modo manual y medici\u00f3n.<\/li>\n<li class=\"ql-align-justify\">Obturador Obturador electr\u00f3nico autom\u00e1tico; Obturador fijo seleccionable.<\/li>\n<\/ul>\n<p class=\"ql-align-justify\"><strong>Flujo de audio<\/strong><\/p>\n<ul>\n<li class=\"ql-align-justify\">Flujo de audio D\u00faplex completo\/semid\u00faplex.<\/li>\n<li class=\"ql-align-justify\">Relaci\u00f3n se\u00f1al\/ruido &gt; 50 dB.<\/li>\n<li class=\"ql-align-justify\">Compresi\u00f3n de audio AAC-LC, G.711, L16 (en directo y grabaci\u00f3n).<\/li>\n<\/ul>\n<p class=\"ql-align-justify\"><strong>Almacenamiento local<\/strong><\/p>\n<ul>\n<li class=\"ql-align-justify\">RAM interna Grabaci\u00f3n previa a la alarma de 10 s.<\/li>\n<li class=\"ql-align-justify\">Ranura para tarjeta de memoria.<\/li>\n<li class=\"ql-align-justify\">Admite tarjeta SDHC de hasta 32 GB \/ SDXC de 2 TB. (Se recomienda una tarjeta SD de clase 6 o posterior para la grabaci\u00f3n HD).<\/li>\n<li class=\"ql-align-justify\">Grabaci\u00f3n Grabaci\u00f3n continua, grabaci\u00f3n circular. Grabaci\u00f3n de alarma, eventos y planificaci\u00f3n.}<\/li>\n<\/ul>\n<p class=\"ql-align-justify\"><strong>Red<\/strong><\/p>\n<p class=\"ql-align-justify\">Protocolos: IPv4, IPv6, UDP, TCP, HTTP, HTTPS, RTP\/ RTCP, IGMP V2\/V3, ICMP, ICMPv6, RTSP, FTP, Telnet, ARP, DHCP, NTP (SNTP), SNMP (V1, MIB-II), 802.1x, DNS, DNSv6, DDNS (DynDNS.org, selfHOST.de, no- -ip.com), SMTP, iSCSI, UPnP (SSDP), DiffServ (QoS), LLDP, SOAP, Dropbox, CHAP, digest authentication.<\/p>\n<p class=\"ql-align-justify\"><strong>Software<\/strong><\/p>\n<ul>\n<li class=\"ql-align-justify\">Configuraci\u00f3n de la unidad Mediante explorador web o Configuration Manager.<\/li>\n<li class=\"ql-align-justify\">Actualizaci\u00f3n de firmware.<\/li>\n<li class=\"ql-align-justify\">Programable de forma remota Visor de software Explorador web, Bosch Video Client o software de terceros.<\/li>\n<\/ul>\n<p class=\"ql-align-justify\"><strong>Mec\u00e1nicas<\/strong><\/p>\n<ul>\n<li class=\"ql-align-justify\">Dimensiones (Al. x An. x Pr.) 55 x 64 x 111 mm (2,17 x 2,52 x 4,37 pulg.) sin lente.<\/li>\n<li class=\"ql-align-justify\">Dimensiones (Al. x An. x Pr.) 55 x 64 x 146 mm (3,07 x 2,6 x 5,75 pulg.) con lente.<\/li>\n<li class=\"ql-align-justify\">Peso 550 g (1,21 pulg.) sin lente 590 g (1,30 pulg.) con lente.<\/li>\n<li class=\"ql-align-justify\">Color RAL 9017 (negro tr\u00e1fico).<\/li>\n<li class=\"ql-align-justify\">Montaje de tr\u00edpode Parte inferior y superior 20 UNC, 1\/4 pulg.<\/li>\n<\/ul>\n<p class=\"ql-align-justify\"><strong>Medioambientales<\/strong><\/p>\n<ul>\n<li class=\"ql-align-justify\">Temperatura de funcionamiento: De -30 \u00b0C a +50 \u00b0C (de -22 \u00b0F a +122 \u00b0F).<\/li>\n<li class=\"ql-align-justify\">Temperatura de almacenamiento: De -40 \u00b0C a +70 \u00b0C (de -40 \u00b0F a +158 \u00b0F).<\/li>\n<li class=\"ql-align-justify\">Humedad Humedad relativa del 0 al 90% (sin condensaci\u00f3n).<\/li>\n<\/ul>\n<p><img decoding=\"async\" class=\"overview-center-img-\" src=\"https:\/\/tvc.mx\/media\/13701\/Logoopaginas-oficial.png\" alt=\"\" \/><\/p>\n","protected":false},"excerpt":{"rendered":"<p>DINION IP 5000 MP La c\u00e1mara para interiores de 5 MP\u00a0es un completo sistema de vigilancia de v\u00eddeo en red listo para usar, de dise\u00f1o compacto y elegante. Esta c\u00e1mara lleva la tecnolog\u00eda de alto rendimiento de Bosch a los hogares, las oficinas y los&hellip;<\/p>\n","protected":false},"featured_media":7451,"comment_status":"open","ping_status":"closed","template":"","meta":{"om_disable_all_campaigns":false,"_monsterinsights_skip_tracking":false,"_monsterinsights_sitenote_active":false,"_monsterinsights_sitenote_note":"","_monsterinsights_sitenote_category":0},"product_brand":[],"product_cat":[669],"product_tag":[613,611,612,616,615,610,614,617],"class_list":{"0":"post-7452","1":"product","2":"type-product","3":"status-publish","4":"has-post-thumbnail","6":"product_cat-profesionales-camaras-ip-bosch-video-vigilancia","7":"product_tag-bosch","8":"product_tag-manhattan","9":"product_tag-saxxon","10":"product_tag-surveon","11":"product_tag-utepo","12":"product_tag-videovigilancia","13":"product_tag-vivotek","14":"product_tag-zteco","16":"first","17":"instock","18":"sale","19":"taxable","20":"shipping-taxable","21":"purchasable","22":"product-type-simple"},"aioseo_notices":[],"_links":{"self":[{"href":"https:\/\/tecsecmty.com\/index.php\/wp-json\/wp\/v2\/product\/7452","targetHints":{"allow":["GET"]}}],"collection":[{"href":"https:\/\/tecsecmty.com\/index.php\/wp-json\/wp\/v2\/product"}],"about":[{"href":"https:\/\/tecsecmty.com\/index.php\/wp-json\/wp\/v2\/types\/product"}],"replies":[{"embeddable":true,"href":"https:\/\/tecsecmty.com\/index.php\/wp-json\/wp\/v2\/comments?post=7452"}],"version-history":[{"count":0,"href":"https:\/\/tecsecmty.com\/index.php\/wp-json\/wp\/v2\/product\/7452\/revisions"}],"wp:featuredmedia":[{"embeddable":true,"href":"https:\/\/tecsecmty.com\/index.php\/wp-json\/wp\/v2\/media\/7451"}],"wp:attachment":[{"href":"https:\/\/tecsecmty.com\/index.php\/wp-json\/wp\/v2\/media?parent=7452"}],"wp:term":[{"taxonomy":"product_brand","embeddable":true,"href":"https:\/\/tecsecmty.com\/index.php\/wp-json\/wp\/v2\/product_brand?post=7452"},{"taxonomy":"product_cat","embeddable":true,"href":"https:\/\/tecsecmty.com\/index.php\/wp-json\/wp\/v2\/product_cat?post=7452"},{"taxonomy":"product_tag","embeddable":true,"href":"https:\/\/tecsecmty.com\/index.php\/wp-json\/wp\/v2\/product_tag?post=7452"}],"curies":[{"name":"wp","href":"https:\/\/api.w.org\/{rel}","templated":true}]}}