{"id":7470,"date":"2023-02-23T16:12:37","date_gmt":"2023-02-23T22:12:37","guid":{"rendered":"https:\/\/tecsecmty.com\/index.php\/producto\/ngteco-ngc1201-camara-ip-cubo-wifi-1080p-full-hd-vision-nocturna-deteccion-de-movimiento-almacenamiento-local-y-en-la-nube-audio-bi-direccional-wifi-2-4-ghz\/"},"modified":"2023-03-22T23:23:43","modified_gmt":"2023-03-23T05:23:43","slug":"ngteco-ngc1201-camara-ip-cubo-wifi-1080p-full-hd-vision-nocturna-deteccion-de-movimiento-almacenamiento-local-y-en-la-nube-audio-bi-direccional-wifi-2-4-ghz","status":"publish","type":"product","link":"https:\/\/tecsecmty.com\/index.php\/producto\/ngteco-ngc1201-camara-ip-cubo-wifi-1080p-full-hd-vision-nocturna-deteccion-de-movimiento-almacenamiento-local-y-en-la-nube-audio-bi-direccional-wifi-2-4-ghz\/","title":{"rendered":"NGTECO NGC1201- C\u00e1mara IP Cubo WiFi \/ 1080p Full-HD \/ Visi\u00f3n Nocturna \/ Detecci\u00f3n de Movimiento \/ Almacenamiento Local y en la Nube \/ Audio Bi-direccional \/ WiFi 2.4 GHz"},"content":{"rendered":"<div class=\"row aling-items-center padding-bottom-2x\">\n<div class=\"col-lg-12\">\n<h5 class=\"card-title text-center\">Informaci\u00f3n General<\/h5>\n<p class=\"ql-align-justify\">La c\u00e1mara\u00a0<strong>NGC1201\u00a0<\/strong>es una c\u00e1mara c\u00fabica dise\u00f1ada para la seguridad interior con m\u00f3dulo WiFi incorporado que simplifica el cableado en la instalaci\u00f3n. Adem\u00e1s, cuenta con detecci\u00f3n de movimiento y otras funciones de notificaci\u00f3n de mensajes de alarma. Desde la aplicaci\u00f3n de plataforma de hogar inteligente todo en uno NGTeco Home, usted puede manejar varias funciones, como audio bidireccional, notificaci\u00f3n de estado en tiempo real, video HD en vivo o incluso revisar la actividad con almacenamiento local o en la nube si necesario.<\/p>\n<p><img decoding=\"async\" class=\"overview-center-img-web\" src=\"https:\/\/tvc.mx\/media\/567167\/Camara-Cubo-WiFi-1080p-NGC1201-NGTECO-TVC-Banner.png\" alt=\"\" \/><\/div>\n<\/div>\n<div class=\"row align-items-center padding-bottom-2x\">\n<div class=\"col-md-5\"><img decoding=\"async\" class=\"d-block m-auto img-thumbnail\" src=\"https:\/\/tvc.mx\/media\/439855\/ZKT0110001---ZKTECO-NGC1201-Overview-IZQ-o-DER.png\" alt=\" \" \/><\/div>\n<div class=\"col-md-7 text-md-left text-center\">\n<h2>Caracter\u00edsticas.<\/h2>\n<p class=\"text-muted\">\n<ul>\n<li class=\"ql-align-justify\"><strong>1080p Full-HD<\/strong>\u00a0&#8211; Disfrute de una incre\u00edble nitidez de 1080p en video en vivo.<\/li>\n<li class=\"ql-align-justify\"><strong>Vision Nocturna<\/strong>\u00a0&#8211; Vea lo que sucede incluso en la oscuridad.<\/li>\n<li class=\"ql-align-justify\"><strong>Detecci\u00f3n de Movimiento<\/strong>\u00a0&#8211; Configure el horario para habilitar o deshabilitar autom\u00e1ticamente la detecci\u00f3n de movimiento.<\/li>\n<li class=\"ql-align-justify\"><strong>Almacenamiento Local y en la Nube<\/strong>\u00a0&#8211; Almacene y revise la actividad reciente con almacenamiento local o en la nube.<\/li>\n<li class=\"ql-align-justify\"><strong>Audio Bi-direccional<\/strong>\u00a0&#8211; Escuche o hable ida y vuelta.<\/li>\n<li class=\"ql-align-justify\"><strong>WiFi<\/strong>\u00a0&#8211; Soporta WiFi 2.4 GHz.<\/li>\n<\/ul>\n<p>&nbsp;<\/p>\n<\/div>\n<\/div>\n<hr class=\"padding-bottom-2x\" \/>\n<div class=\"row align-items-center padding-bottom-2x\">\n<div class=\"col-md-5 order-md-2\"><img decoding=\"async\" class=\"d-block m-auto img-thumbnail\" src=\"https:\/\/tvc.mx\/media\/439887\/ZKT0110001---ZKTECO-NG-C1201-Banner-ZK-AsistenciaAccesoIZQ.png\" alt=\" \" \/><\/div>\n<div class=\"col-md-7 order-md-1 text-md-left text-center\">\n<h2>Especificaciones T\u00e9cnicas<\/h2>\n<p class=\"text-muted\">\n<p><strong>C\u00e1mara<\/strong><\/p>\n<ul>\n<li>Sensor de imagen Sensor CMOS 1\/2.7&#8243;<\/li>\n<li>Iluminaci\u00f3n m\u00ednima 0.1Lux \/ F1.2<\/li>\n<li>Resoluci\u00f3n 1080P (1920*1080)<\/li>\n<\/ul>\n<p><strong>Lente<\/strong><\/p>\n<ul>\n<li>Longitud focal 3.6mm<\/li>\n<li>Campo de visi\u00f3n horizontal 85\u00b0<\/li>\n<li>Apertura F2.0<\/li>\n<\/ul>\n<p><strong>Alarma<\/strong><\/p>\n<ul>\n<li>Detecci\u00f3n de movimiento<\/li>\n<\/ul>\n<p><strong>Video<\/strong><\/p>\n<ul>\n<li>Compresi\u00f3n de video H.264<\/li>\n<li>Vision nocturna 5 meteros<\/li>\n<li>Cuadros por segundo 15f\/s<\/li>\n<li>Voltear imagen Soportado<\/li>\n<\/ul>\n<p><strong>Audio<\/strong><\/p>\n<ul>\n<li>Compresi\u00f3n de audio PCM<\/li>\n<li>Distancia de detecci\u00f3n 5 metros<\/li>\n<li>Altavoz Incorporado<\/li>\n<li>Audio Dual Soportado<\/li>\n<\/ul>\n<p><strong>Red<\/strong><\/p>\n<ul>\n<li>Protocolo inal\u00e1mbrico 802.11b\/g\/n\u00a0(2.4GHz\u00a0Wi-Fi)<\/li>\n<li>Seguridad de datos Cifrado de extremo a extremo WEP\/WPA\/WPA2<\/li>\n<li>Protocolo WebRTC<\/li>\n<li>Almacenamiento en la nube Soporte (opcional)<\/li>\n<\/ul>\n<p><strong>General<\/strong><\/p>\n<ul>\n<li>Almacenamiento local Soporte m\u00e1ximo 256GB<\/li>\n<li>Fuente de alimentaci\u00f3n DC 5V\/1A<\/li>\n<li>Opciones de adaptador de corriente US \/ EU \/ UK<\/li>\n<li>Consumo de energ\u00eda 2W Watts\u00a0(Max.)<\/li>\n<li>Temperatura de trabajo -10\u00a0~\u00a060\u00b0C<\/li>\n<li>Humedad de trabajo 20%\u00a0~\u00a095%<\/li>\n<li>Certificaciones reglamentarias CE\/FCC<\/li>\n<li>Dimensiones 114 x 80 mm<\/li>\n<\/ul>\n<p>&nbsp;<\/p>\n<\/div>\n<\/div>\n<hr class=\"padding-bottom-2x\" \/>\n<div class=\"row align-items-center padding-bottom-2x\">\n<div class=\"col-md-5\"><img decoding=\"async\" class=\"d-block m-auto img-thumbnail\" src=\"https:\/\/tvc.mx\/media\/591855\/ZKT0110001---ZKTECO-NG-C1201-ov2.png\" alt=\" \" \/><\/div>\n<div class=\"col-md-7 text-md-left text-center\">\n<h2>Incluye<\/h2>\n<p class=\"text-muted\">\n<ul>\n<li class=\"ql-align-justify\">C\u00e1mara 2mp.<\/li>\n<li class=\"ql-align-justify\">Fuente de poder.<\/li>\n<li class=\"ql-align-justify\">Cable de alimentaci\u00f3n.<\/li>\n<li class=\"ql-align-justify\">Guia de instalaci\u00f3n.<\/li>\n<li class=\"ql-align-justify\">Poliza de garantia.<\/li>\n<\/ul>\n<\/div>\n<\/div>\n","protected":false},"excerpt":{"rendered":"<p>Informaci\u00f3n General La c\u00e1mara\u00a0NGC1201\u00a0es una c\u00e1mara c\u00fabica dise\u00f1ada para la seguridad interior con m\u00f3dulo WiFi incorporado que simplifica el cableado en la instalaci\u00f3n. Adem\u00e1s, cuenta con detecci\u00f3n de movimiento y otras funciones de notificaci\u00f3n de mensajes de alarma. Desde la aplicaci\u00f3n de plataforma de hogar&hellip;<\/p>\n","protected":false},"featured_media":7469,"comment_status":"open","ping_status":"closed","template":"","meta":{"om_disable_all_campaigns":false,"_monsterinsights_skip_tracking":false,"_monsterinsights_sitenote_active":false,"_monsterinsights_sitenote_note":"","_monsterinsights_sitenote_category":0},"product_brand":[],"product_cat":[672],"product_tag":[613,611,612,616,615,610,614,617],"class_list":{"0":"post-7470","1":"product","2":"type-product","3":"status-publish","4":"has-post-thumbnail","6":"product_cat-wifi-inalambricas","7":"product_tag-bosch","8":"product_tag-manhattan","9":"product_tag-saxxon","10":"product_tag-surveon","11":"product_tag-utepo","12":"product_tag-videovigilancia","13":"product_tag-vivotek","14":"product_tag-zteco","16":"first","17":"instock","18":"sale","19":"taxable","20":"shipping-taxable","21":"purchasable","22":"product-type-simple"},"aioseo_notices":[],"_links":{"self":[{"href":"https:\/\/tecsecmty.com\/index.php\/wp-json\/wp\/v2\/product\/7470","targetHints":{"allow":["GET"]}}],"collection":[{"href":"https:\/\/tecsecmty.com\/index.php\/wp-json\/wp\/v2\/product"}],"about":[{"href":"https:\/\/tecsecmty.com\/index.php\/wp-json\/wp\/v2\/types\/product"}],"replies":[{"embeddable":true,"href":"https:\/\/tecsecmty.com\/index.php\/wp-json\/wp\/v2\/comments?post=7470"}],"version-history":[{"count":0,"href":"https:\/\/tecsecmty.com\/index.php\/wp-json\/wp\/v2\/product\/7470\/revisions"}],"wp:featuredmedia":[{"embeddable":true,"href":"https:\/\/tecsecmty.com\/index.php\/wp-json\/wp\/v2\/media\/7469"}],"wp:attachment":[{"href":"https:\/\/tecsecmty.com\/index.php\/wp-json\/wp\/v2\/media?parent=7470"}],"wp:term":[{"taxonomy":"product_brand","embeddable":true,"href":"https:\/\/tecsecmty.com\/index.php\/wp-json\/wp\/v2\/product_brand?post=7470"},{"taxonomy":"product_cat","embeddable":true,"href":"https:\/\/tecsecmty.com\/index.php\/wp-json\/wp\/v2\/product_cat?post=7470"},{"taxonomy":"product_tag","embeddable":true,"href":"https:\/\/tecsecmty.com\/index.php\/wp-json\/wp\/v2\/product_tag?post=7470"}],"curies":[{"name":"wp","href":"https:\/\/api.w.org\/{rel}","templated":true}]}}