{"id":7474,"date":"2023-02-23T16:12:41","date_gmt":"2023-02-23T22:12:41","guid":{"rendered":"https:\/\/tecsecmty.com\/index.php\/producto\/ngteco-ngc2301-camara-ip-pt-wifi-1080p-iluminacion-0-1-lux-h264-distancia-ir-5-metros-deteccion-de-movimiento-movimiento-355-horizontal-80-vertical-campo-de-vision-85\/"},"modified":"2023-03-22T23:23:43","modified_gmt":"2023-03-23T05:23:43","slug":"ngteco-ngc2301-camara-ip-pt-wifi-1080p-iluminacion-0-1-lux-h264-distancia-ir-5-metros-deteccion-de-movimiento-movimiento-355-horizontal-80-vertical-campo-de-vision-85","status":"publish","type":"product","link":"https:\/\/tecsecmty.com\/index.php\/producto\/ngteco-ngc2301-camara-ip-pt-wifi-1080p-iluminacion-0-1-lux-h264-distancia-ir-5-metros-deteccion-de-movimiento-movimiento-355-horizontal-80-vertical-campo-de-vision-85\/","title":{"rendered":"NGTECO NGC2301 &#8211; C\u00e1mara IP PT WiFi 1080p \/ Iluminaci\u00f3n 0.1 lux \/ H264 \/ Distancia IR 5 metros \/ Detecci\u00f3n de movimiento \/ Movimiento 355\u00b0 horizontal, 80\u00b0 vertical \/ Campo de visi\u00f3n 85\u00b0 horizontal 135\u00b0 diagonal"},"content":{"rendered":"<div class=\"row aling-items-center padding-bottom-2x\">\n<div class=\"col-lg-12\">\n<h5 class=\"card-title text-center\">Descripci\u00f3n<\/h5>\n<p class=\"ql-align-justify\">La c\u00e1mara\u00a0<strong>NG-C2301<\/strong>\u00a0es para\u00a0<strong>seguridad<\/strong>\u00a0en interiores con\u00a0<strong>m\u00f3dulo WiFi incorporado<\/strong>\u00a0que simplifica el cableado en la instalaci\u00f3n. Este modelo cuenta con\u00a0<strong>detecci\u00f3n de movimiento<\/strong>\u00a0y otras funciones de notificaci\u00f3n de mensajes de alarma. Desde la aplicaci\u00f3n\u00a0<strong>NGTeco Home<\/strong>, usted puede manejar varias funciones , como\u00a0<strong>audio bidireccional<\/strong>,\u00a0<strong>notificaci\u00f3n de estado en tiempo real<\/strong>,\u00a0<strong>video HD en vivo<\/strong>\u00a0o incluso revisar la actividad con\u00a0<strong>almacenamiento local o en la nube.<\/strong><\/p>\n<p><img decoding=\"async\" class=\"overview-center-img-web\" src=\"https:\/\/tvc.mx\/media\/566483\/C%C3%A1mara-IP-WiFi-1080p-NGC2301-NGTECO-TVC-Banner.png\" alt=\"\" \/><\/div>\n<\/div>\n<div class=\"row align-items-center padding-bottom-2x\">\n<div class=\"col-md-5\"><img decoding=\"async\" class=\"d-block m-auto img-thumbnail\" src=\"https:\/\/tvc.mx\/media\/439955\/ZKT0030003---ZKTECO-NGC2301-Overview-IZQ-o-DER2.png\" alt=\" \" \/><\/div>\n<div class=\"col-md-7 text-md-left text-center\">\n<h2>Caracter\u00edsticas.<\/h2>\n<p class=\"text-muted\">\n<ul>\n<li class=\"ql-align-justify\">1080p Full-HD &#8211; Disfrute de una incre\u00edble nitidez de 1080p en video en vivo.<\/li>\n<li class=\"ql-align-justify\">Visi\u00f3n panor\u00e1mica e inclinaci\u00f3n &#8211; Gire y configure el punto de vista de la c\u00e1mara a trav\u00e9s de la aplicaci\u00f3n.<\/li>\n<li class=\"ql-align-justify\">Visi\u00f3n Nocturna &#8211; Vea lo que sucede incluso en la oscuridad.<\/li>\n<li class=\"ql-align-justify\">Almacenamiento Local y en la Nube &#8211; Almacene y revise la actividad reciente con almacenamiento local o en la nube.<\/li>\n<li class=\"ql-align-justify\">Audio Bi-direccional &#8211; Escuche o hable ida y vuelta.<\/li>\n<\/ul>\n<p>&nbsp;<\/p>\n<\/div>\n<\/div>\n<hr class=\"padding-bottom-2x\" \/>\n<div class=\"row align-items-center padding-bottom-2x\">\n<div class=\"col-md-5 order-md-2\"><img decoding=\"async\" class=\"d-block m-auto img-thumbnail\" src=\"https:\/\/tvc.mx\/media\/439975\/ZKT0030003---ZKTECO-NGC2301-Overview-IZQ-o-DER.png\" alt=\" \" \/><\/div>\n<div class=\"col-md-7 order-md-1 text-md-left text-center\">\n<h2>Especificaciones T\u00e9cnicas<\/h2>\n<p class=\"text-muted\">\n<p class=\"ql-align-justify\">C\u00e1mara<\/p>\n<ul>\n<li class=\"ql-align-justify\">Sensor de imagen 1\/2.7&#8243; CMOS Sensor<\/li>\n<li class=\"ql-align-justify\">Iluminaci\u00f3n m\u00ednima 0.1Lux \/ F1.2<\/li>\n<li class=\"ql-align-justify\">Resoluci\u00f3n 1080P (1920*1080)<\/li>\n<li class=\"ql-align-justify\">Visi\u00f3n panor\u00e1mica e inclinaci\u00f3n Panor\u00e1mica 355 grados Inclinaci\u00f3n 80 grados<\/li>\n<\/ul>\n<p class=\"ql-align-justify\">Lente<\/p>\n<ul>\n<li class=\"ql-align-justify\">Longitud focal 3.6mm<\/li>\n<li class=\"ql-align-justify\">Campo de visi\u00f3n Vista horizontal 85\u00b0<\/li>\n<li class=\"ql-align-justify\">Apertura F2.0<\/li>\n<\/ul>\n<p class=\"ql-align-justify\">Alarma<\/p>\n<ul>\n<li class=\"ql-align-justify\">Detecci\u00f3n de movimiento<\/li>\n<\/ul>\n<p class=\"ql-align-justify\">Video<\/p>\n<ul>\n<li class=\"ql-align-justify\">Compresi\u00f3n de video H.264<\/li>\n<li class=\"ql-align-justify\">Visi\u00f3n nocturna 5 metros<\/li>\n<li class=\"ql-align-justify\">Cuadros por segundo 15f\/s<\/li>\n<\/ul>\n<p class=\"ql-align-justify\">Audio<\/p>\n<ul>\n<li class=\"ql-align-justify\">Distancia de detecci\u00f3n 5 metros<\/li>\n<li class=\"ql-align-justify\">Altavoz Incorporado<\/li>\n<li class=\"ql-align-justify\">Audio Dual<\/li>\n<\/ul>\n<p class=\"ql-align-justify\">Red<\/p>\n<ul>\n<li class=\"ql-align-justify\">Protocolo inal\u00e1mbrico 802.11b\/g\/n (2.4GHz Wi-Fi)<\/li>\n<li class=\"ql-align-justify\">Seguridad de datos Cifrado de extremo a extremo WEP\/WPA\/WPA2<\/li>\n<\/ul>\n<p class=\"ql-align-justify\">General<\/p>\n<ul>\n<li class=\"ql-align-justify\">Almacenamiento local Soporte m\u00e1ximo 256GB<\/li>\n<li class=\"ql-align-justify\">Fuente de alimentaci\u00f3n DC 5V\/1A<\/li>\n<li class=\"ql-align-justify\">Consumo de energ\u00eda 2W Watts (Max.)<\/li>\n<li class=\"ql-align-justify\">Temperatura de trabajo -10 ~ 60\u00b0C<\/li>\n<li class=\"ql-align-justify\">Humedad de trabajo 20% ~ 95%<\/li>\n<li class=\"ql-align-justify\">Dimensiones 115 x 75 mm<\/li>\n<\/ul>\n<p>&nbsp;<\/p>\n<\/div>\n<\/div>\n<hr class=\"padding-bottom-2x\" \/>\n<div class=\"row align-items-center padding-bottom-2x\">\n<div class=\"col-md-5\"><img decoding=\"async\" class=\"d-block m-auto img-thumbnail\" src=\"https:\/\/tvc.mx\/media\/592215\/ZKTECO-ZKT0030003-CAMARA-IP-1080-WIFI-INCLUYE.png\" alt=\" \" \/><\/div>\n<div class=\"col-md-7 text-md-left text-center\">\n<h2>Incluye<\/h2>\n<p class=\"text-muted\">\n<ul>\n<li class=\"ql-align-justify\">C\u00e1mara ip WiFi 2mp.<\/li>\n<li class=\"ql-align-justify\">Fuente de poder.<\/li>\n<li class=\"ql-align-justify\">Cable de alimentaci\u00f3n.<\/li>\n<li class=\"ql-align-justify\">Base de fijaci\u00f3n.<\/li>\n<li class=\"ql-align-justify\">Accesorios de instalaci\u00f3n.<\/li>\n<li class=\"ql-align-justify\">Guia de instalaci\u00f3n.<\/li>\n<li class=\"ql-align-justify\">Poliza de garantia.<\/li>\n<\/ul>\n<\/div>\n<\/div>\n","protected":false},"excerpt":{"rendered":"<p>Descripci\u00f3n La c\u00e1mara\u00a0NG-C2301\u00a0es para\u00a0seguridad\u00a0en interiores con\u00a0m\u00f3dulo WiFi incorporado\u00a0que simplifica el cableado en la instalaci\u00f3n. Este modelo cuenta con\u00a0detecci\u00f3n de movimiento\u00a0y otras funciones de notificaci\u00f3n de mensajes de alarma. Desde la aplicaci\u00f3n\u00a0NGTeco Home, usted puede manejar varias funciones , como\u00a0audio bidireccional,\u00a0notificaci\u00f3n de estado en tiempo real,\u00a0video&hellip;<\/p>\n","protected":false},"featured_media":7473,"comment_status":"open","ping_status":"closed","template":"","meta":{"om_disable_all_campaigns":false,"_monsterinsights_skip_tracking":false,"_monsterinsights_sitenote_active":false,"_monsterinsights_sitenote_note":"","_monsterinsights_sitenote_category":0},"product_brand":[],"product_cat":[672],"product_tag":[613,611,612,616,615,610,614,617],"class_list":{"0":"post-7474","1":"product","2":"type-product","3":"status-publish","4":"has-post-thumbnail","6":"product_cat-wifi-inalambricas","7":"product_tag-bosch","8":"product_tag-manhattan","9":"product_tag-saxxon","10":"product_tag-surveon","11":"product_tag-utepo","12":"product_tag-videovigilancia","13":"product_tag-vivotek","14":"product_tag-zteco","16":"first","17":"instock","18":"sale","19":"taxable","20":"shipping-taxable","21":"purchasable","22":"product-type-simple"},"aioseo_notices":[],"_links":{"self":[{"href":"https:\/\/tecsecmty.com\/index.php\/wp-json\/wp\/v2\/product\/7474","targetHints":{"allow":["GET"]}}],"collection":[{"href":"https:\/\/tecsecmty.com\/index.php\/wp-json\/wp\/v2\/product"}],"about":[{"href":"https:\/\/tecsecmty.com\/index.php\/wp-json\/wp\/v2\/types\/product"}],"replies":[{"embeddable":true,"href":"https:\/\/tecsecmty.com\/index.php\/wp-json\/wp\/v2\/comments?post=7474"}],"version-history":[{"count":0,"href":"https:\/\/tecsecmty.com\/index.php\/wp-json\/wp\/v2\/product\/7474\/revisions"}],"wp:featuredmedia":[{"embeddable":true,"href":"https:\/\/tecsecmty.com\/index.php\/wp-json\/wp\/v2\/media\/7473"}],"wp:attachment":[{"href":"https:\/\/tecsecmty.com\/index.php\/wp-json\/wp\/v2\/media?parent=7474"}],"wp:term":[{"taxonomy":"product_brand","embeddable":true,"href":"https:\/\/tecsecmty.com\/index.php\/wp-json\/wp\/v2\/product_brand?post=7474"},{"taxonomy":"product_cat","embeddable":true,"href":"https:\/\/tecsecmty.com\/index.php\/wp-json\/wp\/v2\/product_cat?post=7474"},{"taxonomy":"product_tag","embeddable":true,"href":"https:\/\/tecsecmty.com\/index.php\/wp-json\/wp\/v2\/product_tag?post=7474"}],"curies":[{"name":"wp","href":"https:\/\/api.w.org\/{rel}","templated":true}]}}