{"id":7476,"date":"2023-02-23T16:12:43","date_gmt":"2023-02-23T22:12:43","guid":{"rendered":"https:\/\/tecsecmty.com\/index.php\/producto\/ngteco-ngc2301pak-paquete-de-camara-ngc2301-ip-wifi-1080p-con-memoria-de-32gb-micro-sdhc-linea-purple-clase-10-u1\/"},"modified":"2023-03-22T23:23:43","modified_gmt":"2023-03-23T05:23:43","slug":"ngteco-ngc2301pak-paquete-de-camara-ngc2301-ip-wifi-1080p-con-memoria-de-32gb-micro-sdhc-linea-purple-clase-10-u1","status":"publish","type":"product","link":"https:\/\/tecsecmty.com\/index.php\/producto\/ngteco-ngc2301pak-paquete-de-camara-ngc2301-ip-wifi-1080p-con-memoria-de-32gb-micro-sdhc-linea-purple-clase-10-u1\/","title":{"rendered":"NGTECO NGC2301PAK &#8211; Paquete de C\u00e1mara NGC2301 IP WiFi 1080P con Memoria de 32GB Micro SDHC\/ Linea Purple\/ Clase 10 U1"},"content":{"rendered":"<div class=\"row aling-items-center padding-bottom-2x\">\n<div class=\"col-lg-12\">\n<h5 class=\"card-title text-center\">Informaci\u00f3n General<\/h5>\n<p class=\"ql-align-justify\">La camara ip modelo\u00a0<strong>NG-C2300\u00a0<\/strong>esta dise\u00f1ada para la\u00a0<strong>seguridad<\/strong>\u00a0en interiores con m\u00f3dulo\u00a0<strong>Wifi incorporado<\/strong>\u00a0que simplifica \u00e9l cableado en la instalaci\u00f3n. Este modelo cuenta con\u00a0<strong>detecci\u00f3n de movimiento<\/strong>\u00a0y otras funciones de\u00a0<strong>notificaci\u00f3n de mensajes de alarma<\/strong>. Desde la\u00a0<strong>aplicaci\u00f3n<\/strong>\u00a0todo en uno\u00a0<strong>NGTeco Home<\/strong>, usted puede manejar varias funciones, como\u00a0<strong>audio bidireccional<\/strong>,\u00a0<strong>notificaci\u00f3n de estado en tiempo real<\/strong>,\u00a0<strong>video HD<\/strong>\u00a0en vivo o incluso revisar la actividad con\u00a0<strong>almacenamiento local<\/strong>\u00a0o en el\u00a0<strong>almacenamiento<\/strong>\u00a0<strong>en la nube<\/strong>.<\/p>\n<p><img decoding=\"async\" class=\"overview-center-img-web\" src=\"https:\/\/tvc.mx\/media\/567183\/Paquete-C%C3%A1mara-WiFi-1080p-Memoria-MicroSD-32GB-NGC2301PAK-NGTECO-TVC-Banner.png\" alt=\"\" \/><\/div>\n<\/div>\n<div class=\"row align-items-center padding-bottom-2x\">\n<div class=\"col-md-5\"><img decoding=\"async\" class=\"d-block m-auto img-thumbnail\" src=\"https:\/\/tvc.mx\/media\/552939\/ZKTeco-NGC2301-CAMARA-WIFI-ov2.png\" alt=\" \" \/><\/div>\n<div class=\"col-md-7 text-md-left text-center\">\n<h2>Principales Caracter\u00edsticas Camara IP<\/h2>\n<p class=\"text-muted\">\n<ul>\n<li class=\"ql-align-justify\"><strong>1080p Full-HD<\/strong>\u00a0&#8211; Disfrute de una incre\u00edble nitidez de 1080p en video en vivo.<\/li>\n<li class=\"ql-align-justify\"><strong>Visi\u00f3n panor\u00e1mica e inclinaci\u00f3n<\/strong>\u00a0&#8211; Gire y configure el punto de vista de la c\u00e1mara a trav\u00e9s de la aplicaci\u00f3n.<\/li>\n<li class=\"ql-align-justify\"><strong>Visi\u00f3n Nocturna<\/strong>\u00a0&#8211; Vea lo que sucede incluso en la oscuridad.<\/li>\n<li class=\"ql-align-justify\"><strong>Almacenamiento Local y en la Nube<\/strong>\u00a0&#8211; Almacene y revise la actividad reciente con almacenamiento local o en la nube.\u00a0<strong>(Con ranura para tarjeta Micro SD Hasta 256GB)<\/strong><\/li>\n<li class=\"ql-align-justify\"><strong>Audio Bi-direccional<\/strong>\u00a0&#8211; Escuche o hable ida y vuelta.<\/li>\n<\/ul>\n<p>&nbsp;<\/p>\n<\/div>\n<\/div>\n<hr class=\"padding-bottom-2x\" \/>\n<div class=\"row align-items-center padding-bottom-2x\">\n<div class=\"col-md-5 order-md-2\"><img decoding=\"async\" class=\"d-block m-auto img-thumbnail\" src=\"https:\/\/tvc.mx\/media\/552963\/ZKTECO-NGC2301PAK-CAMARA-WIFI-SD32GB-ov2.png\" alt=\" \" \/><\/div>\n<div class=\"col-md-7 order-md-1 text-md-left text-center\">\n<h2>Principales Caracter\u00edsticas Micro SD<\/h2>\n<p class=\"text-muted\">\n<ul>\n<li class=\"ql-align-justify\">Ultra-resistencia. (Operaci\u00f3n 24&#215;7)<\/li>\n<li class=\"ql-align-justify\">Mantenimiento inteligente del almacenamiento.<\/li>\n<li class=\"ql-align-justify\">Almacenamiento s\u00f3lido, en interiores o exteriores.<\/li>\n<li class=\"ql-align-justify\">Captura continua, por horas o d\u00edas.<\/li>\n<li class=\"ql-align-justify\">Ideal para CCTV.<\/li>\n<\/ul>\n<\/div>\n<\/div>\n","protected":false},"excerpt":{"rendered":"<p>Informaci\u00f3n General La camara ip modelo\u00a0NG-C2300\u00a0esta dise\u00f1ada para la\u00a0seguridad\u00a0en interiores con m\u00f3dulo\u00a0Wifi incorporado\u00a0que simplifica \u00e9l cableado en la instalaci\u00f3n. Este modelo cuenta con\u00a0detecci\u00f3n de movimiento\u00a0y otras funciones de\u00a0notificaci\u00f3n de mensajes de alarma. Desde la\u00a0aplicaci\u00f3n\u00a0todo en uno\u00a0NGTeco Home, usted puede manejar varias funciones, como\u00a0audio bidireccional,\u00a0notificaci\u00f3n de&hellip;<\/p>\n","protected":false},"featured_media":7475,"comment_status":"open","ping_status":"closed","template":"","meta":{"om_disable_all_campaigns":false,"_monsterinsights_skip_tracking":false,"_monsterinsights_sitenote_active":false,"_monsterinsights_sitenote_note":"","_monsterinsights_sitenote_category":0},"product_brand":[],"product_cat":[672],"product_tag":[613,611,612,616,615,610,614,617],"class_list":{"0":"post-7476","1":"product","2":"type-product","3":"status-publish","4":"has-post-thumbnail","6":"product_cat-wifi-inalambricas","7":"product_tag-bosch","8":"product_tag-manhattan","9":"product_tag-saxxon","10":"product_tag-surveon","11":"product_tag-utepo","12":"product_tag-videovigilancia","13":"product_tag-vivotek","14":"product_tag-zteco","16":"first","17":"instock","18":"sale","19":"taxable","20":"shipping-taxable","21":"purchasable","22":"product-type-simple"},"aioseo_notices":[],"_links":{"self":[{"href":"https:\/\/tecsecmty.com\/index.php\/wp-json\/wp\/v2\/product\/7476","targetHints":{"allow":["GET"]}}],"collection":[{"href":"https:\/\/tecsecmty.com\/index.php\/wp-json\/wp\/v2\/product"}],"about":[{"href":"https:\/\/tecsecmty.com\/index.php\/wp-json\/wp\/v2\/types\/product"}],"replies":[{"embeddable":true,"href":"https:\/\/tecsecmty.com\/index.php\/wp-json\/wp\/v2\/comments?post=7476"}],"version-history":[{"count":0,"href":"https:\/\/tecsecmty.com\/index.php\/wp-json\/wp\/v2\/product\/7476\/revisions"}],"wp:featuredmedia":[{"embeddable":true,"href":"https:\/\/tecsecmty.com\/index.php\/wp-json\/wp\/v2\/media\/7475"}],"wp:attachment":[{"href":"https:\/\/tecsecmty.com\/index.php\/wp-json\/wp\/v2\/media?parent=7476"}],"wp:term":[{"taxonomy":"product_brand","embeddable":true,"href":"https:\/\/tecsecmty.com\/index.php\/wp-json\/wp\/v2\/product_brand?post=7476"},{"taxonomy":"product_cat","embeddable":true,"href":"https:\/\/tecsecmty.com\/index.php\/wp-json\/wp\/v2\/product_cat?post=7476"},{"taxonomy":"product_tag","embeddable":true,"href":"https:\/\/tecsecmty.com\/index.php\/wp-json\/wp\/v2\/product_tag?post=7476"}],"curies":[{"name":"wp","href":"https:\/\/api.w.org\/{rel}","templated":true}]}}