{"id":7482,"date":"2023-02-23T16:12:49","date_gmt":"2023-02-23T22:12:49","guid":{"rendered":"https:\/\/tecsecmty.com\/index.php\/producto\/ngteco-ngc401-camara-ip-bullet-wifi-resolucion-1080p-iluminacion-0-1lux-compresion-de-video-h-264-distancia-ir-15-metros-almacenamiento-local-y-en-la-nube-audio-bidireccional\/"},"modified":"2023-03-22T23:23:43","modified_gmt":"2023-03-23T05:23:43","slug":"ngteco-ngc401-camara-ip-bullet-wifi-resolucion-1080p-iluminacion-0-1lux-compresion-de-video-h-264-distancia-ir-15-metros-almacenamiento-local-y-en-la-nube-audio-bidireccional","status":"publish","type":"product","link":"https:\/\/tecsecmty.com\/index.php\/producto\/ngteco-ngc401-camara-ip-bullet-wifi-resolucion-1080p-iluminacion-0-1lux-compresion-de-video-h-264-distancia-ir-15-metros-almacenamiento-local-y-en-la-nube-audio-bidireccional\/","title":{"rendered":"NGTECO NGC401 &#8211; C\u00e1mara IP Bullet WiFi \/ Resoluci\u00f3n 1080P \/ Iluminaci\u00f3n: 0.1Lux \/ Compresi\u00f3n de v\u00eddeo H.264 \/ Distancia IR 15 metros \/ Almacenamiento local y en la nube \/ Audio bidireccional"},"content":{"rendered":"<div class=\"row aling-items-center padding-bottom-2x\">\n<div class=\"col-lg-12\">\n<h5 class=\"card-title text-center\">Descripci\u00f3n<\/h5>\n<p class=\"ql-align-justify\">La c\u00e1mara tipo bala modelo<strong>\u00a0NG-C401\u00a0<\/strong>para la\u00a0<strong>seguridad<\/strong>\u00a0de cualquier entorno\u00a0<strong>semi-exterior<\/strong>\u00a0que le mantendr\u00e1\u00a0<strong>siempre informado<\/strong>\u00a0de lo que ocurre en los lugares de inter\u00e9s. La c\u00e1mara tipo bala de\u00a0<strong>NGTeco<\/strong>\u00a0est\u00e1 equipada con un\u00a0<strong>m\u00f3dulo wifi<\/strong>, lo que facilita el cableado en la instalaci\u00f3n y la gesti\u00f3n a trav\u00e9s de la\u00a0<strong>aplicaci\u00f3n m\u00f3vil<\/strong>\u00a0de\u00a0<strong>NGTeco Home<\/strong>. Adem\u00e1s, la distancia efectiva de\u00a0<strong>15M de IR<\/strong>\u00a0y el dise\u00f1o de\u00a0<strong>4 LED\u00a0<\/strong>se asegurar\u00e1n de que casi todo sea visible incluso en la noche oscura.<\/p>\n<p><img decoding=\"async\" class=\"overview-center-img-web\" src=\"https:\/\/tvc.mx\/media\/567163\/Camara-IP-Bullet-WiFi-1080p-NGC401-NGTECO-TVC-Banner.png\" alt=\"\" \/><\/div>\n<\/div>\n<div class=\"row align-items-center padding-bottom-2x\">\n<div class=\"col-md-5\"><img decoding=\"async\" class=\"d-block m-auto img-thumbnail\" src=\"https:\/\/tvc.mx\/media\/552143\/ZKTECO-NGC401-CAMARA-WIFI-OV1.png\" alt=\" \" \/><\/div>\n<div class=\"col-md-7 text-md-left text-center\">\n<h2>Principales Caracter\u00edsticas<\/h2>\n<p class=\"text-muted\">\n<ul>\n<li class=\"ql-align-justify\">Compatible con almacenamiento local y en la nube.<\/li>\n<li class=\"ql-align-justify\">Ofrece una imagen nitida con vision nocturna.<\/li>\n<li class=\"ql-align-justify\">areas de instalacion Semi-exterior.<\/li>\n<li class=\"ql-align-justify\">Camara de 2 mp. (1080)<\/li>\n<\/ul>\n<p>&nbsp;<\/p>\n<\/div>\n<\/div>\n<hr class=\"padding-bottom-2x\" \/>\n<div class=\"row align-items-center padding-bottom-2x\">\n<div class=\"col-md-5 order-md-2\"><img decoding=\"async\" class=\"d-block m-auto img-thumbnail\" src=\"https:\/\/tvc.mx\/media\/552188\/ZKTECO-NGC401-CAMARA-WIFI-OV2.png\" alt=\" \" \/><\/div>\n<div class=\"col-md-7 order-md-1 text-md-left text-center\">\n<h2>Especificaciones T\u00e9cnicas<\/h2>\n<p class=\"text-muted\">\n<ul>\n<li class=\"ql-align-justify\">Lente de 3.6 mm.<\/li>\n<li class=\"ql-align-justify\">Codec de video H264.<\/li>\n<li class=\"ql-align-justify\">Conexi\u00f3n wifi 2.4\u202fGHz.<\/li>\n<li class=\"ql-align-justify\">Giro de imagen soportado.<\/li>\n<li class=\"ql-align-justify\">Tarjeta TF de hasta 256\u202fGB.<\/li>\n<li class=\"ql-align-justify\">Alimentaci\u00f3n 12v 1A.<\/li>\n<li>Dimensiones 180 x 70 mm<\/li>\n<\/ul>\n<p>&nbsp;<\/p>\n<\/div>\n<\/div>\n<hr class=\"padding-bottom-2x\" \/>\n<div class=\"row align-items-center padding-bottom-2x\">\n<div class=\"col-md-5\"><img decoding=\"async\" class=\"d-block m-auto img-thumbnail\" src=\"https:\/\/tvc.mx\/media\/592183\/ZKTECO-ZKT0030004-CAMARA-BULLET-1080-WIFI-INCLUYE0.png\" alt=\" \" \/><\/div>\n<div class=\"col-md-7 text-md-left text-center\">\n<h2>Incluye<\/h2>\n<p class=\"text-muted\">\n<ul>\n<li class=\"ql-align-justify\">Antena WiFi.<\/li>\n<li class=\"ql-align-justify\">C\u00e1mara ip bullet 2mp.<\/li>\n<li class=\"ql-align-justify\">Accesorios de instalaci\u00f3n.<\/li>\n<li class=\"ql-align-justify\">Kit de protecci\u00f3n.<\/li>\n<li class=\"ql-align-justify\">Fuente de poder.<\/li>\n<li class=\"ql-align-justify\">Guia de instalaci\u00f3n.<\/li>\n<li class=\"ql-align-justify\">Manual de usuario.<\/li>\n<li class=\"ql-align-justify\">Poliza de garantia.<\/li>\n<\/ul>\n<\/div>\n<\/div>\n","protected":false},"excerpt":{"rendered":"<p>Descripci\u00f3n La c\u00e1mara tipo bala modelo\u00a0NG-C401\u00a0para la\u00a0seguridad\u00a0de cualquier entorno\u00a0semi-exterior\u00a0que le mantendr\u00e1\u00a0siempre informado\u00a0de lo que ocurre en los lugares de inter\u00e9s. La c\u00e1mara tipo bala de\u00a0NGTeco\u00a0est\u00e1 equipada con un\u00a0m\u00f3dulo wifi, lo que facilita el cableado en la instalaci\u00f3n y la gesti\u00f3n a trav\u00e9s de la\u00a0aplicaci\u00f3n m\u00f3vil\u00a0de\u00a0NGTeco&hellip;<\/p>\n","protected":false},"featured_media":7481,"comment_status":"open","ping_status":"closed","template":"","meta":{"om_disable_all_campaigns":false,"_monsterinsights_skip_tracking":false,"_monsterinsights_sitenote_active":false,"_monsterinsights_sitenote_note":"","_monsterinsights_sitenote_category":0},"product_brand":[],"product_cat":[672],"product_tag":[613,611,612,616,615,610,614,617],"class_list":{"0":"post-7482","1":"product","2":"type-product","3":"status-publish","4":"has-post-thumbnail","6":"product_cat-wifi-inalambricas","7":"product_tag-bosch","8":"product_tag-manhattan","9":"product_tag-saxxon","10":"product_tag-surveon","11":"product_tag-utepo","12":"product_tag-videovigilancia","13":"product_tag-vivotek","14":"product_tag-zteco","16":"first","17":"instock","18":"sale","19":"taxable","20":"shipping-taxable","21":"purchasable","22":"product-type-simple"},"aioseo_notices":[],"_links":{"self":[{"href":"https:\/\/tecsecmty.com\/index.php\/wp-json\/wp\/v2\/product\/7482","targetHints":{"allow":["GET"]}}],"collection":[{"href":"https:\/\/tecsecmty.com\/index.php\/wp-json\/wp\/v2\/product"}],"about":[{"href":"https:\/\/tecsecmty.com\/index.php\/wp-json\/wp\/v2\/types\/product"}],"replies":[{"embeddable":true,"href":"https:\/\/tecsecmty.com\/index.php\/wp-json\/wp\/v2\/comments?post=7482"}],"version-history":[{"count":0,"href":"https:\/\/tecsecmty.com\/index.php\/wp-json\/wp\/v2\/product\/7482\/revisions"}],"wp:featuredmedia":[{"embeddable":true,"href":"https:\/\/tecsecmty.com\/index.php\/wp-json\/wp\/v2\/media\/7481"}],"wp:attachment":[{"href":"https:\/\/tecsecmty.com\/index.php\/wp-json\/wp\/v2\/media?parent=7482"}],"wp:term":[{"taxonomy":"product_brand","embeddable":true,"href":"https:\/\/tecsecmty.com\/index.php\/wp-json\/wp\/v2\/product_brand?post=7482"},{"taxonomy":"product_cat","embeddable":true,"href":"https:\/\/tecsecmty.com\/index.php\/wp-json\/wp\/v2\/product_cat?post=7482"},{"taxonomy":"product_tag","embeddable":true,"href":"https:\/\/tecsecmty.com\/index.php\/wp-json\/wp\/v2\/product_tag?post=7482"}],"curies":[{"name":"wp","href":"https:\/\/api.w.org\/{rel}","templated":true}]}}