{"id":7484,"date":"2023-02-23T16:12:51","date_gmt":"2023-02-23T22:12:51","guid":{"rendered":"https:\/\/tecsecmty.com\/index.php\/producto\/ngteco-ngc401pak-paquete-de-camara-ngc401-ip-bullet-wifi-1080p-con-memoria-de-32gb-micro-sdhc-linea-purple-clase-10-u1\/"},"modified":"2023-03-22T23:23:44","modified_gmt":"2023-03-23T05:23:44","slug":"ngteco-ngc401pak-paquete-de-camara-ngc401-ip-bullet-wifi-1080p-con-memoria-de-32gb-micro-sdhc-linea-purple-clase-10-u1","status":"publish","type":"product","link":"https:\/\/tecsecmty.com\/index.php\/producto\/ngteco-ngc401pak-paquete-de-camara-ngc401-ip-bullet-wifi-1080p-con-memoria-de-32gb-micro-sdhc-linea-purple-clase-10-u1\/","title":{"rendered":"NGTECO NGC401PAK &#8211; Paquete de C\u00e1mara NGC401 IP Bullet WiFi 1080P con Memoria de 32GB Micro SDHC\/ Linea Purple\/ Clase 10 U1"},"content":{"rendered":"<div class=\"row aling-items-center padding-bottom-2x\">\n<div class=\"col-lg-12\">\n<h5 class=\"card-title text-center\">Informaci\u00f3n General<\/h5>\n<p class=\"ql-align-justify\">La c\u00e1mara tipo bala modelo<strong>\u00a0NG-C401\u00a0<\/strong>para la\u00a0<strong>seguridad<\/strong>\u00a0de cualquier entorno\u00a0<strong>semi-exterior<\/strong>\u00a0que le mantendr\u00e1\u00a0<strong>siempre informado<\/strong>\u00a0de lo que ocurre en los lugares de inter\u00e9s. La c\u00e1mara tipo bala de\u00a0<strong>NGTeco<\/strong>\u00a0est\u00e1 equipada con un\u00a0<strong>m\u00f3dulo wifi<\/strong>, lo que facilita el cableado en la instalaci\u00f3n y la gesti\u00f3n a trav\u00e9s de la\u00a0<strong>aplicaci\u00f3n m\u00f3vil<\/strong>\u00a0de\u00a0<strong>NGTeco Home<\/strong>. Adem\u00e1s, la distancia efectiva de\u00a0<strong>15M de IR<\/strong>\u00a0y el dise\u00f1o de\u00a0<strong>4 LED\u00a0<\/strong>se asegurar\u00e1n de que casi todo sea visible incluso en la noche oscura.<\/p>\n<p><img decoding=\"async\" class=\"overview-center-img-web\" src=\"https:\/\/tvc.mx\/media\/567207\/Paquete-C%C3%A1mara-Bullet-WiFi-1080p-Memoria-MicroSD-32GB-NGC401PAK-NGTECO-TVC-Banner.png\" alt=\"\" \/><\/div>\n<\/div>\n<div class=\"row align-items-center padding-bottom-2x\">\n<div class=\"col-md-5\"><img decoding=\"async\" class=\"d-block m-auto img-thumbnail\" src=\"https:\/\/tvc.mx\/media\/558943\/ZKTECO-NGC401-CAMARA-WIFI-SD-32GB-PAK-ov1.png\" alt=\" \" \/><\/div>\n<div class=\"col-md-7 text-md-left text-center\">\n<h2>Principales Caracter\u00edsticas Camara IP<\/h2>\n<p class=\"text-muted\">\n<ul>\n<li>Compatible con almacenamiento local y en la nube.<\/li>\n<li>Ofrece una imagen n\u00edtida con visi\u00f3n nocturna.<\/li>\n<li>\u00c1reas de instalaci\u00f3n Semi-exterior.<\/li>\n<li>C\u00e1mara de 2mp. (1080)<\/li>\n<\/ul>\n<p>&nbsp;<\/p>\n<\/div>\n<\/div>\n<hr class=\"padding-bottom-2x\" \/>\n<div class=\"row align-items-center padding-bottom-2x\">\n<div class=\"col-md-5 order-md-2\"><img decoding=\"async\" class=\"d-block m-auto img-thumbnail\" src=\"https:\/\/tvc.mx\/media\/558951\/ZKTECO-NGC401-CAMARA-WIFI-SD-32GB-PAK-ov2.png\" alt=\" \" \/><\/div>\n<div class=\"col-md-7 order-md-1 text-md-left text-center\">\n<h2>Principales Caracter\u00edsticas Micro SD<\/h2>\n<p class=\"text-muted\">\n<ul>\n<li class=\"ql-align-justify\">Ultra-resistencia. (Operaci\u00f3n 24&#215;7)<\/li>\n<li class=\"ql-align-justify\">Mantenimiento inteligente del almacenamiento.<\/li>\n<li class=\"ql-align-justify\">Almacenamiento s\u00f3lido, en interiores o exteriores.<\/li>\n<li class=\"ql-align-justify\">Captura continua, por horas o d\u00edas.<\/li>\n<li class=\"ql-align-justify\">Ideal para CCTV.<\/li>\n<\/ul>\n<\/div>\n<\/div>\n","protected":false},"excerpt":{"rendered":"<p>Informaci\u00f3n General La c\u00e1mara tipo bala modelo\u00a0NG-C401\u00a0para la\u00a0seguridad\u00a0de cualquier entorno\u00a0semi-exterior\u00a0que le mantendr\u00e1\u00a0siempre informado\u00a0de lo que ocurre en los lugares de inter\u00e9s. La c\u00e1mara tipo bala de\u00a0NGTeco\u00a0est\u00e1 equipada con un\u00a0m\u00f3dulo wifi, lo que facilita el cableado en la instalaci\u00f3n y la gesti\u00f3n a trav\u00e9s de la\u00a0aplicaci\u00f3n&hellip;<\/p>\n","protected":false},"featured_media":7483,"comment_status":"open","ping_status":"closed","template":"","meta":{"om_disable_all_campaigns":false,"_monsterinsights_skip_tracking":false,"_monsterinsights_sitenote_active":false,"_monsterinsights_sitenote_note":"","_monsterinsights_sitenote_category":0},"product_brand":[],"product_cat":[672],"product_tag":[613,611,612,616,615,610,614,617],"class_list":{"0":"post-7484","1":"product","2":"type-product","3":"status-publish","4":"has-post-thumbnail","6":"product_cat-wifi-inalambricas","7":"product_tag-bosch","8":"product_tag-manhattan","9":"product_tag-saxxon","10":"product_tag-surveon","11":"product_tag-utepo","12":"product_tag-videovigilancia","13":"product_tag-vivotek","14":"product_tag-zteco","16":"first","17":"instock","18":"sale","19":"taxable","20":"shipping-taxable","21":"purchasable","22":"product-type-simple"},"aioseo_notices":[],"_links":{"self":[{"href":"https:\/\/tecsecmty.com\/index.php\/wp-json\/wp\/v2\/product\/7484","targetHints":{"allow":["GET"]}}],"collection":[{"href":"https:\/\/tecsecmty.com\/index.php\/wp-json\/wp\/v2\/product"}],"about":[{"href":"https:\/\/tecsecmty.com\/index.php\/wp-json\/wp\/v2\/types\/product"}],"replies":[{"embeddable":true,"href":"https:\/\/tecsecmty.com\/index.php\/wp-json\/wp\/v2\/comments?post=7484"}],"version-history":[{"count":0,"href":"https:\/\/tecsecmty.com\/index.php\/wp-json\/wp\/v2\/product\/7484\/revisions"}],"wp:featuredmedia":[{"embeddable":true,"href":"https:\/\/tecsecmty.com\/index.php\/wp-json\/wp\/v2\/media\/7483"}],"wp:attachment":[{"href":"https:\/\/tecsecmty.com\/index.php\/wp-json\/wp\/v2\/media?parent=7484"}],"wp:term":[{"taxonomy":"product_brand","embeddable":true,"href":"https:\/\/tecsecmty.com\/index.php\/wp-json\/wp\/v2\/product_brand?post=7484"},{"taxonomy":"product_cat","embeddable":true,"href":"https:\/\/tecsecmty.com\/index.php\/wp-json\/wp\/v2\/product_cat?post=7484"},{"taxonomy":"product_tag","embeddable":true,"href":"https:\/\/tecsecmty.com\/index.php\/wp-json\/wp\/v2\/product_tag?post=7484"}],"curies":[{"name":"wp","href":"https:\/\/api.w.org\/{rel}","templated":true}]}}