{"id":7492,"date":"2023-02-23T16:13:00","date_gmt":"2023-02-23T22:13:00","guid":{"rendered":"https:\/\/tecsecmty.com\/index.php\/producto\/ngteco-ngc501pak-paquete-de-camara-ngc501-ip-bullet-wifi-1080p-con-memoria-de-32gb-micro-sdhc-linea-purple-clase-10-u1\/"},"modified":"2023-03-22T23:23:44","modified_gmt":"2023-03-23T05:23:44","slug":"ngteco-ngc501pak-paquete-de-camara-ngc501-ip-bullet-wifi-1080p-con-memoria-de-32gb-micro-sdhc-linea-purple-clase-10-u1","status":"publish","type":"product","link":"https:\/\/tecsecmty.com\/index.php\/producto\/ngteco-ngc501pak-paquete-de-camara-ngc501-ip-bullet-wifi-1080p-con-memoria-de-32gb-micro-sdhc-linea-purple-clase-10-u1\/","title":{"rendered":"NGTECO NGC501PAK &#8211; Paquete de C\u00e1mara NGC501 IP Bullet WiFi 1080P con Memoria de 32GB Micro SDHC\/ Linea Purple\/ Clase 10 U1"},"content":{"rendered":"<div class=\"row aling-items-center padding-bottom-2x\">\n<div class=\"col-lg-12\">\n<h5 class=\"card-title text-center\">Descripci\u00f3n<\/h5>\n<p class=\"ql-align-justify\">La\u00a0<strong>C\u00e1mara Inteligente<\/strong>\u00a0modelo\u00a0<strong>NGC501<\/strong>\u00a0es una c\u00e1mara de seguridad\u00a0<strong>tipo bala<\/strong>,\u00a0<strong>HD 1080P<\/strong>\u00a0<strong>impermeable<\/strong>\u00a0con nivel de protecci\u00f3n\u00a0<strong>IP65\u00a0<\/strong>para el uso en cualquier ocasi\u00f3n y lugar, con un\u00a0<strong>lente de 3.6\u202fmm<\/strong>, \u00e1ngulo de\u00a0<strong>visi\u00f3n horizontal de 120\u00b0<\/strong>\u00a0e IR para una\u00a0<strong>excelente visi\u00f3n nocturna<\/strong>\u00a0con im\u00e1genes y v\u00eddeos claros. Esta c\u00e1mara es el\u00a0<strong>guardia profesional<\/strong>\u00a0para su hogar, tienda y sus familiares.<\/p>\n<p><img decoding=\"async\" class=\"overview-center-img-web\" src=\"https:\/\/tvc.mx\/media\/567191\/Paquete-C%C3%A1mara-Bullet-WiFi-1080p-Memoria-MicroSD-32GB-NGC501PAK-NGTECO-TVC-Banner.png\" alt=\"\" \/><\/div>\n<\/div>\n<div class=\"row align-items-center padding-bottom-2x\">\n<div class=\"col-md-5\"><img decoding=\"async\" class=\"d-block m-auto img-thumbnail\" src=\"https:\/\/tvc.mx\/media\/554019\/ZKTeco-NGC501-C%C3%A1mara-IP-semi-exterior-wifi-1080P-pak-ov1.png\" alt=\" \" \/><\/div>\n<div class=\"col-md-7 text-md-left text-center\">\n<h2>Principales Caracter\u00edsticas Camara IP<\/h2>\n<p class=\"text-muted\">\n<ul>\n<li class=\"ql-align-justify\">Nivel de protecci\u00f3n IP65.<\/li>\n<li class=\"ql-align-justify\">Multi funciones.<\/li>\n<li class=\"ql-align-justify\">Conexi\u00f3n con Wifi \/ Cable de red.<\/li>\n<li class=\"ql-align-justify\">Almacenamiento en la Nube \/ con ranura para tarjeta Micro SD hasta 128 GB.<\/li>\n<li class=\"ql-align-justify\">Audio Bidireccional.<\/li>\n<li class=\"ql-align-justify\">Detecci\u00f3n de Movimiento en Tiempo real.<\/li>\n<li class=\"ql-align-justify\">Leds infrarrojos para Visi\u00f3n Nocturna.<\/li>\n<li class=\"ql-align-justify\">Posibilidad de compartir con m\u00faltiples usuarios a trav\u00e9s de la APP.<\/li>\n<li class=\"ql-align-justify\">Notificaci\u00f3n con alerta cuando haya sonido anormal o Intrusi\u00f3n Detectada.<\/li>\n<li class=\"ql-align-justify\">Compatible con las APP ZSmart y NGTeco Home.<\/li>\n<\/ul>\n<p>&nbsp;<\/p>\n<\/div>\n<\/div>\n<hr class=\"padding-bottom-2x\" \/>\n<div class=\"row align-items-center padding-bottom-2x\">\n<div class=\"col-md-5 order-md-2\"><img decoding=\"async\" class=\"d-block m-auto img-thumbnail\" src=\"https:\/\/tvc.mx\/media\/554015\/ZKTeco-NGC501-C%C3%A1mara-IP-semi-exterior-wifi-1080P-pak-ov3.png\" alt=\" \" \/><\/div>\n<div class=\"col-md-7 order-md-1 text-md-left text-center\">\n<h2>Principales Caracter\u00edsticas Micro SD<\/h2>\n<p class=\"text-muted\">\n<ul>\n<li class=\"ql-align-justify\">Ultra-resistencia. (Operaci\u00f3n 24&#215;7)<\/li>\n<li class=\"ql-align-justify\">Mantenimiento inteligente del almacenamiento.<\/li>\n<li class=\"ql-align-justify\">Almacenamiento s\u00f3lido, en interiores o exteriores.<\/li>\n<li class=\"ql-align-justify\">Captura continua, por horas o d\u00edas.<\/li>\n<li class=\"ql-align-justify\">Ideal para CCTV.<\/li>\n<\/ul>\n<\/div>\n<\/div>\n","protected":false},"excerpt":{"rendered":"<p>Descripci\u00f3n La\u00a0C\u00e1mara Inteligente\u00a0modelo\u00a0NGC501\u00a0es una c\u00e1mara de seguridad\u00a0tipo bala,\u00a0HD 1080P\u00a0impermeable\u00a0con nivel de protecci\u00f3n\u00a0IP65\u00a0para el uso en cualquier ocasi\u00f3n y lugar, con un\u00a0lente de 3.6\u202fmm, \u00e1ngulo de\u00a0visi\u00f3n horizontal de 120\u00b0\u00a0e IR para una\u00a0excelente visi\u00f3n nocturna\u00a0con im\u00e1genes y v\u00eddeos claros. Esta c\u00e1mara es el\u00a0guardia profesional\u00a0para su hogar, tienda&hellip;<\/p>\n","protected":false},"featured_media":7491,"comment_status":"open","ping_status":"closed","template":"","meta":{"om_disable_all_campaigns":false,"_monsterinsights_skip_tracking":false,"_monsterinsights_sitenote_active":false,"_monsterinsights_sitenote_note":"","_monsterinsights_sitenote_category":0},"product_brand":[],"product_cat":[672],"product_tag":[613,611,612,616,615,610,614,617],"class_list":{"0":"post-7492","1":"product","2":"type-product","3":"status-publish","4":"has-post-thumbnail","6":"product_cat-wifi-inalambricas","7":"product_tag-bosch","8":"product_tag-manhattan","9":"product_tag-saxxon","10":"product_tag-surveon","11":"product_tag-utepo","12":"product_tag-videovigilancia","13":"product_tag-vivotek","14":"product_tag-zteco","16":"first","17":"instock","18":"sale","19":"taxable","20":"shipping-taxable","21":"purchasable","22":"product-type-simple"},"aioseo_notices":[],"_links":{"self":[{"href":"https:\/\/tecsecmty.com\/index.php\/wp-json\/wp\/v2\/product\/7492","targetHints":{"allow":["GET"]}}],"collection":[{"href":"https:\/\/tecsecmty.com\/index.php\/wp-json\/wp\/v2\/product"}],"about":[{"href":"https:\/\/tecsecmty.com\/index.php\/wp-json\/wp\/v2\/types\/product"}],"replies":[{"embeddable":true,"href":"https:\/\/tecsecmty.com\/index.php\/wp-json\/wp\/v2\/comments?post=7492"}],"version-history":[{"count":0,"href":"https:\/\/tecsecmty.com\/index.php\/wp-json\/wp\/v2\/product\/7492\/revisions"}],"wp:featuredmedia":[{"embeddable":true,"href":"https:\/\/tecsecmty.com\/index.php\/wp-json\/wp\/v2\/media\/7491"}],"wp:attachment":[{"href":"https:\/\/tecsecmty.com\/index.php\/wp-json\/wp\/v2\/media?parent=7492"}],"wp:term":[{"taxonomy":"product_brand","embeddable":true,"href":"https:\/\/tecsecmty.com\/index.php\/wp-json\/wp\/v2\/product_brand?post=7492"},{"taxonomy":"product_cat","embeddable":true,"href":"https:\/\/tecsecmty.com\/index.php\/wp-json\/wp\/v2\/product_cat?post=7492"},{"taxonomy":"product_tag","embeddable":true,"href":"https:\/\/tecsecmty.com\/index.php\/wp-json\/wp\/v2\/product_tag?post=7492"}],"curies":[{"name":"wp","href":"https:\/\/api.w.org\/{rel}","templated":true}]}}