{"id":7496,"date":"2023-02-23T16:13:05","date_gmt":"2023-02-23T22:13:05","guid":{"rendered":"https:\/\/tecsecmty.com\/index.php\/producto\/aoc-22b2hm-monitor-de-21-5-pulgadas-vesa-full-hd-resolucion-1920x1080-entradas-de-video-hdmi-vga-panel-va-brillo-250-cd-m2-relacion-de-aspecto-169-aspecto-ultra-delgado\/"},"modified":"2023-03-22T23:20:51","modified_gmt":"2023-03-23T05:20:51","slug":"aoc-22b2hm-monitor-de-21-5-pulgadas-vesa-full-hd-resolucion-1920x1080-entradas-de-video-hdmi-vga-panel-va-brillo-250-cd-m2-relacion-de-aspecto-169-aspecto-ultra-delgado","status":"publish","type":"product","link":"https:\/\/tecsecmty.com\/index.php\/producto\/aoc-22b2hm-monitor-de-21-5-pulgadas-vesa-full-hd-resolucion-1920x1080-entradas-de-video-hdmi-vga-panel-va-brillo-250-cd-m2-relacion-de-aspecto-169-aspecto-ultra-delgado\/","title":{"rendered":"AOC 22B2HM &#8211; Monitor de 21.5 Pulgadas\/ VESA\/ Full HD\/ Resoluci\u00f3n 1920&#215;1080\/ Entradas de Video HDMI &amp; VGA\/ Panel VA\/ Brillo 250 CD\/M2\/ Relaci\u00f3n de Aspecto 16:9\/ Aspecto Ultra Delgado\/"},"content":{"rendered":"<div class=\"row aling-items-center padding-bottom-2x\">\n<div class=\"col-lg-12\">\n<h5 class=\"card-title text-center\">Informaci\u00f3n general<\/h5>\n<p>Trabaja c\u00f3modamente en el 22B2HM de AOC, su tama\u00f1o de 21.5\u201d es ideal para cualquier espacio de trabajo\u00a0ya que es ultra delgado, te permitir\u00e1\u00a0disfrutar tu contenido multimedia favorito\u00a0por su gran resoluci\u00f3n\u00a0aparte de ser un monitor Full HD.<\/p>\n<p><img decoding=\"async\" class=\"overview-center-img-web\" src=\"https:\/\/tvc.mx\/media\/334511\/Monitor-21.5-ultra-delgado-resolucion-1090x1080-AOC-22B2HM.png\" alt=\"\" \/><\/div>\n<\/div>\n<div class=\"row align-items-center padding-bottom-2x\">\n<div class=\"col-md-5 order-md-2\"><img decoding=\"async\" class=\"d-block m-auto img-thumbnail\" src=\"https:\/\/tvc.mx\/media\/334519\/Monitor-21.5-ultra-delgado-resolucion-1090x1080-AOC-22B2HM-m.png\" alt=\" \" \/><\/div>\n<div class=\"col-md-7 order-md-1 text-md-left text-center\">\n<h2>Caracter\u00edsticas<\/h2>\n<p class=\"text-muted\">\n<p>Diagonal de la pantalla: 54,6 cm (21.5&#8243;)<\/p>\n<p>Full HD<\/p>\n<p>Resoluci\u00f3n: 1920 x 1080 Pixeles<\/p>\n<p>Velocidad de actualizaci\u00f3n: 75 Hz<\/p>\n<p>Entrada HDMI<\/p>\n<p>Entrada VGA<\/p>\n<p>Aspecto Ultra delgado<\/p>\n<\/div>\n<\/div>\n","protected":false},"excerpt":{"rendered":"<p>Informaci\u00f3n general Trabaja c\u00f3modamente en el 22B2HM de AOC, su tama\u00f1o de 21.5\u201d es ideal para cualquier espacio de trabajo\u00a0ya que es ultra delgado, te permitir\u00e1\u00a0disfrutar tu contenido multimedia favorito\u00a0por su gran resoluci\u00f3n\u00a0aparte de ser un monitor Full HD. Caracter\u00edsticas Diagonal de la pantalla: 54,6&hellip;<\/p>\n","protected":false},"featured_media":7495,"comment_status":"open","ping_status":"closed","template":"","meta":{"om_disable_all_campaigns":false,"_monsterinsights_skip_tracking":false,"_monsterinsights_sitenote_active":false,"_monsterinsights_sitenote_note":"","_monsterinsights_sitenote_category":0},"product_brand":[],"product_cat":[677],"product_tag":[613,611,612,616,615,610,614,617],"class_list":{"0":"post-7496","1":"product","2":"type-product","3":"status-publish","4":"has-post-thumbnail","6":"product_cat-monitores-monitores-aoc","7":"product_tag-bosch","8":"product_tag-manhattan","9":"product_tag-saxxon","10":"product_tag-surveon","11":"product_tag-utepo","12":"product_tag-videovigilancia","13":"product_tag-vivotek","14":"product_tag-zteco","16":"first","17":"instock","18":"sale","19":"taxable","20":"shipping-taxable","21":"purchasable","22":"product-type-simple"},"aioseo_notices":[],"_links":{"self":[{"href":"https:\/\/tecsecmty.com\/index.php\/wp-json\/wp\/v2\/product\/7496","targetHints":{"allow":["GET"]}}],"collection":[{"href":"https:\/\/tecsecmty.com\/index.php\/wp-json\/wp\/v2\/product"}],"about":[{"href":"https:\/\/tecsecmty.com\/index.php\/wp-json\/wp\/v2\/types\/product"}],"replies":[{"embeddable":true,"href":"https:\/\/tecsecmty.com\/index.php\/wp-json\/wp\/v2\/comments?post=7496"}],"version-history":[{"count":0,"href":"https:\/\/tecsecmty.com\/index.php\/wp-json\/wp\/v2\/product\/7496\/revisions"}],"wp:featuredmedia":[{"embeddable":true,"href":"https:\/\/tecsecmty.com\/index.php\/wp-json\/wp\/v2\/media\/7495"}],"wp:attachment":[{"href":"https:\/\/tecsecmty.com\/index.php\/wp-json\/wp\/v2\/media?parent=7496"}],"wp:term":[{"taxonomy":"product_brand","embeddable":true,"href":"https:\/\/tecsecmty.com\/index.php\/wp-json\/wp\/v2\/product_brand?post=7496"},{"taxonomy":"product_cat","embeddable":true,"href":"https:\/\/tecsecmty.com\/index.php\/wp-json\/wp\/v2\/product_cat?post=7496"},{"taxonomy":"product_tag","embeddable":true,"href":"https:\/\/tecsecmty.com\/index.php\/wp-json\/wp\/v2\/product_tag?post=7496"}],"curies":[{"name":"wp","href":"https:\/\/api.w.org\/{rel}","templated":true}]}}