{"id":7498,"date":"2023-02-23T16:13:11","date_gmt":"2023-02-23T22:13:11","guid":{"rendered":"https:\/\/tecsecmty.com\/index.php\/producto\/bosch-v_uml19390-monitor-series-uml-soporta-1920x1080-hdmi-dvi-vga\/"},"modified":"2023-03-22T23:22:07","modified_gmt":"2023-03-23T05:22:07","slug":"bosch-v_uml19390-monitor-series-uml-soporta-1920x1080-hdmi-dvi-vga","status":"publish","type":"product","link":"https:\/\/tecsecmty.com\/index.php\/producto\/bosch-v_uml19390-monitor-series-uml-soporta-1920x1080-hdmi-dvi-vga\/","title":{"rendered":"BOSCH V_UML19390 &#8211; Monitor series UML \/ Soporta 1920X1080 \/ HDMI \/ DVI \/ VGA"},"content":{"rendered":"<h5 class=\"card-title text-center\">Monitor LED HD serie UML-193-90 de alto<\/h5>\n<p class=\"ql-align-justify\"><strong>Los monitores LED de alto rendimiento de Bosch\u00a0<\/strong>ofrecen una resoluci\u00f3n de alta definici\u00f3n (<strong>hasta 1080p<\/strong>) y una reproducci\u00f3n precisa del color. Estos monitores son ideales para su uso con v\u00eddeo anal\u00f3gico,<strong>\u00a0videograbadores\u00a0<\/strong>digitales (<strong>DVR<\/strong>) y aplicaciones para\u00a0<strong>PC<\/strong>. Los monitores disponen de una pantalla plana LED en color y est\u00e1n disponibles en\u00a0<strong>18,5 o 21,5 pulgadas<\/strong>. Cada monitor incluye un amplio intervalo de \u00e1ngulos de visi\u00f3n horizontal y vertical que ofrecen una visualizaci\u00f3n clara y n\u00edtida, tanto si se coloca sobre un escritorio como en una pared o en el techo. Estos monitores utilizan una correcci\u00f3n avanzada de la curva gamma y una calibraci\u00f3n de la temperatura del color mejorada, para ofrecer im\u00e1genes claras y n\u00edtidas adem\u00e1s de una reproducci\u00f3n precisa del color.<\/p>\n<p class=\"ql-align-justify\">Piezas incluidas<\/p>\n<ul>\n<li class=\"ql-align-justify\">1 Monitor de pantalla plana LED Full HD en color de Bosch.<\/li>\n<li class=\"ql-align-justify\">1 Soporte de monitor 2 FS4 x 12 tornillos, para el soporte de monitor.<\/li>\n<li class=\"ql-align-justify\">2 Cables de alimentaci\u00f3n de 3 hilos con toma de tierra y 1,8 m (6 pies) de longitud: uno con enchufe para EE.UU. y uno con enchufe de tipo europeo continental.<\/li>\n<li class=\"ql-align-justify\">1 Adaptador de corriente 1 Cable DVI-D a DVI-D de 1,8 m (6 pies) 1 Cable VGA a VGA (SUB-D), de 1,8 m (6 pies).<\/li>\n<li class=\"ql-align-justify\">1 Cable est\u00e9reo, 1,8 m (6 pies) 1 Manual de instalaci\u00f3n (ingl\u00e9s).<\/li>\n<li class=\"ql-align-justify\">1 CD-ROM que incluye el manual de instalaci\u00f3n en varios idiomas.<\/li>\n<\/ul>\n<p class=\"ql-align-justify\"><strong>Principales Caracter\u00edsticas<\/strong><\/p>\n<ul>\n<li class=\"ql-align-justify\">Compatibles con una resoluci\u00f3n m\u00e1xima Full HD de 1920 x 1080 (UML-223-90) y 1366 x 768 (UML-193-90).<\/li>\n<li class=\"ql-align-justify\">Entradas de HDMI, DVI y VGA u Alta relaci\u00f3n de contraste 1.000:1.<\/li>\n<li class=\"ql-align-justify\">Reproducci\u00f3n precisa del color.<\/li>\n<li class=\"ql-align-justify\">Panel LED retroiluminado para una mayor luminosidad y un menor consumo de energ\u00eda.<\/li>\n<\/ul>\n<p class=\"ql-align-justify\"><strong>Especificaciones<\/strong><\/p>\n<p class=\"ql-align-justify\"><strong>El\u00e9ctricas<\/strong><\/p>\n<p class=\"ql-align-justify\"><strong>UML-193-90<\/strong><\/p>\n<p class=\"ql-align-justify\">Tensi\u00f3n nominal Monitor 12 VCC, 3,5 A.<\/p>\n<ul>\n<li class=\"ql-align-justify\">Adaptador de corriente 120\/230 VCA, 50\/60 Hz.<\/li>\n<li class=\"ql-align-justify\">Rango de tensi\u00f3n De 100 a 240 VCA, 50\/60 Hz.<\/li>\n<li class=\"ql-align-justify\">Frecuencia Horizontal: 31 &#8211; 64 KHz.<\/li>\n<li class=\"ql-align-justify\">Vertical: 50 &#8211; 75 Hz.<\/li>\n<li class=\"ql-align-justify\">Horizontal: 31 &#8211; 75 KHz.<\/li>\n<li class=\"ql-align-justify\">Vertical: 50 &#8211; 75 Hz .<\/li>\n<li class=\"ql-align-justify\">Potencia en tensi\u00f3n nominal<\/li>\n<li class=\"ql-align-justify\">Activado 42 W.<\/li>\n<li class=\"ql-align-justify\">Apagado 0,5 W.<\/li>\n<\/ul>\n<p class=\"ql-align-justify\"><strong>V\u00eddeo<\/strong><\/p>\n<ul>\n<li class=\"ql-align-justify\">Formato de sincronizaci\u00f3n PAL\/NTSC PAL\/NTSC.<\/li>\n<li class=\"ql-align-justify\">Pantalla LCD LED LED \u00c1rea de visibilidad 18,51 pulg. 21,53 pulg.<\/li>\n<li class=\"ql-align-justify\">\u00c1rea de visualizaci\u00f3n activa (H x V) 409,8 x 230,4 mm (16,1 x 9,1 pulgadas) 476,64 x 268,11 mm (18,8 x 10,6).<\/li>\n<li class=\"ql-align-justify\">Paso de p\u00edxel (H x V): 0,3 x 0,3 mm 0,248 x 0,248 mm.<\/li>\n<li class=\"ql-align-justify\">Resoluci\u00f3n1 1.366 x 768 1.920 x 1.080.<\/li>\n<li class=\"ql-align-justify\">Relaci\u00f3n de aspecto 16:9 16:9.<\/li>\n<li class=\"ql-align-justify\">Colores de pantalla 16,7 millones 16,7 millones.<\/li>\n<li class=\"ql-align-justify\">Tiempo de respuesta 5 ms (normal) 5 ms (normal).<\/li>\n<li class=\"ql-align-justify\">Vida \u00fatil del panel 30.000 horas 30.000 horas.<\/li>\n<\/ul>\n<p class=\"ql-align-justify\"><strong>Caracter\u00edsticas \u00f3pticas de la pantalla LCD\u00a0<\/strong><\/p>\n<p class=\"ql-align-justify\"><strong>Entrada VGA\u00a0<\/strong><\/p>\n<ul>\n<li class=\"ql-align-justify\">640 x 480 (60 Hz).<\/li>\n<li class=\"ql-align-justify\">720 x 400 (70 Hz).<\/li>\n<li class=\"ql-align-justify\">800 x 600 (60 Hz).<\/li>\n<li class=\"ql-align-justify\">1024 x 768 (60 Hz).<\/li>\n<li class=\"ql-align-justify\">1280 x 768 (60 Hz).<\/li>\n<li class=\"ql-align-justify\">1360 x 768 (60 Hz).<\/li>\n<\/ul>\n<p class=\"ql-align-justify\"><strong>Entrada DVI\/HDMI\u00a0<\/strong><\/p>\n<ul>\n<li class=\"ql-align-justify\">480i (60 Hz).<\/li>\n<li class=\"ql-align-justify\">576i (50 Hz).<\/li>\n<li class=\"ql-align-justify\">480p (60 Hz).<\/li>\n<li class=\"ql-align-justify\">576p (50 Hz).<\/li>\n<li class=\"ql-align-justify\">720p (50\/60 Hz).<\/li>\n<li class=\"ql-align-justify\">1080i (50\/60 Hz).<\/li>\n<li class=\"ql-align-justify\">1080p (24\/25\/30\/50\/60 Hz).<\/li>\n<li class=\"ql-align-justify\">640 x 480 (60 Hz).<\/li>\n<li class=\"ql-align-justify\">720 x 400 (70 Hz).<\/li>\n<li class=\"ql-align-justify\">800 x 600 (60 Hz).<\/li>\n<li class=\"ql-align-justify\">1024 x 768 (60 Hz).<\/li>\n<li class=\"ql-align-justify\">1280 x 768 (60 Hz).<\/li>\n<\/ul>\n<p class=\"ql-align-justify\"><strong>Conectores<\/strong><\/p>\n<p class=\"ql-align-justify\"><strong>Todos los modelos<\/strong><\/p>\n<ul>\n<li class=\"ql-align-justify\">Digital Una (1) entrada de DVI-D.<\/li>\n<li class=\"ql-align-justify\">HDMI Una (1) entrada.<\/li>\n<li class=\"ql-align-justify\">VGA Una (1) entrada.<\/li>\n<li class=\"ql-align-justify\">Sub-D de 15 patillas RGB.<\/li>\n<\/ul>\n<p class=\"ql-align-justify\"><strong>Dimensiones (An. x Al. x Pr.)<\/strong><\/p>\n<p class=\"ql-align-justify\"><strong>UML-193-90<\/strong><\/p>\n<ul>\n<li class=\"ql-align-justify\">Monitor 447,5 x 272,1 x 45,10 7 mm (17,62 x 10,71 x 1,77 pulg.).<\/li>\n<li class=\"ql-align-justify\">Con soporte 447,5 x 332,1 x 182 m m (17,62 x 13,07 x 7,16 pulg.).<\/li>\n<li class=\"ql-align-justify\">Con embalaje 505 x 380 x 130 mm (19,88 x 14,96 x 5,12 pulgadas).<\/li>\n<\/ul>\n<p class=\"ql-align-justify\"><strong>Peso<\/strong><\/p>\n<ul>\n<li class=\"ql-align-justify\">Peso del monitor 3 kg (6,6 libras) 3,6 kg (7,9 libras).<\/li>\n<li class=\"ql-align-justify\">Peso con embalaje 4,4 kg (9,7 libras).<\/li>\n<\/ul>\n<p><img decoding=\"async\" class=\"overview-center-img-\" src=\"https:\/\/tvc.mx\/media\/7665\/Logoopaginas-oficial.png\" alt=\"\" \/><\/p>\n","protected":false},"excerpt":{"rendered":"<p>Monitor LED HD serie UML-193-90 de alto Los monitores LED de alto rendimiento de Bosch\u00a0ofrecen una resoluci\u00f3n de alta definici\u00f3n (hasta 1080p) y una reproducci\u00f3n precisa del color. Estos monitores son ideales para su uso con v\u00eddeo anal\u00f3gico,\u00a0videograbadores\u00a0digitales (DVR) y aplicaciones para\u00a0PC. Los monitores disponen&hellip;<\/p>\n","protected":false},"featured_media":7497,"comment_status":"open","ping_status":"closed","template":"","meta":{"om_disable_all_campaigns":false,"_monsterinsights_skip_tracking":false,"_monsterinsights_sitenote_active":false,"_monsterinsights_sitenote_note":"","_monsterinsights_sitenote_category":0},"product_brand":[],"product_cat":[679],"product_tag":[613,611,612,616,615,610,614,617],"class_list":{"0":"post-7498","1":"product","2":"type-product","3":"status-publish","4":"has-post-thumbnail","6":"product_cat-monitores-monitores-bosch-video-vigilancia","7":"product_tag-bosch","8":"product_tag-manhattan","9":"product_tag-saxxon","10":"product_tag-surveon","11":"product_tag-utepo","12":"product_tag-videovigilancia","13":"product_tag-vivotek","14":"product_tag-zteco","16":"first","17":"instock","18":"sale","19":"taxable","20":"shipping-taxable","21":"purchasable","22":"product-type-simple"},"aioseo_notices":[],"_links":{"self":[{"href":"https:\/\/tecsecmty.com\/index.php\/wp-json\/wp\/v2\/product\/7498","targetHints":{"allow":["GET"]}}],"collection":[{"href":"https:\/\/tecsecmty.com\/index.php\/wp-json\/wp\/v2\/product"}],"about":[{"href":"https:\/\/tecsecmty.com\/index.php\/wp-json\/wp\/v2\/types\/product"}],"replies":[{"embeddable":true,"href":"https:\/\/tecsecmty.com\/index.php\/wp-json\/wp\/v2\/comments?post=7498"}],"version-history":[{"count":0,"href":"https:\/\/tecsecmty.com\/index.php\/wp-json\/wp\/v2\/product\/7498\/revisions"}],"wp:featuredmedia":[{"embeddable":true,"href":"https:\/\/tecsecmty.com\/index.php\/wp-json\/wp\/v2\/media\/7497"}],"wp:attachment":[{"href":"https:\/\/tecsecmty.com\/index.php\/wp-json\/wp\/v2\/media?parent=7498"}],"wp:term":[{"taxonomy":"product_brand","embeddable":true,"href":"https:\/\/tecsecmty.com\/index.php\/wp-json\/wp\/v2\/product_brand?post=7498"},{"taxonomy":"product_cat","embeddable":true,"href":"https:\/\/tecsecmty.com\/index.php\/wp-json\/wp\/v2\/product_cat?post=7498"},{"taxonomy":"product_tag","embeddable":true,"href":"https:\/\/tecsecmty.com\/index.php\/wp-json\/wp\/v2\/product_tag?post=7498"}],"curies":[{"name":"wp","href":"https:\/\/api.w.org\/{rel}","templated":true}]}}