{"id":7500,"date":"2023-02-23T16:13:13","date_gmt":"2023-02-23T22:13:13","guid":{"rendered":"https:\/\/tecsecmty.com\/index.php\/producto\/bosch-v_uml24590-monitor-de-23-8-led\/"},"modified":"2023-03-22T23:22:07","modified_gmt":"2023-03-23T05:22:07","slug":"bosch-v_uml24590-monitor-de-23-8-led","status":"publish","type":"product","link":"https:\/\/tecsecmty.com\/index.php\/producto\/bosch-v_uml24590-monitor-de-23-8-led\/","title":{"rendered":"BOSCH V_UML24590- MONITOR DE 23.8 LED"},"content":{"rendered":"<div class=\"row aling-items-center padding-bottom-2x\">\n<div class=\"col-lg-12\">\n<h5 class=\"card-title text-center\">UML24590- MONITOR DE 23.8 LED<\/h5>\n<p><strong>UML-245-90 Monitor LED FHD de 23,8&#8243;<\/strong><\/p>\n<p>Monitor LED FHD (1920 x 1080) de 23,8 pulgadas<\/p>\n<p>El monitor LED de alto rendimiento Bosch es un monitor de alta calidad ideal para su uso en un entorno de videovigilancia.<\/p>\n<p>El monitor cuenta con una pantalla plana LCD en color y Full HD con un \u00e1rea de imagen visible de 23,8 pulgadas. Incluye amplios \u00e1ngulos de visi\u00f3n en horizontal y vertical, una reproducci\u00f3n precisa del color y retenci\u00f3n anti-imagen.<\/p>\n<p><img decoding=\"async\" class=\"overview-center-img-web\" src=\"https:\/\/tvc.mx\/media\/647122\/encabezado-1920x400.png\" alt=\"\" \/><\/p>\n<\/div>\n<\/div>\n<div class=\"row align-items-center padding-bottom-2x\">\n<div class=\"col-md-5\"><img decoding=\"async\" class=\"d-block m-auto img-thumbnail\" src=\"https:\/\/tvc.mx\/media\/647132\/400x300-logo.png\" alt=\" \" \/><\/div>\n<div class=\"col-md-7 text-md-left text-center\">\n<h2>Caracter\u00edsticas<\/h2>\n<ul>\n<li>Cumple con la norma Delta E2000 &lt; 2 para ofrecer un rendimiento de color verdadero<\/li>\n<li>Reproducci\u00f3n precisa del color y retenci\u00f3n anti-imagen<\/li>\n<li>Cumple la norma de inmunidad a ca\u00eddas de tensi\u00f3n IEC61000-4-2<\/li>\n<li>Panel LED retroiluminado para una mayor luminosidad y un menor consumo de energ\u00eda<\/li>\n<li>Conmutaci\u00f3n autom\u00e1tica de canal<\/li>\n<\/ul>\n<p>&nbsp;<\/p>\n<\/div>\n<\/div>\n<hr class=\"padding-bottom-2x\" \/>\n<div class=\"row aling-items-center padding-bottom-2x\">\n<div class=\"col-lg-12\">\n<h5 class=\"card-title text-center\">Funciones<\/h5>\n<p><strong>Excelente calidad de imagen<\/strong><\/p>\n<p>El monitor LED de alto rendimiento de Bosch se adapta autom\u00e1ticamente a la resoluci\u00f3n de la se\u00f1al de v\u00eddeo entrante con una resoluci\u00f3n m\u00e1xima de 1920 x 1080 (Full HD).<\/p>\n<p><strong>Retenci\u00f3n anti-imagen<\/strong><\/p>\n<p>La capacidad anti retenci\u00f3n de imagen del monitor ayuda a evitar la fijaci\u00f3n de im\u00e1genes que puede producirse en las situaciones en la que se visualizan escenas est\u00e1ticas durante periodos prolongados, desplazando la pantalla entera a una distancia de un p\u00edxel en el sentido de las agujas del reloj despu\u00e9s de un intervalo de tiempo establecido. Este intervalo se puede personalizar en el men\u00fa de visualizaci\u00f3n en pantalla.<\/p>\n<p><strong>Reproducci\u00f3n precisa del color<\/strong><\/p>\n<p>El monitor cumple con la norma Delta E2000 &lt; 2 para proporcionar un rendimiento de color verdadero de la c\u00e1mara a la pantalla. El monitor se centra autom\u00e1ticamente en ajustar los valores correctos de color, temperatura y curva \u03b3 para ofrecer la m\u00e1xima calidad de imagen posible.<\/p>\n<p><strong>Apto para su uso las 24 horas del d\u00eda<\/strong><\/p>\n<p>El monitor est\u00e1 dise\u00f1ado y se ha probado para su uso las 24 horas del d\u00eda.<\/p>\n<p><strong>USB para la actualizaci\u00f3n del firmware<\/strong><\/p>\n<p>Puede actualizar el firmware del monitor mediante el puerto USB.<\/p>\n<p><strong>HDCP<\/strong><\/p>\n<p>El monitor es compatible con la protecci\u00f3n de contenido digital de gran ancho de banda (HDCP), lo que permite reproducir contenido HDCP cifrado.<\/p>\n<p><img decoding=\"async\" class=\"overview-center-img-web\" src=\"https:\/\/tvc.mx\/media\/647137\/encabezado-1920x400.png\" alt=\"\" \/><\/p>\n<\/div>\n<\/div>\n<div class=\"row aling-items-center padding-bottom-2x\">\n<div class=\"col-lg-12\">\n<h5 class=\"card-title text-center\">Certificaciones y aprobaciones<\/h5>\n<p>Certificaciones y aprobaciones<\/p>\n<p><img decoding=\"async\" class=\"overview-center-img-web\" src=\"https:\/\/tvc.mx\/media\/647147\/1920x400-certificaciones.png\" alt=\"\" \/><\/p>\n<\/div>\n<\/div>\n<div class=\"row aling-items-center padding-bottom-2x\">\n<div class=\"col-lg-12\">\n<h5 class=\"card-title text-center\">Notas de configuraci\u00f3n\/instalaci\u00f3n<\/h5>\n<p><em>Fig. 1:<\/em>\u00a0Monitor LED de alto rendimiento de dimensiones (24 pulg)<\/p>\n<p><img decoding=\"async\" class=\"overview-center-img-web\" src=\"https:\/\/tvc.mx\/media\/647152\/1920x400-medidas.png\" alt=\"\" \/><\/p>\n<\/div>\n<\/div>\n<div class=\"row aling-items-center padding-bottom-2x\">\n<div class=\"col-lg-12\">\n<h5 class=\"card-title text-center\">Especificaciones clave<\/h5>\n<p><strong>Color de la pantalla:<\/strong>\u00a0Color<\/p>\n<p><strong>Dimensiones (Alto x Ancho x Fondo) (in):\u00a0<\/strong>15.25 x 21.30 x 8.65 in<\/p>\n<p><strong>Dimensiones (Alto x Ancho x Fondo) (mm):\u00a0<\/strong>387.35 x 541.02 x 219.71 mm<\/p>\n<p><strong>Humedad relativa de almacenamiento (%):<\/strong>\u00a00 \u2013 90 %<\/p>\n<p><strong>Humedad relativa de funcionamiento, sin condensaci\u00f3n (%):<\/strong>\u00a00 \u2013 90 %<\/p>\n<p><strong>Luminancia (cd\/m\u00b2):<\/strong>\u00a0200 cd\/m\u00b2<\/p>\n<p><strong>Peso (kg):\u00a0<\/strong>3.80 kg<\/p>\n<p><strong>Relaci\u00f3n de contraste:\u00a0<\/strong>1000<\/p>\n<p><strong>Resoluci\u00f3n de la pantalla (p\u00edxeles):\u00a0<\/strong>1920 x 1080 px<\/p>\n<p><strong>Tama\u00f1o de la pantalla (in):\u00a0<\/strong>23.80 in<\/p>\n<p><strong>Temperatura de almacenamiento (\u00b0C):<\/strong>\u00a00 \u2013 50 \u00b0C<\/p>\n<p><strong>Temperatura de almacenamiento (\u00b0F);\u00a0<\/strong>32 \u2013 122 \u00b0F<\/p>\n<p><strong>Temperatura de funcionamiento (\u00b0C):<\/strong>\u00a00 \u2013 40 \u00b0C<\/p>\n<p><strong>Temperatura de funcionamiento (\u00b0F):\u00a0<\/strong>32 \u2013 104 \u00b0F<\/p>\n<p><strong>Tipo de pantalla:\u00a0<\/strong>LCD<\/p>\n<p><strong>UML-245-90 Monitor LED FHD de 23,8&#8243;<\/strong><\/p>\n<p>Monitor LED FHD (1920 x 1080) de 23,8 pulgadas<\/p>\n<p><img decoding=\"async\" class=\"overview-center-img-web\" src=\"https:\/\/tvc.mx\/media\/647157\/encabezado-1920x400.png\" alt=\"\" \/><\/p>\n<\/div>\n<\/div>\n","protected":false},"excerpt":{"rendered":"<p>UML24590- MONITOR DE 23.8 LED UML-245-90 Monitor LED FHD de 23,8&#8243; Monitor LED FHD (1920 x 1080) de 23,8 pulgadas El monitor LED de alto rendimiento Bosch es un monitor de alta calidad ideal para su uso en un entorno de videovigilancia. El monitor cuenta&hellip;<\/p>\n","protected":false},"featured_media":7499,"comment_status":"open","ping_status":"closed","template":"","meta":{"om_disable_all_campaigns":false,"_monsterinsights_skip_tracking":false,"_monsterinsights_sitenote_active":false,"_monsterinsights_sitenote_note":"","_monsterinsights_sitenote_category":0},"product_brand":[],"product_cat":[679],"product_tag":[613,611,612,616,615,610,614,617],"class_list":{"0":"post-7500","1":"product","2":"type-product","3":"status-publish","4":"has-post-thumbnail","6":"product_cat-monitores-monitores-bosch-video-vigilancia","7":"product_tag-bosch","8":"product_tag-manhattan","9":"product_tag-saxxon","10":"product_tag-surveon","11":"product_tag-utepo","12":"product_tag-videovigilancia","13":"product_tag-vivotek","14":"product_tag-zteco","16":"first","17":"instock","18":"sale","19":"taxable","20":"shipping-taxable","21":"purchasable","22":"product-type-simple"},"aioseo_notices":[],"_links":{"self":[{"href":"https:\/\/tecsecmty.com\/index.php\/wp-json\/wp\/v2\/product\/7500","targetHints":{"allow":["GET"]}}],"collection":[{"href":"https:\/\/tecsecmty.com\/index.php\/wp-json\/wp\/v2\/product"}],"about":[{"href":"https:\/\/tecsecmty.com\/index.php\/wp-json\/wp\/v2\/types\/product"}],"replies":[{"embeddable":true,"href":"https:\/\/tecsecmty.com\/index.php\/wp-json\/wp\/v2\/comments?post=7500"}],"version-history":[{"count":0,"href":"https:\/\/tecsecmty.com\/index.php\/wp-json\/wp\/v2\/product\/7500\/revisions"}],"wp:featuredmedia":[{"embeddable":true,"href":"https:\/\/tecsecmty.com\/index.php\/wp-json\/wp\/v2\/media\/7499"}],"wp:attachment":[{"href":"https:\/\/tecsecmty.com\/index.php\/wp-json\/wp\/v2\/media?parent=7500"}],"wp:term":[{"taxonomy":"product_brand","embeddable":true,"href":"https:\/\/tecsecmty.com\/index.php\/wp-json\/wp\/v2\/product_brand?post=7500"},{"taxonomy":"product_cat","embeddable":true,"href":"https:\/\/tecsecmty.com\/index.php\/wp-json\/wp\/v2\/product_cat?post=7500"},{"taxonomy":"product_tag","embeddable":true,"href":"https:\/\/tecsecmty.com\/index.php\/wp-json\/wp\/v2\/product_tag?post=7500"}],"curies":[{"name":"wp","href":"https:\/\/api.w.org\/{rel}","templated":true}]}}