{"id":7510,"date":"2023-02-23T16:13:30","date_gmt":"2023-02-23T22:13:30","guid":{"rendered":"https:\/\/tecsecmty.com\/index.php\/producto\/bosch-v_uml55490-monitor-led-55-pulgadas-resolucion-4k\/"},"modified":"2023-03-22T23:22:07","modified_gmt":"2023-03-23T05:22:07","slug":"bosch-v_uml55490-monitor-led-55-pulgadas-resolucion-4k","status":"publish","type":"product","link":"https:\/\/tecsecmty.com\/index.php\/producto\/bosch-v_uml55490-monitor-led-55-pulgadas-resolucion-4k\/","title":{"rendered":"BOSCH V_UML55490- MONITOR LED 55 PULGADAS\/ RESOLUCION 4K"},"content":{"rendered":"<h5 class=\"card-title text-center\">UML-554-90 Monitor LED 4K de 55&#8243;<\/h5>\n<p class=\"ql-align-justify\"><strong>Los monitores LED de alto rendimiento de Bosch son monitores a color de alta resoluci\u00f3n ideales para su uso en entornos de videovigilancia.<\/strong>\u00a0Cuentan con una pantalla plana LCD a color y est\u00e1n disponibles en cuatro modelos de\u00a0<strong>27, 32, 43 o 55 pulgadas.\u00a0<\/strong>Cada monitor incluye amplios \u00e1ngulos de visi\u00f3n horizontal y vertical, una reproducci\u00f3n precisa del color y retenci\u00f3n anti-imagen.<\/p>\n<p class=\"ql-align-justify\"><strong>Funciones b\u00e1sicas<\/strong><\/p>\n<p class=\"ql-align-justify\"><strong>Excelente calidad de imagen<\/strong><\/p>\n<p class=\"ql-align-justify\"><strong>Los monitores LED de alto rendimiento de Bosch se adaptan autom\u00e1ticamente a la resoluci\u00f3n de la se\u00f1al de v\u00eddeo entrante, hasta 1920 \u00d7 1080 (Full HD) en los modelos de 27, 32 y 43 pulgadas y hasta 3840 \u00d7 2160 (4K) en el modelo de 55 pulgadas.<\/strong>\u00a0La entrada VGA anal\u00f3gica de los monitores se adapta f\u00e1cilmente al creciente uso de los PC en los sistemas de vigilancia de seguridad de hoy en d\u00eda. Su alta relaci\u00f3n de contraste y el alto ajuste de brillo ofrecen una exactitud del color y la imagen excelentes para disfrutar de una visualizaci\u00f3n e interpretaci\u00f3n m\u00e1s c\u00f3modas de las im\u00e1genes. Gracias a las elevadas tasas de refresco de los monitores, se obtienen im\u00e1genes m\u00e1s claras y n\u00edtidas con menos manchas y menos im\u00e1genes \u00abfantasmas\u00bb en los v\u00eddeos con movimientos r\u00e1pidos.<\/p>\n<p class=\"ql-align-justify\"><strong>Retenci\u00f3n anti-imagen<\/strong><\/p>\n<p class=\"ql-align-justify\">La capacidad de retenci\u00f3n anti-imagen de los monitores ayuda a evitar la fijaci\u00f3n de im\u00e1genes que puede producirse en las situaciones en la que se visualizan escenas est\u00e1ticas durante periodos prolongados.<\/p>\n<p class=\"ql-align-justify\"><strong>Mejora del color verdadero<\/strong><\/p>\n<p class=\"ql-align-justify\">Los monitores ofrecen un rendimiento de color verdadero. Los monitores ajustan autom\u00e1ticamente los valores correctos del color, la temperatura y la curva \u03b3 para ofrecer la m\u00e1xima calidad de imagen posible.<\/p>\n<p class=\"ql-align-justify\"><strong>Monitores industriales<\/strong><\/p>\n<p class=\"ql-align-justify\">El monitor se ha elaborado a partir de un panel industrial apto para un uso ininterrumpido.<\/p>\n<p class=\"ql-align-justify\"><strong>USB para la actualizaci\u00f3n del firmware<\/strong><\/p>\n<p class=\"ql-align-justify\">Puede actualizar el firmware del monitor mediante el puerto USB.<\/p>\n<p class=\"ql-align-justify\"><strong>DPMS<\/strong><\/p>\n<p class=\"ql-align-justify\">El monitor es compatible con la se\u00f1al de gesti\u00f3n de energ\u00eda de pantalla (DPMS) para ahorrar energ\u00eda.<\/p>\n<p class=\"ql-align-justify\"><strong>HDCP<\/strong><\/p>\n<p class=\"ql-align-justify\">El monitor es compatible con la protecci\u00f3n de contenido digital de gran ancho de banda (HDCP), lo que permite reproducir contenido HDCP cifrado.<\/p>\n<p class=\"ql-align-justify\"><strong>Piezas incluidas (HDMI)<\/strong><\/p>\n<ul>\n<li class=\"ql-align-justify\">1 Monitor LED Bosch de alto rendimiento.<\/li>\n<li class=\"ql-align-justify\">1 Cable de alimentaci\u00f3n: enchufe de 3 hilos con toma de tierra y conector macho para EE. UU.<\/li>\n<li class=\"ql-align-justify\">1 Cable de alimentaci\u00f3n: enchufe de tres hilos con toma de tierra y conector macho de tipo europeo continental.<\/li>\n<li class=\"ql-align-justify\">2 Soporte de escritorio: lados izquierdo y derecho 6 Tornillos de montaje.<\/li>\n<li class=\"ql-align-justify\">1 HDMI a un cable HDMI.<\/li>\n<\/ul>\n<p class=\"ql-align-justify\"><strong>Piezas incluidas (VGA)<\/strong><\/p>\n<ul>\n<li class=\"ql-align-justify\">1 VGA a un cable VGA .<\/li>\n<li class=\"ql-align-justify\">1 DisplayPort a un cable DisplayPort.<\/li>\n<li class=\"ql-align-justify\">1 DisplayPort a convertidor miniDisplayPort .<\/li>\n<li class=\"ql-align-justify\">1 Cable de entrada de audio.<\/li>\n<li class=\"ql-align-justify\">1 Control remoto 2 Pilas AAA para el control remoto.<\/li>\n<li class=\"ql-align-justify\">1 Gu\u00eda de instalaci\u00f3n r\u00e1pida.<\/li>\n<\/ul>\n<p class=\"ql-align-justify\"><strong>Nota: UML-554-90 Monitor LED 4K de 55&#8243;<\/strong><\/p>\n<p class=\"ql-align-justify\"><strong>Monitor LED de alto rendimiento UHD (4K) de 55 pulgadas.<\/strong><\/p>\n<p class=\"ql-align-justify\"><strong>N\u00famero de pedido: UML-554-90.<\/strong><\/p>\n<p class=\"ql-align-justify\"><strong>Principales caracter\u00edsticas<\/strong><\/p>\n<ul>\n<li class=\"ql-align-justify\">Resoluci\u00f3n 4K en el monitor de 55 pulgadas (UML-554-90).<\/li>\n<li class=\"ql-align-justify\">Reproducci\u00f3n precisa del color y retenci\u00f3n anti- -imagen.<\/li>\n<li class=\"ql-align-justify\">Tomas de entrada DisplayPort, HDMI, DVI y VGA.<\/li>\n<li class=\"ql-align-justify\">Carcasa met\u00e1lica de acero SECC para disfrutar de una mayor resistencia, disipaci\u00f3n del calor y protecci\u00f3n.<\/li>\n<li class=\"ql-align-justify\">Cumple las normativas de inmunidad a ca\u00eddas de tensi\u00f3n.<\/li>\n<\/ul>\n<p class=\"ql-align-justify\"><strong>Especificaciones<\/strong><\/p>\n<p class=\"ql-align-justify\"><strong>El\u00e9ctricas<\/strong><\/p>\n<p class=\"ql-align-justify\"><strong>UML-554-90<\/strong><\/p>\n<ul>\n<li class=\"ql-align-justify\">Tensi\u00f3n nominal 100-240 V CA, 50\/60 Hz.<\/li>\n<li class=\"ql-align-justify\">Rango de tensi\u00f3n 100-240 V CA, 50\/60 Hz.<\/li>\n<\/ul>\n<p class=\"ql-align-justify\"><strong>Consumo de energ\u00eda<\/strong><\/p>\n<ul>\n<li class=\"ql-align-justify\">Activado &lt;155 W.<\/li>\n<li class=\"ql-align-justify\">Espera &lt;0,5 W.<\/li>\n<\/ul>\n<p class=\"ql-align-justify\"><strong>V\u00eddeo<\/strong><\/p>\n<ul>\n<li class=\"ql-align-justify\">Pantalla LCD Iluminaci\u00f3n LED.<\/li>\n<li class=\"ql-align-justify\">\u00c1rea de imagen visible 55 pulg.<\/li>\n<li class=\"ql-align-justify\">\u00c1rea de visualizaci\u00f3n activa (H \u00d7 V) 1209,6 \u00d7 680,4 mm (47,6 pulg. x 26,79 pulg.)<\/li>\n<li class=\"ql-align-justify\">Resoluci\u00f3n1 3840 \u00d7 2160.<\/li>\n<li class=\"ql-align-justify\">Relaci\u00f3n de aspecto 16:9.<\/li>\n<li class=\"ql-align-justify\">Colores de pantalla 1070 millones.<\/li>\n<li class=\"ql-align-justify\">Tiempo de respuesta 6,5 ms (t\u00edpico).<\/li>\n<li class=\"ql-align-justify\">Retroiluminaci\u00f3n 50 000 horas.<\/li>\n<\/ul>\n<p class=\"ql-align-justify\"><strong>Audio<\/strong><\/p>\n<ul>\n<li class=\"ql-align-justify\">Entrada: Toma est\u00e9reo de 3,5 mm.<\/li>\n<li class=\"ql-align-justify\">Salida: 2 altavoces incorporados de 2 W.<\/li>\n<\/ul>\n<p class=\"ql-align-justify\"><strong>\u00d3ptica<\/strong><\/p>\n<ul>\n<li class=\"ql-align-justify\">Luminancia 450 cd\/m2 (t\u00edpico).<\/li>\n<li class=\"ql-align-justify\">Relaci\u00f3n de contraste 4000:1 (t\u00edpica).<\/li>\n<li class=\"ql-align-justify\">\u00c1ngulo de visi\u00f3n Horizontal\/vertical: 178\u00b0 (t\u00edpico).<\/li>\n<\/ul>\n<p class=\"ql-align-justify\"><strong>Mec\u00e1nicas<\/strong><\/p>\n<ul>\n<li class=\"ql-align-justify\">Material de la carcasa SECC Acabado RAL 9017 (negro tr\u00e1fico).<\/li>\n<li class=\"ql-align-justify\">Montaje Montaje en pared compatible con soporte est\u00e1ndar.<\/li>\n<\/ul>\n<p class=\"ql-align-justify\"><strong>Compatibilidad con montaje VESA<\/strong><\/p>\n<ul>\n<li class=\"ql-align-justify\">400 \u00d7 200 mm (15,75 \u00d7 7,87 pulg.)<\/li>\n<li class=\"ql-align-justify\">400 \u00d7 400 mm (15,75 \u00d7 15,75 pulg.)<\/li>\n<\/ul>\n<p class=\"ql-align-justify\"><strong>Dimensiones (An. \u00d7 Al. \u00d7 Pr.)<\/strong><\/p>\n<ul>\n<li class=\"ql-align-justify\">Monitor 1253,8 \u00d7 722,6 \u00d7 74,1 mm (49,36 \u00d7 28,45 \u00d7 2,92 pulg.).<\/li>\n<li class=\"ql-align-justify\">Con embalaje 1428 \u00d7 917 \u00d7 248 mm (56,22 \u00d7 36,10 \u00d7 9,76 pulg.).<\/li>\n<\/ul>\n<p class=\"ql-align-justify\"><strong>Peso<\/strong><\/p>\n<ul>\n<li class=\"ql-align-justify\">Peso del monitor 30,5 kg (67,2 libras).<\/li>\n<li class=\"ql-align-justify\">Peso con embalaje 37,6 kg (82,9 libras).<\/li>\n<\/ul>\n<p class=\"ql-align-justify\"><strong>Ambientales<\/strong><\/p>\n<ul>\n<li class=\"ql-align-justify\">Temperatura de funcionamiento: De 0 \u00b0C a 50 \u00b0C (de 32 \u00b0F a 122 \u00b0F).<\/li>\n<li class=\"ql-align-justify\">Temperatura de almacenamiento: De 0 \u00b0C a 50 \u00b0C (de 32 \u00b0F a 122 \u00b0F).<\/li>\n<li class=\"ql-align-justify\">Humedad Relativa: De 0 % a 90 %.<img decoding=\"async\" src=\"https:\/\/tvc.mx\/media\/15906\/Logoopaginas-oficial.png\" \/><\/li>\n<\/ul>\n","protected":false},"excerpt":{"rendered":"<p>UML-554-90 Monitor LED 4K de 55&#8243; Los monitores LED de alto rendimiento de Bosch son monitores a color de alta resoluci\u00f3n ideales para su uso en entornos de videovigilancia.\u00a0Cuentan con una pantalla plana LCD a color y est\u00e1n disponibles en cuatro modelos de\u00a027, 32, 43&hellip;<\/p>\n","protected":false},"featured_media":7509,"comment_status":"open","ping_status":"closed","template":"","meta":{"om_disable_all_campaigns":false,"_monsterinsights_skip_tracking":false,"_monsterinsights_sitenote_active":false,"_monsterinsights_sitenote_note":"","_monsterinsights_sitenote_category":0},"product_brand":[],"product_cat":[679],"product_tag":[613,611,612,616,615,610,614,617],"class_list":{"0":"post-7510","1":"product","2":"type-product","3":"status-publish","4":"has-post-thumbnail","6":"product_cat-monitores-monitores-bosch-video-vigilancia","7":"product_tag-bosch","8":"product_tag-manhattan","9":"product_tag-saxxon","10":"product_tag-surveon","11":"product_tag-utepo","12":"product_tag-videovigilancia","13":"product_tag-vivotek","14":"product_tag-zteco","16":"first","17":"instock","18":"sale","19":"taxable","20":"shipping-taxable","21":"purchasable","22":"product-type-simple"},"aioseo_notices":[],"_links":{"self":[{"href":"https:\/\/tecsecmty.com\/index.php\/wp-json\/wp\/v2\/product\/7510","targetHints":{"allow":["GET"]}}],"collection":[{"href":"https:\/\/tecsecmty.com\/index.php\/wp-json\/wp\/v2\/product"}],"about":[{"href":"https:\/\/tecsecmty.com\/index.php\/wp-json\/wp\/v2\/types\/product"}],"replies":[{"embeddable":true,"href":"https:\/\/tecsecmty.com\/index.php\/wp-json\/wp\/v2\/comments?post=7510"}],"version-history":[{"count":0,"href":"https:\/\/tecsecmty.com\/index.php\/wp-json\/wp\/v2\/product\/7510\/revisions"}],"wp:featuredmedia":[{"embeddable":true,"href":"https:\/\/tecsecmty.com\/index.php\/wp-json\/wp\/v2\/media\/7509"}],"wp:attachment":[{"href":"https:\/\/tecsecmty.com\/index.php\/wp-json\/wp\/v2\/media?parent=7510"}],"wp:term":[{"taxonomy":"product_brand","embeddable":true,"href":"https:\/\/tecsecmty.com\/index.php\/wp-json\/wp\/v2\/product_brand?post=7510"},{"taxonomy":"product_cat","embeddable":true,"href":"https:\/\/tecsecmty.com\/index.php\/wp-json\/wp\/v2\/product_cat?post=7510"},{"taxonomy":"product_tag","embeddable":true,"href":"https:\/\/tecsecmty.com\/index.php\/wp-json\/wp\/v2\/product_tag?post=7510"}],"curies":[{"name":"wp","href":"https:\/\/api.w.org\/{rel}","templated":true}]}}