{"id":7514,"date":"2023-02-23T16:13:35","date_gmt":"2023-02-23T22:13:35","guid":{"rendered":"https:\/\/tecsecmty.com\/index.php\/producto\/zkteco-zd192k-monitor-led-hd-de-19-pulgadas-resolucion-1440-x-900-1-entrada-de-video-hdmi-y-1-vga-altavoces-incorporados-angulo-de-vision-horizontal-170-soporte-vesa-operacion-24-7\/"},"modified":"2023-03-22T23:25:37","modified_gmt":"2023-03-23T05:25:37","slug":"zkteco-zd192k-monitor-led-hd-de-19-pulgadas-resolucion-1440-x-900-1-entrada-de-video-hdmi-y-1-vga-altavoces-incorporados-angulo-de-vision-horizontal-170-soporte-vesa-operacion-24-7","status":"publish","type":"product","link":"https:\/\/tecsecmty.com\/index.php\/producto\/zkteco-zd192k-monitor-led-hd-de-19-pulgadas-resolucion-1440-x-900-1-entrada-de-video-hdmi-y-1-vga-altavoces-incorporados-angulo-de-vision-horizontal-170-soporte-vesa-operacion-24-7\/","title":{"rendered":"ZKTECO ZD192K &#8211; Monitor LED HD de 19 pulgadas \/ Resoluci\u00f3n 1440 x 900 \/ 1 Entrada de video HDMI y 1 VGA \/ Altavoces Incorporados \/ \u00c1ngulo de Visi\u00f3n Horizontal 170\u00b0 \/ Soporte VESA \/ Operaci\u00f3n 24\/7 \/ Incluye Cable HDMI"},"content":{"rendered":"<div class=\"row aling-items-center padding-bottom-2x\">\n<div class=\"col-lg-12\">\n<h5 class=\"card-title text-center\">Descripci\u00f3n<\/h5>\n<p class=\"ql-align-justify\">El monitor para videovigilancia modelo\u00a0<strong>ZD192K<\/strong>\u00a0tiene una pantalla de\u00a0<strong>19&#8243;<\/strong>\u00a0con\u00a0<strong>resoluci\u00f3n HD<\/strong>, entrada\u00a0<strong>HDMI y VGA\u00a0<\/strong>con audio incorporado, tecnolog\u00eda de\u00a0<strong>iluminaci\u00f3n LED<\/strong>\u00a0a un bajo consumo el\u00e9ctrico. Este equipo es compatible con\u00a0<strong>montaje VESA<\/strong>\u00a0para armar un\u00a0<strong>Video Wall<\/strong>\u00a0o para un sistema b\u00e1sico de video vigilancia.<\/p>\n<p><img decoding=\"async\" class=\"overview-center-img-web\" src=\"https:\/\/tvc.mx\/media\/506090\/ZKTeco-ZD192K-MONITOR-19-PULGADAS-PRINCIPAL.png\" alt=\"\" \/><\/div>\n<\/div>\n<div class=\"row align-items-center padding-bottom-2x\">\n<div class=\"col-md-5\"><img decoding=\"async\" class=\"d-block m-auto img-thumbnail\" src=\"https:\/\/tvc.mx\/media\/506092\/ZKTeco-ZD192K-MONITOR-19-PULGADAS-OV1.png\" alt=\" \" \/><\/div>\n<div class=\"col-md-7 text-md-left text-center\">\n<h2>Principales Caracter\u00edsticas<\/h2>\n<p class=\"text-muted\">\n<ul>\n<li class=\"ql-align-justify\">Tecnolog\u00eda de retroiluminaci\u00f3n LED con HD 1440 x 900.<\/li>\n<li class=\"ql-align-justify\">16,7 millones de colores muestran im\u00e1genes perfectamente.<\/li>\n<li class=\"ql-align-justify\">M\u00faltiples interfaces: HDMI, VGA, RCA.<\/li>\n<li class=\"ql-align-justify\">Altavoz incorporado.<\/li>\n<li class=\"ql-align-justify\">Motor inteligente para fase\/posici\u00f3n de imagen\/calibraci\u00f3n de color.<\/li>\n<li class=\"ql-align-justify\">Compatible con montaje VESA.<\/li>\n<\/ul>\n<p>&nbsp;<\/p>\n<\/div>\n<\/div>\n<hr class=\"padding-bottom-2x\" \/>\n<div class=\"row align-items-center padding-bottom-2x\">\n<div class=\"col-md-5 order-md-2\"><img decoding=\"async\" class=\"d-block m-auto img-thumbnail\" src=\"https:\/\/tvc.mx\/media\/506094\/ZKTeco-ZD192K-MONITOR-19-PULGADAS-OV2.png\" alt=\" \" \/><\/div>\n<div class=\"col-md-7 order-md-1 text-md-left text-center\">\n<h2>Especificaciones T\u00e9cnicas<\/h2>\n<p class=\"text-muted\">\n<ul>\n<li class=\"ql-align-justify\">Modelo: ZD19-2K.<\/li>\n<li class=\"ql-align-justify\">Tama\u00f1o de pantalla: 19&#8243;.<\/li>\n<li class=\"ql-align-justify\">Resoluci\u00f3n: 1440&#215;900.<\/li>\n<li class=\"ql-align-justify\">Brillo: 300 cd\/m2.<\/li>\n<li class=\"ql-align-justify\">Contraste: 3000:1.<\/li>\n<li class=\"ql-align-justify\">Angulo de Visi\u00f3n Horizontal 170\u00b0, Vertical 160\u00b0.<\/li>\n<li class=\"ql-align-justify\">Entrada: HDMI\/VGA\/RCA\/USB.<\/li>\n<\/ul>\n<p>&nbsp;<\/p>\n<\/div>\n<\/div>\n<hr class=\"padding-bottom-2x\" \/>\n<div class=\"row align-items-center padding-bottom-2x\">\n<div class=\"col-md-5\"><img decoding=\"async\" class=\"d-block m-auto img-thumbnail\" src=\"https:\/\/tvc.mx\/media\/506098\/ZKTeco-ZD192K-MONITOR-19-PULGADAS-OV3.png\" alt=\" \" \/><\/div>\n<div class=\"col-md-7 text-md-left text-center\">\n<h2>Especificaciones T\u00e9cnicas<\/h2>\n<p class=\"text-muted\">\n<ul>\n<li class=\"ql-align-justify\">Tipo de montaje Montaje de sobremesa \/ pared.<\/li>\n<li class=\"ql-align-justify\">Compatible con montaje VESA.<\/li>\n<li class=\"ql-align-justify\">Consumo: 20W.<\/li>\n<li class=\"ql-align-justify\">Peso neto: 2.5kg.<\/li>\n<li class=\"ql-align-justify\">Peso bruto: 3.4kg.<\/li>\n<li class=\"ql-align-justify\">Dimensi\u00f3n del paquete (LXAXH): 525 X 415 X 95 (mm).<\/li>\n<\/ul>\n<p>&nbsp;<\/p>\n<\/div>\n<\/div>\n<hr class=\"padding-bottom-2x\" \/>\n<div class=\"row align-items-center padding-bottom-2x\">\n<div class=\"col-md-5 order-md-2\"><img decoding=\"async\" class=\"d-block m-auto img-thumbnail\" src=\"https:\/\/tvc.mx\/media\/506102\/ZKTeco-ZD19-MONITOR-19-PULGADAS-BASE-FUENTE-DE-PODER-INCLUYE.png\" alt=\" \" \/><\/div>\n<div class=\"col-md-7 order-md-1 text-md-left text-center\">\n<h2>Incluye<\/h2>\n<p class=\"text-muted\">\n<ul>\n<li class=\"ql-align-justify\">Monitor 19&#8243;<\/li>\n<li class=\"ql-align-justify\">Base para el soporte del Monitor<\/li>\n<li class=\"ql-align-justify\">Cable HDMI<\/li>\n<li class=\"ql-align-justify\">Fuente de poder.<\/li>\n<\/ul>\n<\/div>\n<\/div>\n","protected":false},"excerpt":{"rendered":"<p>Descripci\u00f3n El monitor para videovigilancia modelo\u00a0ZD192K\u00a0tiene una pantalla de\u00a019&#8243;\u00a0con\u00a0resoluci\u00f3n HD, entrada\u00a0HDMI y VGA\u00a0con audio incorporado, tecnolog\u00eda de\u00a0iluminaci\u00f3n LED\u00a0a un bajo consumo el\u00e9ctrico. Este equipo es compatible con\u00a0montaje VESA\u00a0para armar un\u00a0Video Wall\u00a0o para un sistema b\u00e1sico de video vigilancia. Principales Caracter\u00edsticas Tecnolog\u00eda de retroiluminaci\u00f3n LED con&hellip;<\/p>\n","protected":false},"featured_media":7513,"comment_status":"open","ping_status":"closed","template":"","meta":{"om_disable_all_campaigns":false,"_monsterinsights_skip_tracking":false,"_monsterinsights_sitenote_active":false,"_monsterinsights_sitenote_note":"","_monsterinsights_sitenote_category":0},"product_brand":[],"product_cat":[684],"product_tag":[613,611,612,616,615,610,614,617],"class_list":{"0":"post-7514","1":"product","2":"type-product","3":"status-publish","4":"has-post-thumbnail","6":"product_cat-monitores-monitores-zkteco-video-vigilancia","7":"product_tag-bosch","8":"product_tag-manhattan","9":"product_tag-saxxon","10":"product_tag-surveon","11":"product_tag-utepo","12":"product_tag-videovigilancia","13":"product_tag-vivotek","14":"product_tag-zteco","16":"first","17":"instock","18":"sale","19":"taxable","20":"shipping-taxable","21":"purchasable","22":"product-type-simple"},"aioseo_notices":[],"_links":{"self":[{"href":"https:\/\/tecsecmty.com\/index.php\/wp-json\/wp\/v2\/product\/7514","targetHints":{"allow":["GET"]}}],"collection":[{"href":"https:\/\/tecsecmty.com\/index.php\/wp-json\/wp\/v2\/product"}],"about":[{"href":"https:\/\/tecsecmty.com\/index.php\/wp-json\/wp\/v2\/types\/product"}],"replies":[{"embeddable":true,"href":"https:\/\/tecsecmty.com\/index.php\/wp-json\/wp\/v2\/comments?post=7514"}],"version-history":[{"count":0,"href":"https:\/\/tecsecmty.com\/index.php\/wp-json\/wp\/v2\/product\/7514\/revisions"}],"wp:featuredmedia":[{"embeddable":true,"href":"https:\/\/tecsecmty.com\/index.php\/wp-json\/wp\/v2\/media\/7513"}],"wp:attachment":[{"href":"https:\/\/tecsecmty.com\/index.php\/wp-json\/wp\/v2\/media?parent=7514"}],"wp:term":[{"taxonomy":"product_brand","embeddable":true,"href":"https:\/\/tecsecmty.com\/index.php\/wp-json\/wp\/v2\/product_brand?post=7514"},{"taxonomy":"product_cat","embeddable":true,"href":"https:\/\/tecsecmty.com\/index.php\/wp-json\/wp\/v2\/product_cat?post=7514"},{"taxonomy":"product_tag","embeddable":true,"href":"https:\/\/tecsecmty.com\/index.php\/wp-json\/wp\/v2\/product_tag?post=7514"}],"curies":[{"name":"wp","href":"https:\/\/api.w.org\/{rel}","templated":true}]}}