{"id":7518,"date":"2023-02-23T16:13:41","date_gmt":"2023-02-23T22:13:41","guid":{"rendered":"https:\/\/tecsecmty.com\/index.php\/producto\/zkteco-zd324k-monitor-led-uhd-profesional-de-32-pulgadas-resolucion-3840-x-2160-3-entradas-de-video-hdmi-y-1-vga-altavoces-incorporados-angulo-de-vision-horizontal-170-soporte-vesa\/"},"modified":"2023-03-15T10:27:26","modified_gmt":"2023-03-15T16:27:26","slug":"zkteco-zd324k-monitor-led-uhd-profesional-de-32-pulgadas-resolucion-3840-x-2160-3-entradas-de-video-hdmi-y-1-vga-altavoces-incorporados-angulo-de-vision-horizontal-170-soporte-vesa","status":"publish","type":"product","link":"https:\/\/tecsecmty.com\/index.php\/producto\/zkteco-zd324k-monitor-led-uhd-profesional-de-32-pulgadas-resolucion-3840-x-2160-3-entradas-de-video-hdmi-y-1-vga-altavoces-incorporados-angulo-de-vision-horizontal-170-soporte-vesa\/","title":{"rendered":"ZKTECO ZD324K &#8211; Monitor LED UHD Profesional de 32 pulgadas \/ Resoluci\u00f3n 3840 x 2160 \/ 3 Entradas de video HDMI y 1 VGA \/ Altavoces Incorporados \/ \u00c1ngulo de Visi\u00f3n Horizontal 170\u00b0 \/ Soporte VESA \/ Operaci\u00f3n24\/7 \/ Incluye Cable HDMI"},"content":{"rendered":"<div class=\"row aling-items-center padding-bottom-2x\">\n<div class=\"col-lg-12\">\n<h5 class=\"card-title text-center\">Descripci\u00f3n<\/h5>\n<p class=\"ql-align-justify\">El monitor para videovigilancia modelo<strong>\u00a0ZD32-4K<\/strong>\u00a0\u00a0tiene una pantalla de 32 pulgadas con resoluci\u00f3n 4K HD, entradas HDMI y VGA con audio incorporado, tecnolog\u00eda de iluminaci\u00f3n LED a un bajo consumo el\u00e9ctrico, adem\u00e1s provee un amplio \u00e1ngulo de visi\u00f3n: horizontal 170\u00b0, vertical 160\u00b0. Cuenta con puertos USB<\/p>\n<p><img decoding=\"async\" class=\"overview-center-img-web\" src=\"https:\/\/tvc.mx\/media\/695797\/ZKTeco---Monitor-Profesional--32-Pulgadas-2K-Altavoz-Incorporado-2.png\" alt=\"\" \/><\/div>\n<\/div>\n<div class=\"row align-items-center padding-bottom-2x\">\n<div class=\"col-md-5\"><img decoding=\"async\" class=\"d-block m-auto img-thumbnail\" src=\"https:\/\/tvc.mx\/media\/426327\/ZD32-4k-especificaciones.png\" alt=\" \" \/><\/div>\n<div class=\"col-md-7 text-md-left text-center\">\n<h2>Principales Caracter\u00edsticas<\/h2>\n<p class=\"text-muted\">\n<p class=\"ql-align-justify\">\u2022 Monitor UHD de 32 pulgadas<\/p>\n<p class=\"ql-align-justify\">\u2022 Tecnolog\u00eda de retroiluminaci\u00f3n LED con ultra HD 3840 x 2160<\/p>\n<p class=\"ql-align-justify\">\u2022 M\u00faltiples interfaces: HDMI, VGA, DVI, BNC<\/p>\n<p class=\"ql-align-justify\">\u2022 Altavoz Incorporado<\/p>\n<p class=\"ql-align-justify\">\u2022 Amplio \u00e1ngulo de visi\u00f3n: Horizontal 170\u00b0, Vertical 160\u00b0<\/p>\n<p class=\"ql-align-justify\">\u2022 Compatibilidad con HDMI hasta 4K<\/p>\n<p class=\"ql-align-justify\">\u2022 Detecci\u00f3n de entrada de se\u00f1al autom\u00e1tica<\/p>\n<p class=\"ql-align-justify\">\u2022 Motor inteligente para fase\/posici\u00f3n de imagen\/ calibraci\u00f3n de color<\/p>\n<p class=\"ql-align-justify\">\u2022 Carcasa de metal<\/p>\n<p>&nbsp;<\/p>\n<\/div>\n<\/div>\n<hr class=\"padding-bottom-2x\" \/>\n<div class=\"row align-items-center padding-bottom-2x\">\n<div class=\"col-md-5 order-md-2\"><img decoding=\"async\" class=\"d-block m-auto img-thumbnail\" src=\"https:\/\/tvc.mx\/media\/426283\/ZD32-4k-dimensiones.png\" alt=\" \" \/><\/div>\n<div class=\"col-md-7 order-md-1 text-md-left text-center\">\n<h2>Especificaciones T\u00e9cnicas<\/h2>\n<p class=\"text-muted\">\n<ul>\n<li>Tama\u00f1o de pantalla 32\u2018\u2019<\/li>\n<li>Material del bisel Pl\u00e1stico<\/li>\n<li>Tipo de visualizaci\u00f3n LED<\/li>\n<li>Resoluci\u00f3n 3840 * 2160<\/li>\n<li>Brillo 500cd \/ m\u00b2<\/li>\n<li>Contraste 3000:1<\/li>\n<li>Tiempo de respuesta 5ms<\/li>\n<li>\u00c1ngulo de visi\u00f3n Horizontal 170\u00b0 \/ Vertical 160\u00b0<\/li>\n<li>Entradas de video\u00a01-HDMI 1-VGA 1-DVI 2-BNC<\/li>\n<li>Entrada de audio 1-HDMI<\/li>\n<li>Altavoz Integrado<\/li>\n<\/ul>\n<p>&nbsp;<\/p>\n<\/div>\n<\/div>\n<hr class=\"padding-bottom-2x\" \/>\n<div class=\"row align-items-center padding-bottom-2x\">\n<div class=\"col-md-5\"><img decoding=\"async\" class=\"d-block m-auto img-thumbnail\" src=\"https:\/\/tvc.mx\/media\/695602\/ZKTeco---Monitor-Profesional--32-Pulgadas-2K-Altavoz-Incorporado-incluye.png\" alt=\" \" \/><\/div>\n<div class=\"col-md-7 text-md-left text-center\">\n<h2>Incluye<\/h2>\n<p class=\"text-muted\">\n<ul>\n<li class=\"ql-align-justify\">Monitor 32&#8243; 4K<\/li>\n<li class=\"ql-align-justify\">Control Remoto<\/li>\n<li class=\"ql-align-justify\">Cable HDMI<\/li>\n<li class=\"ql-align-justify\">Tornillos<\/li>\n<li class=\"ql-align-justify\">2 Patas adaptables<\/li>\n<\/ul>\n<\/div>\n<\/div>\n","protected":false},"excerpt":{"rendered":"<p>Descripci\u00f3n El monitor para videovigilancia modelo\u00a0ZD32-4K\u00a0\u00a0tiene una pantalla de 32 pulgadas con resoluci\u00f3n 4K HD, entradas HDMI y VGA con audio incorporado, tecnolog\u00eda de iluminaci\u00f3n LED a un bajo consumo el\u00e9ctrico, adem\u00e1s provee un amplio \u00e1ngulo de visi\u00f3n: horizontal 170\u00b0, vertical 160\u00b0. Cuenta con puertos&hellip;<\/p>\n","protected":false},"featured_media":7517,"comment_status":"open","ping_status":"closed","template":"","meta":{"om_disable_all_campaigns":false,"_monsterinsights_skip_tracking":false,"_monsterinsights_sitenote_active":false,"_monsterinsights_sitenote_note":"","_monsterinsights_sitenote_category":0},"product_brand":[],"product_cat":[684],"product_tag":[613,611,612,616,615,610,614,617],"class_list":{"0":"post-7518","1":"product","2":"type-product","3":"status-publish","4":"has-post-thumbnail","6":"product_cat-monitores-monitores-zkteco-video-vigilancia","7":"product_tag-bosch","8":"product_tag-manhattan","9":"product_tag-saxxon","10":"product_tag-surveon","11":"product_tag-utepo","12":"product_tag-videovigilancia","13":"product_tag-vivotek","14":"product_tag-zteco","16":"first","17":"instock","18":"sale","19":"taxable","20":"shipping-taxable","21":"purchasable","22":"product-type-simple"},"aioseo_notices":[],"_links":{"self":[{"href":"https:\/\/tecsecmty.com\/index.php\/wp-json\/wp\/v2\/product\/7518","targetHints":{"allow":["GET"]}}],"collection":[{"href":"https:\/\/tecsecmty.com\/index.php\/wp-json\/wp\/v2\/product"}],"about":[{"href":"https:\/\/tecsecmty.com\/index.php\/wp-json\/wp\/v2\/types\/product"}],"replies":[{"embeddable":true,"href":"https:\/\/tecsecmty.com\/index.php\/wp-json\/wp\/v2\/comments?post=7518"}],"version-history":[{"count":0,"href":"https:\/\/tecsecmty.com\/index.php\/wp-json\/wp\/v2\/product\/7518\/revisions"}],"wp:featuredmedia":[{"embeddable":true,"href":"https:\/\/tecsecmty.com\/index.php\/wp-json\/wp\/v2\/media\/7517"}],"wp:attachment":[{"href":"https:\/\/tecsecmty.com\/index.php\/wp-json\/wp\/v2\/media?parent=7518"}],"wp:term":[{"taxonomy":"product_brand","embeddable":true,"href":"https:\/\/tecsecmty.com\/index.php\/wp-json\/wp\/v2\/product_brand?post=7518"},{"taxonomy":"product_cat","embeddable":true,"href":"https:\/\/tecsecmty.com\/index.php\/wp-json\/wp\/v2\/product_cat?post=7518"},{"taxonomy":"product_tag","embeddable":true,"href":"https:\/\/tecsecmty.com\/index.php\/wp-json\/wp\/v2\/product_tag?post=7518"}],"curies":[{"name":"wp","href":"https:\/\/api.w.org\/{rel}","templated":true}]}}