{"id":7520,"date":"2023-02-23T16:13:44","date_gmt":"2023-02-23T22:13:44","guid":{"rendered":"https:\/\/tecsecmty.com\/index.php\/producto\/zkteco-zd434k-monitor-led-uhd-profesional-de-43-pulgadas-resolucion-3840-x-2160-2-entradas-de-video-hdmi-y-1-vga-altavoces-incorporados-angulo-de-vision-horizontal-170-soporte-vesa-o\/"},"modified":"2023-03-22T23:25:37","modified_gmt":"2023-03-23T05:25:37","slug":"zkteco-zd434k-monitor-led-uhd-profesional-de-43-pulgadas-resolucion-3840-x-2160-2-entradas-de-video-hdmi-y-1-vga-altavoces-incorporados-angulo-de-vision-horizontal-170-soporte-vesa-o","status":"publish","type":"product","link":"https:\/\/tecsecmty.com\/index.php\/producto\/zkteco-zd434k-monitor-led-uhd-profesional-de-43-pulgadas-resolucion-3840-x-2160-2-entradas-de-video-hdmi-y-1-vga-altavoces-incorporados-angulo-de-vision-horizontal-170-soporte-vesa-o\/","title":{"rendered":"ZKTECO ZD434K-Monitor LED UHD Profesional de 43 pulgadas \/ Resoluci\u00f3n 3840 x 2160 \/ 2 Entradas de video HDMI y 1 VGA \/ Altavoces Incorporados \/ \u00c1ngulo de Visi\u00f3n Horizontal 170\u00b0 \/ Soporte VESA \/ Operaci\u00f3n 24\/7 \/ Incluye Cable HDMI"},"content":{"rendered":"<div class=\"row aling-items-center padding-bottom-2x\">\n<div class=\"col-lg-12\">\n<h5 class=\"card-title text-center\">Descripci\u00f3n<\/h5>\n<p class=\"ql-align-justify\">El monitor para\u00a0<strong>videovigilancia\u00a0<\/strong>modelo\u00a0<strong>ZD43-4K<\/strong>\u00a0\u00a0tiene una pantalla de<strong>\u00a043&#8243;<\/strong>\u00a0con resoluci\u00f3n<strong>\u00a04K HD<\/strong>, entradas de video\u00a0<strong>HDMI\u00a0<\/strong>y\u00a0<strong>VGA<\/strong>\u00a0integra\u00a0<strong>altavoz incorporado<\/strong>\u00a0tecnolog\u00eda de\u00a0<strong>iluminaci\u00f3n LED<\/strong>\u00a0a un bajo consumo el\u00e9ctrico adem\u00e1s provee un amplio \u00e1ngulo de\u00a0<strong>visi\u00f3n horizontal 170\u00b0 visi\u00f3n vertical 160\u00b0<\/strong>.<\/p>\n<p><img decoding=\"async\" class=\"overview-center-img-web\" src=\"https:\/\/tvc.mx\/media\/507268\/ZKTeco-ZD43-4k---Monitor-LED-UHD-4k-banner.png\" alt=\"\" \/><\/div>\n<\/div>\n<div class=\"row align-items-center padding-bottom-2x\">\n<div class=\"col-md-5\"><img decoding=\"async\" class=\"d-block m-auto img-thumbnail\" src=\"https:\/\/tvc.mx\/media\/507284\/ZKTeco-ZD43-4k---Monitor-LED-UHD-4k-ov1.png\" alt=\" \" \/><\/div>\n<div class=\"col-md-7 text-md-left text-center\">\n<h2>Principales Caracter\u00edsticas<\/h2>\n<p class=\"text-muted\">\n<ul>\n<li class=\"ql-align-justify\">Monitor UHD de 43 pulgadas<\/li>\n<li class=\"ql-align-justify\">Tecnolog\u00eda de retroiluminaci\u00f3n LED<\/li>\n<li class=\"ql-align-justify\">Los colores de 10 bits muestran im\u00e1genes perfectamente<\/li>\n<li class=\"ql-align-justify\">M\u00faltiples interfaces: HDMI, VGA, DVI, BNC<\/li>\n<li class=\"ql-align-justify\">Altavoz incorporado<\/li>\n<li class=\"ql-align-justify\">Amplio \u00e1ngulo de visi\u00f3n<\/li>\n<li class=\"ql-align-justify\">Compatibilidad con HDMI hasta 4K<\/li>\n<li class=\"ql-align-justify\">Detecci\u00f3n de entrada de se\u00f1al autom\u00e1tica<\/li>\n<li class=\"ql-align-justify\">Motor inteligente para fase\/posici\u00f3n de imagen\/calibraci\u00f3n de color<\/li>\n<li class=\"ql-align-justify\">Carcasa de metal<\/li>\n<\/ul>\n<p>&nbsp;<\/p>\n<\/div>\n<\/div>\n<hr class=\"padding-bottom-2x\" \/>\n<div class=\"row align-items-center padding-bottom-2x\">\n<div class=\"col-md-5 order-md-2\"><img decoding=\"async\" class=\"d-block m-auto img-thumbnail\" src=\"https:\/\/tvc.mx\/media\/507288\/ZKTeco-ZD43-4k---Monitor-LED-UHD-4k-ov2.png\" alt=\" \" \/><\/div>\n<div class=\"col-md-7 order-md-1 text-md-left text-center\">\n<h2>Especificaciones T\u00e9cnicas<\/h2>\n<p class=\"text-muted\">\n<ul>\n<li class=\"ql-align-justify\">Tama\u00f1o de pantalla 43\u00bb<\/li>\n<li class=\"ql-align-justify\">Material del bisel pl\u00e1stico<\/li>\n<li class=\"ql-align-justify\">Tipo de visualizaci\u00f3n LED<\/li>\n<li class=\"ql-align-justify\">Resoluci\u00f3n 3840 * 2160<\/li>\n<li class=\"ql-align-justify\">Brillo 450cd\/m2<\/li>\n<li class=\"ql-align-justify\">Contraste 3000:1<\/li>\n<li class=\"ql-align-justify\">Tiempo de respuesta 8,5 ms<\/li>\n<li class=\"ql-align-justify\">Color 10 bits<\/li>\n<li class=\"ql-align-justify\">\u00c1ngulo de visi\u00f3n 170\u00b0 horizontales, 160\u00b0 verticales<\/li>\n<li class=\"ql-align-justify\">Entradas de v\u00eddeo 2*HDMI, 1*VGA 2*USB, 1*RF, 1*PC 2*Entrada de Audio<\/li>\n<li class=\"ql-align-justify\">Entradas de audio 1 * Entrada de Audio de PC<\/li>\n<li class=\"ql-align-justify\">Altavoz Integrado<\/li>\n<\/ul>\n<p>&nbsp;<\/p>\n<\/div>\n<\/div>\n<hr class=\"padding-bottom-2x\" \/>\n<div class=\"row align-items-center padding-bottom-2x\">\n<div class=\"col-md-5\"><img decoding=\"async\" class=\"d-block m-auto img-thumbnail\" src=\"https:\/\/tvc.mx\/media\/577395\/ZKTeco-ZD43-4K-MONITOR-BASE-FUENTE-DE-PODER-CABLE-HDMI-INCLUYE1.2.png\" alt=\" \" \/><\/div>\n<div class=\"col-md-7 text-md-left text-center\">\n<h2>Incluye<\/h2>\n<p class=\"text-muted\">\n<ul>\n<li class=\"ql-align-justify\">Monitor UHD LED 43&#8243;.<\/li>\n<li class=\"ql-align-justify\">Base para soporte de monitor.<\/li>\n<li class=\"ql-align-justify\">Fuente de poder.<\/li>\n<li class=\"ql-align-justify\">Cable HDMI.<\/li>\n<li class=\"ql-align-justify\">Control Remoto.<\/li>\n<\/ul>\n<\/div>\n<\/div>\n","protected":false},"excerpt":{"rendered":"<p>Descripci\u00f3n El monitor para\u00a0videovigilancia\u00a0modelo\u00a0ZD43-4K\u00a0\u00a0tiene una pantalla de\u00a043&#8243;\u00a0con resoluci\u00f3n\u00a04K HD, entradas de video\u00a0HDMI\u00a0y\u00a0VGA\u00a0integra\u00a0altavoz incorporado\u00a0tecnolog\u00eda de\u00a0iluminaci\u00f3n LED\u00a0a un bajo consumo el\u00e9ctrico adem\u00e1s provee un amplio \u00e1ngulo de\u00a0visi\u00f3n horizontal 170\u00b0 visi\u00f3n vertical 160\u00b0. Principales Caracter\u00edsticas Monitor UHD de 43 pulgadas Tecnolog\u00eda de retroiluminaci\u00f3n LED Los colores de 10&hellip;<\/p>\n","protected":false},"featured_media":7519,"comment_status":"open","ping_status":"closed","template":"","meta":{"om_disable_all_campaigns":false,"_monsterinsights_skip_tracking":false,"_monsterinsights_sitenote_active":false,"_monsterinsights_sitenote_note":"","_monsterinsights_sitenote_category":0},"product_brand":[],"product_cat":[684],"product_tag":[613,611,612,616,615,610,614,617],"class_list":{"0":"post-7520","1":"product","2":"type-product","3":"status-publish","4":"has-post-thumbnail","6":"product_cat-monitores-monitores-zkteco-video-vigilancia","7":"product_tag-bosch","8":"product_tag-manhattan","9":"product_tag-saxxon","10":"product_tag-surveon","11":"product_tag-utepo","12":"product_tag-videovigilancia","13":"product_tag-vivotek","14":"product_tag-zteco","16":"first","17":"instock","18":"sale","19":"taxable","20":"shipping-taxable","21":"purchasable","22":"product-type-simple"},"aioseo_notices":[],"_links":{"self":[{"href":"https:\/\/tecsecmty.com\/index.php\/wp-json\/wp\/v2\/product\/7520","targetHints":{"allow":["GET"]}}],"collection":[{"href":"https:\/\/tecsecmty.com\/index.php\/wp-json\/wp\/v2\/product"}],"about":[{"href":"https:\/\/tecsecmty.com\/index.php\/wp-json\/wp\/v2\/types\/product"}],"replies":[{"embeddable":true,"href":"https:\/\/tecsecmty.com\/index.php\/wp-json\/wp\/v2\/comments?post=7520"}],"version-history":[{"count":0,"href":"https:\/\/tecsecmty.com\/index.php\/wp-json\/wp\/v2\/product\/7520\/revisions"}],"wp:featuredmedia":[{"embeddable":true,"href":"https:\/\/tecsecmty.com\/index.php\/wp-json\/wp\/v2\/media\/7519"}],"wp:attachment":[{"href":"https:\/\/tecsecmty.com\/index.php\/wp-json\/wp\/v2\/media?parent=7520"}],"wp:term":[{"taxonomy":"product_brand","embeddable":true,"href":"https:\/\/tecsecmty.com\/index.php\/wp-json\/wp\/v2\/product_brand?post=7520"},{"taxonomy":"product_cat","embeddable":true,"href":"https:\/\/tecsecmty.com\/index.php\/wp-json\/wp\/v2\/product_cat?post=7520"},{"taxonomy":"product_tag","embeddable":true,"href":"https:\/\/tecsecmty.com\/index.php\/wp-json\/wp\/v2\/product_tag?post=7520"}],"curies":[{"name":"wp","href":"https:\/\/api.w.org\/{rel}","templated":true}]}}