{"id":7522,"date":"2023-02-23T16:13:45","date_gmt":"2023-02-23T22:13:45","guid":{"rendered":"https:\/\/tecsecmty.com\/index.php\/producto\/saxxon-sxvmds112d-soporte-de-escritorio-para-monitores-de-15-a-27-pulgadas-soporta-hasta-6-kg-de-carga-brazo-articulado-ajuste-de-altura-giro-e-inclinacion-vesa-75-100-sistema-de-gestion-de\/"},"modified":"2023-03-22T23:20:48","modified_gmt":"2023-03-23T05:20:48","slug":"saxxon-sxvmds112d-soporte-de-escritorio-para-monitores-de-15-a-27-pulgadas-soporta-hasta-6-kg-de-carga-brazo-articulado-ajuste-de-altura-giro-e-inclinacion-vesa-75-100-sistema-de-gestion-de","status":"publish","type":"product","link":"https:\/\/tecsecmty.com\/index.php\/producto\/saxxon-sxvmds112d-soporte-de-escritorio-para-monitores-de-15-a-27-pulgadas-soporta-hasta-6-kg-de-carga-brazo-articulado-ajuste-de-altura-giro-e-inclinacion-vesa-75-100-sistema-de-gestion-de\/","title":{"rendered":"\/SAXXON SXVMDS112D &#8211; Soporte de Escritorio para Monitores de 15 a 27 Pulgadas\/ Soporta Hasta 6 Kg de Carga\/ Brazo Articulado\/ Ajuste de Altura, Giro e Inclinaci\u00f3n\/ VESA 75\/ 100\/ Sistema de Gestion de Cable\/"},"content":{"rendered":"<div class=\"row aling-items-center padding-bottom-2x\">\n<div class=\"col-lg-12\">\n<h5 class=\"card-title text-center\">Informaci\u00f3n general.<\/h5>\n<p>El modelo SAXXON SXVMDS112D es un soporte de monitor ajustable. Pertenece a la innovadora serie DS con estructura de aluminio y resorte mec\u00e1nico en el interior mejorando la forma de visualizaci\u00f3n del monitor. El brazo del soporte suspende su panel plano sobre su escritorio, lo que le permite reposicionarlo r\u00e1pidamente con una sola mano. Simplemente mueva el monitor a donde lo necesite. El brazo elimina la huella del monitor en su escritorio, incluso mientras trabaja proporcionando una mayor comodidad ergon\u00f3mica.<\/p>\n<p><img decoding=\"async\" class=\"overview-center-img-web\" src=\"https:\/\/tvc.mx\/media\/112141\/Soporte-de-escritorio-para-1-monitor--Banner.png\" alt=\"\" \/><\/div>\n<\/div>\n<div class=\"row align-items-center padding-bottom-2x\">\n<div class=\"col-md-5\"><img decoding=\"async\" class=\"d-block m-auto img-thumbnail\" src=\"https:\/\/tvc.mx\/media\/112145\/Soporte-de-escritorio-para-1-monitor--OVL1.png\" alt=\" \" \/><\/div>\n<div class=\"col-md-7 text-md-left text-center\">\n<h2>Caracter\u00edsticas.<\/h2>\n<p class=\"text-muted\">\n<ul>\n<li class=\"ql-align-justify\">Estructura de resorte mec\u00e1nica con tensi\u00f3n ajustable<\/li>\n<li class=\"ql-align-justify\">Estructuras de aluminio fundido<\/li>\n<li class=\"ql-align-justify\">Gesti\u00f3n de cables integrado<\/li>\n<li class=\"ql-align-justify\">F\u00e1cil montaje y desmontaje<\/li>\n<\/ul>\n<p>&nbsp;<\/p>\n<\/div>\n<\/div>\n<hr class=\"padding-bottom-2x\" \/>\n<div class=\"row align-items-center padding-bottom-2x\">\n<div class=\"col-md-5 order-md-2\"><img decoding=\"async\" class=\"d-block m-auto img-thumbnail\" src=\"https:\/\/tvc.mx\/media\/112149\/Soporte-de-escritorio-para-1-monitor--OVL2.png\" alt=\" \" \/><\/div>\n<div class=\"col-md-7 order-md-1 text-md-left text-center\">\n<h2>Especificaciones.<\/h2>\n<p class=\"text-muted\">\n<ul>\n<li><strong>Tama\u00f1o de pantalla:\u00a0<\/strong>15&#8243;-27&#8243;<\/li>\n<li><strong>Carga:\u00a0<\/strong>3-6kg<\/li>\n<li><strong>Inclinaci\u00f3n:\u00a0<\/strong>90\u00b0~+85\u00b0<\/li>\n<li><strong>Giratorio:\u00a0<\/strong>180\u00b0<\/li>\n<li><strong>Rotaci\u00f3n:\u00a0<\/strong>360\u00b0<\/li>\n<li><strong>VESA:\u00a0<\/strong>75\/100<\/li>\n<li><strong>Color:\u00a0<\/strong>W\/B\/S<\/li>\n<li><strong>Material:\u00a0<\/strong>Alumino<\/li>\n<\/ul>\n<p>&nbsp;<\/p>\n<\/div>\n<\/div>\n<hr class=\"padding-bottom-2x\" \/>\n<div class=\"row aling-items-center padding-bottom-2x\">\n<div class=\"col-lg-12\">\n<h5 class=\"card-title text-center\">Aplicaciones.<\/h5>\n<p>&nbsp;<\/p>\n<p><img decoding=\"async\" class=\"overview-center-img-web\" src=\"https:\/\/tvc.mx\/media\/112153\/Soporte-de-escritorio-para-1-monitor--Banner2.png\" alt=\"\" \/><\/div>\n<\/div>\n","protected":false},"excerpt":{"rendered":"<p>Informaci\u00f3n general. El modelo SAXXON SXVMDS112D es un soporte de monitor ajustable. Pertenece a la innovadora serie DS con estructura de aluminio y resorte mec\u00e1nico en el interior mejorando la forma de visualizaci\u00f3n del monitor. El brazo del soporte suspende su panel plano sobre su&hellip;<\/p>\n","protected":false},"featured_media":7521,"comment_status":"open","ping_status":"closed","template":"","meta":{"om_disable_all_campaigns":false,"_monsterinsights_skip_tracking":false,"_monsterinsights_sitenote_active":false,"_monsterinsights_sitenote_note":"","_monsterinsights_sitenote_category":0},"product_brand":[],"product_cat":[686],"product_tag":[613,611,612,616,615,610,614,617],"class_list":{"0":"post-7522","1":"product","2":"type-product","3":"status-publish","4":"has-post-thumbnail","6":"product_cat-soportes-y-bases-monitores-saxxon-video-vigilancia","7":"product_tag-bosch","8":"product_tag-manhattan","9":"product_tag-saxxon","10":"product_tag-surveon","11":"product_tag-utepo","12":"product_tag-videovigilancia","13":"product_tag-vivotek","14":"product_tag-zteco","16":"first","17":"instock","18":"sale","19":"taxable","20":"shipping-taxable","21":"purchasable","22":"product-type-simple"},"aioseo_notices":[],"_links":{"self":[{"href":"https:\/\/tecsecmty.com\/index.php\/wp-json\/wp\/v2\/product\/7522","targetHints":{"allow":["GET"]}}],"collection":[{"href":"https:\/\/tecsecmty.com\/index.php\/wp-json\/wp\/v2\/product"}],"about":[{"href":"https:\/\/tecsecmty.com\/index.php\/wp-json\/wp\/v2\/types\/product"}],"replies":[{"embeddable":true,"href":"https:\/\/tecsecmty.com\/index.php\/wp-json\/wp\/v2\/comments?post=7522"}],"version-history":[{"count":0,"href":"https:\/\/tecsecmty.com\/index.php\/wp-json\/wp\/v2\/product\/7522\/revisions"}],"wp:featuredmedia":[{"embeddable":true,"href":"https:\/\/tecsecmty.com\/index.php\/wp-json\/wp\/v2\/media\/7521"}],"wp:attachment":[{"href":"https:\/\/tecsecmty.com\/index.php\/wp-json\/wp\/v2\/media?parent=7522"}],"wp:term":[{"taxonomy":"product_brand","embeddable":true,"href":"https:\/\/tecsecmty.com\/index.php\/wp-json\/wp\/v2\/product_brand?post=7522"},{"taxonomy":"product_cat","embeddable":true,"href":"https:\/\/tecsecmty.com\/index.php\/wp-json\/wp\/v2\/product_cat?post=7522"},{"taxonomy":"product_tag","embeddable":true,"href":"https:\/\/tecsecmty.com\/index.php\/wp-json\/wp\/v2\/product_tag?post=7522"}],"curies":[{"name":"wp","href":"https:\/\/api.w.org\/{rel}","templated":true}]}}