{"id":7526,"date":"2023-02-23T16:13:49","date_gmt":"2023-02-23T22:13:49","guid":{"rendered":"https:\/\/tecsecmty.com\/index.php\/producto\/bosch-v_ummlw30b-soporte-para-montaje-en-pared-giratorio-e-i-nclinable-para-pantalla-lcd-hasta-12-kg\/"},"modified":"2023-03-22T23:22:07","modified_gmt":"2023-03-23T05:22:07","slug":"bosch-v_ummlw30b-soporte-para-montaje-en-pared-giratorio-e-i-nclinable-para-pantalla-lcd-hasta-12-kg","status":"publish","type":"product","link":"https:\/\/tecsecmty.com\/index.php\/producto\/bosch-v_ummlw30b-soporte-para-montaje-en-pared-giratorio-e-i-nclinable-para-pantalla-lcd-hasta-12-kg\/","title":{"rendered":"BOSCH V_UMMLW30B &#8211; Soporte para montaje en pared giratorio e I NCLINABLE \/ Para pantalla LCD \/ Hasta 12 Kg"},"content":{"rendered":"<h5 class=\"card-title text-center\">UMM-LW-30B Soporte de pared para monitor, inclinaci\u00f3n \/ giro<\/h5>\n<p class=\"ql-align-justify\"><strong>Bosch ofrece una gama de opciones de montaje y suministros para los monitores de panel plano de la serie UML.<\/strong><\/p>\n<p class=\"ql-align-justify\"><strong>La serie Bosch de soportes para monitores universales (UMM) est\u00e1n dise\u00f1ados para montar cualquier monitor compatible con VESA\u00ae<\/strong>\u00a0a una pared o en un armario de montaje en rack, hasta 12 kg (26.5 lb) en peso.\u00a0<strong>Los soportes de pared ofrecidos en la serie de Monturas de Monitor Universal (UMM) son las UMM-LW-20B, el UMM-LW-30B y el UMMWMT-32.<\/strong>\u00a0<strong>El montaje en bastidor es el UMM-LCDUB-RM.<\/strong><\/p>\n<p class=\"ql-align-justify\">El soporte de pared\u00a0<strong>ST650 es ideal para montar una pantalla de 37 pulgadas\u00a0<\/strong>a una pantalla LCD de 60 pulgadas a una pared. La inclinaci\u00f3n de un toque caracter\u00edstica permite el ajuste de \u00b1 15 \u00b0 sin el uso de herramientas.<\/p>\n<p class=\"ql-align-justify\">Cada soporte de pared viene en dos piezas: un\u00a0<strong>VESA\u00ae<\/strong>&#8211; Placa de montaje compatible que se adhiere al monitor y un soporte de pared en forma de V. Una vez que ambas piezas de la el montaje se adjunta, el monitor se desliza en el soporte en forma de V en la pared, haciendo que la instalaci\u00f3n sea r\u00e1pida y f\u00e1cil. Un tornillo de fijaci\u00f3n asegura las dos secciones de la montar.<\/p>\n<p class=\"ql-align-justify\"><strong>El UMM-LCDUB-RM<\/strong>\u00a0es ideal para el montaje de 15 pulgadas, 17 UML, o monitores\u00a0<strong>LCD UML<\/strong>\u00a0de 19 pulgadas. Este monte soporta doble 8.4-in. y solo 8.4- a 19-en. LCD Monitores en un armario bastidor VESA est\u00e1ndar.<\/p>\n<p class=\"ql-align-justify\">La fuente de alimentaci\u00f3n universal Bosch<strong>\u00a0UML-202-90 PS<\/strong>\u00a0es compatible con todos los monitores LCD de Bosch hasta 19 pulgadas, y proporciona\u00a0<strong>12 VDC \/ 5.0 A\u00a0<\/strong>de salida.<\/p>\n<p class=\"ql-align-justify\">Nota: Montaje en pared inclinable UMM-WMT-32<\/p>\n<p class=\"ql-align-justify\">El soporte de pared\u00a0UMM-WMT-32 tiene capacidad para 32<\/p>\n<p class=\"ql-align-justify\">Monitor LCD\u00a0de pulgadas con orificios de montaje espaciados\u00a0200 x 200 mm (7.87 pulg.) O 200 x 100 mm (3.94 pulg.)\u00a0Horizontal y verticalmente.\u00a0El soporte puede soportar un Monitor hasta 35 kg (77.1 lb) de peso y puede inclinarse 20 \u00b0.<\/p>\n<p class=\"ql-align-justify\"><strong>Nota: UMM-LW-30B Soporte de pared para monitor, inclinaci\u00f3n \/ giro.<\/strong><\/p>\n<p class=\"ql-align-justify\"><strong>Soporte de pared giratorio \/ inclinable para un monitor LCD de hasta 12 kg (26.5 lb), negro.<\/strong><\/p>\n<p class=\"ql-align-justify\"><strong>N\u00famero de pedido: UMM-LW-30B.<\/strong><\/p>\n<p class=\"ql-align-justify\"><strong>Principales caracter\u00edsticas<\/strong><\/p>\n<ul>\n<li class=\"ql-align-justify\">F\u00e1cil de instalar soportes de dise\u00f1o de dos piezas.<\/li>\n<li class=\"ql-align-justify\">Admite todos los monitores LCD con un sistema VESA\u00ae modelo.<\/li>\n<li class=\"ql-align-justify\">Los montajes admiten hasta 12 kg (26.5 lb) para monitores m\u00e1s peque\u00f1o que 20 pulgadas y hasta 90.71 kg (200 lb) para monitores m\u00e1s grandes.<\/li>\n<\/ul>\n<p class=\"ql-align-justify\"><strong>Especificaciones<\/strong><\/p>\n<ul>\n<li class=\"ql-align-justify\">Tipo de monitor solo monitores LCD.<\/li>\n<li class=\"ql-align-justify\">Capacidad m\u00e1xima de peso 12 kg (26.5 lb).<\/li>\n<li class=\"ql-align-justify\">Ajuste de giro 360 \u00b0.<\/li>\n<li class=\"ql-align-justify\">Rango de giro 140 \u00b0 (\u00b1 70 \u00b0).<\/li>\n<li class=\"ql-align-justify\">Rango de inclinaci\u00f3n 140 \u00b0 (\u00b1 70 \u00b0).<\/li>\n<li class=\"ql-align-justify\">Material de acero.<\/li>\n<li class=\"ql-align-justify\">De color negro.Dimensiones Ver dibujo arriba.<\/li>\n<li class=\"ql-align-justify\">Peso 0.84 kg (1.86 lb).<\/li>\n<\/ul>\n<p><img decoding=\"async\" class=\"overview-center-img- aligncenter\" src=\"https:\/\/tvc.mx\/media\/14855\/Logoopaginas-oficial.png\" alt=\"\" \/><\/p>\n","protected":false},"excerpt":{"rendered":"<p>UMM-LW-30B Soporte de pared para monitor, inclinaci\u00f3n \/ giro Bosch ofrece una gama de opciones de montaje y suministros para los monitores de panel plano de la serie UML. La serie Bosch de soportes para monitores universales (UMM) est\u00e1n dise\u00f1ados para montar cualquier monitor compatible&hellip;<\/p>\n","protected":false},"featured_media":7525,"comment_status":"open","ping_status":"closed","template":"","meta":{"om_disable_all_campaigns":false,"_monsterinsights_skip_tracking":false,"_monsterinsights_sitenote_active":false,"_monsterinsights_sitenote_note":"","_monsterinsights_sitenote_category":0},"product_brand":[],"product_cat":[687],"product_tag":[613,611,612,616,615,610,614,617],"class_list":{"0":"post-7526","1":"product","2":"type-product","3":"status-publish","4":"has-post-thumbnail","6":"product_cat-soportes-y-bases-monitores-bosch-video-vigilancia","7":"product_tag-bosch","8":"product_tag-manhattan","9":"product_tag-saxxon","10":"product_tag-surveon","11":"product_tag-utepo","12":"product_tag-videovigilancia","13":"product_tag-vivotek","14":"product_tag-zteco","16":"first","17":"instock","18":"sale","19":"taxable","20":"shipping-taxable","21":"purchasable","22":"product-type-simple"},"aioseo_notices":[],"_links":{"self":[{"href":"https:\/\/tecsecmty.com\/index.php\/wp-json\/wp\/v2\/product\/7526","targetHints":{"allow":["GET"]}}],"collection":[{"href":"https:\/\/tecsecmty.com\/index.php\/wp-json\/wp\/v2\/product"}],"about":[{"href":"https:\/\/tecsecmty.com\/index.php\/wp-json\/wp\/v2\/types\/product"}],"replies":[{"embeddable":true,"href":"https:\/\/tecsecmty.com\/index.php\/wp-json\/wp\/v2\/comments?post=7526"}],"version-history":[{"count":0,"href":"https:\/\/tecsecmty.com\/index.php\/wp-json\/wp\/v2\/product\/7526\/revisions"}],"wp:featuredmedia":[{"embeddable":true,"href":"https:\/\/tecsecmty.com\/index.php\/wp-json\/wp\/v2\/media\/7525"}],"wp:attachment":[{"href":"https:\/\/tecsecmty.com\/index.php\/wp-json\/wp\/v2\/media?parent=7526"}],"wp:term":[{"taxonomy":"product_brand","embeddable":true,"href":"https:\/\/tecsecmty.com\/index.php\/wp-json\/wp\/v2\/product_brand?post=7526"},{"taxonomy":"product_cat","embeddable":true,"href":"https:\/\/tecsecmty.com\/index.php\/wp-json\/wp\/v2\/product_cat?post=7526"},{"taxonomy":"product_tag","embeddable":true,"href":"https:\/\/tecsecmty.com\/index.php\/wp-json\/wp\/v2\/product_tag?post=7526"}],"curies":[{"name":"wp","href":"https:\/\/api.w.org\/{rel}","templated":true}]}}