{"id":7530,"date":"2023-02-23T16:13:54","date_gmt":"2023-02-23T22:13:54","guid":{"rendered":"https:\/\/tecsecmty.com\/index.php\/producto\/manhattan-423670-soporte-de-pared-para-pantallas-de-13-a-27-15-kg-de-carga-brazo-articulado-distancia-a-la-pared-de-hasta-40-8-cm-ajuste-horizontal-y-vertical-vesa-75-100\/"},"modified":"2023-03-22T23:23:40","modified_gmt":"2023-03-23T05:23:40","slug":"manhattan-423670-soporte-de-pared-para-pantallas-de-13-a-27-15-kg-de-carga-brazo-articulado-distancia-a-la-pared-de-hasta-40-8-cm-ajuste-horizontal-y-vertical-vesa-75-100","status":"publish","type":"product","link":"https:\/\/tecsecmty.com\/index.php\/producto\/manhattan-423670-soporte-de-pared-para-pantallas-de-13-a-27-15-kg-de-carga-brazo-articulado-distancia-a-la-pared-de-hasta-40-8-cm-ajuste-horizontal-y-vertical-vesa-75-100\/","title":{"rendered":"MANHATTAN 423670 &#8211; Soporte de Pared para Pantallas de 13 a 27&#8243;\/ 15 Kg de Carga\/ Brazo Articulado\/ Distancia a la Pared de Hasta 40.8 cm\/ Ajuste Horizontal y Vertical\/ VESA 75\/ 100\/"},"content":{"rendered":"<div class=\"row aling-items-center padding-bottom-2x\">\n<div class=\"col-lg-12\">\n<h5 class=\"card-title text-center\">Informaci\u00f3n General<\/h5>\n<p>Tenga una mejor vista. No m\u00e1s problemas con los pisos disparejos, el molesto resplandor y los estorbos con otros muebles que no permitan disfrutar de la experiencia de ver TV en su pantalla plana. El Montaje Universal en Pared Articulado para Monitor de MANHATTAN se dobla muy cerca de la pared y de forma segura se extiende sobre su brazo doble que ayuda a posicionar al monitor casi en cualquier posici\u00f3n. Cumple con el est\u00e1ndar VESA y est\u00e1 construido con materiales de calidad, el Montaje Universal se ajusta a una variedad de tama\u00f1os de monitores con una instalaci\u00f3n segura y conveniente. Ideal en aplicaciones residenciales, de oficina, hospitalidad, salones de clases y salas de conferencia, se\u00f1alizaciones digitales (como en aeropuertos) y otras aplicaciones comerciales, el Montaje proporciona un alto desempe\u00f1o de su TV de LCD, Plasma o LED para disfrutarla mucho mejor. Asegura\u00a0un monitor plano de televisi\u00f3n<\/p>\n<ul>\n<li>Mejore las vistas con ajustes de \u00b115\u00b0 vertical, 180\u00b0 de giro y de altura<\/li>\n<li>Se despliega desde la pared hasta en 40.8 cm<\/li>\n<li>Construcci\u00f3n de aluminio durable<\/li>\n<li>De f\u00e1cil instalaci\u00f3n ideal para su uso en el hogar, la oficina y en aplicaciones comerciales<\/li>\n<li>Cumple con el est\u00e1ndar VESA &#8211; soporta TV&#8217;s de 13&#8243; a 27&#8243; de hasta 15 kg<\/li>\n<li>En la lista de UL<\/li>\n<li>3 a\u00f1os de Garant\u00eda<\/li>\n<\/ul>\n<p><img decoding=\"async\" class=\"overview-center-img-web\" src=\"https:\/\/tvc.mx\/media\/264951\/Soporte-Monitor-Para-Monitor-De13-27-Pared-Articulado-Manhattan-423670-2.png\" alt=\"\" \/><\/div>\n<\/div>\n<div class=\"row aling-items-center padding-bottom-2x\">\n<div class=\"col-lg-12\">\n<h5 class=\"card-title text-center\">Caracter\u00edsticas Principales<\/h5>\n<ul>\n<li>Se ajusta a una televisi\u00f3n de cumplimientos VESA 75 x 75 o 100 x 100<\/li>\n<li>Capacidad de peso<\/li>\n<li>Se extiende de 88 a 408 mm<\/li>\n<li>En la lista de UL<\/li>\n<\/ul>\n<p><strong>Especificaciones F\u00edsicas<\/strong><\/p>\n<ul>\n<li>Peso: 1.1 kg<\/li>\n<li>Embalaje: Empaque en caja para retail<\/li>\n<\/ul>\n<ul>\n<li><strong>Contenido del paquete<\/strong><\/li>\n<li>Montaje Universal en Pared Articulado para Monitor de TV<\/li>\n<li>Piezas para montaje y herramienta<\/li>\n<\/ul>\n<\/div>\n<\/div>\n","protected":false},"excerpt":{"rendered":"<p>Informaci\u00f3n General Tenga una mejor vista. No m\u00e1s problemas con los pisos disparejos, el molesto resplandor y los estorbos con otros muebles que no permitan disfrutar de la experiencia de ver TV en su pantalla plana. El Montaje Universal en Pared Articulado para Monitor de&hellip;<\/p>\n","protected":false},"featured_media":7529,"comment_status":"open","ping_status":"closed","template":"","meta":{"om_disable_all_campaigns":false,"_monsterinsights_skip_tracking":false,"_monsterinsights_sitenote_active":false,"_monsterinsights_sitenote_note":"","_monsterinsights_sitenote_category":0},"product_brand":[],"product_cat":[688],"product_tag":[613,611,612,616,615,610,614,617],"class_list":{"0":"post-7530","1":"product","2":"type-product","3":"status-publish","4":"has-post-thumbnail","6":"product_cat-soportes-y-bases-monitores-manhattan-video-vigilancia","7":"product_tag-bosch","8":"product_tag-manhattan","9":"product_tag-saxxon","10":"product_tag-surveon","11":"product_tag-utepo","12":"product_tag-videovigilancia","13":"product_tag-vivotek","14":"product_tag-zteco","16":"first","17":"instock","18":"sale","19":"taxable","20":"shipping-taxable","21":"purchasable","22":"product-type-simple"},"aioseo_notices":[],"_links":{"self":[{"href":"https:\/\/tecsecmty.com\/index.php\/wp-json\/wp\/v2\/product\/7530","targetHints":{"allow":["GET"]}}],"collection":[{"href":"https:\/\/tecsecmty.com\/index.php\/wp-json\/wp\/v2\/product"}],"about":[{"href":"https:\/\/tecsecmty.com\/index.php\/wp-json\/wp\/v2\/types\/product"}],"replies":[{"embeddable":true,"href":"https:\/\/tecsecmty.com\/index.php\/wp-json\/wp\/v2\/comments?post=7530"}],"version-history":[{"count":0,"href":"https:\/\/tecsecmty.com\/index.php\/wp-json\/wp\/v2\/product\/7530\/revisions"}],"wp:featuredmedia":[{"embeddable":true,"href":"https:\/\/tecsecmty.com\/index.php\/wp-json\/wp\/v2\/media\/7529"}],"wp:attachment":[{"href":"https:\/\/tecsecmty.com\/index.php\/wp-json\/wp\/v2\/media?parent=7530"}],"wp:term":[{"taxonomy":"product_brand","embeddable":true,"href":"https:\/\/tecsecmty.com\/index.php\/wp-json\/wp\/v2\/product_brand?post=7530"},{"taxonomy":"product_cat","embeddable":true,"href":"https:\/\/tecsecmty.com\/index.php\/wp-json\/wp\/v2\/product_cat?post=7530"},{"taxonomy":"product_tag","embeddable":true,"href":"https:\/\/tecsecmty.com\/index.php\/wp-json\/wp\/v2\/product_tag?post=7530"}],"curies":[{"name":"wp","href":"https:\/\/api.w.org\/{rel}","templated":true}]}}