{"id":7532,"date":"2023-02-23T16:13:56","date_gmt":"2023-02-23T22:13:56","guid":{"rendered":"https:\/\/tecsecmty.com\/index.php\/producto\/manhattan-424752-soporte-de-pared-para-pantallas-de-37-a-70-pulgadas-75-kg-de-carga-ajuste-vertical-acero-reforzado-vesa-200-400x200-300-400-600x400\/"},"modified":"2023-03-22T23:23:40","modified_gmt":"2023-03-23T05:23:40","slug":"manhattan-424752-soporte-de-pared-para-pantallas-de-37-a-70-pulgadas-75-kg-de-carga-ajuste-vertical-acero-reforzado-vesa-200-400x200-300-400-600x400","status":"publish","type":"product","link":"https:\/\/tecsecmty.com\/index.php\/producto\/manhattan-424752-soporte-de-pared-para-pantallas-de-37-a-70-pulgadas-75-kg-de-carga-ajuste-vertical-acero-reforzado-vesa-200-400x200-300-400-600x400\/","title":{"rendered":"MANHATTAN 424752 &#8211; Soporte de Pared para Pantallas de 37 a 70 Pulgadas\/ 75 Kg de Carga\/ Ajuste Vertical\/ Acero Reforzado\/ VESA 200\/ 400&#215;200\/ 300\/ 400\/ 600&#215;400\/"},"content":{"rendered":"<div class=\"row aling-items-center padding-bottom-2x\">\n<div class=\"col-lg-12\">\n<h5 class=\"card-title text-center\">Informaci\u00f3n General<\/h5>\n<p>Ponga el monitor de la TV en la perspectiva correcta. No m\u00e1s problemas con los pisos disparejos, el molesto resplandor y los estorbos con otros muebles que no permitan disfrutar de la experiencia de ver TV en su pantalla plana. Adem\u00e1s permite ver las im\u00e1genes, contraste y colores claros y definidos. Cumplen con el est\u00e1ndar VESA y est\u00e1n construidos con materiales de calidad, se ajusta a una variedad de tama\u00f1os de monitores con una instalaci\u00f3n segura y conveniente. Ideal en aplicaciones residenciales, de oficina, hospitalidad, salones de clases y salas de conferencia, se\u00f1alizaciones digitales (como en aeropuertos) y otras aplicaciones comerciales, proporcionando un alto desempe\u00f1o de su TV de LCD, Plasma o LED para disfrutarla mucho mejor.<\/p>\n<ul>\n<li>Asegura\u00a0un monitor plano de televisi\u00f3n<\/li>\n<li>Mejora la posici\u00f3n visual con ajustes verticales de 0\u00b0 a -10\u00b0<\/li>\n<li>Construcci\u00f3n de acero reforzado<\/li>\n<li>De f\u00e1cil instalaci\u00f3n ideal para el hogar, la oficina y en aplicaciones comerciales &#8211; nivel de burbuja integrado<\/li>\n<li>Cumple con el est\u00e1ndar VESA &#8211; soporta TVs desde 37&#8243; y hasta 70&#8243; y pesos de hasta 75 kg<\/li>\n<li>En la lista de UL<\/li>\n<\/ul>\n<p><img decoding=\"async\" class=\"overview-center-img-web\" src=\"https:\/\/tvc.mx\/media\/267343\/Soporte-Para-Pantallas-De-Pared-75-Kg-Manhattan-424752-2.png\" alt=\"\" \/><\/div>\n<\/div>\n<div class=\"row aling-items-center padding-bottom-2x\">\n<div class=\"col-lg-12\">\n<h5 class=\"card-title text-center\">Caracter\u00edsticas Principales<\/h5>\n<ul>\n<li>Se ajusta a una TV con est\u00e1ndar VESA 200 x 200, 400 x 200, 300 x 300, 400 x 400, 600 x 400<\/li>\n<li>Capacidad de carga: hasta 75 kg<\/li>\n<li>Extiende 46 mm<\/li>\n<li>UL E363604<\/li>\n<\/ul>\n<p><strong>Contenido del paquete<\/strong><\/p>\n<ul>\n<li>Montaje Universal en pared para monitores de TV planos con ajuste vertical<\/li>\n<li>Piezas para montaje y herramienta<\/li>\n<\/ul>\n<p><strong>Especificaciones F\u00edsicas<\/strong><\/p>\n<ul>\n<li>Peso: 3.25 kg<\/li>\n<li>Dimensiones: 46 (L) x 650 (W) x 440 (H) [mm]<\/li>\n<li>Embalaje: Empaque en caja para retail<\/li>\n<\/ul>\n<\/div>\n<\/div>\n","protected":false},"excerpt":{"rendered":"<p>Informaci\u00f3n General Ponga el monitor de la TV en la perspectiva correcta. No m\u00e1s problemas con los pisos disparejos, el molesto resplandor y los estorbos con otros muebles que no permitan disfrutar de la experiencia de ver TV en su pantalla plana. Adem\u00e1s permite ver&hellip;<\/p>\n","protected":false},"featured_media":7531,"comment_status":"open","ping_status":"closed","template":"","meta":{"om_disable_all_campaigns":false,"_monsterinsights_skip_tracking":false,"_monsterinsights_sitenote_active":false,"_monsterinsights_sitenote_note":"","_monsterinsights_sitenote_category":0},"product_brand":[],"product_cat":[688],"product_tag":[613,611,612,616,615,610,614,617],"class_list":{"0":"post-7532","1":"product","2":"type-product","3":"status-publish","4":"has-post-thumbnail","6":"product_cat-soportes-y-bases-monitores-manhattan-video-vigilancia","7":"product_tag-bosch","8":"product_tag-manhattan","9":"product_tag-saxxon","10":"product_tag-surveon","11":"product_tag-utepo","12":"product_tag-videovigilancia","13":"product_tag-vivotek","14":"product_tag-zteco","16":"first","17":"instock","18":"sale","19":"taxable","20":"shipping-taxable","21":"purchasable","22":"product-type-simple"},"aioseo_notices":[],"_links":{"self":[{"href":"https:\/\/tecsecmty.com\/index.php\/wp-json\/wp\/v2\/product\/7532","targetHints":{"allow":["GET"]}}],"collection":[{"href":"https:\/\/tecsecmty.com\/index.php\/wp-json\/wp\/v2\/product"}],"about":[{"href":"https:\/\/tecsecmty.com\/index.php\/wp-json\/wp\/v2\/types\/product"}],"replies":[{"embeddable":true,"href":"https:\/\/tecsecmty.com\/index.php\/wp-json\/wp\/v2\/comments?post=7532"}],"version-history":[{"count":0,"href":"https:\/\/tecsecmty.com\/index.php\/wp-json\/wp\/v2\/product\/7532\/revisions"}],"wp:featuredmedia":[{"embeddable":true,"href":"https:\/\/tecsecmty.com\/index.php\/wp-json\/wp\/v2\/media\/7531"}],"wp:attachment":[{"href":"https:\/\/tecsecmty.com\/index.php\/wp-json\/wp\/v2\/media?parent=7532"}],"wp:term":[{"taxonomy":"product_brand","embeddable":true,"href":"https:\/\/tecsecmty.com\/index.php\/wp-json\/wp\/v2\/product_brand?post=7532"},{"taxonomy":"product_cat","embeddable":true,"href":"https:\/\/tecsecmty.com\/index.php\/wp-json\/wp\/v2\/product_cat?post=7532"},{"taxonomy":"product_tag","embeddable":true,"href":"https:\/\/tecsecmty.com\/index.php\/wp-json\/wp\/v2\/product_tag?post=7532"}],"curies":[{"name":"wp","href":"https:\/\/api.w.org\/{rel}","templated":true}]}}