{"id":7536,"date":"2023-02-23T16:14:00","date_gmt":"2023-02-23T22:14:00","guid":{"rendered":"https:\/\/tecsecmty.com\/index.php\/producto\/manhattan-460934-soporte-de-pared-para-pantalla-de-32-a-55-pulgadas-40-kg-de-carga-fijo-fabricado-en-acero-vesa-200-300-400x200-400\/"},"modified":"2023-03-22T23:23:41","modified_gmt":"2023-03-23T05:23:41","slug":"manhattan-460934-soporte-de-pared-para-pantalla-de-32-a-55-pulgadas-40-kg-de-carga-fijo-fabricado-en-acero-vesa-200-300-400x200-400","status":"publish","type":"product","link":"https:\/\/tecsecmty.com\/index.php\/producto\/manhattan-460934-soporte-de-pared-para-pantalla-de-32-a-55-pulgadas-40-kg-de-carga-fijo-fabricado-en-acero-vesa-200-300-400x200-400\/","title":{"rendered":"MANHATTAN 460934 &#8211; Soporte de Pared Para Pantalla de 32 a 55 Pulgadas\/ 40 Kg de Carga\/ Fijo\/ Fabricado en Acero\/ VESA 200\/ 300\/ 400&#215;200\/ 400"},"content":{"rendered":"<div class=\"row aling-items-center padding-bottom-2x\">\n<div class=\"col-lg-12\">\n<h5 class=\"card-title text-center\">Informaci\u00f3n General<\/h5>\n<p>Pon atenci\u00f3n a la TV en lugar del soporte. Cuando la pantalla de TV se ubica en la posici\u00f3n \u00f3ptima, crea instalaciones casi al ras, que mejoran la instalaci\u00f3n de la pantalla. Ajustes fijos garantizan que las im\u00e1genes, los contrastes y los colores sigan siendo claros, n\u00edtidos y bien definidos. Compatible con VESA y construido con materiales de calidad, se adapta a una variedad de tama\u00f1os de pantalla con una instalaci\u00f3n segura y firme. Ajustes laterales permiten a las pantallas colocarse en la mejor posici\u00f3n despu\u00e9s del montaje. Ideal para uso residencial, comercial, hosteler\u00eda, aula, sala de conferencias, se\u00f1alizaci\u00f3n digital y otras aplicaciones comerciales, proporcionando un alto rendimiento de las LCD, LED o plasma para su disfrute.<\/p>\n<ul>\n<li>Sujeta una pantalla plana de televisi\u00f3n<\/li>\n<li>Construcci\u00f3n de acero reforzado<\/li>\n<li>De bajo perfil, ideales para casa, oficina y comercial<\/li>\n<li>Cumple con est\u00e1ndares VESA &#8211; soporta TVs de 32&#8243; a 55&#8243; y peso de hasta 40 kg (88 lbs.)<\/li>\n<\/ul>\n<p><img decoding=\"async\" class=\"overview-center-img-web\" src=\"https:\/\/tvc.mx\/media\/267279\/Soporte-Para-Pantallas-De-Pared-40-Kg-Manhattan-460934-2.png\" alt=\"\" \/><\/div>\n<\/div>\n<div class=\"row aling-items-center padding-bottom-2x\">\n<div class=\"col-lg-12\">\n<h5 class=\"card-title text-center\">Caracter\u00edsticas Principales<\/h5>\n<p><strong>Se ajusta a pantallas que cumplen con:<\/strong><\/p>\n<ul>\n<li>VESA 200 x 200, 300 x 300, 400 x 200 &amp; 400 x 400<\/li>\n<li>Capacidad de carga: hasta 40 kg (88 lbs.)<\/li>\n<li>Dimensiones: 479 x 435 mm (18.86 x 17.13 in.) totales<\/li>\n<li>Se extiende 25 mm (0.98 in.)<\/li>\n<li>Peso de la unidad: 1.3 kg (2.87 lbs.)<\/li>\n<\/ul>\n<p><strong>Contenido del paquete<\/strong><\/p>\n<ul>\n<li>Soporte Universal para Pantalla Plana de TV de Bajo Perfil<\/li>\n<li>Herramienta e instrucciones de montaje<\/li>\n<\/ul>\n<p><strong>Especificaciones F\u00edsicas<\/strong><\/p>\n<ul>\n<li>Peso: 1.25 kg<\/li>\n<li>Dimensiones: 25 (L) x 479 (W) x 435 (H) [mm]<\/li>\n<li>Embalaje: Empaque en caja para retail<\/li>\n<\/ul>\n<\/div>\n<\/div>\n","protected":false},"excerpt":{"rendered":"<p>Informaci\u00f3n General Pon atenci\u00f3n a la TV en lugar del soporte. Cuando la pantalla de TV se ubica en la posici\u00f3n \u00f3ptima, crea instalaciones casi al ras, que mejoran la instalaci\u00f3n de la pantalla. Ajustes fijos garantizan que las im\u00e1genes, los contrastes y los colores&hellip;<\/p>\n","protected":false},"featured_media":7535,"comment_status":"open","ping_status":"closed","template":"","meta":{"om_disable_all_campaigns":false,"_monsterinsights_skip_tracking":false,"_monsterinsights_sitenote_active":false,"_monsterinsights_sitenote_note":"","_monsterinsights_sitenote_category":0},"product_brand":[],"product_cat":[688],"product_tag":[613,611,612,616,615,610,614,617],"class_list":{"0":"post-7536","1":"product","2":"type-product","3":"status-publish","4":"has-post-thumbnail","6":"product_cat-soportes-y-bases-monitores-manhattan-video-vigilancia","7":"product_tag-bosch","8":"product_tag-manhattan","9":"product_tag-saxxon","10":"product_tag-surveon","11":"product_tag-utepo","12":"product_tag-videovigilancia","13":"product_tag-vivotek","14":"product_tag-zteco","16":"first","17":"instock","18":"sale","19":"taxable","20":"shipping-taxable","21":"purchasable","22":"product-type-simple"},"aioseo_notices":[],"_links":{"self":[{"href":"https:\/\/tecsecmty.com\/index.php\/wp-json\/wp\/v2\/product\/7536","targetHints":{"allow":["GET"]}}],"collection":[{"href":"https:\/\/tecsecmty.com\/index.php\/wp-json\/wp\/v2\/product"}],"about":[{"href":"https:\/\/tecsecmty.com\/index.php\/wp-json\/wp\/v2\/types\/product"}],"replies":[{"embeddable":true,"href":"https:\/\/tecsecmty.com\/index.php\/wp-json\/wp\/v2\/comments?post=7536"}],"version-history":[{"count":0,"href":"https:\/\/tecsecmty.com\/index.php\/wp-json\/wp\/v2\/product\/7536\/revisions"}],"wp:featuredmedia":[{"embeddable":true,"href":"https:\/\/tecsecmty.com\/index.php\/wp-json\/wp\/v2\/media\/7535"}],"wp:attachment":[{"href":"https:\/\/tecsecmty.com\/index.php\/wp-json\/wp\/v2\/media?parent=7536"}],"wp:term":[{"taxonomy":"product_brand","embeddable":true,"href":"https:\/\/tecsecmty.com\/index.php\/wp-json\/wp\/v2\/product_brand?post=7536"},{"taxonomy":"product_cat","embeddable":true,"href":"https:\/\/tecsecmty.com\/index.php\/wp-json\/wp\/v2\/product_cat?post=7536"},{"taxonomy":"product_tag","embeddable":true,"href":"https:\/\/tecsecmty.com\/index.php\/wp-json\/wp\/v2\/product_tag?post=7536"}],"curies":[{"name":"wp","href":"https:\/\/api.w.org\/{rel}","templated":true}]}}