{"id":7538,"date":"2023-02-23T16:14:01","date_gmt":"2023-02-23T22:14:01","guid":{"rendered":"https:\/\/tecsecmty.com\/index.php\/producto\/manhattan-460941-soporte-de-pared-para-pantallas-de-32-a-55-pulgadas-35-kg-de-carga-ajuste-de-angulo-vertical-de-0-a-14-grados-acero-reforzado-vesa-200-300-400x200-400\/"},"modified":"2023-03-22T23:23:41","modified_gmt":"2023-03-23T05:23:41","slug":"manhattan-460941-soporte-de-pared-para-pantallas-de-32-a-55-pulgadas-35-kg-de-carga-ajuste-de-angulo-vertical-de-0-a-14-grados-acero-reforzado-vesa-200-300-400x200-400","status":"publish","type":"product","link":"https:\/\/tecsecmty.com\/index.php\/producto\/manhattan-460941-soporte-de-pared-para-pantallas-de-32-a-55-pulgadas-35-kg-de-carga-ajuste-de-angulo-vertical-de-0-a-14-grados-acero-reforzado-vesa-200-300-400x200-400\/","title":{"rendered":"MANHATTAN 460941 &#8211; Soporte de Pared para Pantallas de 32 a 55 Pulgadas\/ 35 Kg de Carga\/ Ajuste de Angulo Vertical de 0 a 14 Grados\/ Acero Reforzado\/ VESA 200\/ 300\/ 400&#215;200\/ 400"},"content":{"rendered":"<div class=\"row aling-items-center padding-bottom-2x\">\n<div class=\"col-lg-12\">\n<h5 class=\"card-title text-center\">Caracter\u00edsticas Principales<\/h5>\n<p>Pon la pantalla en la perspectiva correcta. Para evitar las superficies irregulares, evitar reflejos molestos y poner los televisores de pantalla plana en muebles inc\u00f3modos. Gracias a su ajuste Vertical permite hacer movimientos f\u00e1ciles para ver las im\u00e1genes, contraste y colores lo mejor definidos. Compatible con VESA y construido con materiales de calidad, el Soporte con Ajuste Vertical puede adaptarse a una variedad de tama\u00f1os de pantalla con una instalaci\u00f3n segura y confiada. Ideal para uso residencial, comercial, hosteler\u00eda, aula, sala de conferencias, se\u00f1alizaci\u00f3n digital y otras aplicaciones comerciales, brinda un alto desempe\u00f1o en soluciones de entretenimiento.<\/p>\n<ul>\n<li>Sujeta una pantalla plana de televisi\u00f3n<\/li>\n<li>Ajuste vertical para vistas optimizadas de 0\u00b0 a -14\u00b0<\/li>\n<li>Construcci\u00f3n de acero reforzado<\/li>\n<li>De f\u00e1cil instalaci\u00f3n ideal para el hogar, la oficina y en aplicaciones comerciales<\/li>\n<li>Cumple con est\u00e1ndares VESA &#8211; soporta TVs de 32&#8243; a 55&#8243;, 81 a 140 cm y peso de hasta 35 kg (77 lbs.)<\/li>\n<\/ul>\n<p><img decoding=\"async\" class=\"overview-center-img-web\" src=\"https:\/\/tvc.mx\/media\/267107\/Soporte-Para-Pantallas-De-Pared-35-Kg-Manhattan-460941-2.png\" alt=\"\" \/><\/div>\n<\/div>\n<div class=\"row aling-items-center padding-bottom-2x\">\n<div class=\"col-lg-12\">\n<h5 class=\"card-title text-center\">Caracter\u00edsticas Principales<\/h5>\n<ul>\n<li>Se ajusta a pantallas que cumplen con VESA de 200 x 200, 300 x 300, 400 x 200 y 400 x 400<\/li>\n<li>Capacidad de carga: hasta 35 kg<\/li>\n<li>Dimensiones: 25 (profundidad) x 479 (base) x 435 (Altura) [mm]<\/li>\n<li>Se extiende 25 mm<\/li>\n<\/ul>\n<p><strong>Contenido del paquete<\/strong><\/p>\n<ul>\n<li>Soporte Universal de Pared para Pantallas con Ajuste Vertical<\/li>\n<li>Herramienta e instrucciones de montaje<\/li>\n<\/ul>\n<p><strong>Especificaciones F\u00edsicas<\/strong><\/p>\n<ul>\n<li>Peso: 1.2 kg<\/li>\n<li>Dimensiones: 25 (L) x 479 (W) x 435 (H) [mm]<\/li>\n<li>Embalaje: Empaque en caja para retail<\/li>\n<\/ul>\n<\/div>\n<\/div>\n","protected":false},"excerpt":{"rendered":"<p>Caracter\u00edsticas Principales Pon la pantalla en la perspectiva correcta. Para evitar las superficies irregulares, evitar reflejos molestos y poner los televisores de pantalla plana en muebles inc\u00f3modos. Gracias a su ajuste Vertical permite hacer movimientos f\u00e1ciles para ver las im\u00e1genes, contraste y colores lo mejor&hellip;<\/p>\n","protected":false},"featured_media":7537,"comment_status":"open","ping_status":"closed","template":"","meta":{"om_disable_all_campaigns":false,"_monsterinsights_skip_tracking":false,"_monsterinsights_sitenote_active":false,"_monsterinsights_sitenote_note":"","_monsterinsights_sitenote_category":0},"product_brand":[],"product_cat":[688],"product_tag":[613,611,612,616,615,610,614,617],"class_list":{"0":"post-7538","1":"product","2":"type-product","3":"status-publish","4":"has-post-thumbnail","6":"product_cat-soportes-y-bases-monitores-manhattan-video-vigilancia","7":"product_tag-bosch","8":"product_tag-manhattan","9":"product_tag-saxxon","10":"product_tag-surveon","11":"product_tag-utepo","12":"product_tag-videovigilancia","13":"product_tag-vivotek","14":"product_tag-zteco","16":"first","17":"instock","18":"sale","19":"taxable","20":"shipping-taxable","21":"purchasable","22":"product-type-simple"},"aioseo_notices":[],"_links":{"self":[{"href":"https:\/\/tecsecmty.com\/index.php\/wp-json\/wp\/v2\/product\/7538","targetHints":{"allow":["GET"]}}],"collection":[{"href":"https:\/\/tecsecmty.com\/index.php\/wp-json\/wp\/v2\/product"}],"about":[{"href":"https:\/\/tecsecmty.com\/index.php\/wp-json\/wp\/v2\/types\/product"}],"replies":[{"embeddable":true,"href":"https:\/\/tecsecmty.com\/index.php\/wp-json\/wp\/v2\/comments?post=7538"}],"version-history":[{"count":0,"href":"https:\/\/tecsecmty.com\/index.php\/wp-json\/wp\/v2\/product\/7538\/revisions"}],"wp:featuredmedia":[{"embeddable":true,"href":"https:\/\/tecsecmty.com\/index.php\/wp-json\/wp\/v2\/media\/7537"}],"wp:attachment":[{"href":"https:\/\/tecsecmty.com\/index.php\/wp-json\/wp\/v2\/media?parent=7538"}],"wp:term":[{"taxonomy":"product_brand","embeddable":true,"href":"https:\/\/tecsecmty.com\/index.php\/wp-json\/wp\/v2\/product_brand?post=7538"},{"taxonomy":"product_cat","embeddable":true,"href":"https:\/\/tecsecmty.com\/index.php\/wp-json\/wp\/v2\/product_cat?post=7538"},{"taxonomy":"product_tag","embeddable":true,"href":"https:\/\/tecsecmty.com\/index.php\/wp-json\/wp\/v2\/product_tag?post=7538"}],"curies":[{"name":"wp","href":"https:\/\/api.w.org\/{rel}","templated":true}]}}