{"id":7542,"date":"2023-02-23T16:14:05","date_gmt":"2023-02-23T22:14:05","guid":{"rendered":"https:\/\/tecsecmty.com\/index.php\/producto\/manhattan-461184-soporte-de-techo-para-proyector-13-5-kg-de-carga-movimiento-articulado-brazos-ajustables-para-diferentes-tamanos-de-proyector\/"},"modified":"2023-03-22T23:23:41","modified_gmt":"2023-03-23T05:23:41","slug":"manhattan-461184-soporte-de-techo-para-proyector-13-5-kg-de-carga-movimiento-articulado-brazos-ajustables-para-diferentes-tamanos-de-proyector","status":"publish","type":"product","link":"https:\/\/tecsecmty.com\/index.php\/producto\/manhattan-461184-soporte-de-techo-para-proyector-13-5-kg-de-carga-movimiento-articulado-brazos-ajustables-para-diferentes-tamanos-de-proyector\/","title":{"rendered":"MANHATTAN 461184 &#8211; Soporte de Techo para Proyector\/ 13.5 Kg de Carga\/ Movimiento Articulado\/ Brazos Ajustables para Diferentes Tama\u00f1os de Proyector\/"},"content":{"rendered":"<div class=\"row aling-items-center padding-bottom-2x\">\n<div class=\"col-lg-12\">\n<h5 class=\"card-title text-center\">Informaci\u00f3n General<\/h5>\n<p>Coloca un proyector en un lugar y mantenlo en un lugar preferente. Los montajes universales de proyectores Manhattan soportan proyectores de una manera estable y firme con una inclinaci\u00f3n, giro y altura precisos. Fabricado con materiales ligeros y de gran calidad, los Montajes Universales Manhattan de Techo y Pared para Proyectores funciona con un amplio rango de modelos con una instalaci\u00f3n segura, confiable y equilibrada sobre la cabeza o en muros. En algunos casos, su administrador interno de cables ayudan con los desagradables cables y conexiones, para una apariencia profesional. Ideal para cines en casa, auditorios, oficinas, tiendas departamentales, salones de clase y de conferencias, adem\u00e1s de otras aplicaciones comerciales, los Montajes Universales Manhattan para Proyector, ayudan a poner atenci\u00f3n solo a donde m\u00e1s importa.<\/p>\n<ul>\n<li>Sujeta\u00a0de manera segura la mayor\u00eda de los proyectores de hasta 13.5 kg<\/li>\n<li>Mejora el \u00e1ngulo de visi\u00f3n con inclinaci\u00f3n de \u00b115\u00b0, giro de \u00b115\u00b0, rotaci\u00f3n de 360\u00b0<\/li>\n<li>De f\u00e1cil instalaci\u00f3n ideal para su uso en el hogar, la oficina y en aplicaciones comerciales<\/li>\n<li>3 a\u00f1os de Garant\u00eda<\/li>\n<\/ul>\n<p><img decoding=\"async\" class=\"overview-center-img-web\" src=\"https:\/\/tvc.mx\/media\/265047\/Soporte-Proyector-Para-Techo-B%C3%A1sico-13.5Kg-Negro-Manhattan-461184-2.png\" alt=\"\" \/><\/div>\n<\/div>\n<div class=\"row aling-items-center padding-bottom-2x\">\n<div class=\"col-lg-12\">\n<h5 class=\"card-title text-center\">Caracter\u00edsticas Principales<\/h5>\n<ul>\n<li>Soporte universal de proyector para muro o techo<\/li>\n<li>Capacidad de carga: hasta 13.5 kg\/29.7 lbs<\/li>\n<li>Brazos de soporte ajustables para proyectores de diferentes tama\u00f1os<\/li>\n<\/ul>\n<p><strong>Contenido del paquete<\/strong><\/p>\n<ul>\n<li>Montaje Universal en Techo para Proyector<\/li>\n<li>Piezas para montaje y herramienta con instrucciones<\/li>\n<\/ul>\n<p><strong>Especificaciones F\u00edsicas<\/strong><\/p>\n<p>Peso: 0.97 kg<\/p>\n<p>Dimensiones: 320 (L) x 320 (W) x 150 (H) [mm]<\/p>\n<p>Embalaje: Empaque en caja para retail<\/p>\n<\/div>\n<\/div>\n","protected":false},"excerpt":{"rendered":"<p>Informaci\u00f3n General Coloca un proyector en un lugar y mantenlo en un lugar preferente. Los montajes universales de proyectores Manhattan soportan proyectores de una manera estable y firme con una inclinaci\u00f3n, giro y altura precisos. Fabricado con materiales ligeros y de gran calidad, los Montajes&hellip;<\/p>\n","protected":false},"featured_media":7541,"comment_status":"open","ping_status":"closed","template":"","meta":{"om_disable_all_campaigns":false,"_monsterinsights_skip_tracking":false,"_monsterinsights_sitenote_active":false,"_monsterinsights_sitenote_note":"","_monsterinsights_sitenote_category":0},"product_brand":[],"product_cat":[688],"product_tag":[613,611,612,616,615,610,614,617],"class_list":{"0":"post-7542","1":"product","2":"type-product","3":"status-publish","4":"has-post-thumbnail","6":"product_cat-soportes-y-bases-monitores-manhattan-video-vigilancia","7":"product_tag-bosch","8":"product_tag-manhattan","9":"product_tag-saxxon","10":"product_tag-surveon","11":"product_tag-utepo","12":"product_tag-videovigilancia","13":"product_tag-vivotek","14":"product_tag-zteco","16":"first","17":"instock","18":"sale","19":"taxable","20":"shipping-taxable","21":"purchasable","22":"product-type-simple"},"aioseo_notices":[],"_links":{"self":[{"href":"https:\/\/tecsecmty.com\/index.php\/wp-json\/wp\/v2\/product\/7542","targetHints":{"allow":["GET"]}}],"collection":[{"href":"https:\/\/tecsecmty.com\/index.php\/wp-json\/wp\/v2\/product"}],"about":[{"href":"https:\/\/tecsecmty.com\/index.php\/wp-json\/wp\/v2\/types\/product"}],"replies":[{"embeddable":true,"href":"https:\/\/tecsecmty.com\/index.php\/wp-json\/wp\/v2\/comments?post=7542"}],"version-history":[{"count":0,"href":"https:\/\/tecsecmty.com\/index.php\/wp-json\/wp\/v2\/product\/7542\/revisions"}],"wp:featuredmedia":[{"embeddable":true,"href":"https:\/\/tecsecmty.com\/index.php\/wp-json\/wp\/v2\/media\/7541"}],"wp:attachment":[{"href":"https:\/\/tecsecmty.com\/index.php\/wp-json\/wp\/v2\/media?parent=7542"}],"wp:term":[{"taxonomy":"product_brand","embeddable":true,"href":"https:\/\/tecsecmty.com\/index.php\/wp-json\/wp\/v2\/product_brand?post=7542"},{"taxonomy":"product_cat","embeddable":true,"href":"https:\/\/tecsecmty.com\/index.php\/wp-json\/wp\/v2\/product_cat?post=7542"},{"taxonomy":"product_tag","embeddable":true,"href":"https:\/\/tecsecmty.com\/index.php\/wp-json\/wp\/v2\/product_tag?post=7542"}],"curies":[{"name":"wp","href":"https:\/\/api.w.org\/{rel}","templated":true}]}}