{"id":7550,"date":"2023-02-23T16:14:13","date_gmt":"2023-02-23T22:14:13","guid":{"rendered":"https:\/\/tecsecmty.com\/index.php\/producto\/manhattan-461405-soporte-para-pantallas-de-13-a-42-pulgadas-20-kg-de-carga-brazo-articulado-doble-distancia-a-la-pared-de-hasta-27-3-cm-acero-solido-ajuste-de-inclinacion-y-angulo-vesa-75-100\/"},"modified":"2023-03-22T23:23:41","modified_gmt":"2023-03-23T05:23:41","slug":"manhattan-461405-soporte-para-pantallas-de-13-a-42-pulgadas-20-kg-de-carga-brazo-articulado-doble-distancia-a-la-pared-de-hasta-27-3-cm-acero-solido-ajuste-de-inclinacion-y-angulo-vesa-75-100","status":"publish","type":"product","link":"https:\/\/tecsecmty.com\/index.php\/producto\/manhattan-461405-soporte-para-pantallas-de-13-a-42-pulgadas-20-kg-de-carga-brazo-articulado-doble-distancia-a-la-pared-de-hasta-27-3-cm-acero-solido-ajuste-de-inclinacion-y-angulo-vesa-75-100\/","title":{"rendered":"MANHATTAN 461405 &#8211; Soporte para Pantallas de 13 a 42 Pulgadas\/ 20 Kg de Carga\/ Brazo Articulado Doble\/ Distancia a la Pared de Hasta 27.3 cm\/ Acero Solido\/ Ajuste de Inclinaci\u00f3n y Angulo\/ VESA 75\/ 100\/ 200&#215;100\/ 200\/"},"content":{"rendered":"<div class=\"row aling-items-center padding-bottom-2x\">\n<div class=\"col-lg-12\">\n<h5 class=\"card-title text-center\">Informaci\u00f3n General<\/h5>\n<p>Ten un cuarto con una gran vista. Evita los pisos disparejos, molestos deslumbramientos y acomodos inc\u00f3modos de muebles que pueden disminuir las experiencias de las televisiones de pantallas planas. Los soportes ayudan a conseguir \u00e1ngulos de vista \u00f3ptimos desde casi cualquier parte de la habitaci\u00f3n. Compatible con VESA y fabricado con materiales de alta calidad, se ajustan a un amplio rango de tama\u00f1os de pantallas con una instalaci\u00f3n segura y confiable. Ideal para aplicaciones residenciales, en oficina, hoteler\u00eda, salones de clases y conferencias, se\u00f1alamiento digital y otras aplicaciones comerciales, brindando un entretenimiento al centro de pantallas LCD de alto rendimiento o TVs de plasma.<\/p>\n<ul>\n<li>Sujeta de manera segura una televisi\u00f3n o monitor de pantalla plana<\/li>\n<li>Optimiza vistas con inclinaci\u00f3n \uff0b5\u00b0 to -12\u00b0, \u00b145\u00b0 de giro y ajuste de nivel de \u00b13\u00b0<\/li>\n<li>Se despliega desde la pared hasta en 27.3 cm<\/li>\n<li>Fabricado en acero s\u00f3lido<\/li>\n<li>De f\u00e1cil instalaci\u00f3n, ideal para su uso en hogar, oficina y aplicaciones comerciales<\/li>\n<li>Placa VESA removible que permite una f\u00e1cil y r\u00e1pida instalaci\u00f3n de monitor o televisor<\/li>\n<li>Sistema organizador de cable incorporado<\/li>\n<li>Cumple con los est\u00e1ndares VESA &#8211; soporta pantallas de 13&#8243; a 42&#8243; de hasta 20 kg (44 lbs.)<\/li>\n<\/ul>\n<p><img decoding=\"async\" class=\"overview-center-img-web\" src=\"https:\/\/tvc.mx\/media\/267075\/Soporte-Para-Pantallas-De-Pared-20-Kg-Manhattan-461405-2.png\" alt=\"\" \/><\/div>\n<\/div>\n<div class=\"row aling-items-center padding-bottom-2x\">\n<div class=\"col-lg-12\">\n<h5 class=\"card-title text-center\">Caracter\u00edsticas Principales<\/h5>\n<p><strong>Soporte Articulado de Pared para TV de Pantalla Plana<\/strong><\/p>\n<ul>\n<li>Se adapta a las pantallas compatibles con VESA 75 x 75, 100 x 100, 200 x 100 o 200 x 200<\/li>\n<li>Capacidad de carga: hasta 20 kg<\/li>\n<li>Perfil de montaje: 60 a 273 mm<\/li>\n<\/ul>\n<p><strong>Contenido del paquete<\/strong><\/p>\n<ul>\n<li>Soporte Universal Articulado de Pared para TVs de Pantalla Plana<\/li>\n<li>Torniller\u00eda de instalaci\u00f3n con instrucciones<\/li>\n<\/ul>\n<p><strong>Especificaciones F\u00edsicas<\/strong><\/p>\n<ul>\n<li>Peso: 1.1 kg<\/li>\n<li>Dimensiones: 273 (L) x 220 (W) x 220 (H) [mm]<\/li>\n<\/ul>\n<p>Embalaje: Empaque en caja para retail<\/p>\n<\/div>\n<\/div>\n","protected":false},"excerpt":{"rendered":"<p>Informaci\u00f3n General Ten un cuarto con una gran vista. Evita los pisos disparejos, molestos deslumbramientos y acomodos inc\u00f3modos de muebles que pueden disminuir las experiencias de las televisiones de pantallas planas. Los soportes ayudan a conseguir \u00e1ngulos de vista \u00f3ptimos desde casi cualquier parte de&hellip;<\/p>\n","protected":false},"featured_media":7549,"comment_status":"open","ping_status":"closed","template":"","meta":{"om_disable_all_campaigns":false,"_monsterinsights_skip_tracking":false,"_monsterinsights_sitenote_active":false,"_monsterinsights_sitenote_note":"","_monsterinsights_sitenote_category":0},"product_brand":[],"product_cat":[688],"product_tag":[613,611,612,616,615,610,614,617],"class_list":{"0":"post-7550","1":"product","2":"type-product","3":"status-publish","4":"has-post-thumbnail","6":"product_cat-soportes-y-bases-monitores-manhattan-video-vigilancia","7":"product_tag-bosch","8":"product_tag-manhattan","9":"product_tag-saxxon","10":"product_tag-surveon","11":"product_tag-utepo","12":"product_tag-videovigilancia","13":"product_tag-vivotek","14":"product_tag-zteco","16":"first","17":"instock","18":"sale","19":"taxable","20":"shipping-taxable","21":"purchasable","22":"product-type-simple"},"aioseo_notices":[],"_links":{"self":[{"href":"https:\/\/tecsecmty.com\/index.php\/wp-json\/wp\/v2\/product\/7550","targetHints":{"allow":["GET"]}}],"collection":[{"href":"https:\/\/tecsecmty.com\/index.php\/wp-json\/wp\/v2\/product"}],"about":[{"href":"https:\/\/tecsecmty.com\/index.php\/wp-json\/wp\/v2\/types\/product"}],"replies":[{"embeddable":true,"href":"https:\/\/tecsecmty.com\/index.php\/wp-json\/wp\/v2\/comments?post=7550"}],"version-history":[{"count":0,"href":"https:\/\/tecsecmty.com\/index.php\/wp-json\/wp\/v2\/product\/7550\/revisions"}],"wp:featuredmedia":[{"embeddable":true,"href":"https:\/\/tecsecmty.com\/index.php\/wp-json\/wp\/v2\/media\/7549"}],"wp:attachment":[{"href":"https:\/\/tecsecmty.com\/index.php\/wp-json\/wp\/v2\/media?parent=7550"}],"wp:term":[{"taxonomy":"product_brand","embeddable":true,"href":"https:\/\/tecsecmty.com\/index.php\/wp-json\/wp\/v2\/product_brand?post=7550"},{"taxonomy":"product_cat","embeddable":true,"href":"https:\/\/tecsecmty.com\/index.php\/wp-json\/wp\/v2\/product_cat?post=7550"},{"taxonomy":"product_tag","embeddable":true,"href":"https:\/\/tecsecmty.com\/index.php\/wp-json\/wp\/v2\/product_tag?post=7550"}],"curies":[{"name":"wp","href":"https:\/\/api.w.org\/{rel}","templated":true}]}}