{"id":7552,"date":"2023-02-23T16:14:14","date_gmt":"2023-02-23T22:14:14","guid":{"rendered":"https:\/\/tecsecmty.com\/index.php\/producto\/manhattan-461412-soporte-de-piso-para-pantallas-de-37-a-70-pulgadas-35-kg-de-carga-tripode-con-ajuste-de-altura-de-1-24-a-1-88-mts-ajuste-de-inclinacion-vesa-200-400x200-300-400-600x400\/"},"modified":"2023-03-22T23:23:42","modified_gmt":"2023-03-23T05:23:42","slug":"manhattan-461412-soporte-de-piso-para-pantallas-de-37-a-70-pulgadas-35-kg-de-carga-tripode-con-ajuste-de-altura-de-1-24-a-1-88-mts-ajuste-de-inclinacion-vesa-200-400x200-300-400-600x400","status":"publish","type":"product","link":"https:\/\/tecsecmty.com\/index.php\/producto\/manhattan-461412-soporte-de-piso-para-pantallas-de-37-a-70-pulgadas-35-kg-de-carga-tripode-con-ajuste-de-altura-de-1-24-a-1-88-mts-ajuste-de-inclinacion-vesa-200-400x200-300-400-600x400\/","title":{"rendered":"MANHATTAN 461412- Soporte de Piso para Pantallas de 37 a 70 Pulgadas\/ 35 Kg de Carga\/ Tr\u00edpode con Ajuste de Altura de 1.24 a 1.88 Mts\/ Ajuste de Inclinaci\u00f3n\/ VESA 200\/ 400&#215;200\/ 300\/ 400\/ 600&#215;400\/"},"content":{"rendered":"<div class=\"row aling-items-center padding-bottom-2x\">\n<div class=\"col-lg-12\">\n<h5 class=\"card-title text-center\">Informaci\u00f3n General<\/h5>\n<p>Dale otra vista a la habitaci\u00f3n, no m\u00e1s problemas con pisos disparejos, el molesto resplandor y el acomodo de estorbosos muebles que disminuyen la experiencia de una TV de pantalla plana. Los soportes logran \u00e1ngulo \u00f3ptimo de visi\u00f3n desde pr\u00e1cticamente cualquier lugar de la habitaci\u00f3n. Su cumplimiento con VESA y fabricaci\u00f3n con materiales de calidad, permiten a los Soportes y Carritos para TV MANHATTAN ajustarse a una variedad de tama\u00f1os de pantallas para una instalaci\u00f3n segura y confiable sobre el piso. Ideal en aplicaciones residenciales, en oficina, hoteler\u00eda, salones de clases y salas de conferencia, se\u00f1alizaciones digitales y otras aplicaciones comerciales, llevan a tu televisi\u00f3n LCD\/LED o Plasma de alto rendimiento, al centro del entretenimiento.<\/p>\n<ul>\n<li>Inclinaci\u00f3n\u00a0de pantalla para un \u00e1ngulo \u00f3ptimo de visi\u00f3n<\/li>\n<li>Ajuste sencillo para una mejor vista con perilla libre de herramienta<\/li>\n<li>Altura asegurada firmemente con pasador de seguridad<\/li>\n<li>Cumple con est\u00e1ndares VESA 200 x 200, 400 x 200, 300 x 300, 400 x 400, 600 x 400<\/li>\n<li>3 a\u00f1os de Garant\u00eda<\/li>\n<\/ul>\n<p><img decoding=\"async\" class=\"overview-center-img-web\" src=\"https:\/\/tvc.mx\/media\/266411\/Soporte-Para-Pantallas-De-Piso-35-Kg-Manhattan-461412-2.png\" alt=\"\" \/><\/div>\n<\/div>\n<div class=\"row aling-items-center padding-bottom-2x\">\n<div class=\"col-lg-12\">\n<h5 class=\"card-title text-center\">Caracter\u00edsticas Principales<\/h5>\n<p><strong>Soporte Port\u00e1til Universal con Tr\u00edpode para Montaje de TV<\/strong><\/p>\n<ul>\n<li>Dise\u00f1ado para la mayor\u00eda de pantallas de 37&#8243; a 70&#8243;<\/li>\n<li>Materiales: acero, pl\u00e1stico<\/li>\n<li>Capacidad de carga: 35 kg (77 lbs.)<\/li>\n<li>Opciones de Ajuste<\/li>\n<li>Altura: 1240 &#8211; 1880 mm (49-74in.)<\/li>\n<li>Inclinaci\u00f3n: -8\u00b0 a 0\u00b0<\/li>\n<\/ul>\n<p><strong>Tama\u00f1o del producto<\/strong><\/p>\n<ul>\n<li>1030 (L) x 620 (W) x 1880 (H) [mm] \/ 40.55 (L) x 24.41 (W) x 74.02 (H)<\/li>\n<li>Contenido del paquete<\/li>\n<li>Soporte Port\u00e1til Universal con Tr\u00edpode para Montaje de TV<\/li>\n<li>Piezas para montaje con instrucciones<\/li>\n<\/ul>\n<p><strong>Especificaciones F\u00edsicas<\/strong><\/p>\n<ul>\n<li>Peso: 5.22 kg<\/li>\n<li>Dimensiones: 1030 (L) x 620 (W) x 1880 (H) [mm]<\/li>\n<li>Embalaje: Empaque en caja para retail<\/li>\n<\/ul>\n<\/div>\n<\/div>\n","protected":false},"excerpt":{"rendered":"<p>Informaci\u00f3n General Dale otra vista a la habitaci\u00f3n, no m\u00e1s problemas con pisos disparejos, el molesto resplandor y el acomodo de estorbosos muebles que disminuyen la experiencia de una TV de pantalla plana. Los soportes logran \u00e1ngulo \u00f3ptimo de visi\u00f3n desde pr\u00e1cticamente cualquier lugar de&hellip;<\/p>\n","protected":false},"featured_media":7551,"comment_status":"open","ping_status":"closed","template":"","meta":{"om_disable_all_campaigns":false,"_monsterinsights_skip_tracking":false,"_monsterinsights_sitenote_active":false,"_monsterinsights_sitenote_note":"","_monsterinsights_sitenote_category":0},"product_brand":[],"product_cat":[688],"product_tag":[613,611,612,616,615,610,614,617],"class_list":{"0":"post-7552","1":"product","2":"type-product","3":"status-publish","4":"has-post-thumbnail","6":"product_cat-soportes-y-bases-monitores-manhattan-video-vigilancia","7":"product_tag-bosch","8":"product_tag-manhattan","9":"product_tag-saxxon","10":"product_tag-surveon","11":"product_tag-utepo","12":"product_tag-videovigilancia","13":"product_tag-vivotek","14":"product_tag-zteco","16":"first","17":"instock","18":"sale","19":"taxable","20":"shipping-taxable","21":"purchasable","22":"product-type-simple"},"aioseo_notices":[],"_links":{"self":[{"href":"https:\/\/tecsecmty.com\/index.php\/wp-json\/wp\/v2\/product\/7552","targetHints":{"allow":["GET"]}}],"collection":[{"href":"https:\/\/tecsecmty.com\/index.php\/wp-json\/wp\/v2\/product"}],"about":[{"href":"https:\/\/tecsecmty.com\/index.php\/wp-json\/wp\/v2\/types\/product"}],"replies":[{"embeddable":true,"href":"https:\/\/tecsecmty.com\/index.php\/wp-json\/wp\/v2\/comments?post=7552"}],"version-history":[{"count":0,"href":"https:\/\/tecsecmty.com\/index.php\/wp-json\/wp\/v2\/product\/7552\/revisions"}],"wp:featuredmedia":[{"embeddable":true,"href":"https:\/\/tecsecmty.com\/index.php\/wp-json\/wp\/v2\/media\/7551"}],"wp:attachment":[{"href":"https:\/\/tecsecmty.com\/index.php\/wp-json\/wp\/v2\/media?parent=7552"}],"wp:term":[{"taxonomy":"product_brand","embeddable":true,"href":"https:\/\/tecsecmty.com\/index.php\/wp-json\/wp\/v2\/product_brand?post=7552"},{"taxonomy":"product_cat","embeddable":true,"href":"https:\/\/tecsecmty.com\/index.php\/wp-json\/wp\/v2\/product_cat?post=7552"},{"taxonomy":"product_tag","embeddable":true,"href":"https:\/\/tecsecmty.com\/index.php\/wp-json\/wp\/v2\/product_tag?post=7552"}],"curies":[{"name":"wp","href":"https:\/\/api.w.org\/{rel}","templated":true}]}}