{"id":7560,"date":"2023-02-23T16:14:22","date_gmt":"2023-02-23T22:14:22","guid":{"rendered":"https:\/\/tecsecmty.com\/index.php\/producto\/saxxon-sxvml20s-soporte-de-pared-para-pantallas-de-23-a-37-pulgadas-diseno-estetico-y-elegante-soporta-25-kg-de-carga-ajuste-horizontal-y-vertical-distancia-a-la-pared-de-hasta-34-cm-aluminio\/"},"modified":"2023-03-22T23:24:09","modified_gmt":"2023-03-23T05:24:09","slug":"saxxon-sxvml20s-soporte-de-pared-para-pantallas-de-23-a-37-pulgadas-diseno-estetico-y-elegante-soporta-25-kg-de-carga-ajuste-horizontal-y-vertical-distancia-a-la-pared-de-hasta-34-cm-aluminio","status":"publish","type":"product","link":"https:\/\/tecsecmty.com\/index.php\/producto\/saxxon-sxvml20s-soporte-de-pared-para-pantallas-de-23-a-37-pulgadas-diseno-estetico-y-elegante-soporta-25-kg-de-carga-ajuste-horizontal-y-vertical-distancia-a-la-pared-de-hasta-34-cm-aluminio\/","title":{"rendered":"SAXXON SXVML20S &#8211; Soporte de Pared para Pantallas de 23 a 37 Pulgadas\/ Dise\u00f1o Est\u00e9tico y Elegante\/ Soporta 25 Kg de Carga\/ Ajuste Horizontal y Vertical\/ Distancia a la Pared de Hasta 34 cm\/ Aluminio\/ VESA 75\/ 100\/ 200\/ Ergon\u00f3mico\/"},"content":{"rendered":"<div class=\"row aling-items-center padding-bottom-2x\">\n<div class=\"col-lg-12\">\n<h5 class=\"card-title text-center\">Informaci\u00f3n general.<\/h5>\n<p>El modelo SAXXON SXVML20S es un soporte para monitor ajustable de pared. Cuenta con estructuras de aluminio fundido y gesti\u00f3n integrada de cables; de f\u00e1cil montaje y desmontaje.<\/p>\n<p><img decoding=\"async\" class=\"overview-center-img-web\" src=\"https:\/\/tvc.mx\/media\/112181\/Soporte-de-pared-para-1-monitor--Banner.png\" alt=\"\" \/><\/div>\n<\/div>\n<div class=\"row align-items-center padding-bottom-2x\">\n<div class=\"col-md-5\"><img decoding=\"async\" class=\"d-block m-auto img-thumbnail\" src=\"https:\/\/tvc.mx\/media\/112189\/Soporte-de-pared-para-1-monitor--OVL1.png\" alt=\" \" \/><\/div>\n<div class=\"col-md-7 text-md-left text-center\">\n<h2>Caracter\u00edsticas.<\/h2>\n<p class=\"text-muted\">\n<ul>\n<li class=\"ql-align-justify\">Estructura de aluminio; proporciona una apariencia elegante.<\/li>\n<li class=\"ql-align-justify\">Gesti\u00f3n integrada de cables.<\/li>\n<li class=\"ql-align-justify\">Ajuste suave de inclinaci\u00f3n y giro para un estilo ergon\u00f3mico.<\/li>\n<\/ul>\n<p>&nbsp;<\/p>\n<\/div>\n<\/div>\n<hr class=\"padding-bottom-2x\" \/>\n<div class=\"row align-items-center padding-bottom-2x\">\n<div class=\"col-md-5 order-md-2\"><img decoding=\"async\" class=\"d-block m-auto img-thumbnail\" src=\"https:\/\/tvc.mx\/media\/112193\/Soporte-de-pared-para-1-monitor--OVL2.png\" alt=\" \" \/><\/div>\n<div class=\"col-md-7 order-md-1 text-md-left text-center\">\n<h2>Especificaciones.<\/h2>\n<p class=\"text-muted\">\n<ul>\n<li><strong>Tama\u00f1o de pantalla:\u00a0<\/strong>23&#8243;-37&#8243;<\/li>\n<li><strong>Carga:\u00a0<\/strong>25 Kg<\/li>\n<li><strong>Inclinaci\u00f3n:\u00a0<\/strong>-15\u00b0~+15\u00b0<\/li>\n<li><strong>Giratorio:\u00a0<\/strong>180\u00b0<\/li>\n<li><strong>Rotaci\u00f3n:\u00a0<\/strong>360\u00b0<\/li>\n<li><strong>VESA:\u00a0<\/strong>75\/100\/200<\/li>\n<li><strong>Color:\u00a0<\/strong>W\/B\/S<\/li>\n<li><strong>Material:\u00a0<\/strong>Aluminio<\/li>\n<\/ul>\n<\/div>\n<\/div>\n","protected":false},"excerpt":{"rendered":"<p>Informaci\u00f3n general. El modelo SAXXON SXVML20S es un soporte para monitor ajustable de pared. Cuenta con estructuras de aluminio fundido y gesti\u00f3n integrada de cables; de f\u00e1cil montaje y desmontaje. Caracter\u00edsticas. Estructura de aluminio; proporciona una apariencia elegante. Gesti\u00f3n integrada de cables. Ajuste suave de&hellip;<\/p>\n","protected":false},"featured_media":7559,"comment_status":"open","ping_status":"closed","template":"","meta":{"om_disable_all_campaigns":false,"_monsterinsights_skip_tracking":false,"_monsterinsights_sitenote_active":false,"_monsterinsights_sitenote_note":"","_monsterinsights_sitenote_category":0},"product_brand":[],"product_cat":[686],"product_tag":[613,611,612,616,615,610,614,617],"class_list":{"0":"post-7560","1":"product","2":"type-product","3":"status-publish","4":"has-post-thumbnail","6":"product_cat-soportes-y-bases-monitores-saxxon-video-vigilancia","7":"product_tag-bosch","8":"product_tag-manhattan","9":"product_tag-saxxon","10":"product_tag-surveon","11":"product_tag-utepo","12":"product_tag-videovigilancia","13":"product_tag-vivotek","14":"product_tag-zteco","16":"first","17":"instock","18":"sale","19":"taxable","20":"shipping-taxable","21":"purchasable","22":"product-type-simple"},"aioseo_notices":[],"_links":{"self":[{"href":"https:\/\/tecsecmty.com\/index.php\/wp-json\/wp\/v2\/product\/7560","targetHints":{"allow":["GET"]}}],"collection":[{"href":"https:\/\/tecsecmty.com\/index.php\/wp-json\/wp\/v2\/product"}],"about":[{"href":"https:\/\/tecsecmty.com\/index.php\/wp-json\/wp\/v2\/types\/product"}],"replies":[{"embeddable":true,"href":"https:\/\/tecsecmty.com\/index.php\/wp-json\/wp\/v2\/comments?post=7560"}],"version-history":[{"count":0,"href":"https:\/\/tecsecmty.com\/index.php\/wp-json\/wp\/v2\/product\/7560\/revisions"}],"wp:featuredmedia":[{"embeddable":true,"href":"https:\/\/tecsecmty.com\/index.php\/wp-json\/wp\/v2\/media\/7559"}],"wp:attachment":[{"href":"https:\/\/tecsecmty.com\/index.php\/wp-json\/wp\/v2\/media?parent=7560"}],"wp:term":[{"taxonomy":"product_brand","embeddable":true,"href":"https:\/\/tecsecmty.com\/index.php\/wp-json\/wp\/v2\/product_brand?post=7560"},{"taxonomy":"product_cat","embeddable":true,"href":"https:\/\/tecsecmty.com\/index.php\/wp-json\/wp\/v2\/product_cat?post=7560"},{"taxonomy":"product_tag","embeddable":true,"href":"https:\/\/tecsecmty.com\/index.php\/wp-json\/wp\/v2\/product_tag?post=7560"}],"curies":[{"name":"wp","href":"https:\/\/api.w.org\/{rel}","templated":true}]}}