{"id":7568,"date":"2023-02-23T16:14:30","date_gmt":"2023-02-23T22:14:30","guid":{"rendered":"https:\/\/tecsecmty.com\/index.php\/producto\/saxxon-sxvmlt16m-soporte-de-pared-para-pantallas-de-32-a-70-pulgadas-soporta-45-kg-de-carga-ajuste-de-inclinacion-fabricado-en-acero-reforzado-vesa-hasta-600x400\/"},"modified":"2023-03-22T23:24:09","modified_gmt":"2023-03-23T05:24:09","slug":"saxxon-sxvmlt16m-soporte-de-pared-para-pantallas-de-32-a-70-pulgadas-soporta-45-kg-de-carga-ajuste-de-inclinacion-fabricado-en-acero-reforzado-vesa-hasta-600x400","status":"publish","type":"product","link":"https:\/\/tecsecmty.com\/index.php\/producto\/saxxon-sxvmlt16m-soporte-de-pared-para-pantallas-de-32-a-70-pulgadas-soporta-45-kg-de-carga-ajuste-de-inclinacion-fabricado-en-acero-reforzado-vesa-hasta-600x400\/","title":{"rendered":"SAXXON SXVMLT16M &#8211; Soporte de Pared para Pantallas de 32 a 70 Pulgadas\/ Soporta 45 Kg de Carga\/ Ajuste de Inclinaci\u00f3n\/ Fabricado en Acero Reforzado\/ VESA Hasta 600&#215;400\/"},"content":{"rendered":"<div class=\"row aling-items-center padding-bottom-2x\">\n<div class=\"col-lg-12\">\n<h5 class=\"card-title text-center\">Informaci\u00f3n general.<\/h5>\n<p>El modelo\u00a0SAXXON SXVMLT16M es un soporte de pared de movimiento total para televisores. F\u00e1cil de usar e instalar, el popular modelo\u00a0SXVMLT16M\u00a0\u00a0est\u00e1 dise\u00f1ado para adaptarse a cualquier televisor de pantalla plana de 32 \u00bb a 70 \u00bb hasta 45 kg. La inclinaci\u00f3n libre permite un ajuste f\u00e1cil del \u00e1ngulo de TV de 10 \u00b0 hacia arriba y 10 \u00b0 hacia abajo. Compatible con agujeros VESA hasta 600&#215;400.<\/p>\n<p><img decoding=\"async\" class=\"overview-center-img-web\" src=\"https:\/\/tvc.mx\/media\/111485\/Soporte-de-pared-ajustable-para-pantalla--Banner.png\" alt=\"\" \/><\/div>\n<\/div>\n<div class=\"row align-items-center padding-bottom-2x\">\n<div class=\"col-md-5\"><img decoding=\"async\" class=\"d-block m-auto img-thumbnail\" src=\"https:\/\/tvc.mx\/media\/111493\/Soporte-de-pared-ajustable-para-pantalla--OVL2.png\" alt=\" \" \/><\/div>\n<div class=\"col-md-7 text-md-left text-center\">\n<h2>Caracter\u00edsticas.<\/h2>\n<p class=\"text-muted\">\n<ul>\n<li class=\"ql-align-justify\">\u00a0Certificado GS \/ TUV.<\/li>\n<li class=\"ql-align-justify\">Acero laminado en fr\u00edo de alto calibre.<\/li>\n<li class=\"ql-align-justify\">Bloqueo de seguridad<\/li>\n<li class=\"ql-align-justify\">Nivel de burbuja.<\/li>\n<li class=\"ql-align-justify\">\u00c1ngulo de inclinaci\u00f3n libre.<\/li>\n<li class=\"ql-align-justify\">Dise\u00f1o ultra delgado.<\/li>\n<li class=\"ql-align-justify\">Paquete de hardware universal incluido.<\/li>\n<\/ul>\n<p>&nbsp;<\/p>\n<p>&nbsp;<\/p>\n<\/div>\n<\/div>\n<hr class=\"padding-bottom-2x\" \/>\n<div class=\"row align-items-center padding-bottom-2x\">\n<div class=\"col-md-5 order-md-2\"><img decoding=\"async\" class=\"d-block m-auto img-thumbnail\" src=\"https:\/\/tvc.mx\/media\/111497\/Soporte-de-pared-ajustable-para-pantalla--OVL1.png\" alt=\" \" \/><\/div>\n<div class=\"col-md-7 order-md-1 text-md-left text-center\">\n<h2>Especificaciones.<\/h2>\n<p class=\"text-muted\">\n<p>Modelo: Soporte de pared inclinable para TV VM-LT16M<\/p>\n<p>Tama\u00f1o de pantalla: 32 \u00ab-70\u00bb<\/p>\n<p>Carga: 45 kg \/ 99lbs<\/p>\n<p>Inclinaci\u00f3n: \u00b1 10 \u00b0<\/p>\n<p>Giratorio: N \/ A<\/p>\n<p>Vesa: 600 \u00d7 400<\/p>\n<p>DIS a la pared: 43 mm<\/p>\n<p>Pivote para nivelaci\u00f3n: N \/ A<\/p>\n<p>Materia: acero<\/p>\n<\/div>\n<\/div>\n","protected":false},"excerpt":{"rendered":"<p>Informaci\u00f3n general. El modelo\u00a0SAXXON SXVMLT16M es un soporte de pared de movimiento total para televisores. F\u00e1cil de usar e instalar, el popular modelo\u00a0SXVMLT16M\u00a0\u00a0est\u00e1 dise\u00f1ado para adaptarse a cualquier televisor de pantalla plana de 32 \u00bb a 70 \u00bb hasta 45 kg. La inclinaci\u00f3n libre permite&hellip;<\/p>\n","protected":false},"featured_media":7567,"comment_status":"open","ping_status":"closed","template":"","meta":{"om_disable_all_campaigns":false,"_monsterinsights_skip_tracking":false,"_monsterinsights_sitenote_active":false,"_monsterinsights_sitenote_note":"","_monsterinsights_sitenote_category":0},"product_brand":[],"product_cat":[686],"product_tag":[613,611,612,616,615,610,614,617],"class_list":{"0":"post-7568","1":"product","2":"type-product","3":"status-publish","4":"has-post-thumbnail","6":"product_cat-soportes-y-bases-monitores-saxxon-video-vigilancia","7":"product_tag-bosch","8":"product_tag-manhattan","9":"product_tag-saxxon","10":"product_tag-surveon","11":"product_tag-utepo","12":"product_tag-videovigilancia","13":"product_tag-vivotek","14":"product_tag-zteco","16":"first","17":"instock","18":"sale","19":"taxable","20":"shipping-taxable","21":"purchasable","22":"product-type-simple"},"aioseo_notices":[],"_links":{"self":[{"href":"https:\/\/tecsecmty.com\/index.php\/wp-json\/wp\/v2\/product\/7568","targetHints":{"allow":["GET"]}}],"collection":[{"href":"https:\/\/tecsecmty.com\/index.php\/wp-json\/wp\/v2\/product"}],"about":[{"href":"https:\/\/tecsecmty.com\/index.php\/wp-json\/wp\/v2\/types\/product"}],"replies":[{"embeddable":true,"href":"https:\/\/tecsecmty.com\/index.php\/wp-json\/wp\/v2\/comments?post=7568"}],"version-history":[{"count":0,"href":"https:\/\/tecsecmty.com\/index.php\/wp-json\/wp\/v2\/product\/7568\/revisions"}],"wp:featuredmedia":[{"embeddable":true,"href":"https:\/\/tecsecmty.com\/index.php\/wp-json\/wp\/v2\/media\/7567"}],"wp:attachment":[{"href":"https:\/\/tecsecmty.com\/index.php\/wp-json\/wp\/v2\/media?parent=7568"}],"wp:term":[{"taxonomy":"product_brand","embeddable":true,"href":"https:\/\/tecsecmty.com\/index.php\/wp-json\/wp\/v2\/product_brand?post=7568"},{"taxonomy":"product_cat","embeddable":true,"href":"https:\/\/tecsecmty.com\/index.php\/wp-json\/wp\/v2\/product_cat?post=7568"},{"taxonomy":"product_tag","embeddable":true,"href":"https:\/\/tecsecmty.com\/index.php\/wp-json\/wp\/v2\/product_tag?post=7568"}],"curies":[{"name":"wp","href":"https:\/\/api.w.org\/{rel}","templated":true}]}}