{"id":7572,"date":"2023-02-23T16:14:33","date_gmt":"2023-02-23T22:14:33","guid":{"rendered":"https:\/\/tecsecmty.com\/index.php\/producto\/steren-stv215-soporte-de-escritorio-para-2-monitores-de-hasta-32-pulgadas-estandar-vesa-75x75-100x100-ajuste-inclinacion-y-giro-soporta-hasta-8kg-articulaciones-en-cada-brazo-compatible-con\/"},"modified":"2023-03-22T23:24:26","modified_gmt":"2023-03-23T05:24:26","slug":"steren-stv215-soporte-de-escritorio-para-2-monitores-de-hasta-32-pulgadas-estandar-vesa-75x75-100x100-ajuste-inclinacion-y-giro-soporta-hasta-8kg-articulaciones-en-cada-brazo-compatible-con","status":"publish","type":"product","link":"https:\/\/tecsecmty.com\/index.php\/producto\/steren-stv215-soporte-de-escritorio-para-2-monitores-de-hasta-32-pulgadas-estandar-vesa-75x75-100x100-ajuste-inclinacion-y-giro-soporta-hasta-8kg-articulaciones-en-cada-brazo-compatible-con\/","title":{"rendered":"STEREN STV215 &#8211; Soporte de Escritorio para 2 Monitores de Hasta 32 Pulgadas \/Est\u00e1ndar VESA: 75&#215;75\/ 100&#215;100\/ Ajuste Inclinaci\u00f3n y Giro\/ Soporta Hasta 8Kg \/ Articulaciones en Cada Brazo \/ Compatible con Monitores Curvos\/"},"content":{"rendered":"<div class=\"row aling-items-center padding-bottom-2x\">\n<div class=\"col-lg-12\">\n<h5 class=\"card-title text-center\">Informaci\u00f3n general.<\/h5>\n<ul>\n<li>Para monitores de hasta 32 pulgadas<\/li>\n<li>Tambi\u00e9n compatible con monitores curvos<\/li>\n<li>Est\u00e1ndar VESA: 75&#215;75 \/ 100&#215;100<\/li>\n<li>Inclina el monitor 30\u00b0 hacia arriba o hacia abajo<\/li>\n<li>Puedes girar el monitor 180\u00b0 sobre la horizontal<\/li>\n<li>Con articulaciones en cada brazo<\/li>\n<li>Soporta 8 Kg<\/li>\n<li>F\u00e1cil instalaci\u00f3n<\/li>\n<\/ul>\n<p><img decoding=\"async\" class=\"overview-center-img-web\" src=\"https:\/\/tvc.mx\/media\/636522\/SXN0530003-STEREN-STV215-Soporte-de-Escritorio-para-2-Monitores-de-Hasta-32-Pulgadas.png\" alt=\"\" \/><\/div>\n<\/div>\n<div class=\"row aling-items-center padding-bottom-2x\">\n<div class=\"col-lg-12\">\n<h5 class=\"card-title text-center\">INCLUYE:<\/h5>\n<p><strong>***Monitores no incluidos<\/strong><\/p>\n<p><img decoding=\"async\" class=\"overview-center-img-web\" src=\"https:\/\/tvc.mx\/media\/648652\/SXN0530003---STEREN-STV215-Soporte-de-Escritorio-para-2-Monitores-de-Hasta-32-Pulgadas.png\" alt=\"\" \/><\/div>\n<\/div>\n","protected":false},"excerpt":{"rendered":"<p>Informaci\u00f3n general. Para monitores de hasta 32 pulgadas Tambi\u00e9n compatible con monitores curvos Est\u00e1ndar VESA: 75&#215;75 \/ 100&#215;100 Inclina el monitor 30\u00b0 hacia arriba o hacia abajo Puedes girar el monitor 180\u00b0 sobre la horizontal Con articulaciones en cada brazo Soporta 8 Kg F\u00e1cil instalaci\u00f3n&hellip;<\/p>\n","protected":false},"featured_media":7571,"comment_status":"open","ping_status":"closed","template":"","meta":{"om_disable_all_campaigns":false,"_monsterinsights_skip_tracking":false,"_monsterinsights_sitenote_active":false,"_monsterinsights_sitenote_note":"","_monsterinsights_sitenote_category":0},"product_brand":[],"product_cat":[686],"product_tag":[613,611,612,616,615,610,614,617],"class_list":{"0":"post-7572","1":"product","2":"type-product","3":"status-publish","4":"has-post-thumbnail","6":"product_cat-soportes-y-bases-monitores-saxxon-video-vigilancia","7":"product_tag-bosch","8":"product_tag-manhattan","9":"product_tag-saxxon","10":"product_tag-surveon","11":"product_tag-utepo","12":"product_tag-videovigilancia","13":"product_tag-vivotek","14":"product_tag-zteco","16":"first","17":"instock","18":"sale","19":"taxable","20":"shipping-taxable","21":"purchasable","22":"product-type-simple"},"aioseo_notices":[],"_links":{"self":[{"href":"https:\/\/tecsecmty.com\/index.php\/wp-json\/wp\/v2\/product\/7572","targetHints":{"allow":["GET"]}}],"collection":[{"href":"https:\/\/tecsecmty.com\/index.php\/wp-json\/wp\/v2\/product"}],"about":[{"href":"https:\/\/tecsecmty.com\/index.php\/wp-json\/wp\/v2\/types\/product"}],"replies":[{"embeddable":true,"href":"https:\/\/tecsecmty.com\/index.php\/wp-json\/wp\/v2\/comments?post=7572"}],"version-history":[{"count":0,"href":"https:\/\/tecsecmty.com\/index.php\/wp-json\/wp\/v2\/product\/7572\/revisions"}],"wp:featuredmedia":[{"embeddable":true,"href":"https:\/\/tecsecmty.com\/index.php\/wp-json\/wp\/v2\/media\/7571"}],"wp:attachment":[{"href":"https:\/\/tecsecmty.com\/index.php\/wp-json\/wp\/v2\/media?parent=7572"}],"wp:term":[{"taxonomy":"product_brand","embeddable":true,"href":"https:\/\/tecsecmty.com\/index.php\/wp-json\/wp\/v2\/product_brand?post=7572"},{"taxonomy":"product_cat","embeddable":true,"href":"https:\/\/tecsecmty.com\/index.php\/wp-json\/wp\/v2\/product_cat?post=7572"},{"taxonomy":"product_tag","embeddable":true,"href":"https:\/\/tecsecmty.com\/index.php\/wp-json\/wp\/v2\/product_tag?post=7572"}],"curies":[{"name":"wp","href":"https:\/\/api.w.org\/{rel}","templated":true}]}}