{"id":7584,"date":"2023-02-23T16:14:45","date_gmt":"2023-02-23T22:14:45","guid":{"rendered":"https:\/\/tecsecmty.com\/index.php\/producto\/bosch-v_dip5248gp4hd-divar-ip-5000-aio-tarjeta-gpu-32tb-bvms-hasta-42-canales\/"},"modified":"2023-03-22T23:21:44","modified_gmt":"2023-03-23T05:21:44","slug":"bosch-v_dip5248gp4hd-divar-ip-5000-aio-tarjeta-gpu-32tb-bvms-hasta-42-canales","status":"publish","type":"product","link":"https:\/\/tecsecmty.com\/index.php\/producto\/bosch-v_dip5248gp4hd-divar-ip-5000-aio-tarjeta-gpu-32tb-bvms-hasta-42-canales\/","title":{"rendered":"BOSCH V_DIP5248GP4HD- DIVAR IP 5000 AIO\/ TARJETA GPU\/ 32TB\/ BVMS HASTA 42 CANALES"},"content":{"rendered":"<div class=\"row aling-items-center padding-bottom-2x\">\n<div class=\"col-lg-12\">\n<h5 class=\"card-title text-center\">DIVAR IP 5000 AIO\/ TARJETA GPU\/ 32TB\/ BVMS HASTA 42 CANALES<\/h5>\n<p>&nbsp;<\/p>\n<p><img decoding=\"async\" class=\"overview-center-img-web\" src=\"https:\/\/tvc.mx\/media\/106589\/Logoopaginas-oficial-1920x400.png\" alt=\"\" \/><\/div>\n<\/div>\n<div class=\"row align-items-center padding-bottom-2x\">\n<div class=\"col-md-5\"><img decoding=\"async\" class=\"d-block m-auto img-thumbnail\" src=\"https:\/\/tvc.mx\/media\/106593\/DIP-5248GP-4HDconfig5.png\" alt=\" \" \/><\/div>\n<div class=\"col-md-7 text-md-left text-center\">\n<h2>Resumen del sistema<\/h2>\n<p class=\"text-muted\">\n<p class=\"ql-align-justify\">El dispositivo DIVAR IP all-in-one 5000 es una soluci\u00f3n todo en uno asequible y f\u00e1cil de utilizar para grabar, visualizar y gestionar sistemas de vigilancia en red de hasta 42 canales (con 8 canales prelicenciados). Con la ejecuci\u00f3n de la soluci\u00f3n BVMS completa y con tecnolog\u00eda Bosch Video Recording Manager, incluyendo Video Streaming Gateway para integrar c\u00e1maras de otros fabricantes, es un dispositivo IP inteligente de gesti\u00f3n y almacenamiento de v\u00eddeo. El sistema DIVAR IP all-in-one 5000 es una unidad minitorre de 4 m\u00f3dulos que combina gesti\u00f3n avanzada y gesti\u00f3n innovadora de grabaciones en un \u00fanico dispositivo de grabaci\u00f3n IP Plug and Play. Este sistema est\u00e1 dise\u00f1ado para clientes que buscan soluciones de TI.<\/p>\n<p>&nbsp;<\/p>\n<\/div>\n<\/div>\n<hr class=\"padding-bottom-2x\" \/>\n<div class=\"row align-items-center padding-bottom-2x\">\n<div class=\"col-md-5 order-md-2\"><img decoding=\"async\" class=\"d-block m-auto img-thumbnail\" src=\"https:\/\/tvc.mx\/media\/106597\/DIP-5248GP-4HDconfig6.png\" alt=\" \" \/><\/div>\n<div class=\"col-md-7 order-md-1 text-md-left text-center\">\n<h2>Descripci\u00f3n del sistema<\/h2>\n<p class=\"text-muted\">\n<p class=\"ql-align-justify\">El dispositivo DIVAR IP all-in-one 5000 utiliza un dise\u00f1o integrado de alta eficiencia energ\u00e9tica que cuenta con la calidad inigualable de Bosch en cada uno de sus componentes. El sistema, f\u00e1cil de instalar y usar, se puede configurar con un asistente y dispone de configuraci\u00f3n centralizada. Todos los componentes est\u00e1n preinstalados y cuentan con licencia previa. El sistema DIVAR IP all-in-one est\u00e1 listo para empezar a grabar desde el primer momento, solo tiene que conectarlo a la red y encenderlo. BVMS gestiona enteramente todos los sistemas de audio y v\u00eddeo digitales e IP, adem\u00e1s de todos los datos de seguridad que se transmiten a trav\u00e9s de su red IP. Combina perfectamente c\u00e1maras IP y codificadores, proporciona gesti\u00f3n de alarmas y eventos del sistema, control del estado del sistema y gesti\u00f3n de prioridad y usuario.<\/p>\n<p>&nbsp;<\/p>\n<\/div>\n<\/div>\n<hr class=\"padding-bottom-2x\" \/>\n<div class=\"row align-items-center padding-bottom-2x\">\n<div class=\"col-md-5\"><img decoding=\"async\" class=\"d-block m-auto img-thumbnail\" src=\"https:\/\/tvc.mx\/media\/106601\/DIP-5248GP-4HDconfig7.png\" alt=\" \" \/><\/div>\n<div class=\"col-md-7 text-md-left text-center\">\n<h2>Funciones b\u00e1sicas<\/h2>\n<p class=\"text-muted\">\n<p>DIVAR IP all-in-one 5000 dispone de discos duros SATA reemplazables desde la parte frontal que proporcionan 48 TB de capacidad de almacenamiento bruto. Todo el software del sistema est\u00e1 preinstalado, lo que lo convierte en un dispositivo de gesti\u00f3n de v\u00eddeo listo para usar. DIVAR IP all-in-one 5000 utiliza Microsoft Windows Storage Server 2016 (64 bits).<\/p>\n<p><strong>Acceso inmediato en tiempo real a v\u00eddeo<\/strong><\/p>\n<p>Disfrute de v\u00eddeo HD de alta calidad o incluso de v\u00eddeo UHD aunque la conexi\u00f3n tenga un ancho de banda bajo o limitado. La tecnolog\u00eda Dynamic Transcoding garantiza que puede ver sus v\u00eddeos de inmediato, en cualquier momento y en cualquier lugar. Dynamic Transcoding decodifica y recodifica el flujo de datos a una transmisi\u00f3n de bits m\u00e1s reducida, adecuada al ancho de banda de la conexi\u00f3n. Cuando el v\u00eddeo est\u00e1 en pausa, la funci\u00f3n de mejora instant\u00e1nea de los detalles muestra el v\u00eddeo con resoluci\u00f3n total.<\/p>\n<p><strong>Gesti\u00f3n<\/strong><\/p>\n<p>Una vez iniciado el sistema, dispondr\u00e1 de acceso inmediato a la aplicaci\u00f3n de gesti\u00f3n BVMS mediante una interfaz de usuario personalizada. La capacidad de utilizar una interfaz de usuario central para configurar y gestionar operaciones reduce los requisitos de instalaci\u00f3n y formaci\u00f3n, y ayuda a mantener unos costes bajos de la gesti\u00f3n del sistema.<\/p>\n<p><strong>Visualizaci\u00f3n remota<\/strong><\/p>\n<p>Para la visualizaci\u00f3n remota de un solo sistema DIVAR IP all-in-one, se incluye BVMS Operator Client. Si tiene varios sistemas, agr\u00e9guelos a BVMS Enterprise Management Server. Tambi\u00e9n puede utilizar la Video Security App para la visualizaci\u00f3n remota de dispositivos m\u00f3viles.<\/p>\n<p>&nbsp;<\/p>\n<\/div>\n<\/div>\n<hr class=\"padding-bottom-2x\" \/>\n<div class=\"row align-items-center padding-bottom-2x\">\n<div class=\"col-md-5\"><img decoding=\"async\" class=\"d-block m-auto img-thumbnail\" src=\"https:\/\/tvc.mx\/media\/106605\/DIP-5248GP-4HDconfig8.png\" alt=\" \" \/><\/div>\n<div class=\"col-md-7 text-md-left text-center\">\n<h2>Caracter\u00edsticas y Especificaciones<\/h2>\n<p class=\"text-muted\">\n<p><strong>Nota: DIP-5248GP-4HD Dispositivo de gesti\u00f3n GPU 4x8TB<\/strong><\/p>\n<p><strong>Soluci\u00f3n de grabaci\u00f3n, visualizaci\u00f3n y gesti\u00f3n todo en uno para sistemas de vigilancia en red. Con tarjeta gr\u00e1fica y capacidad de almacenamiento de 4 x 8 TB.<\/strong><\/p>\n<p><strong>N\u00famero de pedido: DIP-5248GP-4HD<\/strong><\/p>\n<p><strong>Principales caracter\u00edsticas<\/strong><\/p>\n<ul>\n<li>Soluci\u00f3n de gesti\u00f3n y grabaci\u00f3n integral de v\u00eddeo con todas las funciones para un m\u00e1ximo de 42 canales.<\/li>\n<li>Grabaci\u00f3n de v\u00eddeo IP lista para usar con una capacidad de almacenamiento de 48 TB (4 x 12 TB) preinstalada.<\/li>\n<li>Funcionamiento fiable y seguro con acceso instant\u00e1neo al v\u00eddeo en tiempo real.<\/li>\n<li>Gesti\u00f3n avanzada de alarmas y usuarios.<\/li>\n<li>Garant\u00eda de 3 a\u00f1os, incluyendo la sustituci\u00f3n de piezas en un plazo de 3 d\u00edas h\u00e1biles.<\/li>\n<\/ul>\n<p><strong>Especificaciones<\/strong><\/p>\n<p><strong>El\u00e9ctricas<\/strong><\/p>\n<ul>\n<li>Fuente de alimentaci\u00f3n bronce con salida m\u00faltiple 250 W Flex ATX 100\/240 V CA, 50\/60 Hz.<\/li>\n<\/ul>\n<p><strong>Mec\u00e1nicas<\/strong><\/p>\n<ul>\n<li>Factor de forma Minitorre de 4 m\u00f3dulos.<\/li>\n<li>Puertos USB 2 USB 2.0 (frontales) 2 USB 3.1 (traseros) 2 USB-C (traseros).<\/li>\n<li>Puertos de red 2 puertos RJ45 Gigabit Ethernet LAN.<\/li>\n<li>Dimensiones (Al. x An. x Pr.) 240 x 210 x 279 mm (9,45 x 8,27 x 11 pulg.).<\/li>\n<li>Peso bruto 6,8 kg (15 libras).<\/li>\n<\/ul>\n<p><strong>Ambientales<\/strong><\/p>\n<ul>\n<li>Temperatura de funcionamiento: De +0 \u00b0C a +40 \u00b0C (de +32 \u00b0F a +104 \u00b0F).<\/li>\n<li>Temperatura de almacenamiento: De -40 \u00b0C a +70 \u00b0C (de -40 \u00b0F a +158 \u00b0F).<\/li>\n<li>Humedad relativa de funcionamiento: Del 8 al 90% (sin condensaci\u00f3n).<\/li>\n<li>Humedad relativa de almacenamiento: De 5 al 95% (sin condensaci\u00f3n).<\/li>\n<\/ul>\n<p><strong>Procesador<\/strong><\/p>\n<ul>\n<li>Procesador Procesador Intel i3-8100 Z\u00f3calo 1 z\u00f3calo de procesador Intel LGA1151 Conjunto de chips Intel Q370.<\/li>\n<\/ul>\n<p><strong>Memoria<\/strong><\/p>\n<ul>\n<li>Tipo de memoria SO-DIMM DDR.<\/li>\n<li>Memoria instalada SO\u2011DIMM 8 GB.<\/li>\n<\/ul>\n<p><strong>Almacenamiento<\/strong><\/p>\n<ul>\n<li>Tipo de almacenamiento 4 bandejas: SATA de 3,5 pulg.<\/li>\n<li>\u00a0DIP-5248GP-4HD: 4 discos duros (8 TB)\u00a0.<\/li>\n<\/ul>\n<p><strong>Gr\u00e1ficos Versi\u00f3n<\/strong><\/p>\n<ul>\n<li>GPU 4 Mini-DisplayPort.<\/li>\n<li>Versi\u00f3n de tarjeta gr\u00e1fica integrada 1 DVI 1 DisplayPort 1 HDMI.<\/li>\n<\/ul>\n<\/div>\n<\/div>\n","protected":false},"excerpt":{"rendered":"<p>DIVAR IP 5000 AIO\/ TARJETA GPU\/ 32TB\/ BVMS HASTA 42 CANALES &nbsp; Resumen del sistema El dispositivo DIVAR IP all-in-one 5000 es una soluci\u00f3n todo en uno asequible y f\u00e1cil de utilizar para grabar, visualizar y gestionar sistemas de vigilancia en red de hasta 42&hellip;<\/p>\n","protected":false},"featured_media":7583,"comment_status":"open","ping_status":"closed","template":"","meta":{"om_disable_all_campaigns":false,"_monsterinsights_skip_tracking":false,"_monsterinsights_sitenote_active":false,"_monsterinsights_sitenote_note":"","_monsterinsights_sitenote_category":0},"product_brand":[],"product_cat":[691],"product_tag":[613,611,612,616,615,610,614,617],"class_list":{"0":"post-7584","1":"product","2":"type-product","3":"status-publish","4":"has-post-thumbnail","6":"product_cat-nvrs-mayores-a-32-canales-nvrs-bosch-video-vigilancia","7":"product_tag-bosch","8":"product_tag-manhattan","9":"product_tag-saxxon","10":"product_tag-surveon","11":"product_tag-utepo","12":"product_tag-videovigilancia","13":"product_tag-vivotek","14":"product_tag-zteco","16":"first","17":"instock","18":"sale","19":"taxable","20":"shipping-taxable","21":"purchasable","22":"product-type-simple"},"aioseo_notices":[],"_links":{"self":[{"href":"https:\/\/tecsecmty.com\/index.php\/wp-json\/wp\/v2\/product\/7584","targetHints":{"allow":["GET"]}}],"collection":[{"href":"https:\/\/tecsecmty.com\/index.php\/wp-json\/wp\/v2\/product"}],"about":[{"href":"https:\/\/tecsecmty.com\/index.php\/wp-json\/wp\/v2\/types\/product"}],"replies":[{"embeddable":true,"href":"https:\/\/tecsecmty.com\/index.php\/wp-json\/wp\/v2\/comments?post=7584"}],"version-history":[{"count":0,"href":"https:\/\/tecsecmty.com\/index.php\/wp-json\/wp\/v2\/product\/7584\/revisions"}],"wp:featuredmedia":[{"embeddable":true,"href":"https:\/\/tecsecmty.com\/index.php\/wp-json\/wp\/v2\/media\/7583"}],"wp:attachment":[{"href":"https:\/\/tecsecmty.com\/index.php\/wp-json\/wp\/v2\/media?parent=7584"}],"wp:term":[{"taxonomy":"product_brand","embeddable":true,"href":"https:\/\/tecsecmty.com\/index.php\/wp-json\/wp\/v2\/product_brand?post=7584"},{"taxonomy":"product_cat","embeddable":true,"href":"https:\/\/tecsecmty.com\/index.php\/wp-json\/wp\/v2\/product_cat?post=7584"},{"taxonomy":"product_tag","embeddable":true,"href":"https:\/\/tecsecmty.com\/index.php\/wp-json\/wp\/v2\/product_tag?post=7584"}],"curies":[{"name":"wp","href":"https:\/\/api.w.org\/{rel}","templated":true}]}}