{"id":7586,"date":"2023-02-23T16:14:48","date_gmt":"2023-02-23T22:14:48","guid":{"rendered":"https:\/\/tecsecmty.com\/index.php\/producto\/bosch-v_dip5248ig4hd-divar-ip-5000-all-in-one-4-hdd-8tb\/"},"modified":"2023-03-22T23:21:44","modified_gmt":"2023-03-23T05:21:44","slug":"bosch-v_dip5248ig4hd-divar-ip-5000-all-in-one-4-hdd-8tb","status":"publish","type":"product","link":"https:\/\/tecsecmty.com\/index.php\/producto\/bosch-v_dip5248ig4hd-divar-ip-5000-all-in-one-4-hdd-8tb\/","title":{"rendered":"BOSCH V_DIP5248IG4HD- DIVAR IP 5000 ALL IN ONE\/4 HDD 8TB"},"content":{"rendered":"<div class=\"row aling-items-center padding-bottom-2x\">\n<div class=\"col-lg-12\">\n<h5 class=\"card-title text-center\">DIVAR IP all-in-one 5000<\/h5>\n<p>Grabador de video todo en uno, con todas las funciones y soluci\u00f3n de gesti\u00f3n para hasta 42 canales<\/p>\n<p>Grabaci\u00f3n de video IP lista para usar con hasta 48 TB (4 x 12 TB) capacidad de almacenamiento preinstalada<\/p>\n<p>Operaci\u00f3n robusta y segura: acceso instant\u00e1neo en tiempo real al video<\/p>\n<p>Gesti\u00f3n avanzada de usuarios y alarmas<\/p>\n<p><img decoding=\"async\" class=\"overview-center-img-web\" src=\"https:\/\/tvc.mx\/media\/176409\/BANNER_CCTV.png\" alt=\"\" \/><\/div>\n<\/div>\n<div class=\"row align-items-center padding-bottom-2x\">\n<div class=\"col-md-5 order-md-2\"><img decoding=\"async\" class=\"d-block m-auto img-thumbnail\" src=\"https:\/\/tvc.mx\/media\/176449\/Sin-t%C3%ADtulo-5zzzz.png\" alt=\" \" \/><\/div>\n<div class=\"col-md-7 order-md-1 text-md-left text-center\">\n<h2>Descripci\u00f3n inicial<\/h2>\n<p class=\"text-muted\">\n<p class=\"ql-align-justify\">El dispositivo DIVAR IP all-in-one 5000 utiliza un dise\u00f1o integrado de bajo consumo que cuenta con calidad Bosch de principio a fin.<\/p>\n<p class=\"ql-align-justify\">F\u00e1cil de instalar y operar, las caracter\u00edsticas del sistema instalaci\u00f3n basada en asistente y configuraci\u00f3n centralizada. Todos<\/p>\n<p class=\"ql-align-justify\">los componentes est\u00e1n preinstalados y con licencia previa. Simplemente<\/p>\n<p class=\"ql-align-justify\">con\u00e9ctese a la red y encienda la unidad<\/p>\n<p class=\"ql-align-justify\">DIVAR IP all-in-one est\u00e1 listo para comenzar a grabar directamente fuera de la caja.<\/p>\n<p class=\"ql-align-justify\">Bosch Video Management System gestiona todas las direcciones IP y video y audio digital, adem\u00e1s de todos los datos de seguridad<\/p>\n<p class=\"ql-align-justify\">transmitido a trav\u00e9s de su red IP. Es sin problemas combina codificadores y c\u00e1maras IP, proporciona gesti\u00f3n de alarmas y eventos en todo el sistema, estado del sistema seguimiento, usuarios y gesti\u00f3n de prioridades.<\/p>\n<p class=\"ql-align-justify\">DIVAR IP all-in-one 5000 cuenta con intercambio frontal, discos duros SATA que proporcionan hasta 48 TB de capacidad de almacenamiento. Todo el software del sistema est\u00e1 preinstalado, listo para usar dispositivo de gesti\u00f3n. DIVAR IP todo-en-uno 5000<\/p>\n<p class=\"ql-align-justify\">utiliza Microsoft Windows Storage Server 2016.<\/p>\n<p class=\"ql-align-justify\">Acceso instant\u00e1neo al video en tiempo real, vea videos HD de alta calidad o incluso UHD a pesar de conexiones de ancho de banda limitado. Transcodificaci\u00f3n din\u00e1mica la tecnolog\u00eda garantiza que pueda ver su video inmediatamente, en cualquier momento y en cualquier lugar. La transcodificaci\u00f3n din\u00e1mica decodifica y vuelve a codificar flujo de datos a un flujo de bits de menor velocidad adaptado al ancho de banda de la conexi\u00f3n. Cuando el video est\u00e1 en pausa, el detalle instant\u00e1neo La funci\u00f3n de mejora muestra instant\u00e1neamente la resoluci\u00f3n de video.<\/p>\n<p>&nbsp;<\/p>\n<\/div>\n<\/div>\n<hr class=\"padding-bottom-2x\" \/>\n<div class=\"row align-items-center padding-bottom-2x\">\n<div class=\"col-md-5\"><img decoding=\"async\" class=\"d-block m-auto img-thumbnail\" src=\"https:\/\/tvc.mx\/media\/176457\/Sin-t%C3%ADtulo-6uuuu.png\" alt=\" \" \/><\/div>\n<div class=\"col-md-7 text-md-left text-center\">\n<h2>Caracter\u00edsticas y Especificaciones<\/h2>\n<p class=\"text-muted\">\n<p>Modos de operaci\u00f3n<\/p>\n<p>DIVAR IP all-in-one 5000 puede funcionar en tres diferentes<\/p>\n<p>modos:<\/p>\n<p>\u2022 Sistema de gesti\u00f3n y grabaci\u00f3n de v\u00eddeo completo, utilizando el n\u00facleo de BVMS y Video Recording Manager componentes y servicios. Este modo permite funciones avanzadas de gesti\u00f3n de v\u00eddeo, como eventos y manejo de alarmas. Una licencia b\u00e1sica con 8 incluidas<\/p>\n<p>Los canales de c\u00e1mara ya tienen licencia previa. Usted puede ampliar el sistema hasta 32 canales con una licencia MBVBLIT-DIP y m\u00e1s hasta 42 canales con licencias adicionales de 1 canal (MBV-1CHAN-DIP). Las transmisiones de video grabadas deben configurarse en un de manera que el ancho de banda m\u00e1ximo del sistema (Sistema base BVMS \/ Video Recording Manager m\u00e1s<\/p>\n<p>expansiones de almacenamiento iSCSI).<\/p>\n<p>\u2022 Sistema de grabaci\u00f3n de video puro, utilizando componentes principales de Video Recording Manager y servicios. En este modo 32 Video Recording Manager. Los canales de grabaci\u00f3n de c\u00e1maras ya tienen licencia previa. Puede ampliar el sistema hasta 42 canales con las licencias de canal de Video Recording Manager enumeradas en la informaci\u00f3n de pedido. El video grabado Las transmisiones deben configurarse de manera que el ancho de banda m\u00e1ximo del sistema (BVMS \/ Sistema b\u00e1sico de Video Recording Manager m\u00e1s iSCSI expansiones de almacenamiento) no se excede.<\/p>\n<p>\u2022 Expansi\u00f3n de almacenamiento iSCSI para BVMS o el sistema Video Recording Manager, que se ejecuta en un hardware diferente. Hasta dos de estos almacenamiento iSCSI<\/p>\n<p>Las expansiones se pueden agregar a un BVMS o el sistema Video Recording Manager se ejecuta en un DIVAR IP todo-en-uno 5000.<\/p>\n<\/div>\n<\/div>\n","protected":false},"excerpt":{"rendered":"<p>DIVAR IP all-in-one 5000 Grabador de video todo en uno, con todas las funciones y soluci\u00f3n de gesti\u00f3n para hasta 42 canales Grabaci\u00f3n de video IP lista para usar con hasta 48 TB (4 x 12 TB) capacidad de almacenamiento preinstalada Operaci\u00f3n robusta y segura:&hellip;<\/p>\n","protected":false},"featured_media":7585,"comment_status":"open","ping_status":"closed","template":"","meta":{"om_disable_all_campaigns":false,"_monsterinsights_skip_tracking":false,"_monsterinsights_sitenote_active":false,"_monsterinsights_sitenote_note":"","_monsterinsights_sitenote_category":0},"product_brand":[],"product_cat":[691],"product_tag":[613,611,612,616,615,610,614,617],"class_list":{"0":"post-7586","1":"product","2":"type-product","3":"status-publish","4":"has-post-thumbnail","6":"product_cat-nvrs-mayores-a-32-canales-nvrs-bosch-video-vigilancia","7":"product_tag-bosch","8":"product_tag-manhattan","9":"product_tag-saxxon","10":"product_tag-surveon","11":"product_tag-utepo","12":"product_tag-videovigilancia","13":"product_tag-vivotek","14":"product_tag-zteco","16":"first","17":"instock","18":"sale","19":"taxable","20":"shipping-taxable","21":"purchasable","22":"product-type-simple"},"aioseo_notices":[],"_links":{"self":[{"href":"https:\/\/tecsecmty.com\/index.php\/wp-json\/wp\/v2\/product\/7586","targetHints":{"allow":["GET"]}}],"collection":[{"href":"https:\/\/tecsecmty.com\/index.php\/wp-json\/wp\/v2\/product"}],"about":[{"href":"https:\/\/tecsecmty.com\/index.php\/wp-json\/wp\/v2\/types\/product"}],"replies":[{"embeddable":true,"href":"https:\/\/tecsecmty.com\/index.php\/wp-json\/wp\/v2\/comments?post=7586"}],"version-history":[{"count":0,"href":"https:\/\/tecsecmty.com\/index.php\/wp-json\/wp\/v2\/product\/7586\/revisions"}],"wp:featuredmedia":[{"embeddable":true,"href":"https:\/\/tecsecmty.com\/index.php\/wp-json\/wp\/v2\/media\/7585"}],"wp:attachment":[{"href":"https:\/\/tecsecmty.com\/index.php\/wp-json\/wp\/v2\/media?parent=7586"}],"wp:term":[{"taxonomy":"product_brand","embeddable":true,"href":"https:\/\/tecsecmty.com\/index.php\/wp-json\/wp\/v2\/product_brand?post=7586"},{"taxonomy":"product_cat","embeddable":true,"href":"https:\/\/tecsecmty.com\/index.php\/wp-json\/wp\/v2\/product_cat?post=7586"},{"taxonomy":"product_tag","embeddable":true,"href":"https:\/\/tecsecmty.com\/index.php\/wp-json\/wp\/v2\/product_tag?post=7586"}],"curies":[{"name":"wp","href":"https:\/\/api.w.org\/{rel}","templated":true}]}}