{"id":7588,"date":"2023-02-23T16:14:51","date_gmt":"2023-02-23T22:14:51","guid":{"rendered":"https:\/\/tecsecmty.com\/index.php\/producto\/bosch-v_dip524cgp4hd-divar-ip-5000-all-in-one-tarjeta-grafica-gpu-4-hdd-12tb\/"},"modified":"2023-03-22T23:21:45","modified_gmt":"2023-03-23T05:21:45","slug":"bosch-v_dip524cgp4hd-divar-ip-5000-all-in-one-tarjeta-grafica-gpu-4-hdd-12tb","status":"publish","type":"product","link":"https:\/\/tecsecmty.com\/index.php\/producto\/bosch-v_dip524cgp4hd-divar-ip-5000-all-in-one-tarjeta-grafica-gpu-4-hdd-12tb\/","title":{"rendered":"BOSCH V_DIP524CGP4HD- DIVAR IP 5000 ALL IN ONE\/ TARJETA GRAFICA GPU\/ 4 HDD 12TB"},"content":{"rendered":"<div class=\"row aling-items-center padding-bottom-2x\">\n<div class=\"col-lg-12\">\n<h5 class=\"card-title text-center\">DIVAR IP 5000 ALL IN ONE<\/h5>\n<p>Grabaci\u00f3n de video todo en uno, con todas las funciones y soluci\u00f3n de gesti\u00f3n para hasta 42 canales<\/p>\n<p>Grabaci\u00f3n de video IP lista para usar con hasta 48 TB (4 x 12 TB) capacidad de almacenamiento preinstalada<\/p>\n<p>Operaci\u00f3n robusta y segura: acceso instant\u00e1neo en tiempo real al video<\/p>\n<p>Gesti\u00f3n avanzada de usuarios y alarmas<\/p>\n<p>3 a\u00f1os de garant\u00eda, incluido el reemplazo de piezas dentro<\/p>\n<p>Servicios de 3 d\u00edas h\u00e1biles<\/p>\n<p><img decoding=\"async\" class=\"overview-center-img-web\" src=\"https:\/\/tvc.mx\/media\/195035\/BANNER_CCTV.png\" alt=\"\" \/><\/div>\n<\/div>\n<div class=\"row align-items-center padding-bottom-2x\">\n<div class=\"col-md-5 order-md-2\"><img decoding=\"async\" class=\"d-block m-auto img-thumbnail\" src=\"https:\/\/tvc.mx\/media\/195187\/Sin-t%C3%ADtulo-5zzzz.png\" alt=\" \" \/><\/div>\n<div class=\"col-md-7 order-md-1 text-md-left text-center\">\n<h2>Descripci\u00f3n inicial<\/h2>\n<p class=\"text-muted\">\n<p class=\"ql-align-justify\">El dispositivo DIVAR IP all-in-one 5000 es asequible y f\u00e1cil de usar grabaci\u00f3n, visualizaci\u00f3n y soluci\u00f3n de gesti\u00f3n para sistemas de vigilancia en red de hasta 42 canales (con 8 canales con licencia previa).<\/p>\n<p>Ejecutando la soluci\u00f3n BVMS completa y con la tecnolog\u00eda de Bosch Video Recording Manager, incluido el Video Streaming Gateway para integrar de terceros c\u00e1maras, es una gesti\u00f3n de v\u00eddeo IP inteligente y dispositivo de almacenamiento.<\/p>\n<p>DIVAR IP all-in-one 5000 es una unidad de minitorre de 4 bah\u00edas que combina la gesti\u00f3n avanzada y el estado de la t\u00e9cnica<\/p>\n<p>gesti\u00f3n de grabaciones en una \u00fanica y rentable<\/p>\n<p class=\"ql-align-justify\">Dispositivo de grabaci\u00f3n de IP plug and play para personas con mentalidad de clientes TI.<\/p>\n<p>&nbsp;<\/p>\n<\/div>\n<\/div>\n<hr class=\"padding-bottom-2x\" \/>\n<div class=\"row align-items-center padding-bottom-2x\">\n<div class=\"col-md-5\"><img decoding=\"async\" class=\"d-block m-auto img-thumbnail\" src=\"https:\/\/tvc.mx\/media\/195431\/divar400x300.png\" alt=\" \" \/><\/div>\n<div class=\"col-md-7 text-md-left text-center\">\n<h2>Caracter\u00edsticas y Especificaciones<\/h2>\n<p class=\"text-muted\">\n<p>DIVAR IP all-in-one 5000 cuenta con intercambio frontal Discos duros SATA que proporcionan hasta 48 TB de capacidad de almacenamiento. Todo el software del sistema est\u00e1 preinstalado: crear un video listo para usar listo para usar dispositivo de gesti\u00f3n. DIVAR IP todo-en-uno 5000 utiliza Microsoft Windows Storage Server 2016 (64- un poco).<\/p>\n<p><strong>Acceso instant\u00e1neo al video en tiempo real<\/strong><\/p>\n<p>Vea videos HD de alta calidad o incluso UHD a pesar de conexiones de ancho de banda limitado. Transcodificaci\u00f3n din\u00e1mica<\/p>\n<p>la tecnolog\u00eda garantiza que pueda ver su video inmediatamente, en cualquier momento y en cualquier lugar. La transcodificaci\u00f3n din\u00e1mica decodifica y vuelve a codificar flujo de datos a un flujo de bits de menor velocidad adaptado al ancho de banda de la conexi\u00f3n. Cuando el video est\u00e1 en pausa, el detalle instant\u00e1neo La funci\u00f3n de mejora muestra instant\u00e1neamente la resoluci\u00f3n de video.<\/p>\n<p><strong>Gesti\u00f3n<\/strong><\/p>\n<p>Una vez iniciado, el sistema ofrecer\u00e1 acceso a la aplicaci\u00f3n de gesti\u00f3n BVMS a trav\u00e9s de un GUI personalizado. La capacidad de utilizar una GUI central para la gesti\u00f3n de configuraci\u00f3n y operaci\u00f3n reduce requisitos de instalaci\u00f3n y formaci\u00f3n, y ayuda a mantener<\/p>\n<p>costes de gesti\u00f3n del sistema en curso bajos.<\/p>\n<p><strong>Vista remota<\/strong><\/p>\n<p>Para la visualizaci\u00f3n remota de un solo DIVAR IP todo en uno sistema, BVMS Operator Client est\u00e1 incluido. Para m\u00faltiples sistemas, agr\u00e9guelos a BVMS Enterprise Servidor de administraci\u00f3n. Alternativamente, use la aplicaci\u00f3n Video Security para control remoto.<\/p>\n<p>visualizaci\u00f3n desde dispositivos m\u00f3viles.<\/p>\n<p>Calidad Bosch<\/p>\n<p>Bosch somete todos sus productos al m\u00e1ximo bater\u00eda completa y rigurosa de calidad pruebas de resistencia en la industria. Nuestra grabaci\u00f3n los productos est\u00e1n sujetos a temperaturas extremas, voltajes y vibraciones para determinar un funcionamiento confiable<\/p>\n<p class=\"ql-align-justify\">l\u00edmites, por lo que puede estar seguro de una fiabilidad a largo plazo operaci\u00f3n. Y Bosch respalda firmemente cada producto que vende con una garant\u00eda de 3 a\u00f1os de principio a fin respaldado por soporte t\u00e9cnico.<\/p>\n<\/div>\n<\/div>\n","protected":false},"excerpt":{"rendered":"<p>DIVAR IP 5000 ALL IN ONE Grabaci\u00f3n de video todo en uno, con todas las funciones y soluci\u00f3n de gesti\u00f3n para hasta 42 canales Grabaci\u00f3n de video IP lista para usar con hasta 48 TB (4 x 12 TB) capacidad de almacenamiento preinstalada Operaci\u00f3n robusta&hellip;<\/p>\n","protected":false},"featured_media":7587,"comment_status":"open","ping_status":"closed","template":"","meta":{"om_disable_all_campaigns":false,"_monsterinsights_skip_tracking":false,"_monsterinsights_sitenote_active":false,"_monsterinsights_sitenote_note":"","_monsterinsights_sitenote_category":0},"product_brand":[],"product_cat":[691],"product_tag":[613,611,612,616,615,610,614,617],"class_list":{"0":"post-7588","1":"product","2":"type-product","3":"status-publish","4":"has-post-thumbnail","6":"product_cat-nvrs-mayores-a-32-canales-nvrs-bosch-video-vigilancia","7":"product_tag-bosch","8":"product_tag-manhattan","9":"product_tag-saxxon","10":"product_tag-surveon","11":"product_tag-utepo","12":"product_tag-videovigilancia","13":"product_tag-vivotek","14":"product_tag-zteco","16":"first","17":"instock","18":"sale","19":"taxable","20":"shipping-taxable","21":"purchasable","22":"product-type-simple"},"aioseo_notices":[],"_links":{"self":[{"href":"https:\/\/tecsecmty.com\/index.php\/wp-json\/wp\/v2\/product\/7588","targetHints":{"allow":["GET"]}}],"collection":[{"href":"https:\/\/tecsecmty.com\/index.php\/wp-json\/wp\/v2\/product"}],"about":[{"href":"https:\/\/tecsecmty.com\/index.php\/wp-json\/wp\/v2\/types\/product"}],"replies":[{"embeddable":true,"href":"https:\/\/tecsecmty.com\/index.php\/wp-json\/wp\/v2\/comments?post=7588"}],"version-history":[{"count":0,"href":"https:\/\/tecsecmty.com\/index.php\/wp-json\/wp\/v2\/product\/7588\/revisions"}],"wp:featuredmedia":[{"embeddable":true,"href":"https:\/\/tecsecmty.com\/index.php\/wp-json\/wp\/v2\/media\/7587"}],"wp:attachment":[{"href":"https:\/\/tecsecmty.com\/index.php\/wp-json\/wp\/v2\/media?parent=7588"}],"wp:term":[{"taxonomy":"product_brand","embeddable":true,"href":"https:\/\/tecsecmty.com\/index.php\/wp-json\/wp\/v2\/product_brand?post=7588"},{"taxonomy":"product_cat","embeddable":true,"href":"https:\/\/tecsecmty.com\/index.php\/wp-json\/wp\/v2\/product_cat?post=7588"},{"taxonomy":"product_tag","embeddable":true,"href":"https:\/\/tecsecmty.com\/index.php\/wp-json\/wp\/v2\/product_tag?post=7588"}],"curies":[{"name":"wp","href":"https:\/\/api.w.org\/{rel}","templated":true}]}}