{"id":7600,"date":"2023-02-23T16:15:06","date_gmt":"2023-02-23T22:15:06","guid":{"rendered":"https:\/\/tecsecmty.com\/index.php\/producto\/bosch-v_dip71f000n-divar-ip-7000-de-3u-no-incluye-hdd\/"},"modified":"2023-03-22T23:21:45","modified_gmt":"2023-03-23T05:21:45","slug":"bosch-v_dip71f000n-divar-ip-7000-de-3u-no-incluye-hdd","status":"publish","type":"product","link":"https:\/\/tecsecmty.com\/index.php\/producto\/bosch-v_dip71f000n-divar-ip-7000-de-3u-no-incluye-hdd\/","title":{"rendered":"BOSCH V_DIP71F000N. DIVAR IP 7000 DE 3U\/ NO INCLUYE HDD"},"content":{"rendered":"<h5 class=\"card-title text-center\">Dispositivo DIP-71F0-00N, sin HDD<\/h5>\n<p class=\"ql-align-justify\"><strong>La familia DIVAR IP 7000<\/strong>\u00a0e<strong>s una soluci\u00f3n todo en uno asequible, f\u00e1cil de utilizar y fiable de grabaci\u00f3n, visualizaci\u00f3n y gesti\u00f3n para sistemas de vigilancia en red de hasta 128 canales (con 32 canales con licencia previa).<\/strong>\u00a0Cuando se combina con la soluci\u00f3n completa Bosch Video Management System y el software Video Recording Manager de Bosch, DIVAR IP 7000 es un dispositivo de almacenamiento IP inteligente que elimina la necesidad de disponer de hardware de almacenamiento y servidor NVR (Network Video Recorder) independientes, reduciendo el coste total de propiedad en hasta un 45 %. DIVAR IP 7000 3U es una unidad con montaje en rack 3HU que combina gesti\u00f3n avanzada y gesti\u00f3n de grabaciones de vanguardia en un \u00fanico dispositivo de grabaci\u00f3n IP Plug and Play rentable dise\u00f1ado para clientes que buscan soluciones de TI.<\/p>\n<p class=\"ql-align-justify\"><strong>Resumen del sistema<\/strong><\/p>\n<p class=\"ql-align-justify\">La familia DIVAR IP 7000 utiliza un dise\u00f1o integrado con uso eficiente de la energ\u00eda que reduce los posibles puntos de fallo y ofrece la calidad total de Bosch. El uso de discos duros de altas prestaciones en configuraci\u00f3n RAID-5 con tolerancia a fallos, interfaz de red Gigabit Ethernet de dos puertos, memoria del sistema de 8 GB y un procesador Intel Xeon Quad Core permite al dispositivo proporcionar un rendimiento de gama alta a un precio muy razonable. El sistema, f\u00e1cil de instalar y usar, se puede configurar con un asistente y dispone de configuraci\u00f3n centralizada. Todos los componentes est\u00e1n preinstalados y cuentan con licencia previa. El sistema DIVAR IP est\u00e1 listo para empezar a grabar desde el primer momento, solo tiene que conectarlo a la red y encenderlo. Bosch Video Management System gestiona enteramente todos los sistemas de audio y v\u00eddeo digitales e IP, adem\u00e1s de todos los datos de seguridad que se transmiten a trav\u00e9s de su red IP. Combina perfectamente c\u00e1maras\u00a0<strong>IP\u00a0<\/strong>y codificadores, proporciona gesti\u00f3n de alarmas y eventos del sistema, control del estado del sistema y gesti\u00f3n de prioridad y usuario.<\/p>\n<p class=\"ql-align-justify\"><strong>Funciones b\u00e1sicas<\/strong><\/p>\n<p class=\"ql-align-justify\">DIVAR IP 7000 3U cuenta con fuentes de alimentaci\u00f3n redundantes e intercambiables en caliente de alta eficiencia energ\u00e9tica y discos duros SATA-3 reemplazables desde la parte frontal que proporcionan hasta 128 TB de capacidad de almacenamiento bruta. Todo el software del sistema est\u00e1 preinstalado y preactivado, lo que lo convierte en un dispositivo de gesti\u00f3n de v\u00eddeo listo para usar desde el primer momento. Utiliza Microsoft Windows Storage Server 2012 R2.<\/p>\n<p class=\"ql-align-justify\">Acceso inmediato en tiempo real a v\u00eddeo<\/p>\n<p class=\"ql-align-justify\">Disfrute de v\u00eddeo HD de alta calidad e incluso de v\u00eddeo UHD aunque la conexi\u00f3n tenga un ancho de banda bajo o limitado. La tecnolog\u00eda Dynamic Transcoding garantiza que puede ver sus v\u00eddeos de inmediato, en cualquier momento y en cualquier lugar. El transcodificador integrado admite hasta 4 flujos de v\u00eddeo de resoluci\u00f3n UHD en paralelo.<\/p>\n<p class=\"ql-align-justify\"><strong>Gesti\u00f3n<\/strong><\/p>\n<p class=\"ql-align-justify\">Una vez iniciado el sistema, dispondr\u00e1 de acceso inmediato a la aplicaci\u00f3n de gesti\u00f3n\u00a0<strong>Bosch\u00a0<\/strong>Video Management System mediante una interfaz de usuario personalizada. La capacidad de utilizar una interfaz de usuario central para configurar y gestionar operaciones reduce los requisitos de instalaci\u00f3n y formaci\u00f3n, y ayuda a mantener unos costes bajos de la gesti\u00f3n del sistema.<\/p>\n<p class=\"ql-align-justify\"><strong>Visualizaci\u00f3n remota<\/strong><\/p>\n<p class=\"ql-align-justify\">Para la visualizaci\u00f3n remota de un solo sistema DIVAR IP, se incluye Bosch VMS Operator Client. Si tiene varios sistemas, agr\u00e9guelos a Bosch VMS Enterprise Management Server. Tambi\u00e9n puede utilizar Video Security Client para la visualizaci\u00f3n de v\u00eddeo en una estaci\u00f3n de trabajo independiente o un dispositivo m\u00f3vil.<\/p>\n<p class=\"ql-align-justify\"><strong>Control<\/strong><\/p>\n<p class=\"ql-align-justify\">La familia DIVAR IP 7000 proporciona compatibilidad con SNMP, escritorio remoto y supervisi\u00f3n HTTP para el hardware del sistema y para las aplicaciones de gesti\u00f3n de v\u00eddeo. La mayor fiabilidad del hardware de alta disponibilidad, el dise\u00f1o integrado y el control y la gesti\u00f3n de to<strong>do el sistema\u00a0<\/strong>garantizan el m\u00e1ximo tiempo de funcionamiento.<\/p>\n<p><strong>Nota: Dispositivo DIP-71F0-00N, sin HDD<\/strong><\/p>\n<p><strong>Soluci\u00f3n de grabaci\u00f3n, visualizaci\u00f3n y gesti\u00f3n todo en uno para sistemas de vigilancia en red para hasta 128 canales y sin HDD.<\/strong><\/p>\n<p><strong>N\u00famero de pedido: DIP-71F0-00N<\/strong><\/p>\n<p class=\"ql-align-justify\"><strong>Principales Caracter\u00edsticas<\/strong><\/p>\n<ul>\n<li class=\"ql-align-justify\">Soluci\u00f3n de gesti\u00f3n de v\u00eddeo todo en uno con protecci\u00f3n RAID-5 (configuraci\u00f3n est\u00e1ndar) para un m\u00e1ximo de 128 canales.<\/li>\n<li class=\"ql-align-justify\">Soluci\u00f3n de gesti\u00f3n de v\u00eddeo IP lista para usar con una capacidad de almacenamiento de 128 TB.<\/li>\n<li class=\"ql-align-justify\">Acceso inmediato a lo que se est\u00e1 buscando.<\/li>\n<li class=\"ql-align-justify\">Gesti\u00f3n avanzada de alarmas y usuarios.<\/li>\n<li class=\"ql-align-justify\">Garant\u00eda de 3 a\u00f1os que incluye asistencia al siguiente d\u00eda laborable.<\/li>\n<\/ul>\n<p class=\"ql-align-justify\"><strong>Especificaciones<\/strong><\/p>\n<p class=\"ql-align-justify\"><strong>El\u00e9ctrico<\/strong><\/p>\n<ul>\n<li class=\"ql-align-justify\">Tensi\u00f3n de entrada de C De 100 a 240 V\/50 a 60 Hz.<\/li>\n<li class=\"ql-align-justify\">Entrada el\u00e9ctrica de: 140 VCA.<\/li>\n<li class=\"ql-align-justify\">Corriente de entrada: 3,3 A.<\/li>\n<li class=\"ql-align-justify\">Potencia de salida real desde fuente de alimentaci\u00f3n 413,9 W.<\/li>\n<li class=\"ql-align-justify\">Eficiencia de alimentaci\u00f3n 92%.<\/li>\n<li class=\"ql-align-justify\">Consumo de energ\u00eda* 449,9 W.<\/li>\n<li class=\"ql-align-justify\">BTU\/h totales 1535.4.<\/li>\n<li class=\"ql-align-justify\">Factor de alimentaci\u00f3n 0.98.<\/li>\n<li class=\"ql-align-justify\">Requisito de VA de entrada de CA del sistema.<\/li>\n<\/ul>\n<p class=\"ql-align-justify\"><strong>Entrada el\u00e9ctrica de 240 VCA<\/strong><\/p>\n<ul>\n<li class=\"ql-align-justify\">Corriente de entrada 1,9 A.<\/li>\n<li class=\"ql-align-justify\">Potencia de salida real desde fuente de alimentaci\u00f3n 413,9 W.<\/li>\n<li class=\"ql-align-justify\">Eficiencia de alimentaci\u00f3n 94%.<\/li>\n<li class=\"ql-align-justify\">Consumo de energ\u00eda* 440,3 W.<\/li>\n<li class=\"ql-align-justify\">BTU\/h totales 1502.7.<\/li>\n<li class=\"ql-align-justify\">Factor de alimentaci\u00f3n 0.96.<\/li>\n<li class=\"ql-align-justify\">Requisito de VA de entrada de CA del sistema 458,6 VA.<\/li>\n<\/ul>\n<p class=\"ql-align-justify\"><strong>Mec\u00e1nicas<\/strong><\/p>\n<ul>\n<li class=\"ql-align-justify\">Factor de forma Montaje en rack 3HU.<\/li>\n<li class=\"ql-align-justify\">Fuente de alimentaci\u00f3n 1200 W redundante de nivel Platinum.<\/li>\n<li class=\"ql-align-justify\">Puertos USB Parte frontal: 2 puertos USB 2.0.<\/li>\n<li class=\"ql-align-justify\">Parte trasera: 2 puertos USB 2.0, 2 puertos USB 3.0 Red LAN Gigabit Intel i210AT doble (asociada) 1 puerto IPMI BMC.<\/li>\n<li class=\"ql-align-justify\">Dimensiones (Al. x An. x Pr.) 132 x 437 x 648 mm (5,2 x 17,2 x 25,5 pulg.).<\/li>\n<li class=\"ql-align-justify\">Peso 32,7 kg (72 libras).<\/li>\n<\/ul>\n<p class=\"ql-align-justify\"><strong>Ambientales<\/strong><\/p>\n<ul>\n<li class=\"ql-align-justify\">Temperatura de funcionamiento: De +10 \u00b0C a +35 \u00b0C (de +50 \u00b0F a +95 \u00b0F).<\/li>\n<li class=\"ql-align-justify\">Temperatura de almacenamiento: De -40 \u00b0C a +70 \u00b0C (de -40 \u00b0F a +158 \u00b0F).<\/li>\n<li class=\"ql-align-justify\">Humedad relativa de funcionamiento: Del 8 al 90% (sin condensaci\u00f3n).<\/li>\n<li class=\"ql-align-justify\">Humedad relativa de almacenamiento: De 5 al 95% (sin condensaci\u00f3n).<\/li>\n<\/ul>\n<p class=\"ql-align-justify\"><strong>Procesador<\/strong><\/p>\n<ul>\n<li class=\"ql-align-justify\">Procesador Procesador Intel Xeon E3-1275 V3 (8 MB de cach\u00e9, 3,5 GHz).<\/li>\n<li class=\"ql-align-justify\">Z\u00f3calo 1.<\/li>\n<li class=\"ql-align-justify\">Memoria cach\u00e9 Cach\u00e9 inteligente Intel de 8 MB.<\/li>\n<li class=\"ql-align-justify\">Protecci\u00f3n de memoria Memoria sin b\u00fafer ECC.<\/li>\n<li class=\"ql-align-justify\">Bus frontal m\u00e1x. 1600 MHz.<\/li>\n<\/ul>\n<p class=\"ql-align-justify\"><strong>Memoria<\/strong><\/p>\n<ul>\n<li class=\"ql-align-justify\">Memoria instalada UNB DDR3-1666 ECC de 8 GB (1 x 8 GB).<\/li>\n<\/ul>\n<p class=\"ql-align-justify\"><strong>Almacenamiento<\/strong><\/p>\n<p class=\"ql-align-justify\"><strong>Tipo de almacenamiento 16 bandejas: SATA de 3,5 pulg.<\/strong><\/p>\n<p class=\"ql-align-justify\">Discos duros instalados:<\/p>\n<p class=\"ql-align-justify\">SATA-3, 7200 RPM, 64 MB, 3,5 pulg., configuraci\u00f3n RAID-5 (predeterminada)<\/p>\n<ul>\n<li class=\"ql-align-justify\">DIP-71F4-16HD: 16 x 4 TB.<\/li>\n<\/ul>\n<p><img decoding=\"async\" class=\"overview-center-img-web\" src=\"https:\/\/tvc.mx\/media\/32859\/Logoopaginas-oficial-1920x400.png\" alt=\"\" \/><\/p>\n","protected":false},"excerpt":{"rendered":"<p>Dispositivo DIP-71F0-00N, sin HDD La familia DIVAR IP 7000\u00a0es una soluci\u00f3n todo en uno asequible, f\u00e1cil de utilizar y fiable de grabaci\u00f3n, visualizaci\u00f3n y gesti\u00f3n para sistemas de vigilancia en red de hasta 128 canales (con 32 canales con licencia previa).\u00a0Cuando se combina con la&hellip;<\/p>\n","protected":false},"featured_media":7599,"comment_status":"open","ping_status":"closed","template":"","meta":{"om_disable_all_campaigns":false,"_monsterinsights_skip_tracking":false,"_monsterinsights_sitenote_active":false,"_monsterinsights_sitenote_note":"","_monsterinsights_sitenote_category":0},"product_brand":[],"product_cat":[691],"product_tag":[613,611,612,616,615,610,614,617],"class_list":{"0":"post-7600","1":"product","2":"type-product","3":"status-publish","4":"has-post-thumbnail","6":"product_cat-nvrs-mayores-a-32-canales-nvrs-bosch-video-vigilancia","7":"product_tag-bosch","8":"product_tag-manhattan","9":"product_tag-saxxon","10":"product_tag-surveon","11":"product_tag-utepo","12":"product_tag-videovigilancia","13":"product_tag-vivotek","14":"product_tag-zteco","16":"first","17":"instock","18":"sale","19":"taxable","20":"shipping-taxable","21":"purchasable","22":"product-type-simple"},"aioseo_notices":[],"_links":{"self":[{"href":"https:\/\/tecsecmty.com\/index.php\/wp-json\/wp\/v2\/product\/7600","targetHints":{"allow":["GET"]}}],"collection":[{"href":"https:\/\/tecsecmty.com\/index.php\/wp-json\/wp\/v2\/product"}],"about":[{"href":"https:\/\/tecsecmty.com\/index.php\/wp-json\/wp\/v2\/types\/product"}],"replies":[{"embeddable":true,"href":"https:\/\/tecsecmty.com\/index.php\/wp-json\/wp\/v2\/comments?post=7600"}],"version-history":[{"count":0,"href":"https:\/\/tecsecmty.com\/index.php\/wp-json\/wp\/v2\/product\/7600\/revisions"}],"wp:featuredmedia":[{"embeddable":true,"href":"https:\/\/tecsecmty.com\/index.php\/wp-json\/wp\/v2\/media\/7599"}],"wp:attachment":[{"href":"https:\/\/tecsecmty.com\/index.php\/wp-json\/wp\/v2\/media?parent=7600"}],"wp:term":[{"taxonomy":"product_brand","embeddable":true,"href":"https:\/\/tecsecmty.com\/index.php\/wp-json\/wp\/v2\/product_brand?post=7600"},{"taxonomy":"product_cat","embeddable":true,"href":"https:\/\/tecsecmty.com\/index.php\/wp-json\/wp\/v2\/product_cat?post=7600"},{"taxonomy":"product_tag","embeddable":true,"href":"https:\/\/tecsecmty.com\/index.php\/wp-json\/wp\/v2\/product_tag?post=7600"}],"curies":[{"name":"wp","href":"https:\/\/api.w.org\/{rel}","templated":true}]}}