{"id":7604,"date":"2023-02-23T16:15:11","date_gmt":"2023-02-23T22:15:11","guid":{"rendered":"https:\/\/tecsecmty.com\/index.php\/producto\/bosch-v_dip728000n-divar-ip-7000-aio-2u-hasta-256-canales\/"},"modified":"2023-03-22T23:21:45","modified_gmt":"2023-03-23T05:21:45","slug":"bosch-v_dip728000n-divar-ip-7000-aio-2u-hasta-256-canales","status":"publish","type":"product","link":"https:\/\/tecsecmty.com\/index.php\/producto\/bosch-v_dip728000n-divar-ip-7000-aio-2u-hasta-256-canales\/","title":{"rendered":"BOSCH V_DIP728000N- DIVAR IP 7000 AIO\/ 2U\/ HASTA 256 CANALES"},"content":{"rendered":"<div class=\"row aling-items-center padding-bottom-2x\">\n<div class=\"col-lg-12\">\n<h5 class=\"card-title text-center\">dip-7280-00n<\/h5>\n<p>dip-7280-00n<\/p>\n<p><img decoding=\"async\" class=\"overview-center-img-web\" src=\"https:\/\/tvc.mx\/media\/176565\/BANNER_CCTV.png\" alt=\"\" \/><\/div>\n<\/div>\n<div class=\"row align-items-center padding-bottom-2x\">\n<div class=\"col-md-5 order-md-2\"><img decoding=\"async\" class=\"d-block m-auto img-thumbnail\" src=\"https:\/\/tvc.mx\/media\/176745\/Sin-t%C3%ADtulo-1www.png\" alt=\" \" \/><\/div>\n<div class=\"col-md-7 order-md-1 text-md-left text-center\">\n<h2>Descripci\u00f3n inicial<\/h2>\n<p class=\"text-muted\">\n<p>La familia DIVAR IP all-in-one 7000 es asequible, grabaci\u00f3n, visualizaci\u00f3n y visualizaci\u00f3n todo en uno simple y confiable<\/p>\n<p>soluci\u00f3n de gesti\u00f3n para sistemas de vigilancia en red de hasta 256 canales (con 8 canales con licencia previa).<\/p>\n<p>Ejecutando la soluci\u00f3n BVMS completa y con la tecnolog\u00eda de software Video Recording Manager de Bosch,<\/p>\n<p>DIVAR IP all-in-one 7000 es un video IP inteligente<\/p>\n<p>Dispositivo de gesti\u00f3n y almacenamiento.<\/p>\n<p>DIVAR IP all-in-one 7000 2U es una unidad de montaje en rack de 2HU que combina la gesti\u00f3n avanzada y la gesti\u00f3n de grabaciones de vanguardia en una \u00fanica y rentable<\/p>\n<p>Dispositivo de grabaci\u00f3n de IP plug-and-play para TI<\/p>\n<p>clientes.<\/p>\n<p>&nbsp;<\/p>\n<\/div>\n<\/div>\n<hr class=\"padding-bottom-2x\" \/>\n<div class=\"row align-items-center padding-bottom-2x\">\n<div class=\"col-md-5\"><img decoding=\"async\" class=\"d-block m-auto img-thumbnail\" src=\"https:\/\/tvc.mx\/media\/176761\/Sin-t%C3%ADtulo-2xxxx.png\" alt=\" \" \/><\/div>\n<div class=\"col-md-7 text-md-left text-center\">\n<h2>Caracter\u00edsticas y Especificaciones<\/h2>\n<p class=\"text-muted\">\n<p><strong>Funciones<\/strong><\/p>\n<p>Las unidades DIVAR IP all-in-one 7000 2U cuentan con fuentes de alimentaci\u00f3n redundantes intercambiables en caliente de bajo consumo,as\u00ed como discos duros SATA-3 intercambiables en la parte frontal proporcionando hasta 96 TB de capacidad de almacenamiento bruta. Todos El software del sistema est\u00e1 preinstalado, lo que crea un dispositivo de administraci\u00f3n de video listo para usar. Las unidades DIVAR IP all-in-one 7000 2U utilizan Microsoft Windows Storage Server 2016.<\/p>\n<p><strong>Acceso instant\u00e1neo al video en tiempo real<\/strong><\/p>\n<p>Vea videos HD de alta calidad e incluso UHD a pesar de los bajos<\/p>\n<p>o conexiones de ancho de banda limitado. La tecnolog\u00eda de transcodificaci\u00f3n din\u00e1mica garantiza que pueda ver<\/p>\n<p>su video de inmediato, en cualquier momento y en cualquier lugar. El transcodificador integrado admite hasta 4 x UHD<\/p>\n<p>secuencias de v\u00eddeo de resoluci\u00f3n en paralelo.<\/p>\n<p><strong>Administraci\u00f3n<\/strong><\/p>\n<p>Una vez iniciado, el sistema ofrecer\u00e1 acceso a la aplicaci\u00f3n de gesti\u00f3n BVMS a trav\u00e9s de un GUI personalizado. La capacidad de utilizar una GUI central para la gesti\u00f3n de configuraci\u00f3n y operaci\u00f3n reduce requisitos de instalaci\u00f3n y formaci\u00f3n, y ayuda a mantener<\/p>\n<p>costes de gesti\u00f3n del sistema en curso bajos.<\/p>\n<p><strong>Vista remota<\/strong><\/p>\n<p>Para visualizaci\u00f3n remota de un solo DIVAR IP todo en uno 7000 sistema, BVMS Operator Client est\u00e1 incluido. Para<\/p>\n<p>m\u00faltiples sistemas, agr\u00e9guelos a BVMS Enterprise Servidor de administraci\u00f3n.<\/p>\n<p>Alternativamente, use Video Security Client para ver v\u00eddeo desde una estaci\u00f3n de trabajo o dispositivo m\u00f3vil independiente.<\/p>\n<p><strong>Gesti\u00f3n de TI<\/strong><\/p>\n<p>Microsoft Windows Storage Server 2016 proporciona una interfaz de usuario simple e intuitiva para el sistema configuraci\u00f3n y gesti\u00f3n unificada de dispositivos. Los administradores y profesionales de TI apreciar\u00e1n la capacidad para administrar sistemas DIVAR IP todo en uno 7000 utilizando el Microsoft System Center Suite integrado. los capacidad de utilizar una herramienta central para la configuraci\u00f3n y la gesti\u00f3n de operaciones reduce la instalaci\u00f3n y requisitos de formaci\u00f3n y ayuda a mantener el sistema en curso<\/p>\n<p>costes de gesti\u00f3n bajos. Adem\u00e1s, el sistema DIVAR IP all-in-one 7000 ofrece opciones avanzadas de supervisi\u00f3n y gesti\u00f3n mediante<\/p>\n<p>la Interfaz de gesti\u00f3n de plataforma inteligente (IPMI).<\/p>\n<p><strong>Supervisi\u00f3n<\/strong><\/p>\n<p>La familia DIVAR IP all-in-one 7000 proporciona SNMP, soporte de monitorizaci\u00f3n HTTP y Escritorio remoto para hardware del sistema y para la gesti\u00f3n de v\u00eddeo<\/p>\n<p><strong>Aplicaciones<\/strong><\/p>\n<p>Mayor confiabilidad del hardware de alta disponibilidad, dise\u00f1o integrado y supervisi\u00f3n de todo el sistema y la gesti\u00f3n garantizan el m\u00e1ximo tiempo de actividad.<\/p>\n<p><strong>Calidad Bosch<\/strong><\/p>\n<p>Bosch somete todos sus productos al m\u00e1ximo bater\u00eda completa y rigurosa de calidad pruebas de resistencia en la industria. Nuestra grabaci\u00f3n los productos est\u00e1n sujetos a temperaturas extremas, voltajes y vibraciones para determinar un funcionamiento confiable<\/p>\n<p>l\u00edmites, por lo que puede estar seguro de una fiabilidad a largo plazo operaci\u00f3n.<\/p>\n<\/div>\n<\/div>\n","protected":false},"excerpt":{"rendered":"<p>dip-7280-00n dip-7280-00n Descripci\u00f3n inicial La familia DIVAR IP all-in-one 7000 es asequible, grabaci\u00f3n, visualizaci\u00f3n y visualizaci\u00f3n todo en uno simple y confiable soluci\u00f3n de gesti\u00f3n para sistemas de vigilancia en red de hasta 256 canales (con 8 canales con licencia previa). Ejecutando la soluci\u00f3n BVMS&hellip;<\/p>\n","protected":false},"featured_media":7603,"comment_status":"open","ping_status":"closed","template":"","meta":{"om_disable_all_campaigns":false,"_monsterinsights_skip_tracking":false,"_monsterinsights_sitenote_active":false,"_monsterinsights_sitenote_note":"","_monsterinsights_sitenote_category":0},"product_brand":[],"product_cat":[691],"product_tag":[613,611,612,616,615,610,614,617],"class_list":{"0":"post-7604","1":"product","2":"type-product","3":"status-publish","4":"has-post-thumbnail","6":"product_cat-nvrs-mayores-a-32-canales-nvrs-bosch-video-vigilancia","7":"product_tag-bosch","8":"product_tag-manhattan","9":"product_tag-saxxon","10":"product_tag-surveon","11":"product_tag-utepo","12":"product_tag-videovigilancia","13":"product_tag-vivotek","14":"product_tag-zteco","16":"first","17":"instock","18":"sale","19":"taxable","20":"shipping-taxable","21":"purchasable","22":"product-type-simple"},"aioseo_notices":[],"_links":{"self":[{"href":"https:\/\/tecsecmty.com\/index.php\/wp-json\/wp\/v2\/product\/7604","targetHints":{"allow":["GET"]}}],"collection":[{"href":"https:\/\/tecsecmty.com\/index.php\/wp-json\/wp\/v2\/product"}],"about":[{"href":"https:\/\/tecsecmty.com\/index.php\/wp-json\/wp\/v2\/types\/product"}],"replies":[{"embeddable":true,"href":"https:\/\/tecsecmty.com\/index.php\/wp-json\/wp\/v2\/comments?post=7604"}],"version-history":[{"count":0,"href":"https:\/\/tecsecmty.com\/index.php\/wp-json\/wp\/v2\/product\/7604\/revisions"}],"wp:featuredmedia":[{"embeddable":true,"href":"https:\/\/tecsecmty.com\/index.php\/wp-json\/wp\/v2\/media\/7603"}],"wp:attachment":[{"href":"https:\/\/tecsecmty.com\/index.php\/wp-json\/wp\/v2\/media?parent=7604"}],"wp:term":[{"taxonomy":"product_brand","embeddable":true,"href":"https:\/\/tecsecmty.com\/index.php\/wp-json\/wp\/v2\/product_brand?post=7604"},{"taxonomy":"product_cat","embeddable":true,"href":"https:\/\/tecsecmty.com\/index.php\/wp-json\/wp\/v2\/product_cat?post=7604"},{"taxonomy":"product_tag","embeddable":true,"href":"https:\/\/tecsecmty.com\/index.php\/wp-json\/wp\/v2\/product_tag?post=7604"}],"curies":[{"name":"wp","href":"https:\/\/api.w.org\/{rel}","templated":true}]}}