{"id":7606,"date":"2023-02-23T16:15:13","date_gmt":"2023-02-23T22:15:13","guid":{"rendered":"https:\/\/tecsecmty.com\/index.php\/producto\/bosch-v_dip728c8hd-divar-ip-7000-aio-2u-hasta-256-canales-8-hdd-12tb\/"},"modified":"2023-03-22T23:21:46","modified_gmt":"2023-03-23T05:21:46","slug":"bosch-v_dip728c8hd-divar-ip-7000-aio-2u-hasta-256-canales-8-hdd-12tb","status":"publish","type":"product","link":"https:\/\/tecsecmty.com\/index.php\/producto\/bosch-v_dip728c8hd-divar-ip-7000-aio-2u-hasta-256-canales-8-hdd-12tb\/","title":{"rendered":"BOSCH V_DIP728C8HD- DIVAR IP 7000 AIO\/ 2U\/ HASTA 256 CANALES\/8 HDD 12TB."},"content":{"rendered":"<div class=\"row aling-items-center padding-bottom-2x\">\n<div class=\"col-lg-12\">\n<h5 class=\"card-title text-center\">DIVAR IP all\u2011in\u2011one 7000 (2U)<\/h5>\n<p><strong>DIP-728C-8HD<\/strong><\/p>\n<p><img decoding=\"async\" class=\"overview-center-img-web\" src=\"https:\/\/tvc.mx\/media\/176825\/BANNER_CCTV.png\" alt=\"\" \/><\/div>\n<\/div>\n<div class=\"row align-items-center padding-bottom-2x\">\n<div class=\"col-md-5 order-md-2\"><img decoding=\"async\" class=\"d-block m-auto img-thumbnail\" src=\"https:\/\/tvc.mx\/media\/176837\/Sin-t%C3%ADtulo-5rrrr.png\" alt=\" \" \/><\/div>\n<div class=\"col-md-7 order-md-1 text-md-left text-center\">\n<h2>Descripci\u00f3n inicial<\/h2>\n<p class=\"text-muted\">\n<p class=\"ql-align-justify\">La familia DIVAR IP all-in-one 7000 es una soluci\u00f3n asequible, simple y fiable, todo en uno de grabaci\u00f3n, visualizaci\u00f3n y gesti\u00f3n para sistemas de vigilancia de red de hasta 256 canales (con 8 canales prelicenciados). Gracias a que ejecuta la soluci\u00f3n completa BVMS y con el software Video Recording Manager de Bosch, el sistema DIVAR IP all-in-one 7000 es un dispositivo inteligente de almacenamiento y gesti\u00f3n de v\u00eddeo IP. El DIVAR IP all-in-one 7000 2U es una unidad con montaje en rack 2U que combina gesti\u00f3n avanzada y gesti\u00f3n de grabaciones de vanguardia en un \u00fanico dispositivo de grabaci\u00f3n IP Plug and Play rentable dise\u00f1ado para clientes que buscan soluciones de TI.<\/p>\n<p class=\"ql-align-justify\">La familia DIVAR IP all-in-one 7000 utiliza un dise\u00f1o integrado con uso eficiente de la energ\u00eda que reduce los posibles puntos de fallo y ofrece la calidad total de Bosch. El uso de discos duros de altas prestaciones en configuraci\u00f3n RAID-5 con tolerancia a fallos, interfaz de red Gigabit Ethernet de dos puertos, memoria del sistema de 8 GB y un procesador Intel Xeon Quad Core permite al dispositivo proporcionar un rendimiento de gama alta a un precio muy razonable.<\/p>\n<p>&nbsp;<\/p>\n<\/div>\n<\/div>\n<hr class=\"padding-bottom-2x\" \/>\n<div class=\"row align-items-center padding-bottom-2x\">\n<div class=\"col-md-5 order-md-2\"><img decoding=\"async\" class=\"d-block m-auto img-thumbnail\" src=\"https:\/\/tvc.mx\/media\/176841\/DIP-7284-8HDcfg5-%281%29.png\" alt=\" \" \/><\/div>\n<div class=\"col-md-7 order-md-1 text-md-left text-center\">\n<h2>Funciones b\u00e1sicas<\/h2>\n<p class=\"text-muted\">\n<p class=\"ql-align-justify\">Las unidades DIVAR IP all-in-one 7000 2U cuentan con fuentes de alimentaci\u00f3n redundantes e intercambiables en caliente de alta eficiencia energ\u00e9tica y discos duros SATA-3 reemplazables desde la parte frontal que proporcionan hasta 96 TB de capacidad de almacenamiento bruta. Todo el software del sistema est\u00e1 preinstalado, creando as\u00ed un dispositivo de gesti\u00f3n de v\u00eddeo listo para usar desde el primer momento. Las unidades DIVAR IP all-inone 7000 2U utilizan Microsoft Windows Storage Server 2016.<\/p>\n<p class=\"ql-align-justify\">Acceso inmediato en tiempo real a v\u00eddeo<\/p>\n<p class=\"ql-align-justify\">Disfrute de v\u00eddeo HD de alta calidad e incluso de v\u00eddeo UHD aunque la conexi\u00f3n tenga un ancho de banda bajo o limitado. La tecnolog\u00eda Dynamic Transcoding garantiza que puede ver sus v\u00eddeos de inmediato, en cualquier momento y en cualquier lugar. El transcodificador integrado admite hasta 4 flujos de v\u00eddeo H.264 con resoluci\u00f3n UHD en paralelo.<\/p>\n<p class=\"ql-align-justify\">Gesti\u00f3n<\/p>\n<p class=\"ql-align-justify\">Una vez iniciado el sistema, dispondr\u00e1 de acceso inmediato a la aplicaci\u00f3n de gesti\u00f3n BVMS mediante una interfaz de usuario personalizada. La capacidad de utilizar una interfaz de usuario central para configurar y gestionar operaciones reduce los requisitos de instalaci\u00f3n y formaci\u00f3n, y ayuda a mantener unos costes bajos de la gesti\u00f3n del sistema.<\/p>\n<p class=\"ql-align-justify\">Visualizaci\u00f3n remota<\/p>\n<p class=\"ql-align-justify\">Para la visualizaci\u00f3n remota de un solo sistema DIVAR IP all-in-one 7000, se incluye BVMS Operator Client. Si tiene varios sistemas, agr\u00e9guelos a BVMS Enterprise Management Server. Tambi\u00e9n puede utilizar Video Security Client para la visualizaci\u00f3n de v\u00eddeo en una estaci\u00f3n de trabajo independiente o un dispositivo m\u00f3vil.<\/p>\n<p class=\"ql-align-justify\">Gesti\u00f3n de TI<\/p>\n<p class=\"ql-align-justify\">Microsoft Windows Storage Server 2016 proporciona una interfaz de usuario sencilla e intuitiva para configurar el sistema y gestionar el dispositivo de forma unificada. Los administradores y profesionales de TI apreciar\u00e1n la capacidad de gestionar los sistemas DIVAR IP all-in-one 7000 utilizando la aplicaci\u00f3n Microsoft System Center Suite integrada. La capacidad de utilizar una herramienta central para configurar y gestionar operaciones reduce los requisitos de instalaci\u00f3n y formaci\u00f3n, y ayuda a mantener unos costes bajos para la gesti\u00f3n del sistema. Adem\u00e1s, el sistema DIVAR IP all-in-one 7000 ofrece opciones avanzadas de gesti\u00f3n y control a trav\u00e9s de Intelligent Platform Management Interface (IPMI).<\/p>\n<p class=\"ql-align-justify\">Control<\/p>\n<p class=\"ql-align-justify\">La familia DIVAR IP all-in-one 7000 proporciona compatibilidad con SNMP, escritorio remoto y control HTTP para el hardware del sistema y para las aplicaciones de gesti\u00f3n de v\u00eddeo. La mayor fiabilidad del hardware de alta disponibilidad, el dise\u00f1o integrado y el control y la gesti\u00f3n de todo el sistema garantizan el m\u00e1ximo tiempo de funcionamiento.<\/p>\n<p>&nbsp;<\/p>\n<\/div>\n<\/div>\n<hr class=\"padding-bottom-2x\" \/>\n<div class=\"row align-items-center padding-bottom-2x\">\n<div class=\"col-md-5\"><img decoding=\"async\" class=\"d-block m-auto img-thumbnail\" src=\"https:\/\/tvc.mx\/media\/176853\/Sin-t%C3%ADtulo-3asawwqeq.png\" alt=\" \" \/><\/div>\n<div class=\"col-md-7 text-md-left text-center\">\n<h2>Caracter\u00edsticas y Especificaciones<\/h2>\n<p class=\"text-muted\">\n<p class=\"ql-align-justify\">Las unidades DIVAR IP all-in-one 7000 2U cuentan con fuentes de alimentaci\u00f3n redundantes intercambiables en caliente de bajo consumo, as\u00ed como discos duros SATA-3 intercambiables en la parte frontal proporcionando hasta 96 TB de capacidad de almacenamiento bruta. Todos El software del sistema est\u00e1 preinstalado, lo que crea un dispositivo de administraci\u00f3n de video listo para usar.<\/p>\n<p class=\"ql-align-justify\">Las unidades DIVAR IP all-in-one 7000 2U utilizan Microsoft Windows Storage Server 2016.<\/p>\n<p class=\"ql-align-justify\"><strong>Acceso instant\u00e1neo al video en tiempo real<\/strong><\/p>\n<p class=\"ql-align-justify\">Vea videos HD de alta calidad e incluso UHD a pesar de los bajos o conexiones de ancho de banda limitado.<\/p>\n<p class=\"ql-align-justify\">La tecnolog\u00eda de transcodificaci\u00f3n din\u00e1mica garantiza que pueda ver su video de inmediato, en cualquier momento y en cualquier lugar. El transcodificador integrado admite hasta 4 x UHD secuencias de v\u00eddeo de resoluci\u00f3n en paralelo.<\/p>\n<p class=\"ql-align-justify\"><strong>Administraci\u00f3n<\/strong><\/p>\n<p class=\"ql-align-justify\">Una vez iniciado, el sistema ofrecer\u00e1 acceso a la aplicaci\u00f3n de gesti\u00f3n BVMS a trav\u00e9s de un GUI personalizado. La capacidad de utilizar una GUI central para la gesti\u00f3n de configuraci\u00f3n y operaci\u00f3n reduce requisitos de instalaci\u00f3n y formaci\u00f3n, y ayuda a mantener<\/p>\n<p class=\"ql-align-justify\">costes de gesti\u00f3n del sistema en curso bajos.<\/p>\n<p class=\"ql-align-justify\"><strong>Vista remota<\/strong><\/p>\n<p class=\"ql-align-justify\">Para visualizaci\u00f3n remota de un solo DIVAR IP todo en uno 7000 sistema, BVMS Operator Client est\u00e1 incluido. Para m\u00faltiples sistemas, agr\u00e9guelos a BVMS Enterprise Servidor de administraci\u00f3n.<\/p>\n<p class=\"ql-align-justify\">Alternativamente, use Video Security Client para ver v\u00eddeo desde una estaci\u00f3n de trabajo o dispositivo m\u00f3vil independiente.<\/p>\n<p class=\"ql-align-justify\"><strong>Gesti\u00f3n de TI<\/strong><\/p>\n<p class=\"ql-align-justify\">Microsoft Windows Storage Server 2016 proporciona una interfaz de usuario simple e intuitiva para el sistema configuraci\u00f3n y gesti\u00f3n unificada de dispositivos. Los administradores y profesionales de TI apreciar\u00e1n la capacidad para administrar sistemas DIVAR IP todo en uno 7000 utilizando el Microsoft System Center Suite integrado. los capacidad de utilizar una herramienta central para la configuraci\u00f3n y la gesti\u00f3n de operaciones reduce la instalaci\u00f3n y requisitos de formaci\u00f3n y ayuda a mantener el sistema en curso<\/p>\n<p class=\"ql-align-justify\">costes de gesti\u00f3n bajos. Adem\u00e1s, el sistema DIVAR IP all-in-one 7000 ofrece opciones avanzadas de supervisi\u00f3n y gesti\u00f3n mediante<\/p>\n<p class=\"ql-align-justify\">la Interfaz de gesti\u00f3n de plataforma inteligente (IPMI).<\/p>\n<p class=\"ql-align-justify\"><strong>Supervisi\u00f3n<\/strong><\/p>\n<p class=\"ql-align-justify\">La familia DIVAR IP all-in-one 7000 proporciona SNMP, soporte de monitorizaci\u00f3n HTTP y Escritorio remoto para hardware del sistema y para la gesti\u00f3n de v\u00eddeo aplicaciones.<\/p>\n<p class=\"ql-align-justify\">Mayor confiabilidad del hardware de alta disponibilidad, dise\u00f1o integrado y supervisi\u00f3n de todo el sistema y la gesti\u00f3n garantizan el m\u00e1ximo tiempo de actividad.<\/p>\n<p class=\"ql-align-justify\"><strong>Calidad Bosch<\/strong><\/p>\n<p class=\"ql-align-justify\">Bosch somete todos sus productos al m\u00e1ximo bater\u00eda completa y rigurosa de calidad pruebas de resistencia en la industria. Nuestra grabaci\u00f3n los productos est\u00e1n sujetos a temperaturas extremas, voltajes y vibraciones para determinar un funcionamiento confiable<\/p>\n<p class=\"ql-align-justify\">l\u00edmites, por lo que puede estar seguro de una fiabilidad a largo plazo operaci\u00f3n. Y Bosch respalda firmemente cada producto que vende con una garant\u00eda de 3 a\u00f1os de principio a fin respaldado por soporte t\u00e9cnico.<\/p>\n<p class=\"ql-align-justify\"><strong>Estado del sistema<\/strong><\/p>\n<p class=\"ql-align-justify\">Las unidades DIVAR IP all-in-one 7000 vienen completamente cargadas y totalmente funcional con el sistema operativo de Microsoft y<\/p>\n<p class=\"ql-align-justify\">Aplicaciones de Bosch Bosch:<\/p>\n<p class=\"ql-align-justify\">Windows Storage Server 2016, 64 bits<\/p>\n<p class=\"ql-align-justify\">BVMS<\/p>\n<p class=\"ql-align-justify\">Administrador de grabaci\u00f3n de video que incluye:<\/p>\n<p class=\"ql-align-justify\">Gateway de transmisi\u00f3n de video<\/p>\n<p class=\"ql-align-justify\">Transcodificaci\u00f3n din\u00e1mica<\/p>\n<p class=\"ql-align-justify\">Discos duros de terceros<\/p>\n<p class=\"ql-align-justify\">Unidades DIVAR IP todo-en-uno 7000 sin preinstalaci\u00f3n<\/p>\n<p class=\"ql-align-justify\">unidades de disco duro:<\/p>\n<p class=\"ql-align-justify\">La configuraci\u00f3n RAID de discos duros de datos de terceros debe configurarse manualmente a trav\u00e9s del RAID preinstalado<\/p>\n<p class=\"ql-align-justify\">utilidad de gesti\u00f3n. Solo despu\u00e9s de este manual RAID configuraci\u00f3n del sistema DIVAR IP todo en uno 7000 proporciona una funcionalidad completa.<\/p>\n<p>&nbsp;<\/p>\n<\/div>\n<\/div>\n<hr class=\"padding-bottom-2x\" \/>\n<div class=\"row align-items-center padding-bottom-2x\">\n<div class=\"col-md-5 order-md-2\"><img decoding=\"async\" class=\"d-block m-auto img-thumbnail\" src=\"https:\/\/tvc.mx\/media\/176885\/Sin-t%C3%ADtulo-6.png\" alt=\" \" \/><\/div>\n<div class=\"col-md-7 order-md-1 text-md-left text-center\">\n<h2>Configuraci\u00f3n RAID<\/h2>\n<p class=\"text-muted\">\n<p>Las unidades DIVAR IP all-in-one 7000 2U vienen preconfiguradas<\/p>\n<p>en una configuraci\u00f3n est\u00e1ndar RAID-5 con iSCSI LUN<\/p>\n<p>(sistema completamente poblado solamente) y proporcionar la<\/p>\n<p>siguientes especificaciones:<\/p>\n<p>Estos valores se refieren al motor de grabaci\u00f3n BVMS; Neto capacidad para una configuraci\u00f3n RAID-5 sin repuesto din\u00e1mico;<\/p>\n<p>256 c\u00e1maras IP conectadas indican el n\u00famero de c\u00e1maras grabables simult\u00e1neas m\u00e1s 8 sesiones para repetici\u00f3n.<\/p>\n<p>Las configuraciones RAID admitidas opcionales son RAID-5 con 1 x repuesto din\u00e1mico o RAID-6 sin repuesto din\u00e1mico. los<\/p>\n<p>Las configuraciones RAID opcionales no vienen preconfiguradas, pero deben configurarse manualmente a trav\u00e9s de la utilidad de configuraci\u00f3n RAID preinstalada.<\/p>\n<\/div>\n<\/div>\n","protected":false},"excerpt":{"rendered":"<p>DIVAR IP all\u2011in\u2011one 7000 (2U) DIP-728C-8HD Descripci\u00f3n inicial La familia DIVAR IP all-in-one 7000 es una soluci\u00f3n asequible, simple y fiable, todo en uno de grabaci\u00f3n, visualizaci\u00f3n y gesti\u00f3n para sistemas de vigilancia de red de hasta 256 canales (con 8 canales prelicenciados). Gracias a&hellip;<\/p>\n","protected":false},"featured_media":7605,"comment_status":"open","ping_status":"closed","template":"","meta":{"om_disable_all_campaigns":false,"_monsterinsights_skip_tracking":false,"_monsterinsights_sitenote_active":false,"_monsterinsights_sitenote_note":"","_monsterinsights_sitenote_category":0},"product_brand":[],"product_cat":[691],"product_tag":[613,611,612,616,615,610,614,617],"class_list":{"0":"post-7606","1":"product","2":"type-product","3":"status-publish","4":"has-post-thumbnail","6":"product_cat-nvrs-mayores-a-32-canales-nvrs-bosch-video-vigilancia","7":"product_tag-bosch","8":"product_tag-manhattan","9":"product_tag-saxxon","10":"product_tag-surveon","11":"product_tag-utepo","12":"product_tag-videovigilancia","13":"product_tag-vivotek","14":"product_tag-zteco","16":"first","17":"instock","18":"sale","19":"taxable","20":"shipping-taxable","21":"purchasable","22":"product-type-simple"},"aioseo_notices":[],"_links":{"self":[{"href":"https:\/\/tecsecmty.com\/index.php\/wp-json\/wp\/v2\/product\/7606","targetHints":{"allow":["GET"]}}],"collection":[{"href":"https:\/\/tecsecmty.com\/index.php\/wp-json\/wp\/v2\/product"}],"about":[{"href":"https:\/\/tecsecmty.com\/index.php\/wp-json\/wp\/v2\/types\/product"}],"replies":[{"embeddable":true,"href":"https:\/\/tecsecmty.com\/index.php\/wp-json\/wp\/v2\/comments?post=7606"}],"version-history":[{"count":0,"href":"https:\/\/tecsecmty.com\/index.php\/wp-json\/wp\/v2\/product\/7606\/revisions"}],"wp:featuredmedia":[{"embeddable":true,"href":"https:\/\/tecsecmty.com\/index.php\/wp-json\/wp\/v2\/media\/7605"}],"wp:attachment":[{"href":"https:\/\/tecsecmty.com\/index.php\/wp-json\/wp\/v2\/media?parent=7606"}],"wp:term":[{"taxonomy":"product_brand","embeddable":true,"href":"https:\/\/tecsecmty.com\/index.php\/wp-json\/wp\/v2\/product_brand?post=7606"},{"taxonomy":"product_cat","embeddable":true,"href":"https:\/\/tecsecmty.com\/index.php\/wp-json\/wp\/v2\/product_cat?post=7606"},{"taxonomy":"product_tag","embeddable":true,"href":"https:\/\/tecsecmty.com\/index.php\/wp-json\/wp\/v2\/product_tag?post=7606"}],"curies":[{"name":"wp","href":"https:\/\/api.w.org\/{rel}","templated":true}]}}