{"id":7612,"date":"2023-02-23T16:15:22","date_gmt":"2023-02-23T22:15:22","guid":{"rendered":"https:\/\/tecsecmty.com\/index.php\/producto\/bosch-v_dip72gc16hd-divar-ip-7000-aio-3u-hasta-256-canales-16-hdd-de-12tb\/"},"modified":"2023-03-22T23:21:46","modified_gmt":"2023-03-23T05:21:46","slug":"bosch-v_dip72gc16hd-divar-ip-7000-aio-3u-hasta-256-canales-16-hdd-de-12tb","status":"publish","type":"product","link":"https:\/\/tecsecmty.com\/index.php\/producto\/bosch-v_dip72gc16hd-divar-ip-7000-aio-3u-hasta-256-canales-16-hdd-de-12tb\/","title":{"rendered":"BOSCH V_DIP72GC16HD- DIVAR IP 7000 AIO\/ 3U\/ HASTA 256 CANALES\/16 HDD DE 12TB."},"content":{"rendered":"<div class=\"row aling-items-center padding-bottom-2x\">\n<div class=\"col-lg-12\">\n<h5 class=\"card-title text-center\">DIVAR IP all\u2011in\u2011one 7000 (3U)<\/h5>\n<h3>DIP72G816HD<\/h3>\n<p>Protegido RAID-5 (configuraci\u00f3n est\u00e1ndar), todo en uno soluci\u00f3n de gesti\u00f3n de video para hasta 256 canales<\/p>\n<p>Soluci\u00f3n de gesti\u00f3n de v\u00eddeo IP lista para usar con hasta 192 TB de capacidad de almacenamiento<\/p>\n<p>Encuentra al instante lo que est\u00e1s buscando<\/p>\n<p>Gesti\u00f3n avanzada de usuarios y alarmas<\/p>\n<p><img decoding=\"async\" class=\"overview-center-img-web\" src=\"https:\/\/tvc.mx\/media\/177085\/BANNER_CCTV.png\" alt=\"\" \/><\/div>\n<\/div>\n<div class=\"row align-items-center padding-bottom-2x\">\n<div class=\"col-md-5 order-md-2\"><img decoding=\"async\" class=\"d-block m-auto img-thumbnail\" src=\"https:\/\/tvc.mx\/media\/177089\/Sin-t%C3%ADtulo-10.png\" alt=\" \" \/><\/div>\n<div class=\"col-md-7 order-md-1 text-md-left text-center\">\n<h2>Descripci\u00f3n inicial<\/h2>\n<p class=\"text-muted\">\n<p>La familia DIVAR IP all-in-one 7000 es asequible, grabaci\u00f3n, visualizaci\u00f3n y visualizaci\u00f3n todo en uno simple y confiable<\/p>\n<p>soluci\u00f3n de gesti\u00f3n para sistemas de vigilancia en red de hasta 256 canales (con 8 canales con licencia previa).<\/p>\n<p>Ejecutando la soluci\u00f3n BVMS completa y con la tecnolog\u00eda de Software Video Recording Manager de Bosch,<\/p>\n<p>DIVAR IP all-in-one 7000 es un video IP inteligente<\/p>\n<p>Dispositivo de gesti\u00f3n y almacenamiento.<\/p>\n<p>DIVAR IP all-in-one 7000 3U es una unidad de montaje en rack de 3HU que combina la gesti\u00f3n avanzada y la gesti\u00f3n de grabaciones de vanguardia en una \u00fanica y rentable<\/p>\n<p>Dispositivo de grabaci\u00f3n de IP plug-and-play para TI clientes.<\/p>\n<p>&nbsp;<\/p>\n<\/div>\n<\/div>\n<hr class=\"padding-bottom-2x\" \/>\n<div class=\"row align-items-center padding-bottom-2x\">\n<div class=\"col-md-5\"><img decoding=\"async\" class=\"d-block m-auto img-thumbnail\" src=\"https:\/\/tvc.mx\/media\/177093\/Sin-t%C3%ADtulo-11.png\" alt=\" \" \/><\/div>\n<div class=\"col-md-7 text-md-left text-center\">\n<h2>Caracter\u00edsticas y Especificaciones<\/h2>\n<p class=\"text-muted\">\n<h2><\/h2>\n<p><strong>Funciones<\/strong><\/p>\n<p>Las unidades DIVAR IP all-in-one 7000 3U disponen de fuentes de alimentaci\u00f3n intercambiables en caliente y redundantes de alta eficiencia energ\u00e9tica, as\u00ed como de discos duros SATA-3 intercambiables en la parte delantera, que proporcionan hasta 192 TB de capacidad de almacenamiento bruta. Todo el software del sistema est\u00e1 preinstalado y preactivado, creando as\u00ed una aplicaci\u00f3n de gesti\u00f3n de v\u00eddeo lista para usar. Las unidades DIVAR IP all-in-one 7000 3U utilizan Microsoft Windows Storage Server 2016.<\/p>\n<p><strong>Acceso inmediato en tiempo real a v\u00eddeo.<\/strong><\/p>\n<p>Disfrute de v\u00eddeo HD de alta calidad e incluso de v\u00eddeo UHD aunque la conexi\u00f3n tenga un ancho de banda bajo o limitado. La tecnolog\u00eda Dynamic Transcoding garantiza que puede ver sus v\u00eddeos de inmediato, en cualquier momento y en cualquier lugar. El transcodificador integrado admite hasta 4 flujos de v\u00eddeo de resoluci\u00f3n UHD en paralelo. Gesti\u00f3n Una vez iniciado el sistema, dispondr\u00e1 de acceso inmediato a la aplicaci\u00f3n de gesti\u00f3n BVMS mediante una interfaz de usuario personalizada. La capacidad de utilizar una interfaz de usuario central para configurar y gestionar operaciones reduce los requisitos de instalaci\u00f3n y formaci\u00f3n, y ayuda a mantener unos costes bajos de la gesti\u00f3n del sistema.<\/p>\n<p><strong>Visualizaci\u00f3n remota<\/strong><\/p>\n<p>Para la visualizaci\u00f3n remota de un solo sistema DIVAR IP all-in-one 7000, se incluye BVMS Operator Client. Si tiene varios sistemas, agr\u00e9guelos a BVMS Enterprise Management Server. Tambi\u00e9n puede utilizar Video Security Client para la visualizaci\u00f3n de v\u00eddeo en una estaci\u00f3n de trabajo independiente o un dispositivo m\u00f3vil. Gesti\u00f3n de TI Microsoft Windows Storage Server 2016 proporciona una interfaz de usuario sencilla e intuitiva para configurar el sistema y gestionar el dispositivo de forma unificada. Los administradores y profesionales de TI apreciar\u00e1n la capacidad de gestionar los sistemas DIVAR IP all-in-one 7000 utilizando la aplicaci\u00f3n Microsoft System Center Suite integrada. La capacidad de utilizar una herramienta central para configurar y gestionar operaciones reduce los requisitos de instalaci\u00f3n y formaci\u00f3n, y ayuda a mantener unos costes bajos para la gesti\u00f3n del sistema. Adem\u00e1s, el sistema DIVAR IP all-in-one 7000 ofrece opciones avanzadas de gesti\u00f3n y control a trav\u00e9s de Intelligent Platform Management Interface (IPMI). Control La familia DIVAR IP all-in-one 7000 proporciona compatibilidad con SNMP, escritorio remoto y control HTTP para el hardware del sistema y para las aplicaciones de gesti\u00f3n de v\u00eddeo. La mayor fiabilidad del hardware de alta disponibilidad, el dise\u00f1o integrado y el control y la gesti\u00f3n de todo el sistema garantizan el m\u00e1ximo tiempo de funcionamiento.<\/p>\n<p><strong>Calidad Bosch<\/strong><\/p>\n<p>Bosch somete todos sus productos a las pruebas de calidad m\u00e1s completas y rigurosas del sector. Nuestros productos de grabaci\u00f3n se someten a temperaturas, tensiones y vibraciones extremas para determinar l\u00edmites de funcionamiento fiable y garantizar un funcionamiento fiable de larga duraci\u00f3n.<\/p>\n<\/div>\n<\/div>\n","protected":false},"excerpt":{"rendered":"<p>DIVAR IP all\u2011in\u2011one 7000 (3U) DIP72G816HD Protegido RAID-5 (configuraci\u00f3n est\u00e1ndar), todo en uno soluci\u00f3n de gesti\u00f3n de video para hasta 256 canales Soluci\u00f3n de gesti\u00f3n de v\u00eddeo IP lista para usar con hasta 192 TB de capacidad de almacenamiento Encuentra al instante lo que est\u00e1s&hellip;<\/p>\n","protected":false},"featured_media":7611,"comment_status":"open","ping_status":"closed","template":"","meta":{"om_disable_all_campaigns":false,"_monsterinsights_skip_tracking":false,"_monsterinsights_sitenote_active":false,"_monsterinsights_sitenote_note":"","_monsterinsights_sitenote_category":0},"product_brand":[],"product_cat":[691],"product_tag":[613,611,612,616,615,610,614,617],"class_list":{"0":"post-7612","1":"product","2":"type-product","3":"status-publish","4":"has-post-thumbnail","6":"product_cat-nvrs-mayores-a-32-canales-nvrs-bosch-video-vigilancia","7":"product_tag-bosch","8":"product_tag-manhattan","9":"product_tag-saxxon","10":"product_tag-surveon","11":"product_tag-utepo","12":"product_tag-videovigilancia","13":"product_tag-vivotek","14":"product_tag-zteco","16":"first","17":"instock","18":"sale","19":"taxable","20":"shipping-taxable","21":"purchasable","22":"product-type-simple"},"aioseo_notices":[],"_links":{"self":[{"href":"https:\/\/tecsecmty.com\/index.php\/wp-json\/wp\/v2\/product\/7612","targetHints":{"allow":["GET"]}}],"collection":[{"href":"https:\/\/tecsecmty.com\/index.php\/wp-json\/wp\/v2\/product"}],"about":[{"href":"https:\/\/tecsecmty.com\/index.php\/wp-json\/wp\/v2\/types\/product"}],"replies":[{"embeddable":true,"href":"https:\/\/tecsecmty.com\/index.php\/wp-json\/wp\/v2\/comments?post=7612"}],"version-history":[{"count":0,"href":"https:\/\/tecsecmty.com\/index.php\/wp-json\/wp\/v2\/product\/7612\/revisions"}],"wp:featuredmedia":[{"embeddable":true,"href":"https:\/\/tecsecmty.com\/index.php\/wp-json\/wp\/v2\/media\/7611"}],"wp:attachment":[{"href":"https:\/\/tecsecmty.com\/index.php\/wp-json\/wp\/v2\/media?parent=7612"}],"wp:term":[{"taxonomy":"product_brand","embeddable":true,"href":"https:\/\/tecsecmty.com\/index.php\/wp-json\/wp\/v2\/product_brand?post=7612"},{"taxonomy":"product_cat","embeddable":true,"href":"https:\/\/tecsecmty.com\/index.php\/wp-json\/wp\/v2\/product_cat?post=7612"},{"taxonomy":"product_tag","embeddable":true,"href":"https:\/\/tecsecmty.com\/index.php\/wp-json\/wp\/v2\/product_tag?post=7612"}],"curies":[{"name":"wp","href":"https:\/\/api.w.org\/{rel}","templated":true}]}}